{"id":976,"date":"2025-01-02T10:20:54","date_gmt":"2025-01-02T10:20:54","guid":{"rendered":"https:\/\/www.lianyuanceramic.com\/?post_type=product&#038;p=976"},"modified":"2025-01-16T15:26:52","modified_gmt":"2025-01-16T15:26:52","slug":"wholesale-spring-dinnerware","status":"publish","type":"product","link":"https:\/\/www.lianyuanceramic.com\/fr\/produit\/wholesale-spring-dinnerware\/","title":{"rendered":"Wholesale Spring Dinnerware Green Tea Set Ceramic Custom"},"content":{"rendered":"<div class=\"wp-block-columns is-layout-flex wp-container-core-columns-is-layout-9d6595d7 wp-block-columns-is-layout-flex\">\n<div class=\"wp-block-column is-layout-flow wp-block-column-is-layout-flow\">\n<h2 class=\"wp-block-heading\">Spring Dinnerware Caract\u00e9ristiques :<\/h2>\n\n\n\n<p><strong>Conception florale sur le th\u00e8me du printemps<br><\/strong>Le motif floral sur un th\u00e8me printanier cr\u00e9e un style de mise en page de bureau printanier naturel, attirant le march\u00e9 des cadeaux saisonniers.<\/p>\n\n\n\n<p><strong>D\u00e9calcomanies peintes \u00e0 la main et incrust\u00e9es dans l'\u00e9mail<\/strong><br>Les d\u00e9calcomanies en gla\u00e7ure collent les fleurs de mani\u00e8re transparente, de sorte que les couleurs p\u00e9n\u00e8trent sous la couche de gla\u00e7ure. La surface est lisse et ne s'use pas facilement, ce qui garantit qu'elle reste brillante et neuve apr\u00e8s une utilisation prolong\u00e9e. Les d\u00e9tails peints \u00e0 la main conf\u00e8rent \u00e0 chaque produit un caract\u00e8re unique, t\u00e9moignant d'un sens artistique et haut de gamme.<\/p>\n\n\n\n<p><strong>Porcelaine durable de haute qualit\u00e9<\/strong><br>Il est durable et convient \u00e0 une utilisation quotidienne et \u00e0 haute fr\u00e9quence gr\u00e2ce \u00e0 des mat\u00e9riaux c\u00e9ramiques de haute qualit\u00e9.<\/p>\n\n\n\n<p><strong>Vaisselle et service \u00e0 th\u00e9 de la m\u00eame s\u00e9rie<\/strong><br>La m\u00eame s\u00e9rie d'assiettes, de bols, de couverts, de th\u00e9i\u00e8res, de tasses et de soucoupes, de sucriers et de cr\u00e9miers, et de tasses. Convient pour les repas en famille, les r\u00e9unions formelles, les f\u00eates du th\u00e9, etc., pour r\u00e9pondre \u00e0 divers besoins.<\/p>\n\n\n\n<p><strong>Facile \u00e0 nettoyer<\/strong><br>L'\u00e9mail est lisse, n'absorbe pas facilement les taches et peut \u00eatre lav\u00e9 \u00e0 la main ou au lave-vaisselle.<\/p>\n\n\n\n<p><strong>S\u00e9curit\u00e9 et protection de l'environnement<\/strong><br>S\u00e9curit\u00e9 alimentaire : ne contient pas de substances nocives et est enti\u00e8rement conforme aux normes internationales de s\u00e9curit\u00e9 des mat\u00e9riaux en contact avec les aliments.<\/p>\n\n\n\n<h2 class=\"wp-block-heading\">Vaisselle de printemps personnalis\u00e9e :<\/h2>\n\n\n\n<p>Aider les clients \u00e0 adapter la conception des motifs, l'assortiment des couleurs, la combinaison des ensembles et la conception des emballages cadeaux pour r\u00e9pondre \u00e0 la demande du march\u00e9 et au positionnement de la marque.<\/p>\n\n\n\n<p><strong>Conception :&nbsp;<\/strong>Concevoir des formes ou des motifs diff\u00e9rents en fonction de vos besoins<\/p>\n\n\n\n<p><strong>Composition de l'ensemble :<\/strong>&nbsp;Services de vaisselle en c\u00e9ramique personnalis\u00e9s avec des combinaisons d'assiettes, de bols, de tasses, de cuill\u00e8res, etc. en c\u00e9ramique.<\/p>\n\n\n\n<p><strong>Taille :&nbsp;<\/strong>Choisissez parmi diff\u00e9rentes tailles pour convenir \u00e0 diff\u00e9rentes portions de repas.<\/p>\n\n\n\n<p><strong>Mat\u00e9riau :<\/strong>&nbsp;C\u00e9ramique, porcelaine, porcelaine d'os, r\u00e9sistant \u00e0 la chaleur, dolomite, ou demander des alternatives.<\/p>\n\n\n\n<p><strong>Artisanat :&nbsp;<\/strong>D\u00e9calcomanies de gla\u00e7age, changement de four, peinture \u00e0 la main, gaufrage ou autres.<\/p>\n\n\n\n<p><strong>Emballage :&nbsp;<\/strong>Emballage en vrac, bo\u00eete de couleur, bo\u00eete cadeau, bo\u00eete de pr\u00e9sentation, bo\u00eete d'exp\u00e9dition, etc.<\/p>\n<\/div>\n\n\n\n<div class=\"wp-block-column is-layout-flow wp-block-column-is-layout-flow\">\n<figure class=\"wp-block-image size-full\"><img decoding=\"async\" width=\"992\" height=\"574\" src=\"https:\/\/www.lianyuanceramic.com\/wp-content\/uploads\/2025\/01\/spring-dinnerware-wholesale-2.webp\" alt=\"vaisselle de printemps en gros\" class=\"wp-image-994\" srcset=\"https:\/\/www.lianyuanceramic.com\/wp-content\/uploads\/2025\/01\/spring-dinnerware-wholesale-2.webp 992w, https:\/\/www.lianyuanceramic.com\/wp-content\/uploads\/2025\/01\/spring-dinnerware-wholesale-2-300x174.webp 300w, https:\/\/www.lianyuanceramic.com\/wp-content\/uploads\/2025\/01\/spring-dinnerware-wholesale-2-768x444.webp 768w, https:\/\/www.lianyuanceramic.com\/wp-content\/uploads\/2025\/01\/spring-dinnerware-wholesale-2-18x10.webp 18w, https:\/\/www.lianyuanceramic.com\/wp-content\/uploads\/2025\/01\/spring-dinnerware-wholesale-2-600x347.webp 600w\" sizes=\"(max-width: 992px) 100vw, 992px\" \/><\/figure>\n\n\n\n<figure class=\"wp-block-image size-full\"><img decoding=\"async\" width=\"726\" height=\"726\" src=\"https:\/\/www.lianyuanceramic.com\/wp-content\/uploads\/2025\/01\/spring-dinnerware-wholesale-1.webp\" alt=\"vaisselle de printemps en gros\" class=\"wp-image-993\" srcset=\"https:\/\/www.lianyuanceramic.com\/wp-content\/uploads\/2025\/01\/spring-dinnerware-wholesale-1.webp 726w, https:\/\/www.lianyuanceramic.com\/wp-content\/uploads\/2025\/01\/spring-dinnerware-wholesale-1-300x300.webp 300w, https:\/\/www.lianyuanceramic.com\/wp-content\/uploads\/2025\/01\/spring-dinnerware-wholesale-1-150x150.webp 150w, https:\/\/www.lianyuanceramic.com\/wp-content\/uploads\/2025\/01\/spring-dinnerware-wholesale-1-12x12.webp 12w, https:\/\/www.lianyuanceramic.com\/wp-content\/uploads\/2025\/01\/spring-dinnerware-wholesale-1-600x600.webp 600w, https:\/\/www.lianyuanceramic.com\/wp-content\/uploads\/2025\/01\/spring-dinnerware-wholesale-1-100x100.webp 100w\" sizes=\"(max-width: 726px) 100vw, 726px\" \/><\/figure>\n<\/div>\n<\/div>","protected":false},"excerpt":{"rendered":"<p>Vaisselle de printemps et services \u00e0 th\u00e9 personnalis\u00e9s et en gros, fabriqu\u00e9s en porcelaine durable avec des motifs floraux naturels. Ressentez l'ambiance printani\u00e8re en dressant votre table avec cette d\u00e9licate collection aux d\u00e9tails botaniques. Contactez-nous pour plus d'options de personnalisation de vaisselle unique !<\/p>\n<h2>Param\u00e8tres de la vaisselle de printemps :<\/h2>\n<table style=\"border-collapse: collapse; width: 370.82pt;\" border=\"0\" width=\"618\" cellspacing=\"0\" cellpadding=\"0\">\n<tbody>\n<tr style=\"height: 15.60pt;\">\n<td class=\"et3\" style=\"height: 15.60pt; width: 108.00pt;\" width=\"180\" height=\"26\">Fabricant<\/td>\n<td class=\"et3\" style=\"width: 263.25pt;\" width=\"438\">Lianyuan<\/td>\n<\/tr>\n<tr style=\"height: 15.60pt;\">\n<td class=\"et3\" style=\"height: 15.60pt;\" height=\"26\">Type de produit<\/td>\n<td class=\"et3\">Assiette plate, Bol, Th\u00e9i\u00e8re, Tasse et soucoupe, Sucre et cr\u00e9mier, Mug<\/td>\n<\/tr>\n<tr style=\"height: 15.60pt;\">\n<td class=\"et3\" style=\"height: 15.60pt;\" height=\"26\">Couleur<\/td>\n<td class=\"et3\">Vert<\/td>\n<\/tr>\n<tr style=\"height: 15.60pt;\">\n<td class=\"et3\" style=\"height: 15.60pt;\" height=\"26\">Mat\u00e9riau<\/td>\n<td class=\"et3\">Porcelaine durable<\/td>\n<\/tr>\n<tr style=\"height: 15.60pt;\">\n<td class=\"et3\" style=\"height: 15.60pt;\" height=\"26\">Artisanat<\/td>\n<td class=\"et3\">D\u00e9calcomanie et peinture \u00e0 la main<\/td>\n<\/tr>\n<tr style=\"height: 15.60pt;\">\n<td class=\"et3\" style=\"height: 15.60pt;\" height=\"26\">Application<\/td>\n<td class=\"et3\">Passe au micro-ondes, au lave-vaisselle et au four<\/td>\n<\/tr>\n<tr style=\"height: 15.60pt;\">\n<td class=\"et3\" style=\"height: 15.60pt;\" height=\"26\">Sur mesure<\/td>\n<td class=\"et3\">Couleur\/Taille\/Logo\/Emballage<\/td>\n<\/tr>\n<\/tbody>\n<\/table>","protected":false},"featured_media":995,"comment_status":"open","ping_status":"closed","template":"","meta":{"_acf_changed":true},"product_brand":[],"product_cat":[17,18],"product_tag":[30,29,27],"class_list":{"0":"post-976","1":"product","2":"type-product","3":"status-publish","4":"has-post-thumbnail","6":"product_cat-dinnerware-wholesale","7":"product_cat-wholesale-custom-tea-set","8":"product_tag-custom-porcelain-dinnerware","9":"product_tag-hand-painted-embossed-dinnerware-wholesale","10":"product_tag-wholesale-decal-ceramics","12":"first","13":"instock","14":"shipping-taxable","15":"product-type-simple"},"acf":[],"_links":{"self":[{"href":"https:\/\/www.lianyuanceramic.com\/fr\/wp-json\/wp\/v2\/product\/976","targetHints":{"allow":["GET"]}}],"collection":[{"href":"https:\/\/www.lianyuanceramic.com\/fr\/wp-json\/wp\/v2\/product"}],"about":[{"href":"https:\/\/www.lianyuanceramic.com\/fr\/wp-json\/wp\/v2\/types\/product"}],"replies":[{"embeddable":true,"href":"https:\/\/www.lianyuanceramic.com\/fr\/wp-json\/wp\/v2\/comments?post=976"}],"wp:featuredmedia":[{"embeddable":true,"href":"https:\/\/www.lianyuanceramic.com\/fr\/wp-json\/wp\/v2\/media\/995"}],"wp:attachment":[{"href":"https:\/\/www.lianyuanceramic.com\/fr\/wp-json\/wp\/v2\/media?parent=976"}],"wp:term":[{"taxonomy":"product_brand","embeddable":true,"href":"https:\/\/www.lianyuanceramic.com\/fr\/wp-json\/wp\/v2\/product_brand?post=976"},{"taxonomy":"product_cat","embeddable":true,"href":"https:\/\/www.lianyuanceramic.com\/fr\/wp-json\/wp\/v2\/product_cat?post=976"},{"taxonomy":"product_tag","embeddable":true,"href":"https:\/\/www.lianyuanceramic.com\/fr\/wp-json\/wp\/v2\/product_tag?post=976"}],"curies":[{"name":"wp","href":"https:\/\/api.w.org\/{rel}","templated":true}]}}