{"id":972,"date":"2024-12-31T09:30:06","date_gmt":"2024-12-31T09:30:06","guid":{"rendered":"https:\/\/www.lianyuanceramic.com\/?post_type=product&#038;p=972"},"modified":"2025-01-02T04:14:22","modified_gmt":"2025-01-02T04:14:22","slug":"reactive-glaze-dinnerware-wholesale","status":"publish","type":"product","link":"https:\/\/www.lianyuanceramic.com\/fr\/produit\/reactive-glaze-dinnerware-wholesale\/","title":{"rendered":"Wholesale Reactive Glaze Dinnerware Blue Ceramic Tableware Set"},"content":{"rendered":"<div class=\"wp-block-columns is-layout-flex wp-container-core-columns-is-layout-9d6595d7 wp-block-columns-is-layout-flex\">\n<div class=\"wp-block-column is-layout-flow wp-block-column-is-layout-flow\">\n<h2 class=\"wp-block-heading\">Vaisselle \u00e0 gla\u00e7ure r\u00e9active Caract\u00e9ristiques :<\/h2>\n\n\n\n<p><strong>Glacis r\u00e9actif unique : <\/strong>Chaque pi\u00e8ce de vaisselle pr\u00e9sente une gla\u00e7ure r\u00e9actionnelle unique, cr\u00e9ant un motif de couleurs magnifique et vari\u00e9, visuellement \u00e9poustouflant.<\/p>\n\n\n\n<p><strong>Bleu \u00e9l\u00e9gant : <\/strong>Le bleu d\u00e9grad\u00e9 \u00e9voque un sentiment de tranquillit\u00e9 et de sophistication, ce qui le rend parfait pour les environnements de salle \u00e0 manger d\u00e9contract\u00e9s et formels.<\/p>\n\n\n\n<p><strong>Formes organiques :<\/strong><br>Les formes naturelles et organiques de la vaisselle conf\u00e8rent \u00e0 ce service une esth\u00e9tique \u00e0 la fois moderne et intemporelle.<\/p>\n\n\n\n<p><strong>Mat\u00e9riau c\u00e9ramique durable : <\/strong>Cette vaisselle est fabriqu\u00e9e en c\u00e9ramique de haute qualit\u00e9, durable et r\u00e9sistante \u00e0 l'\u00e9caillage. Elle passe au four \u00e0 micro-ondes et au lave-vaisselle pour un nettoyage facile.<\/p>\n\n\n\n<p><strong>Plusieurs options de r\u00e9glage : <\/strong>Cet ensemble de vaisselle comprend une vari\u00e9t\u00e9 d'articles de table tels que des assiettes, des bols, des tasses, des vases, etc.<\/p>\n\n\n\n<h2 class=\"wp-block-heading\">Vaisselle \u00e0 gla\u00e7ure r\u00e9active personnalis\u00e9e :<\/h2>\n\n\n\n<p>Disponible en vrac et dans des tailles personnalis\u00e9es, c'est le choix id\u00e9al pour les d\u00e9taillants, les restaurants et les autres entreprises qui souhaitent offrir une vaisselle unique et de haute qualit\u00e9.<\/p>\n\n\n\n<p><strong>Conception :\u00a0<\/strong>Concevoir des formes ou des motifs diff\u00e9rents en fonction de vos besoins<\/p>\n\n\n\n<p><strong>Composition de l'ensemble :<\/strong>\u00a0Services de vaisselle en c\u00e9ramique personnalis\u00e9s avec des combinaisons d'assiettes, de bols, de tasses, de cuill\u00e8res, etc. en c\u00e9ramique.<\/p>\n\n\n\n<p><strong>Taille :&nbsp;<\/strong>Choisissez parmi diff\u00e9rentes tailles pour convenir \u00e0 diff\u00e9rentes portions de repas.<\/p>\n\n\n\n<p><strong>Mat\u00e9riau :<\/strong>\u00a0C\u00e9ramique, porcelaine, porcelaine d'os, r\u00e9sistant \u00e0 la chaleur, dolomite, ou demander des alternatives.<\/p>\n\n\n\n<p><strong>Artisanat :\u00a0<\/strong>D\u00e9calcomanies de gla\u00e7age, changement de four, peinture \u00e0 la main, gaufrage ou autres.<\/p>\n\n\n\n<p><strong>Emballage :\u00a0<\/strong>Emballage en vrac, bo\u00eete de couleur, bo\u00eete cadeau, bo\u00eete de pr\u00e9sentation, bo\u00eete d'exp\u00e9dition, etc.<\/p>\n<\/div>\n\n\n\n<div class=\"wp-block-column is-layout-flow wp-block-column-is-layout-flow\">\n<figure class=\"wp-block-image size-full\"><img decoding=\"async\" width=\"722\" height=\"721\" src=\"https:\/\/www.lianyuanceramic.com\/wp-content\/uploads\/2024\/12\/reactive-glaze-dinnerware-set-wholesale-2.webp\" alt=\"Service de vaisselle \u00e0 gla\u00e7ure r\u00e9active en gros\" class=\"wp-image-908\" srcset=\"https:\/\/www.lianyuanceramic.com\/wp-content\/uploads\/2024\/12\/reactive-glaze-dinnerware-set-wholesale-2.webp 722w, https:\/\/www.lianyuanceramic.com\/wp-content\/uploads\/2024\/12\/reactive-glaze-dinnerware-set-wholesale-2-300x300.webp 300w, https:\/\/www.lianyuanceramic.com\/wp-content\/uploads\/2024\/12\/reactive-glaze-dinnerware-set-wholesale-2-150x150.webp 150w, https:\/\/www.lianyuanceramic.com\/wp-content\/uploads\/2024\/12\/reactive-glaze-dinnerware-set-wholesale-2-600x599.webp 600w, https:\/\/www.lianyuanceramic.com\/wp-content\/uploads\/2024\/12\/reactive-glaze-dinnerware-set-wholesale-2-100x100.webp 100w\" sizes=\"(max-width: 722px) 100vw, 722px\" \/><\/figure>\n\n\n\n<figure class=\"wp-block-image size-full\"><img decoding=\"async\" width=\"523\" height=\"523\" src=\"https:\/\/www.lianyuanceramic.com\/wp-content\/uploads\/2024\/12\/reactive-glaze-dinnerware-set-wholesale-3.webp\" alt=\"Service de vaisselle \u00e0 gla\u00e7ure r\u00e9active en gros\" class=\"wp-image-909\" srcset=\"https:\/\/www.lianyuanceramic.com\/wp-content\/uploads\/2024\/12\/reactive-glaze-dinnerware-set-wholesale-3.webp 523w, https:\/\/www.lianyuanceramic.com\/wp-content\/uploads\/2024\/12\/reactive-glaze-dinnerware-set-wholesale-3-300x300.webp 300w, https:\/\/www.lianyuanceramic.com\/wp-content\/uploads\/2024\/12\/reactive-glaze-dinnerware-set-wholesale-3-150x150.webp 150w, https:\/\/www.lianyuanceramic.com\/wp-content\/uploads\/2024\/12\/reactive-glaze-dinnerware-set-wholesale-3-100x100.webp 100w\" sizes=\"(max-width: 523px) 100vw, 523px\" \/><\/figure>\n<\/div>\n<\/div>\n\n\n\n<p><\/p>","protected":false},"excerpt":{"rendered":"<p>Vaisselle \u00e0 gla\u00e7ure r\u00e9active unique et personnalis\u00e9e, s\u00e9rie de vaisselle bleue \u00e9l\u00e9gante, tr\u00e8s adapt\u00e9e aux lieux haut de gamme ou aux \u00e9v\u00e9nements de mariage. Vente en gros directe du fabricant professionnel de c\u00e9ramique, garantie de haute qualit\u00e9, prix d'usine, veuillez nous contacter !<\/p>\n<h2>Param\u00e8tres de la vaisselle en \u00e9mail r\u00e9actif<\/h2>\n<table style=\"border-collapse: collapse; width: 370.82pt;\" border=\"0\" width=\"618\" cellspacing=\"0\" cellpadding=\"0\">\n<tbody>\n<tr style=\"height: 15.60pt;\">\n<td class=\"et3\" style=\"height: 15.60pt; width: 108.00pt;\" width=\"180\" height=\"26\">Fabricant<\/td>\n<td class=\"et3\" style=\"width: 263.25pt;\" width=\"438\">Lianyuan<\/td>\n<\/tr>\n<tr style=\"height: 15.60pt;\">\n<td class=\"et3\" style=\"height: 15.60pt;\" height=\"26\">Type de produit<\/td>\n<td class=\"et3\">Assiette organique, pichet, assiette ovale, plateau oblong, tasse, support \u00e0 g\u00e2teaux sur pied, bol, plateau \u00e0 5 compartiments<\/td>\n<\/tr>\n<tr style=\"height: 15.60pt;\">\n<td class=\"et3\" style=\"height: 15.60pt;\" height=\"26\">Couleur<\/td>\n<td class=\"et3\">Bleu<\/td>\n<\/tr>\n<tr style=\"height: 15.60pt;\">\n<td class=\"et3\" style=\"height: 15.60pt;\" height=\"26\">Mat\u00e9riau<\/td>\n<td class=\"et3\">Porcelaine durable<\/td>\n<\/tr>\n<tr style=\"height: 15.60pt;\">\n<td class=\"et3\" style=\"height: 15.60pt;\" height=\"26\">Artisanat<\/td>\n<td class=\"et3\">Glacis r\u00e9actif<\/td>\n<\/tr>\n<tr style=\"height: 15.60pt;\">\n<td class=\"et3\" style=\"height: 15.60pt;\" height=\"26\">Application<\/td>\n<td class=\"et3\">Passe au micro-ondes, au lave-vaisselle et au four<\/td>\n<\/tr>\n<tr style=\"height: 15.60pt;\">\n<td class=\"et3\" style=\"height: 15.60pt;\" height=\"26\">Sur mesure<\/td>\n<td class=\"et3\">Couleur\/Taille\/Logo\/Emballage<\/td>\n<\/tr>\n<\/tbody>\n<\/table>","protected":false},"featured_media":908,"comment_status":"open","ping_status":"closed","template":"","meta":{"_acf_changed":true},"product_brand":[],"product_cat":[17,19],"product_tag":[30,28],"class_list":{"0":"post-972","1":"product","2":"type-product","3":"status-publish","4":"has-post-thumbnail","6":"product_cat-dinnerware-wholesale","7":"product_cat-serveware-wholesale","8":"product_tag-custom-porcelain-dinnerware","9":"product_tag-reactive-glaze-dinnerware-manufacturer","11":"first","12":"instock","13":"shipping-taxable","14":"product-type-simple"},"acf":[],"_links":{"self":[{"href":"https:\/\/www.lianyuanceramic.com\/fr\/wp-json\/wp\/v2\/product\/972","targetHints":{"allow":["GET"]}}],"collection":[{"href":"https:\/\/www.lianyuanceramic.com\/fr\/wp-json\/wp\/v2\/product"}],"about":[{"href":"https:\/\/www.lianyuanceramic.com\/fr\/wp-json\/wp\/v2\/types\/product"}],"replies":[{"embeddable":true,"href":"https:\/\/www.lianyuanceramic.com\/fr\/wp-json\/wp\/v2\/comments?post=972"}],"wp:featuredmedia":[{"embeddable":true,"href":"https:\/\/www.lianyuanceramic.com\/fr\/wp-json\/wp\/v2\/media\/908"}],"wp:attachment":[{"href":"https:\/\/www.lianyuanceramic.com\/fr\/wp-json\/wp\/v2\/media?parent=972"}],"wp:term":[{"taxonomy":"product_brand","embeddable":true,"href":"https:\/\/www.lianyuanceramic.com\/fr\/wp-json\/wp\/v2\/product_brand?post=972"},{"taxonomy":"product_cat","embeddable":true,"href":"https:\/\/www.lianyuanceramic.com\/fr\/wp-json\/wp\/v2\/product_cat?post=972"},{"taxonomy":"product_tag","embeddable":true,"href":"https:\/\/www.lianyuanceramic.com\/fr\/wp-json\/wp\/v2\/product_tag?post=972"}],"curies":[{"name":"wp","href":"https:\/\/api.w.org\/{rel}","templated":true}]}}