{"id":948,"date":"2024-12-31T01:09:39","date_gmt":"2024-12-31T01:09:39","guid":{"rendered":"https:\/\/www.lianyuanceramic.com\/?post_type=product&#038;p=948"},"modified":"2024-12-31T01:40:15","modified_gmt":"2024-12-31T01:40:15","slug":"wholesale-blue-and-white-dinnerware-sets","status":"publish","type":"product","link":"https:\/\/www.lianyuanceramic.com\/fr\/produit\/wholesale-blue-and-white-dinnerware-sets\/","title":{"rendered":"Wholesale Blue and White Dinnerware Sets Chinese Porcelain Hand-Paintted Tableware (vaisselle en porcelaine chinoise peinte \u00e0 la main)"},"content":{"rendered":"<div class=\"wp-block-columns is-layout-flex wp-container-core-columns-is-layout-9d6595d7 wp-block-columns-is-layout-flex\">\n<div class=\"wp-block-column is-layout-flow wp-block-column-is-layout-flow\">\n<h2 class=\"wp-block-heading\">Ensemble de vaisselle bleu et blanc Caract\u00e9ristiques :<\/h2>\n\n\n\n<p><strong>Style chinois classique :<\/strong><br>Le design bleu et blanc s'inspire de la porcelaine chinoise traditionnelle, ajoutant une \u00e9l\u00e9gante touche orientale \u00e0 tout d\u00e9cor de table. Il est parfait pour cr\u00e9er une exp\u00e9rience culinaire culturelle.<\/p>\n\n\n\n<p><strong>Peint \u00e0 la main :<\/strong><br>Chaque pi\u00e8ce est unique, avec des d\u00e9tails soigneusement embellis et soulign\u00e9s par la peinture \u00e0 la main, ce qui t\u00e9moigne d'un savoir-faire exquis et d'un grand souci du d\u00e9tail.<\/p>\n\n\n\n<p><strong>Porcelaine chinoise de haute qualit\u00e9 :<\/strong><br>Fabriqu\u00e9e en porcelaine de haute qualit\u00e9, cette vaisselle est durable et incassable, ce qui la rend parfaite pour un usage quotidien et les occasions sp\u00e9ciales.<\/p>\n\n\n\n<p><strong>Vari\u00e9t\u00e9 de pi\u00e8ces :<\/strong><br>Cet ensemble comprend une assiette ovale, un vase, une tasse et un bol de service pour une exp\u00e9rience gastronomique compl\u00e8te, avec des articles polyvalents pour r\u00e9pondre \u00e0 tous vos besoins en mati\u00e8re de vaisselle.<\/p>\n\n\n\n<p><strong>Excellente id\u00e9e de cadeau :<\/strong><br>Le magnifique design peint \u00e0 la main fait de ce set un excellent choix de cadeau pour une pendaison de cr\u00e9maill\u00e8re, un mariage ou un \u00e9v\u00e9nement sp\u00e9cial, alliant beaut\u00e9 et fonctionnalit\u00e9.<\/p>\n\n\n\n<h2 class=\"wp-block-heading\">Service de vaisselle bleu et blanc personnalis\u00e9<\/h2>\n\n\n\n<p>\u00c0 Lianyuan, des concepteurs et des artisans sp\u00e9cialis\u00e9s dans les moules peuvent vous aider \u00e0 concr\u00e9tiser des besoins et des id\u00e9es illimit\u00e9s. Nous proposons des solutions OEM et ODM compl\u00e8tes.<\/p>\n\n\n\n<p><strong>Conception :&nbsp;<\/strong>Choisissez des motifs floraux ou cr\u00e9ez votre propre motif.<\/p>\n\n\n\n<p><strong>Composition de l'ensemble :<\/strong>&nbsp;Sets de tasses en c\u00e9ramique personnalis\u00e9s avec des combinaisons de tasses, de bols et de cuill\u00e8res.<\/p>\n\n\n\n<p><strong>Taille :&nbsp;<\/strong>Choisissez parmi diff\u00e9rentes tailles pour convenir \u00e0 diff\u00e9rentes portions de repas.<\/p>\n\n\n\n<p><strong>Mat\u00e9riau :<\/strong>&nbsp;C\u00e9ramique, porcelaine, os chinan ou se renseigner sur les alternatives.<\/p>\n\n\n\n<p><strong>Artisanat :\u00a0<\/strong>D\u00e9calcomanies, gla\u00e7ures r\u00e9actives, peintes \u00e0 la main, gaufr\u00e9es ou autres.<\/p>\n\n\n\n<p><strong>Emballage :&nbsp;<\/strong>Emballage en vrac, bo\u00eete de couleur, bo\u00eete cadeau, bo\u00eete de pr\u00e9sentation, bo\u00eete d'exp\u00e9dition, etc.<\/p>\n<\/div>\n\n\n\n<div class=\"wp-block-column is-layout-flow wp-block-column-is-layout-flow\">\n<figure class=\"wp-block-image size-full\"><img decoding=\"async\" width=\"750\" height=\"750\" src=\"https:\/\/www.lianyuanceramic.com\/wp-content\/uploads\/2024\/12\/blue-and-white-dinnerware-sets-wholesale-2.webp\" alt=\"Service de vaisselle bleu et blanc en gros\" class=\"wp-image-903\" srcset=\"https:\/\/www.lianyuanceramic.com\/wp-content\/uploads\/2024\/12\/blue-and-white-dinnerware-sets-wholesale-2.webp 750w, https:\/\/www.lianyuanceramic.com\/wp-content\/uploads\/2024\/12\/blue-and-white-dinnerware-sets-wholesale-2-300x300.webp 300w, https:\/\/www.lianyuanceramic.com\/wp-content\/uploads\/2024\/12\/blue-and-white-dinnerware-sets-wholesale-2-150x150.webp 150w, https:\/\/www.lianyuanceramic.com\/wp-content\/uploads\/2024\/12\/blue-and-white-dinnerware-sets-wholesale-2-600x600.webp 600w, https:\/\/www.lianyuanceramic.com\/wp-content\/uploads\/2024\/12\/blue-and-white-dinnerware-sets-wholesale-2-100x100.webp 100w\" sizes=\"(max-width: 750px) 100vw, 750px\" \/><\/figure>\n\n\n\n<figure class=\"wp-block-image size-full\"><img decoding=\"async\" width=\"1025\" height=\"678\" src=\"https:\/\/www.lianyuanceramic.com\/wp-content\/uploads\/2024\/12\/blue-and-white-dinnerware-sets-wholesale-1.webp\" alt=\"Service de vaisselle bleu et blanc en gros\" class=\"wp-image-902\" srcset=\"https:\/\/www.lianyuanceramic.com\/wp-content\/uploads\/2024\/12\/blue-and-white-dinnerware-sets-wholesale-1.webp 1025w, https:\/\/www.lianyuanceramic.com\/wp-content\/uploads\/2024\/12\/blue-and-white-dinnerware-sets-wholesale-1-300x198.webp 300w, https:\/\/www.lianyuanceramic.com\/wp-content\/uploads\/2024\/12\/blue-and-white-dinnerware-sets-wholesale-1-768x508.webp 768w, https:\/\/www.lianyuanceramic.com\/wp-content\/uploads\/2024\/12\/blue-and-white-dinnerware-sets-wholesale-1-600x397.webp 600w\" sizes=\"(max-width: 1025px) 100vw, 1025px\" \/><\/figure>\n<\/div>\n<\/div>","protected":false},"excerpt":{"rendered":"<p>Bienvenue sur le march\u00e9 de la vente en gros et de la personnalisation de la vaisselle bleue et blanche. Le design oriental chinois et l'artisanat exquis peint \u00e0 la main font de cette vaisselle en porcelaine un cadeau parfait pour les mariages, les pendaisons de cr\u00e9maill\u00e8re ou les \u00e9v\u00e9nements sp\u00e9ciaux. Fournis directement par le fabricant de vaisselle, nous proposons des solutions OEM et ODM. N'h\u00e9sitez pas \u00e0 nous contacter pour obtenir un devis gratuit !<\/p>\n<h2>Service de vaisselle bleu et blanc Param\u00e8tre :<\/h2>\n<table style=\"border-collapse: collapse; width: 370.82pt;\" border=\"0\" width=\"618\" cellspacing=\"0\" cellpadding=\"0\">\n<tbody>\n<tr style=\"height: 15.60pt;\">\n<td class=\"et3\" style=\"height: 15.60pt; width: 108.00pt;\" width=\"180\" height=\"26\">Fabricant<\/td>\n<td class=\"et3\" style=\"width: 263.25pt;\" width=\"438\">Lianyuan<\/td>\n<\/tr>\n<tr style=\"height: 15.60pt;\">\n<td class=\"et3\" style=\"height: 15.60pt;\" height=\"26\">Type de produit<\/td>\n<td class=\"et3\">Assiette ovale, Vase, Mug, Bol de s\u00e9paration<\/td>\n<\/tr>\n<tr style=\"height: 15.60pt;\">\n<td class=\"et3\" style=\"height: 15.60pt;\" height=\"26\">Mod\u00e8le<\/td>\n<td class=\"et3\">Style chinois, Orienta, Flora<\/td>\n<\/tr>\n<tr style=\"height: 15.60pt;\">\n<td class=\"et3\" style=\"height: 15.60pt;\" height=\"26\">Couleur<\/td>\n<td class=\"et3\">Bleu et blanc<\/td>\n<\/tr>\n<tr style=\"height: 15.60pt;\">\n<td class=\"et3\" style=\"height: 15.60pt;\" height=\"26\">Mat\u00e9riau<\/td>\n<td class=\"et3\">Porcelaine durable<\/td>\n<\/tr>\n<tr style=\"height: 15.60pt;\">\n<td class=\"et3\" style=\"height: 15.60pt;\" height=\"26\">Artisanat<\/td>\n<td class=\"et3\">D\u00e9calcomanie et peinture \u00e0 la main<\/td>\n<\/tr>\n<tr style=\"height: 15.60pt;\">\n<td class=\"et3\" style=\"height: 15.60pt;\" height=\"26\">Application<\/td>\n<td class=\"et3\">Passe au micro-ondes, au lave-vaisselle et au four<\/td>\n<\/tr>\n<tr style=\"height: 15.60pt;\">\n<td class=\"et3\" style=\"height: 15.60pt;\" height=\"26\">Sur mesure<\/td>\n<td class=\"et3\">Couleur\/Taille\/Logo\/Emballage<\/td>\n<\/tr>\n<\/tbody>\n<\/table>","protected":false},"featured_media":903,"comment_status":"open","ping_status":"closed","template":"","meta":{"_acf_changed":true},"product_brand":[],"product_cat":[17],"product_tag":[30,29,27],"class_list":{"0":"post-948","1":"product","2":"type-product","3":"status-publish","4":"has-post-thumbnail","6":"product_cat-dinnerware-wholesale","7":"product_tag-custom-porcelain-dinnerware","8":"product_tag-hand-painted-embossed-dinnerware-wholesale","9":"product_tag-wholesale-decal-ceramics","11":"first","12":"instock","13":"shipping-taxable","14":"product-type-simple"},"acf":[],"_links":{"self":[{"href":"https:\/\/www.lianyuanceramic.com\/fr\/wp-json\/wp\/v2\/product\/948","targetHints":{"allow":["GET"]}}],"collection":[{"href":"https:\/\/www.lianyuanceramic.com\/fr\/wp-json\/wp\/v2\/product"}],"about":[{"href":"https:\/\/www.lianyuanceramic.com\/fr\/wp-json\/wp\/v2\/types\/product"}],"replies":[{"embeddable":true,"href":"https:\/\/www.lianyuanceramic.com\/fr\/wp-json\/wp\/v2\/comments?post=948"}],"wp:featuredmedia":[{"embeddable":true,"href":"https:\/\/www.lianyuanceramic.com\/fr\/wp-json\/wp\/v2\/media\/903"}],"wp:attachment":[{"href":"https:\/\/www.lianyuanceramic.com\/fr\/wp-json\/wp\/v2\/media?parent=948"}],"wp:term":[{"taxonomy":"product_brand","embeddable":true,"href":"https:\/\/www.lianyuanceramic.com\/fr\/wp-json\/wp\/v2\/product_brand?post=948"},{"taxonomy":"product_cat","embeddable":true,"href":"https:\/\/www.lianyuanceramic.com\/fr\/wp-json\/wp\/v2\/product_cat?post=948"},{"taxonomy":"product_tag","embeddable":true,"href":"https:\/\/www.lianyuanceramic.com\/fr\/wp-json\/wp\/v2\/product_tag?post=948"}],"curies":[{"name":"wp","href":"https:\/\/api.w.org\/{rel}","templated":true}]}}