{"id":317,"date":"2024-10-19T12:25:25","date_gmt":"2024-10-19T12:25:25","guid":{"rendered":"https:\/\/www.lianyuanceramic.com\/?post_type=product&#038;p=317"},"modified":"2024-12-28T14:10:12","modified_gmt":"2024-12-28T14:10:12","slug":"botanic-garden-dinnerware-set-wholesale","status":"publish","type":"product","link":"https:\/\/www.lianyuanceramic.com\/fr\/produit\/botanic-garden-dinnerware-set-wholesale\/","title":{"rendered":"Service de vaisselle personnalis\u00e9 Botanic Garden en porcelaine bleue avec assiettes, bols et tasses"},"content":{"rendered":"<div class=\"wp-block-columns is-layout-flex wp-container-core-columns-is-layout-9d6595d7 wp-block-columns-is-layout-flex\">\n<div class=\"wp-block-column is-vertically-aligned-center is-layout-flow wp-block-column-is-layout-flow\">\n<h2 class=\"wp-block-heading\">Service de vaisselle Botanic Garden Caract\u00e9ristiques :<\/h2>\n\n\n\n<p><strong>Mat\u00e9riau en porcelaine durable<\/strong><br>Fabriqu\u00e9 en c\u00e9ramique s\u00fbre et durable, conforme aux normes de s\u00e9curit\u00e9 California 65.<\/p>\n\n\n\n<p><strong>Conception de jardins floraux et botaniques<\/strong><br>Le design pastoral \u00e9l\u00e9gant rend les occasions quotidiennes sp\u00e9ciales, telles qu'un agr\u00e9able petit d\u00e9jeuner dominical en famille, ou un th\u00e9 l'apr\u00e8s-midi et des r\u00e9unions entre amis.<\/p>\n\n\n\n<p><strong>D\u00e9calcomanies \u00e9maill\u00e9es et artisanat peint \u00e0 la main<\/strong><br>La surface est lisse et chaque motif est unique et exquis, gr\u00e2ce \u00e0 l'art de la peinture \u00e0 la main en couleur glac\u00e9e.<\/p>\n\n\n\n<p><strong>Utilisation s\u00fbre et pratique<\/strong><br>Peut \u00eatre utilis\u00e9 au micro-ondes, au lave-vaisselle et au four, et est facile \u00e0 nettoyer.<\/p>\n\n\n\n<p><strong>Diff\u00e9rents sets de table sont disponibles<\/strong><br>Assiettes, bols, th\u00e9i\u00e8res, tasses, mugs, bocaux en c\u00e9ramique, etc. en c\u00e9ramique, s\u00e9lectionner et personnaliser les sp\u00e9cifications en fonction des besoins du client.<\/p>\n\n\n\n<p>.<\/p>\n<\/div>\n\n\n\n<div class=\"wp-block-column is-layout-flow wp-block-column-is-layout-flow\">\n<figure class=\"wp-block-image size-full\"><img decoding=\"async\" width=\"705\" height=\"481\" src=\"https:\/\/www.lianyuanceramic.com\/wp-content\/uploads\/2024\/10\/Botanic-Garden-Dinnerware-wholesale.webp\" alt=\"Vaisselle pour le jardin botanique (grossiste)\" class=\"wp-image-389\" srcset=\"https:\/\/www.lianyuanceramic.com\/wp-content\/uploads\/2024\/10\/Botanic-Garden-Dinnerware-wholesale.webp 705w, https:\/\/www.lianyuanceramic.com\/wp-content\/uploads\/2024\/10\/Botanic-Garden-Dinnerware-wholesale-300x205.webp 300w, https:\/\/www.lianyuanceramic.com\/wp-content\/uploads\/2024\/10\/Botanic-Garden-Dinnerware-wholesale-600x409.webp 600w\" sizes=\"(max-width: 705px) 100vw, 705px\" \/><\/figure>\n<\/div>\n<\/div>\n\n\n\n<div class=\"wp-block-columns is-layout-flex wp-container-core-columns-is-layout-9d6595d7 wp-block-columns-is-layout-flex\">\n<div class=\"wp-block-column is-layout-flow wp-block-column-is-layout-flow\"><div class=\"wp-block-image\">\n<figure class=\"aligncenter size-full\"><img decoding=\"async\" width=\"790\" height=\"586\" src=\"https:\/\/www.lianyuanceramic.com\/wp-content\/uploads\/2024\/10\/Custom-Fall-Dinnerware-1.webp\" alt=\"Vaisselle d&#039;automne personnalis\u00e9e\" class=\"wp-image-327\" srcset=\"https:\/\/www.lianyuanceramic.com\/wp-content\/uploads\/2024\/10\/Custom-Fall-Dinnerware-1.webp 790w, https:\/\/www.lianyuanceramic.com\/wp-content\/uploads\/2024\/10\/Custom-Fall-Dinnerware-1-300x223.webp 300w, https:\/\/www.lianyuanceramic.com\/wp-content\/uploads\/2024\/10\/Custom-Fall-Dinnerware-1-768x570.webp 768w, https:\/\/www.lianyuanceramic.com\/wp-content\/uploads\/2024\/10\/Custom-Fall-Dinnerware-1-600x445.webp 600w\" sizes=\"(max-width: 790px) 100vw, 790px\" \/><\/figure>\n<\/div><\/div>\n\n\n\n<div class=\"wp-block-column is-vertically-aligned-center is-layout-flow wp-block-column-is-layout-flow\">\n<h2 class=\"wp-block-heading\">Service de vaisselle personnalis\u00e9 pour le jardin botanique<\/h2>\n\n\n\n<p>\u00c0 Lianyuan, des concepteurs et des artisans sp\u00e9cialis\u00e9s dans la fabrication de moules peuvent r\u00e9pondre \u00e0 vos besoins et id\u00e9es illimit\u00e9s. Nous proposons des solutions OEM et ODM compl\u00e8tes.<\/p>\n\n\n\n<p><strong>Conception : <\/strong>Choisissez des motifs floraux ou cr\u00e9ez votre propre motif.<\/p>\n\n\n\n<p><strong>Composition de l'ensemble :<\/strong> Inclure des assiettes \u00e0 d\u00eener, des assiettes \u00e0 salade, des bols, des tasses, des mugs, etc.<\/p>\n\n\n\n<p><strong>Taille : <\/strong>Diverses tailles de vaisselle de tous les jours et des sp\u00e9cifications personnalisables.<\/p>\n\n\n\n<p><strong>Mat\u00e9riau :<\/strong> C\u00e9ramique, porcelaine, porcelaine osseuse ou se renseigner sur les autres possibilit\u00e9s.<\/p>\n\n\n\n<p><strong>Artisanat : <\/strong>D\u00e9calcomanies de gla\u00e7age, changement de four, peinture \u00e0 la main, motifs en relief ou autres.<\/p>\n\n\n\n<p><strong>Emballage : <\/strong>Emballage en vrac, bo\u00eete de couleur, bo\u00eete cadeau, bo\u00eete de pr\u00e9sentation, bo\u00eete postale, etc.<\/p>\n<\/div>\n<\/div>","protected":false},"excerpt":{"rendered":"<p>Set de table de jardin botanique en gros, design de fleurs bleues color\u00e9es, combinaisons multiples de sets et personnalisation de l'emballage. Fournis par le fabricant de vaisselle Lianyuan, et garantis de haute qualit\u00e9 \u00e0 des prix comp\u00e9titifs.<\/p>\n<h2>Param\u00e8tre de l'ensemble de vaisselle Botanic Garden\u00a0<\/h2>\n<table style=\"border-collapse: collapse; width: 370.82pt;\" border=\"0\" width=\"618\" cellspacing=\"0\" cellpadding=\"0\">\n<tbody>\n<tr style=\"height: 15.60pt;\">\n<td class=\"et3\" style=\"height: 15.60pt; width: 108.00pt;\" width=\"180\" height=\"26\">Fabricant<\/td>\n<td class=\"et3\" style=\"width: 263.25pt;\" width=\"438\">Lianyuan<\/td>\n<\/tr>\n<tr style=\"height: 15.60pt;\">\n<td class=\"et3\" style=\"height: 15.60pt;\" height=\"26\">Type de produit<\/td>\n<td class=\"et3\">Assiettes, bols, tasses, th\u00e9i\u00e8res, bocaux en c\u00e9ramique<\/td>\n<\/tr>\n<tr style=\"height: 15.60pt;\">\n<td class=\"et3\" style=\"height: 15.60pt;\" height=\"26\">Mod\u00e8le<\/td>\n<td class=\"et3\">Jardin floral et botanique<\/td>\n<\/tr>\n<tr style=\"height: 15.60pt;\">\n<td class=\"et3\" style=\"height: 15.60pt;\" height=\"26\">Couleur<\/td>\n<td class=\"et3\">Multi-couleur<\/td>\n<\/tr>\n<tr style=\"height: 15.60pt;\">\n<td class=\"et3\" style=\"height: 15.60pt;\" height=\"26\">Mat\u00e9riau<\/td>\n<td class=\"et3\">Porcelaine durable<\/td>\n<\/tr>\n<tr style=\"height: 15.60pt;\">\n<td class=\"et3\" style=\"height: 15.60pt;\" height=\"26\">Artisanat<\/td>\n<td class=\"et3\">D\u00e9calque \u00e9maill\u00e9 et peinture \u00e0 la main<\/td>\n<\/tr>\n<tr style=\"height: 15.60pt;\">\n<td class=\"et3\" style=\"height: 15.60pt;\" height=\"26\">Application<\/td>\n<td class=\"et3\">Passe au micro-ondes, au lave-vaisselle et au four<\/td>\n<\/tr>\n<tr style=\"height: 15.60pt;\">\n<td class=\"et3\" style=\"height: 15.60pt;\" height=\"26\">Sur mesure<\/td>\n<td class=\"et3\">Couleur\/Taille\/Logo\/Emballage<\/td>\n<\/tr>\n<\/tbody>\n<\/table>","protected":false},"featured_media":389,"comment_status":"open","ping_status":"closed","template":"","meta":{"_acf_changed":false},"product_brand":[],"product_cat":[17],"product_tag":[30,29,27],"class_list":{"0":"post-317","1":"product","2":"type-product","3":"status-publish","4":"has-post-thumbnail","6":"product_cat-dinnerware-wholesale","7":"product_tag-custom-porcelain-dinnerware","8":"product_tag-hand-painted-embossed-dinnerware-wholesale","9":"product_tag-wholesale-decal-ceramics","11":"first","12":"instock","13":"shipping-taxable","14":"product-type-simple"},"acf":[],"_links":{"self":[{"href":"https:\/\/www.lianyuanceramic.com\/fr\/wp-json\/wp\/v2\/product\/317","targetHints":{"allow":["GET"]}}],"collection":[{"href":"https:\/\/www.lianyuanceramic.com\/fr\/wp-json\/wp\/v2\/product"}],"about":[{"href":"https:\/\/www.lianyuanceramic.com\/fr\/wp-json\/wp\/v2\/types\/product"}],"replies":[{"embeddable":true,"href":"https:\/\/www.lianyuanceramic.com\/fr\/wp-json\/wp\/v2\/comments?post=317"}],"wp:featuredmedia":[{"embeddable":true,"href":"https:\/\/www.lianyuanceramic.com\/fr\/wp-json\/wp\/v2\/media\/389"}],"wp:attachment":[{"href":"https:\/\/www.lianyuanceramic.com\/fr\/wp-json\/wp\/v2\/media?parent=317"}],"wp:term":[{"taxonomy":"product_brand","embeddable":true,"href":"https:\/\/www.lianyuanceramic.com\/fr\/wp-json\/wp\/v2\/product_brand?post=317"},{"taxonomy":"product_cat","embeddable":true,"href":"https:\/\/www.lianyuanceramic.com\/fr\/wp-json\/wp\/v2\/product_cat?post=317"},{"taxonomy":"product_tag","embeddable":true,"href":"https:\/\/www.lianyuanceramic.com\/fr\/wp-json\/wp\/v2\/product_tag?post=317"}],"curies":[{"name":"wp","href":"https:\/\/api.w.org\/{rel}","templated":true}]}}