{"id":311,"date":"2024-10-19T18:01:44","date_gmt":"2024-10-19T18:01:44","guid":{"rendered":"https:\/\/www.lianyuanceramic.com\/?post_type=product&#038;p=311"},"modified":"2024-12-28T14:09:39","modified_gmt":"2024-12-28T14:09:39","slug":"servingware-set-wholesale","status":"publish","type":"product","link":"https:\/\/www.lianyuanceramic.com\/fr\/produit\/servingware-set-wholesale\/","title":{"rendered":"Service en c\u00e9ramique personnalis\u00e9 avec motif de feuilles rouges exquises"},"content":{"rendered":"<div class=\"wp-block-columns is-layout-flex wp-container-core-columns-is-layout-9d6595d7 wp-block-columns-is-layout-flex\">\n<div class=\"wp-block-column is-layout-flow wp-block-column-is-layout-flow\">\n<h2 class=\"wp-block-heading\">Service de table Caract\u00e9ristiques :<\/h2>\n\n\n\n<p><strong>Travail manuel exotique<\/strong><br>Chacun de ces articles de table en c\u00e9ramique pr\u00e9sente un motif exquis de feuilles rouges, combin\u00e9 \u00e0 des d\u00e9calcomanies sous gla\u00e7ure, des peintures faites \u00e0 la main et des gaufrages.<\/p>\n\n\n\n<p><strong>Forte durabilit\u00e9<\/strong><br>Tr\u00e8s r\u00e9sistant, il peut \u00eatre utilis\u00e9 au four \u00e0 micro-ondes, au lave-vaisselle et au four ; il est facile \u00e0 utiliser dans la vie quotidienne.<\/p>\n\n\n\n<p><strong>Respect de l'environnement<\/strong><br>Il r\u00e9pond aux normes de s\u00e9curit\u00e9 de la Proposition 65 de la Californie pour garantir une sant\u00e9 inoffensive et une utilisation \u00e0 domicile.<\/p>\n\n\n\n<p><strong>Polyvalence<\/strong><br>Il convient \u00e0 diff\u00e9rentes occasions, qu'il s'agisse de repas quotidiens, de r\u00e9unions de famille ou de c\u00e9l\u00e9brations de f\u00eates ; il embellit la table \u00e0 manger de fa\u00e7on exquise.<\/p>\n<\/div>\n\n\n\n<div class=\"wp-block-column is-layout-flow wp-block-column-is-layout-flow\">\n<figure class=\"wp-block-image size-full\"><img decoding=\"async\" width=\"612\" height=\"612\" src=\"https:\/\/www.lianyuanceramic.com\/wp-content\/uploads\/2024\/10\/Custom-Ceramic-Servingware-1.webp\" alt=\"Couverts en c\u00e9ramique personnalis\u00e9s 1\" class=\"wp-image-314\" srcset=\"https:\/\/www.lianyuanceramic.com\/wp-content\/uploads\/2024\/10\/Custom-Ceramic-Servingware-1.webp 612w, https:\/\/www.lianyuanceramic.com\/wp-content\/uploads\/2024\/10\/Custom-Ceramic-Servingware-1-300x300.webp 300w, https:\/\/www.lianyuanceramic.com\/wp-content\/uploads\/2024\/10\/Custom-Ceramic-Servingware-1-150x150.webp 150w, https:\/\/www.lianyuanceramic.com\/wp-content\/uploads\/2024\/10\/Custom-Ceramic-Servingware-1-600x600.webp 600w, https:\/\/www.lianyuanceramic.com\/wp-content\/uploads\/2024\/10\/Custom-Ceramic-Servingware-1-100x100.webp 100w\" sizes=\"(max-width: 612px) 100vw, 612px\" \/><\/figure>\n<\/div>\n<\/div>\n\n\n\n<div class=\"wp-block-columns is-layout-flex wp-container-core-columns-is-layout-9d6595d7 wp-block-columns-is-layout-flex\">\n<div class=\"wp-block-column is-layout-flow wp-block-column-is-layout-flow\"><\/div>\n\n\n\n<div class=\"wp-block-column is-layout-flow wp-block-column-is-layout-flow\"><\/div>\n<\/div>\n\n\n\n<div class=\"wp-block-columns is-layout-flex wp-container-core-columns-is-layout-9d6595d7 wp-block-columns-is-layout-flex\">\n<div class=\"wp-block-column is-layout-flow wp-block-column-is-layout-flow\">\n<figure class=\"wp-block-image size-full is-resized\"><img decoding=\"async\" width=\"5202\" height=\"7803\" src=\"https:\/\/www.lianyuanceramic.com\/wp-content\/uploads\/2024\/10\/servingware-set-wholeale.webp\" alt=\"Service de table en gros\" class=\"wp-image-437\" style=\"width:416px;height:auto\" srcset=\"https:\/\/www.lianyuanceramic.com\/wp-content\/uploads\/2024\/10\/servingware-set-wholeale.webp 5202w, https:\/\/www.lianyuanceramic.com\/wp-content\/uploads\/2024\/10\/servingware-set-wholeale-200x300.webp 200w, https:\/\/www.lianyuanceramic.com\/wp-content\/uploads\/2024\/10\/servingware-set-wholeale-768x1152.webp 768w, https:\/\/www.lianyuanceramic.com\/wp-content\/uploads\/2024\/10\/servingware-set-wholeale-1200x1800.webp 1200w, https:\/\/www.lianyuanceramic.com\/wp-content\/uploads\/2024\/10\/servingware-set-wholeale-600x900.webp 600w\" sizes=\"(max-width: 5202px) 100vw, 5202px\" \/><\/figure>\n<\/div>\n\n\n\n<div class=\"wp-block-column is-layout-flow wp-block-column-is-layout-flow\">\n<h2 class=\"wp-block-heading\">Service de table personnalis\u00e9<\/h2>\n\n\n\n<p>Que ce soit pour la maison ou l'h\u00f4tellerie, nos services personnalis\u00e9s allient fonctionnalit\u00e9 pratique et \u00e9l\u00e9ments artistiques, tout en respectant les normes de qualit\u00e9 les plus strictes.<\/p>\n\n\n\n<p><strong>Mat\u00e9riaux<\/strong>: Choisissez entre la c\u00e9ramique de haute qualit\u00e9, la porcelaine, la porcelaine r\u00e9sistante \u00e0 la chaleur, la dolomie ou la porcelaine d'os.<\/p>\n\n\n\n<p><strong>Tailles et formes<\/strong>: Des grandes assiettes aux petits bols, nous proposons diff\u00e9rentes tailles et formes, y compris des assiettes rondes, ovales, carr\u00e9es ou des articles de table au design unique.<\/p>\n\n\n\n<p><strong>Couleurs<\/strong>: Choisissez parmi une large gamme de couleurs pour correspondre \u00e0 l'identit\u00e9 de votre marque ou \u00e0 des th\u00e8mes saisonniers.<\/p>\n\n\n\n<p><strong>Finitions et gla\u00e7ures<\/strong>: Les options comprennent des finitions brillantes, mates ou textur\u00e9es.<\/p>\n\n\n\n<p><strong>Dessins et mod\u00e8les<\/strong>: Personnalisez avec le logo de votre marque, des d\u00e9calcomanies complexes ou des motifs grav\u00e9s \u00e0 la main.<\/p>\n\n\n\n<p><strong>Emballage :<\/strong> Emballage en vrac, bo\u00eete de couleur, bo\u00eete cadeau, bo\u00eete de pr\u00e9sentation, bo\u00eete d'exp\u00e9dition, etc.<\/p>\n<\/div>\n<\/div>\n\n\n\n<p><\/p>","protected":false},"excerpt":{"rendered":"<p>Set de service personnalis\u00e9 unique avec un motif de feuilles rouges, plusieurs formes et tailles au choix. Convient pour servir des plats de diff\u00e9rentes capacit\u00e9s. N'h\u00e9sitez pas \u00e0 consulter l'usine de Lianyuan pour obtenir un devis gratuit.<\/p>\n<h2>\u00a0Param\u00e8tres de l'ensemble des services<\/h2>\n<table width=\"353\">\n<tbody>\n<tr>\n<td width=\"82\">Fabricant<\/td>\n<td width=\"270\">Lianyuan<\/td>\n<\/tr>\n<tr>\n<td>Type de produit<\/td>\n<td width=\"270\">Plateau organique, Plateau ovale, Plateau oblong<\/td>\n<\/tr>\n<tr>\n<td>Mod\u00e8le<\/td>\n<td>Floral, feuilles rouges<\/td>\n<\/tr>\n<tr>\n<td>Mat\u00e9riau<\/td>\n<td>Porcelaine durable<\/td>\n<\/tr>\n<tr>\n<td>Artisanat<\/td>\n<td>D\u00e9calque en gla\u00e7ure, peint \u00e0 la main\u00a0<\/td>\n<\/tr>\n<tr>\n<td>Application<\/td>\n<td>Passe au micro-ondes, au lave-vaisselle et au four<\/td>\n<\/tr>\n<tr>\n<td>Sur mesure<\/td>\n<td>Couleur\/Taille\/Logo\/Emballage<\/td>\n<\/tr>\n<\/tbody>\n<\/table>","protected":false},"featured_media":314,"comment_status":"open","ping_status":"closed","template":"","meta":{"_acf_changed":false},"product_brand":[],"product_cat":[19],"product_tag":[30,29,27],"class_list":{"0":"post-311","1":"product","2":"type-product","3":"status-publish","4":"has-post-thumbnail","6":"product_cat-serveware-wholesale","7":"product_tag-custom-porcelain-dinnerware","8":"product_tag-hand-painted-embossed-dinnerware-wholesale","9":"product_tag-wholesale-decal-ceramics","11":"first","12":"instock","13":"shipping-taxable","14":"product-type-simple"},"acf":[],"_links":{"self":[{"href":"https:\/\/www.lianyuanceramic.com\/fr\/wp-json\/wp\/v2\/product\/311","targetHints":{"allow":["GET"]}}],"collection":[{"href":"https:\/\/www.lianyuanceramic.com\/fr\/wp-json\/wp\/v2\/product"}],"about":[{"href":"https:\/\/www.lianyuanceramic.com\/fr\/wp-json\/wp\/v2\/types\/product"}],"replies":[{"embeddable":true,"href":"https:\/\/www.lianyuanceramic.com\/fr\/wp-json\/wp\/v2\/comments?post=311"}],"wp:featuredmedia":[{"embeddable":true,"href":"https:\/\/www.lianyuanceramic.com\/fr\/wp-json\/wp\/v2\/media\/314"}],"wp:attachment":[{"href":"https:\/\/www.lianyuanceramic.com\/fr\/wp-json\/wp\/v2\/media?parent=311"}],"wp:term":[{"taxonomy":"product_brand","embeddable":true,"href":"https:\/\/www.lianyuanceramic.com\/fr\/wp-json\/wp\/v2\/product_brand?post=311"},{"taxonomy":"product_cat","embeddable":true,"href":"https:\/\/www.lianyuanceramic.com\/fr\/wp-json\/wp\/v2\/product_cat?post=311"},{"taxonomy":"product_tag","embeddable":true,"href":"https:\/\/www.lianyuanceramic.com\/fr\/wp-json\/wp\/v2\/product_tag?post=311"}],"curies":[{"name":"wp","href":"https:\/\/api.w.org\/{rel}","templated":true}]}}