{"id":299,"date":"2024-10-20T04:04:24","date_gmt":"2024-10-20T04:04:24","guid":{"rendered":"https:\/\/www.lianyuanceramic.com\/?post_type=product&#038;p=299"},"modified":"2024-12-28T14:08:55","modified_gmt":"2024-12-28T14:08:55","slug":"bakeware-sets-wholesale","status":"publish","type":"product","link":"https:\/\/www.lianyuanceramic.com\/fr\/produit\/bakeware-sets-wholesale\/","title":{"rendered":"Wholesale Bakeware Sets Ceramic Non Stick Blue Floral"},"content":{"rendered":"<div class=\"wp-block-columns is-layout-flex wp-container-core-columns-is-layout-9d6595d7 wp-block-columns-is-layout-flex\">\n<div class=\"wp-block-column is-layout-flow wp-block-column-is-layout-flow\">\n<h2 class=\"wp-block-heading\">Ensemble d'ustensiles de cuisson Caract\u00e9ristiques :<\/h2>\n\n\n\n<p><strong>Design \u00e9l\u00e9gant et \u00e0 la mode<br><\/strong>Avec ses motifs floraux accrocheurs, ses couleurs riches et son \u00e9l\u00e9gance naturelle, il devient le point de mire de toute la s\u00e9rie d'articles de table.<\/p>\n\n\n\n<p><strong>Durable et r\u00e9sistant \u00e0 la chaleur<\/strong><br>Porcelaine de haute densit\u00e9, cuite \u00e0 1280\u00b0C, durable et r\u00e9sistant aux fissures, adapt\u00e9e au micro-ondes, au four, au lave-vaisselle et au r\u00e9frig\u00e9rateur.<\/p>\n\n\n\n<p><strong>R\u00e9sistant aux rayures et non toxique<\/strong><br>Le gla\u00e7age durable et r\u00e9sistant aux rayures est non r\u00e9actif et non toxique, garantissant une cuisson s\u00fbre sans br\u00fblure ni r\u00e9action chimique.<\/p>\n\n\n\n<p><strong>Ensemble complet de combinaisons multifonctionnelles<\/strong><br>Combinaison d'ustensiles de cuisson personnalis\u00e9s, comprenant des moules \u00e0 p\u00e2tisserie, des moules \u00e0 muffins ou \u00e0 cupcakes, des moules \u00e0 pain, des plats \u00e0 tarte, des moules \u00e0 g\u00e2teaux.<\/p>\n<\/div>\n\n\n\n<div class=\"wp-block-column is-layout-flow wp-block-column-is-layout-flow\">\n<figure class=\"wp-block-image size-full\"><img decoding=\"async\" width=\"792\" height=\"792\" src=\"https:\/\/www.lianyuanceramic.com\/wp-content\/uploads\/2024\/10\/Wholesale-Ceramic-Bakeware-Sets-1.webp\" alt=\"Grosses s\u00e9ries de moules \u00e0 p\u00e2tisserie en c\u00e9ramique 1\" class=\"wp-image-308\" srcset=\"https:\/\/www.lianyuanceramic.com\/wp-content\/uploads\/2024\/10\/Wholesale-Ceramic-Bakeware-Sets-1.webp 792w, https:\/\/www.lianyuanceramic.com\/wp-content\/uploads\/2024\/10\/Wholesale-Ceramic-Bakeware-Sets-1-300x300.webp 300w, https:\/\/www.lianyuanceramic.com\/wp-content\/uploads\/2024\/10\/Wholesale-Ceramic-Bakeware-Sets-1-150x150.webp 150w, https:\/\/www.lianyuanceramic.com\/wp-content\/uploads\/2024\/10\/Wholesale-Ceramic-Bakeware-Sets-1-768x768.webp 768w, https:\/\/www.lianyuanceramic.com\/wp-content\/uploads\/2024\/10\/Wholesale-Ceramic-Bakeware-Sets-1-600x600.webp 600w, https:\/\/www.lianyuanceramic.com\/wp-content\/uploads\/2024\/10\/Wholesale-Ceramic-Bakeware-Sets-1-100x100.webp 100w\" sizes=\"(max-width: 792px) 100vw, 792px\" \/><\/figure>\n<\/div>\n<\/div>\n\n\n\n<div class=\"wp-block-columns is-layout-flex wp-container-core-columns-is-layout-9d6595d7 wp-block-columns-is-layout-flex\">\n<div class=\"wp-block-column is-layout-flow wp-block-column-is-layout-flow\"><\/div>\n\n\n\n<div class=\"wp-block-column is-layout-flow wp-block-column-is-layout-flow\"><\/div>\n<\/div>\n\n\n\n<div class=\"wp-block-columns is-layout-flex wp-container-core-columns-is-layout-9d6595d7 wp-block-columns-is-layout-flex\">\n<div class=\"wp-block-column is-layout-flow wp-block-column-is-layout-flow\">\n<figure class=\"wp-block-image size-full\"><img decoding=\"async\" width=\"792\" height=\"792\" src=\"https:\/\/www.lianyuanceramic.com\/wp-content\/uploads\/2024\/10\/Wholesale-Ceramic-Bakeware-Sets-2.webp\" alt=\"Lot de moules \u00e0 p\u00e2tisserie en c\u00e9ramique 2\" class=\"wp-image-309\" srcset=\"https:\/\/www.lianyuanceramic.com\/wp-content\/uploads\/2024\/10\/Wholesale-Ceramic-Bakeware-Sets-2.webp 792w, https:\/\/www.lianyuanceramic.com\/wp-content\/uploads\/2024\/10\/Wholesale-Ceramic-Bakeware-Sets-2-300x300.webp 300w, https:\/\/www.lianyuanceramic.com\/wp-content\/uploads\/2024\/10\/Wholesale-Ceramic-Bakeware-Sets-2-150x150.webp 150w, https:\/\/www.lianyuanceramic.com\/wp-content\/uploads\/2024\/10\/Wholesale-Ceramic-Bakeware-Sets-2-768x768.webp 768w, https:\/\/www.lianyuanceramic.com\/wp-content\/uploads\/2024\/10\/Wholesale-Ceramic-Bakeware-Sets-2-600x600.webp 600w, https:\/\/www.lianyuanceramic.com\/wp-content\/uploads\/2024\/10\/Wholesale-Ceramic-Bakeware-Sets-2-100x100.webp 100w\" sizes=\"(max-width: 792px) 100vw, 792px\" \/><\/figure>\n<\/div>\n\n\n\n<div class=\"wp-block-column is-layout-flow wp-block-column-is-layout-flow\">\n<h2 class=\"wp-block-heading\">Batteries de cuisine personnalis\u00e9es<\/h2>\n\n\n\n<p>Le fabricant d'ustensiles de cuisine en c\u00e9ramique de Lianyuan peut fournir des services de personnalisation complets pour r\u00e9aliser vos id\u00e9es.<\/p>\n\n\n\n<p><strong>Taille et forme<\/strong>: Comprend les tailles rondes, ovales, rectangulaires et personnalis\u00e9es.<\/p>\n\n\n\n<p><strong>Mat\u00e9riau et \u00e9paisseur<\/strong>: C\u00e9ramique durable, argile r\u00e9sistante \u00e0 la chaleur, porcelaine, gr\u00e8s, fabriqu\u00e9s sur mesure en diff\u00e9rentes \u00e9paisseurs et r\u00e9sistances \u00e0 la chaleur.<\/p>\n\n\n\n<p><strong>Finitions<\/strong>: Les options comprennent des finitions mates, brillantes ou textur\u00e9es.<\/p>\n\n\n\n<p><strong>D\u00e9coration\/motif<\/strong>: Graphiques, dessins ou logos personnalis\u00e9s, y compris les d\u00e9calcomanies, les peintures \u00e0 la main et les gaufrages.<\/p>\n\n\n\n<p><strong>Paquet<\/strong>: Emballage personnalis\u00e9 pour les commandes en vrac, les coffrets cadeaux ou la distribution au d\u00e9tail avec un \u00e9tiquetage ou un marquage personnalis\u00e9.<\/p>\n<\/div>\n<\/div>","protected":false},"excerpt":{"rendered":"<p>Batterie de cuisine antiadh\u00e9sive en c\u00e9ramique, vente en gros, service personnalis\u00e9 disponible. Magnifique motif floral, ensemble multi-pi\u00e8ces, durable pour tous les besoins de cuisson. Commandez en gros pour obtenir la meilleure offre.<\/p>\n<h2>Set d'ustensiles de cuisson Param\u00e8tre<\/h2>\n<table width=\"353\">\n<tbody>\n<tr>\n<td width=\"82\">Fabricant<\/td>\n<td width=\"270\">Lianyuan<\/td>\n<\/tr>\n<tr>\n<td>Type de produit<\/td>\n<td width=\"270\">Baker, Cakestand, Cake Plate, Roller, Ramekin Baker<\/td>\n<\/tr>\n<tr>\n<td>Mod\u00e8le<\/td>\n<td>Floral<\/td>\n<\/tr>\n<tr>\n<td>Couleur<\/td>\n<td>\n<p>Bleu et multicolore<\/p>\n<\/td>\n<\/tr>\n<tr>\n<td>Mat\u00e9riau<\/td>\n<td>Porcelaine durable<\/td>\n<\/tr>\n<tr>\n<td>Artisanat<\/td>\n<td>D\u00e9calque en gla\u00e7ure, peint \u00e0 la main\u00a0<\/td>\n<\/tr>\n<tr>\n<td>Application<\/td>\n<td>Passe au micro-ondes et au lave-vaisselle, au four et au cong\u00e9lateur<\/td>\n<\/tr>\n<tr>\n<td>Sur mesure<\/td>\n<td>Couleur\/Taille\/Logo\/Emballage<\/td>\n<\/tr>\n<\/tbody>\n<\/table>","protected":false},"featured_media":310,"comment_status":"open","ping_status":"closed","template":"","meta":{"_acf_changed":true},"product_brand":[],"product_cat":[20],"product_tag":[30,29,27],"class_list":{"0":"post-299","1":"product","2":"type-product","3":"status-publish","4":"has-post-thumbnail","6":"product_cat-custom-bakeware-casserole-dish","7":"product_tag-custom-porcelain-dinnerware","8":"product_tag-hand-painted-embossed-dinnerware-wholesale","9":"product_tag-wholesale-decal-ceramics","11":"first","12":"instock","13":"shipping-taxable","14":"product-type-simple"},"acf":[],"_links":{"self":[{"href":"https:\/\/www.lianyuanceramic.com\/fr\/wp-json\/wp\/v2\/product\/299","targetHints":{"allow":["GET"]}}],"collection":[{"href":"https:\/\/www.lianyuanceramic.com\/fr\/wp-json\/wp\/v2\/product"}],"about":[{"href":"https:\/\/www.lianyuanceramic.com\/fr\/wp-json\/wp\/v2\/types\/product"}],"replies":[{"embeddable":true,"href":"https:\/\/www.lianyuanceramic.com\/fr\/wp-json\/wp\/v2\/comments?post=299"}],"wp:featuredmedia":[{"embeddable":true,"href":"https:\/\/www.lianyuanceramic.com\/fr\/wp-json\/wp\/v2\/media\/310"}],"wp:attachment":[{"href":"https:\/\/www.lianyuanceramic.com\/fr\/wp-json\/wp\/v2\/media?parent=299"}],"wp:term":[{"taxonomy":"product_brand","embeddable":true,"href":"https:\/\/www.lianyuanceramic.com\/fr\/wp-json\/wp\/v2\/product_brand?post=299"},{"taxonomy":"product_cat","embeddable":true,"href":"https:\/\/www.lianyuanceramic.com\/fr\/wp-json\/wp\/v2\/product_cat?post=299"},{"taxonomy":"product_tag","embeddable":true,"href":"https:\/\/www.lianyuanceramic.com\/fr\/wp-json\/wp\/v2\/product_tag?post=299"}],"curies":[{"name":"wp","href":"https:\/\/api.w.org\/{rel}","templated":true}]}}