{"id":297,"date":"2024-10-20T03:39:28","date_gmt":"2024-10-20T03:39:28","guid":{"rendered":"https:\/\/www.lianyuanceramic.com\/?post_type=product&#038;p=297"},"modified":"2025-01-16T14:43:14","modified_gmt":"2025-01-16T14:43:14","slug":"casserole-dish-with-lid-wholesale","status":"publish","type":"product","link":"https:\/\/www.lianyuanceramic.com\/fr\/produit\/casserole-dish-with-lid-wholesale\/","title":{"rendered":"Casserole en c\u00e9ramique avec couvercle Gris Rose Formes vari\u00e9es Personnalis\u00e9"},"content":{"rendered":"<div class=\"wp-block-columns is-layout-flex wp-container-core-columns-is-layout-9d6595d7 wp-block-columns-is-layout-flex\">\n<div class=\"wp-block-column is-layout-flow wp-block-column-is-layout-flow\">\n<h2 class=\"wp-block-heading\">Caract\u00e9ristiques de la cocotte avec couvercle :<\/h2>\n\n\n\n<p><strong>Design moderne et \u00e9l\u00e9gant<\/strong><br>La forme moderne du couvercle est combin\u00e9e \u00e0 des couleurs \u00e0 la mode et durables qui ne s'effacent pas pour rendre la cuisine amusante !<\/p>\n\n\n\n<p><strong>Mat\u00e9riaux de haute qualit\u00e9<\/strong><br>Fabriqu\u00e9 \u00e0 partir de min\u00e9raux naturels et de spodum\u00e8ne australien, il r\u00e9pond \u00e0 toutes les normes de s\u00e9curit\u00e9 alimentaire et est sain et s\u00fbr.<\/p>\n\n\n\n<p><strong>Excellente r\u00e9sistance aux chocs thermiques<\/strong><br>Il peut r\u00e9sister \u00e0 des changements rapides de temp\u00e9rature jusqu'\u00e0 450\u00b0C, et le mat\u00e9riau de haute densit\u00e9 bloque l'absorption de l'humidit\u00e9 et emp\u00eache les fissures et les craquelures.<\/p>\n\n\n\n<p><strong>Utilisation pratique et \u00e9conome en \u00e9nergie<\/strong><br>Epaisseur mod\u00e9r\u00e9e, poids l\u00e9ger, conduction rapide de la chaleur, refroidissement lent, peut \u00eatre cuit \u00e0 feu doux, ce qui permet d'\u00e9conomiser du temps et de l'\u00e9nergie.<\/p>\n\n\n\n<p><strong>Durable et facile \u00e0 nettoyer<\/strong><br>La surface lisse de la poterie emp\u00eache les rayures, la salet\u00e9 et la corrosion, elle est antiadh\u00e9sive et facile \u00e0 nettoyer.<\/p>\n<\/div>\n\n\n\n<div class=\"wp-block-column is-layout-flow wp-block-column-is-layout-flow\">\n<figure class=\"wp-block-image size-full\"><img decoding=\"async\" width=\"2500\" height=\"2500\" src=\"https:\/\/www.lianyuanceramic.com\/wp-content\/uploads\/2024\/10\/Wholesale-Earthenware-Pot-10.webp\" alt=\"Grossiste-Pot en terre cuite (10)\" class=\"wp-image-305\" srcset=\"https:\/\/www.lianyuanceramic.com\/wp-content\/uploads\/2024\/10\/Wholesale-Earthenware-Pot-10.webp 2500w, https:\/\/www.lianyuanceramic.com\/wp-content\/uploads\/2024\/10\/Wholesale-Earthenware-Pot-10-300x300.webp 300w, https:\/\/www.lianyuanceramic.com\/wp-content\/uploads\/2024\/10\/Wholesale-Earthenware-Pot-10-150x150.webp 150w, https:\/\/www.lianyuanceramic.com\/wp-content\/uploads\/2024\/10\/Wholesale-Earthenware-Pot-10-768x768.webp 768w, https:\/\/www.lianyuanceramic.com\/wp-content\/uploads\/2024\/10\/Wholesale-Earthenware-Pot-10-1200x1200.webp 1200w, https:\/\/www.lianyuanceramic.com\/wp-content\/uploads\/2024\/10\/Wholesale-Earthenware-Pot-10-600x600.webp 600w, https:\/\/www.lianyuanceramic.com\/wp-content\/uploads\/2024\/10\/Wholesale-Earthenware-Pot-10-100x100.webp 100w\" sizes=\"(max-width: 2500px) 100vw, 2500px\" \/><\/figure>\n<\/div>\n<\/div>\n\n\n\n<div class=\"wp-block-columns is-layout-flex wp-container-core-columns-is-layout-9d6595d7 wp-block-columns-is-layout-flex\">\n<div class=\"wp-block-column is-layout-flow wp-block-column-is-layout-flow\">\n<figure class=\"wp-block-image size-full\"><img decoding=\"async\" width=\"2684\" height=\"2684\" src=\"https:\/\/www.lianyuanceramic.com\/wp-content\/uploads\/2024\/10\/Wholesale-Earthenware-Pot-2.webp\" alt=\"Grossiste-Pot en terre cuite (2)\" class=\"wp-image-301\" srcset=\"https:\/\/www.lianyuanceramic.com\/wp-content\/uploads\/2024\/10\/Wholesale-Earthenware-Pot-2.webp 2684w, https:\/\/www.lianyuanceramic.com\/wp-content\/uploads\/2024\/10\/Wholesale-Earthenware-Pot-2-300x300.webp 300w, https:\/\/www.lianyuanceramic.com\/wp-content\/uploads\/2024\/10\/Wholesale-Earthenware-Pot-2-150x150.webp 150w, https:\/\/www.lianyuanceramic.com\/wp-content\/uploads\/2024\/10\/Wholesale-Earthenware-Pot-2-768x768.webp 768w, https:\/\/www.lianyuanceramic.com\/wp-content\/uploads\/2024\/10\/Wholesale-Earthenware-Pot-2-1200x1200.webp 1200w, https:\/\/www.lianyuanceramic.com\/wp-content\/uploads\/2024\/10\/Wholesale-Earthenware-Pot-2-600x600.webp 600w, https:\/\/www.lianyuanceramic.com\/wp-content\/uploads\/2024\/10\/Wholesale-Earthenware-Pot-2-100x100.webp 100w\" sizes=\"(max-width: 2684px) 100vw, 2684px\" \/><\/figure>\n<\/div>\n\n\n\n<div class=\"wp-block-column is-layout-flow wp-block-column-is-layout-flow\">\n<h2 class=\"wp-block-heading\">Casserole personnalis\u00e9e avec couvercle<\/h2>\n\n\n\n<p>Une large gamme d'options de cocottes personnalis\u00e9es garantit des cocottes de haute qualit\u00e9 qui r\u00e9pondent aux besoins fonctionnels et d'image de marque des diff\u00e9rents march\u00e9s.<\/p>\n\n\n\n<p><strong>Tailles et formes<\/strong>: Comprend les tailles rondes, ovales, rectangulaires et personnalis\u00e9es.<\/p>\n\n\n\n<p><strong>Mat\u00e9riaux et \u00e9paisseur<\/strong>: Argile r\u00e9sistante \u00e0 la chaleur, c\u00e9ramique durable, porcelaine, gr\u00e8s, et les \u00e9paisseurs varient en fonction de la r\u00e9sistance \u00e0 la chaleur.<\/p>\n\n\n\n<p><strong>Mod\u00e8les de couvercles et de poign\u00e9es<\/strong>: Personnalisez la forme, le mat\u00e9riau et la taille du couvercle et de la poign\u00e9e afin d'am\u00e9liorer la facilit\u00e9 d'utilisation.<\/p>\n\n\n\n<p><strong>Finitions<\/strong>: Les options comprennent des finitions mates, brillantes ou textur\u00e9es.<\/p>\n\n\n\n<p><strong>D\u00e9corations\/motifs<\/strong>: Motifs, dessins ou logos personnalis\u00e9s, y compris les d\u00e9calcomanies, la peinture \u00e0 la main et le gaufrage.<\/p>\n\n\n\n<p><strong>Emballage<\/strong>: Emballage personnalis\u00e9 pour les commandes en vrac, les coffrets cadeaux ou la distribution au d\u00e9tail avec des \u00e9tiquettes ou une marque personnalis\u00e9es.<\/p>\n<\/div>\n<\/div>","protected":false},"excerpt":{"rendered":"<p>Cocotte de haute qualit\u00e9 avec couvercle, en c\u00e9ramique durable, r\u00e9sistante \u00e0 la chaleur et non susceptible de se fissurer, assurant une r\u00e9partition uniforme de la chaleur. La forme moderne et la couleur frappante rendent la cocotte encore plus attrayante. Contactez-nous pour plus d'informations !<\/p>\n<h2>Param\u00e8tre de la cocotte avec couvercle<\/h2>\n<table style=\"border-collapse: collapse; width: 370.82pt;\" border=\"0\" width=\"618\" cellspacing=\"0\" cellpadding=\"0\">\n<tbody>\n<tr style=\"height: 15.60pt;\">\n<td class=\"et3\" style=\"height: 15.60pt; width: 108.00pt;\" width=\"180\" height=\"26\">Fabricant<\/td>\n<td class=\"et3\" style=\"width: 263.25pt;\" width=\"438\">Lianyuan<\/td>\n<\/tr>\n<tr style=\"height: 15.60pt;\">\n<td class=\"et3\" style=\"height: 15.60pt;\" height=\"26\">Type de produit<\/td>\n<td class=\"et3\">Casserole \u00e0 soupe, Casserole multifonctionnelle, Pot \u00e0 lait<\/td>\n<\/tr>\n<tr style=\"height: 15.60pt;\">\n<td class=\"et3\" style=\"height: 15.60pt;\" height=\"26\">Couleur<\/td>\n<td class=\"et3\">Corps gris avec couvercle rose<\/td>\n<\/tr>\n<tr style=\"height: 15.60pt;\">\n<td class=\"et3\" style=\"height: 15.60pt;\" height=\"26\">Mat\u00e9riau<\/td>\n<td class=\"et3\">Argile thermor\u00e9sistante<\/td>\n<\/tr>\n<tr style=\"height: 15.60pt;\">\n<td class=\"et3\" style=\"height: 15.60pt;\" height=\"26\">Artisanat<\/td>\n<td class=\"et3\">D\u00e9calcomanie et peinture \u00e0 la main<\/td>\n<\/tr>\n<tr style=\"height: 15.60pt;\">\n<td class=\"et3\" style=\"height: 15.60pt;\" height=\"26\">Application<\/td>\n<td class=\"et3\">Passe au micro-ondes, au lave-vaisselle et au four<\/td>\n<\/tr>\n<tr style=\"height: 15.60pt;\">\n<td class=\"et3\" style=\"height: 15.60pt;\" height=\"26\">Sur mesure<\/td>\n<td class=\"et3\">Couleur\/Taille\/Logo\/Emballage<\/td>\n<\/tr>\n<\/tbody>\n<\/table>","protected":false},"featured_media":301,"comment_status":"open","ping_status":"closed","template":"","meta":{"_acf_changed":false},"product_brand":[],"product_cat":[20],"product_tag":[33],"class_list":{"0":"post-297","1":"product","2":"type-product","3":"status-publish","4":"has-post-thumbnail","6":"product_cat-custom-bakeware-casserole-dish","7":"product_tag-wholesale-heat-resistant-ceramics","9":"first","10":"instock","11":"shipping-taxable","12":"product-type-simple"},"acf":[],"_links":{"self":[{"href":"https:\/\/www.lianyuanceramic.com\/fr\/wp-json\/wp\/v2\/product\/297","targetHints":{"allow":["GET"]}}],"collection":[{"href":"https:\/\/www.lianyuanceramic.com\/fr\/wp-json\/wp\/v2\/product"}],"about":[{"href":"https:\/\/www.lianyuanceramic.com\/fr\/wp-json\/wp\/v2\/types\/product"}],"replies":[{"embeddable":true,"href":"https:\/\/www.lianyuanceramic.com\/fr\/wp-json\/wp\/v2\/comments?post=297"}],"wp:featuredmedia":[{"embeddable":true,"href":"https:\/\/www.lianyuanceramic.com\/fr\/wp-json\/wp\/v2\/media\/301"}],"wp:attachment":[{"href":"https:\/\/www.lianyuanceramic.com\/fr\/wp-json\/wp\/v2\/media?parent=297"}],"wp:term":[{"taxonomy":"product_brand","embeddable":true,"href":"https:\/\/www.lianyuanceramic.com\/fr\/wp-json\/wp\/v2\/product_brand?post=297"},{"taxonomy":"product_cat","embeddable":true,"href":"https:\/\/www.lianyuanceramic.com\/fr\/wp-json\/wp\/v2\/product_cat?post=297"},{"taxonomy":"product_tag","embeddable":true,"href":"https:\/\/www.lianyuanceramic.com\/fr\/wp-json\/wp\/v2\/product_tag?post=297"}],"curies":[{"name":"wp","href":"https:\/\/api.w.org\/{rel}","templated":true}]}}