{"id":2902,"date":"2026-04-28T09:16:30","date_gmt":"2026-04-28T09:16:30","guid":{"rendered":"https:\/\/www.lianyuanceramic.com\/?post_type=product&#038;p=2902"},"modified":"2026-04-28T09:16:32","modified_gmt":"2026-04-28T09:16:32","slug":"porcelain-bowls-wholesale","status":"publish","type":"product","link":"https:\/\/www.lianyuanceramic.com\/fr\/produit\/porcelain-bowls-wholesale\/","title":{"rendered":"Bols en Porcelaine Blanche Grossiste, Bol \u00e0 Soupe Rond Ramen Salade avec Pied Support Personnalis\u00e9"},"content":{"rendered":"<div class=\"wp-block-columns is-layout-flex wp-container-core-columns-is-layout-9d6595d7 wp-block-columns-is-layout-flex\">\n<div class=\"wp-block-column is-layout-flow wp-block-column-is-layout-flow\">\n<h2 class=\"wp-block-heading\">Bols en porcelaine blanche Caract\u00e9ristiques :<\/h2>\n\n\n\n<p><strong>Design blanc \u00e9l\u00e9gant pour des tables polyvalentes<\/strong>: La finition blanc brillant s'harmonise parfaitement avec la vaisselle et le d\u00e9cor de la table, ce qui la rend id\u00e9ale pour les restaurants modernes, les h\u00f4tels et les services de restauration. Son aspect net et \u00e9l\u00e9gant am\u00e9liore la pr\u00e9sentation de la table et rehausse l'esth\u00e9tique g\u00e9n\u00e9rale de la salle \u00e0 manger.<\/p>\n\n\n\n<p><strong>Texture lisse de la c\u00e9ramique \u00e9maill\u00e9e<\/strong>: Dot\u00e9e d'une gla\u00e7ure blanche de haute qualit\u00e9, la surface pr\u00e9sente une finition uniforme et brillante avec un lustre doux et raffin\u00e9. La texture d\u00e9licate met en valeur la qualit\u00e9 de fabrication de la c\u00e9ramique qui convient aux environnements de restauration commerciale.<\/p>\n\n\n\n<p><strong>Bol fonctionnel polyvalent<\/strong>: Con\u00e7us pour \u00eatre polyvalents, ces bols conviennent pour servir des salades, du riz, des p\u00e2tes, des desserts, des soupes, des snacks, etc. Leur taille pratique les rend id\u00e9aux pour une utilisation fr\u00e9quente dans les restaurants, les buffets et les services d'accueil.<\/p>\n\n\n\n<p><strong>Lavable au lave-vaisselle et facile d'entretien<\/strong>: La surface lisse de la porcelaine assure un nettoyage sans effort, compatible avec les lave-vaisselle commerciaux et le lavage manuel. Cela r\u00e9duit le temps de travail et am\u00e9liore l'efficacit\u00e9 op\u00e9rationnelle dans les environnements de restauration.<\/p>\n\n\n\n<p><strong>Mat\u00e9riau r\u00e9sistant aux aliments et aux hautes temp\u00e9ratures<\/strong>: Fabriqu\u00e9s en porcelaine alimentaire, les bols sont exempts de plomb et de cadmium, ce qui garantit un contact s\u00fbr avec les aliments. Ils passent au micro-ondes, au four, au cong\u00e9lateur et au lave-vaisselle, offrant ainsi une flexibilit\u00e9 op\u00e9rationnelle totale pour les cuisines commerciales.<\/p>\n<\/div>\n\n\n\n<div class=\"wp-block-column is-layout-flow wp-block-column-is-layout-flow\">\n<h2 class=\"wp-block-heading\">Bols en porcelaine blanche personnalis\u00e9s :<\/h2>\n\n\n\n<p>Lianyuan propose diverses options de vaisselle personnalis\u00e9e en fonction des besoins de la marque ou des tendances de la mode, ce qui en fait un produit id\u00e9al pour un usage personnel ou commercial.<\/p>\n\n\n\n<p><strong>Conception :&nbsp;<\/strong>Formes et motifs vari\u00e9s.<\/p>\n\n\n\n<p><strong>Composition de l'ensemble :<\/strong>&nbsp;Sets de tasses en c\u00e9ramique personnalis\u00e9s avec des combinaisons de tasses, de bols et de cuill\u00e8res.<\/p>\n\n\n\n<p><strong>Taille :&nbsp;<\/strong>Choisissez parmi diff\u00e9rentes tailles pour convenir \u00e0 diff\u00e9rentes portions de repas.<\/p>\n\n\n\n<p><strong>Mat\u00e9riau :<\/strong>&nbsp;C\u00e9ramique, porcelaine, porcelaine osseuse ou se renseigner sur les autres possibilit\u00e9s.<\/p>\n\n\n\n<p><strong>Artisanat :&nbsp;<\/strong>D\u00e9calcomanies de gla\u00e7age, changement de four, peinture \u00e0 la main, motifs en relief ou autres.<\/p>\n\n\n\n<p><strong>Emballage :&nbsp;<\/strong>Emballage en vrac, bo\u00eete de couleur, bo\u00eete cadeau, bo\u00eete de pr\u00e9sentation, bo\u00eete postale, etc.<\/p>\n<\/div>\n<\/div>","protected":false},"excerpt":{"rendered":"<div class=\"D5aOJc vJwDU\">\n<div data-zone-id=\"0\" data-line-index=\"0\" data-line=\"true\">\n<p>Les bols en porcelaine de Lianyuan fournissent des bols en c\u00e9ramique durables et sans danger pour les aliments, destin\u00e9s aux restaurants et aux h\u00f4tels. Ils pr\u00e9sentent un design \u00e9l\u00e9gant et sont soumis \u00e0 un contr\u00f4le de qualit\u00e9 strict, sans plomb ni cadmium, afin de garantir un approvisionnement en vrac s\u00fbr et stable. Contactez-nous pour des commandes en vrac !<\/p>\n<\/div>\n<\/div>\n<h2>Bols en porcelaine Param\u00e8tres :<\/h2>\n<table style=\"border-collapse: collapse; width: 370.82pt;\" border=\"0\" width=\"618\" cellspacing=\"0\" cellpadding=\"0\">\n<tbody>\n<tr style=\"height: 15.60pt;\">\n<td class=\"et3\" style=\"height: 15.60pt; width: 108.00pt;\" width=\"180\" height=\"26\">Fabricant<\/td>\n<td class=\"et3\" style=\"width: 263.25pt;\" width=\"438\">Lianyuan<\/td>\n<\/tr>\n<tr style=\"height: 15.60pt;\">\n<td class=\"et3\" style=\"height: 15.60pt;\" height=\"26\">Type de produit<\/td>\n<td class=\"et3\">Bols de nouilles<\/td>\n<\/tr>\n<tr style=\"height: 15.60pt;\">\n<td class=\"et3\" style=\"height: 15.60pt;\" height=\"26\">Mod\u00e8le<\/td>\n<td class=\"et3\">Aucun<\/td>\n<\/tr>\n<tr style=\"height: 15.60pt;\">\n<td class=\"et3\" style=\"height: 15.60pt;\" height=\"26\">Couleur<\/td>\n<td class=\"et3\">Blanc<\/td>\n<\/tr>\n<tr style=\"height: 15.60pt;\">\n<td class=\"et3\" style=\"height: 15.60pt;\" height=\"26\">Mat\u00e9riau<\/td>\n<td class=\"et3\">Porcelaine durable<\/td>\n<\/tr>\n<tr style=\"height: 15.60pt;\">\n<td class=\"et3\" style=\"height: 15.60pt;\" height=\"26\">Artisanat<\/td>\n<td class=\"et3\">Glacis<\/td>\n<\/tr>\n<tr style=\"height: 15.60pt;\">\n<td class=\"et3\" style=\"height: 15.60pt;\" height=\"26\">Application<\/td>\n<td class=\"et3\">Passe au micro-ondes, au lave-vaisselle et au four<\/td>\n<\/tr>\n<tr style=\"height: 15.60pt;\">\n<td class=\"et3\" style=\"height: 15.60pt;\" height=\"26\">Sur mesure<\/td>\n<td class=\"et3\">Couleur\/Taille\/Logo\/Emballage<\/td>\n<\/tr>\n<\/tbody>\n<\/table>","protected":false},"featured_media":2908,"comment_status":"closed","ping_status":"closed","template":"","meta":{"_acf_changed":false},"product_brand":[],"product_cat":[34],"product_tag":[30],"class_list":{"0":"post-2902","1":"product","2":"type-product","3":"status-publish","4":"has-post-thumbnail","6":"product_cat-bulk-ceramic-tableware-in-stock","7":"product_tag-custom-porcelain-dinnerware","9":"first","10":"instock","11":"shipping-taxable","12":"product-type-simple"},"acf":[],"_links":{"self":[{"href":"https:\/\/www.lianyuanceramic.com\/fr\/wp-json\/wp\/v2\/product\/2902","targetHints":{"allow":["GET"]}}],"collection":[{"href":"https:\/\/www.lianyuanceramic.com\/fr\/wp-json\/wp\/v2\/product"}],"about":[{"href":"https:\/\/www.lianyuanceramic.com\/fr\/wp-json\/wp\/v2\/types\/product"}],"replies":[{"embeddable":true,"href":"https:\/\/www.lianyuanceramic.com\/fr\/wp-json\/wp\/v2\/comments?post=2902"}],"wp:featuredmedia":[{"embeddable":true,"href":"https:\/\/www.lianyuanceramic.com\/fr\/wp-json\/wp\/v2\/media\/2908"}],"wp:attachment":[{"href":"https:\/\/www.lianyuanceramic.com\/fr\/wp-json\/wp\/v2\/media?parent=2902"}],"wp:term":[{"taxonomy":"product_brand","embeddable":true,"href":"https:\/\/www.lianyuanceramic.com\/fr\/wp-json\/wp\/v2\/product_brand?post=2902"},{"taxonomy":"product_cat","embeddable":true,"href":"https:\/\/www.lianyuanceramic.com\/fr\/wp-json\/wp\/v2\/product_cat?post=2902"},{"taxonomy":"product_tag","embeddable":true,"href":"https:\/\/www.lianyuanceramic.com\/fr\/wp-json\/wp\/v2\/product_tag?post=2902"}],"curies":[{"name":"wp","href":"https:\/\/api.w.org\/{rel}","templated":true}]}}