{"id":2898,"date":"2026-04-14T02:18:21","date_gmt":"2026-04-14T02:18:21","guid":{"rendered":"https:\/\/www.lianyuanceramic.com\/?post_type=product&#038;p=2898"},"modified":"2026-04-14T02:18:23","modified_gmt":"2026-04-14T02:18:23","slug":"ceramic-bowls-wholesale","status":"publish","type":"product","link":"https:\/\/www.lianyuanceramic.com\/fr\/produit\/ceramic-bowls-wholesale\/","title":{"rendered":"Bols en C\u00e9ramique Blanche Grossiste Bols \u00e0 Riz Ronds avec Bordure Verte, Bol \u00e0 Salade Ramen en C\u00e9ramique Personnalis\u00e9"},"content":{"rendered":"<div class=\"wp-block-columns is-layout-flex wp-container-core-columns-is-layout-9d6595d7 wp-block-columns-is-layout-flex\">\n<div class=\"wp-block-column is-layout-flow wp-block-column-is-layout-flow\">\n<h2 class=\"wp-block-heading\">Bols en c\u00e9ramique Caract\u00e9ristiques en gros :<\/h2>\n\n\n\n<p><strong>Une conception hautement esth\u00e9tique : <\/strong>Le bol pr\u00e9sente une texture stri\u00e9e verticale classique, associ\u00e9e \u00e0 une base sur\u00e9lev\u00e9e turquoise et \u00e0 un bord vert menthe. Ce contraste de couleurs fra\u00eeches donne un aspect \u00e9l\u00e9gant et haut de gamme.<\/p>\n\n\n\n<p><strong>Conception \u00e0 grande capacit\u00e9 : <\/strong>Avec son ouverture large, sa forme profonde et sa grande capacit\u00e9, ce bol peut facilement contenir de grandes portions de ramen, de soupes de nouilles, de salades, de fruits et bien plus encore.<\/p>\n\n\n\n<p><strong>R\u00e9sistant aux rayures, facile \u00e0 nettoyer :<\/strong> Les bols sont dot\u00e9s d'une finition brillante, ce qui les rend r\u00e9sistants aux rayures, faciles \u00e0 nettoyer et \u00e9l\u00e9gants.<\/p>\n\n\n\n<p><strong>Texture \u00e0 nervures verticales : <\/strong>Les nervures verticales du bol ne sont pas seulement d\u00e9coratives ; elles am\u00e9liorent la pr\u00e9hension pour une meilleure prise en main lors du transport, tout en r\u00e9duisant l'adh\u00e9rence des aliments \u00e0 la paroi du bol pour une performance antiadh\u00e9sive sup\u00e9rieure et un nettoyage sans effort.<\/p>\n\n\n\n<p><strong>Parfait pour de multiples sc\u00e9narios<\/strong>: Les bols polyvalents de qualit\u00e9 restaurant sont suffisamment sophistiqu\u00e9s pour les r\u00e9ceptions et suffisamment robustes pour une utilisation quotidienne et commerciale, y compris pour les repas \u00e0 domicile et les restaurants, offrant ainsi une praticit\u00e9 exceptionnelle.<\/p>\n<\/div>\n\n\n\n<div class=\"wp-block-column is-layout-flow wp-block-column-is-layout-flow\">\n<h2 class=\"wp-block-heading\">Bols en c\u00e9ramique personnalis\u00e9s :<\/h2>\n\n\n\n<p>Lianyuan propose diverses options de vaisselle personnalis\u00e9e en fonction des besoins de la marque ou des tendances de la mode, ce qui en fait un produit id\u00e9al pour un usage personnel ou commercial.<\/p>\n\n\n\n<p><strong>Conception :&nbsp;<\/strong>Formes et motifs vari\u00e9s.<\/p>\n\n\n\n<p><strong>Composition de l'ensemble :<\/strong>&nbsp;Sets de tasses en c\u00e9ramique personnalis\u00e9s avec des combinaisons de tasses, de bols et de cuill\u00e8res.<\/p>\n\n\n\n<p><strong>Taille :&nbsp;<\/strong>Choisissez parmi diff\u00e9rentes tailles pour convenir \u00e0 diff\u00e9rentes portions de repas.<\/p>\n\n\n\n<p><strong>Mat\u00e9riau :<\/strong>&nbsp;C\u00e9ramique, porcelaine, porcelaine osseuse ou se renseigner sur les autres possibilit\u00e9s.<\/p>\n\n\n\n<p><strong>Artisanat :&nbsp;<\/strong>D\u00e9calcomanies de gla\u00e7age, changement de four, peinture \u00e0 la main, motifs en relief ou autres.<\/p>\n\n\n\n<p><strong>Emballage :&nbsp;<\/strong>Emballage en vrac, bo\u00eete de couleur, bo\u00eete cadeau, bo\u00eete de pr\u00e9sentation, bo\u00eete postale, etc.<\/p>\n<\/div>\n<\/div>\n\n\n\n<div class=\"wp-block-columns is-layout-flex wp-container-core-columns-is-layout-9d6595d7 wp-block-columns-is-layout-flex\">\n<div class=\"wp-block-column is-layout-flow wp-block-column-is-layout-flow\"><\/div>\n\n\n\n<div class=\"wp-block-column is-layout-flow wp-block-column-is-layout-flow\"><\/div>\n<\/div>\n\n\n\n<p><\/p>","protected":false},"excerpt":{"rendered":"<div class=\"D5aOJc vJwDU\">\n<div data-zone-id=\"0\" data-line-index=\"0\" data-line=\"true\">\n<p>Bols en c\u00e9ramique blanche en gros avec un design nervur\u00e9 de premi\u00e8re qualit\u00e9, une base turquoise et un bord menthe, offrant une grande capacit\u00e9, une prise solide et une finition \u00e9maill\u00e9e r\u00e9sistante aux rayures pour un nettoyage facile. Id\u00e9al pour les magasins de ramen, les restaurants, les h\u00f4tels, les traiteurs et les repas \u00e0 domicile. Contactez-nous d\u00e8s maintenant pour des commandes en gros !<\/p>\n<\/div>\n<\/div>\n<h2>Bols \u00e0 nouilles en c\u00e9ramique Param\u00e8tres :<\/h2>\n<table style=\"border-collapse: collapse; width: 370.82pt;\" border=\"0\" width=\"618\" cellspacing=\"0\" cellpadding=\"0\">\n<tbody>\n<tr style=\"height: 15.60pt;\">\n<td class=\"et3\" style=\"height: 15.60pt; width: 108.00pt;\" width=\"180\" height=\"26\">Fabricant<\/td>\n<td class=\"et3\" style=\"width: 263.25pt;\" width=\"438\">Lianyuan<\/td>\n<\/tr>\n<tr style=\"height: 15.60pt;\">\n<td class=\"et3\" style=\"height: 15.60pt;\" height=\"26\">Type de produit<\/td>\n<td class=\"et3\">\u00a0Bols de nouilles<\/td>\n<\/tr>\n<tr style=\"height: 15.60pt;\">\n<td class=\"et3\" style=\"height: 15.60pt;\" height=\"26\">Mod\u00e8le<\/td>\n<td class=\"et3\">Bordure verte<\/td>\n<\/tr>\n<tr style=\"height: 15.60pt;\">\n<td class=\"et3\" style=\"height: 15.60pt;\" height=\"26\">Couleur<\/td>\n<td class=\"et3\">Rose, jaune, vert, bleu<\/td>\n<\/tr>\n<tr style=\"height: 15.60pt;\">\n<td class=\"et3\" style=\"height: 15.60pt;\" height=\"26\">Mat\u00e9riau<\/td>\n<td class=\"et3\">Porcelaine durable<\/td>\n<\/tr>\n<tr style=\"height: 15.60pt;\">\n<td class=\"et3\" style=\"height: 15.60pt;\" height=\"26\">Artisanat<\/td>\n<td class=\"et3\">Artisanat<\/td>\n<\/tr>\n<tr style=\"height: 15.60pt;\">\n<td class=\"et3\" style=\"height: 15.60pt;\" height=\"26\">Application<\/td>\n<td class=\"et3\">Passe au micro-ondes, au lave-vaisselle et au four<\/td>\n<\/tr>\n<tr style=\"height: 15.60pt;\">\n<td class=\"et3\" style=\"height: 15.60pt;\" height=\"26\">Sur mesure<\/td>\n<td class=\"et3\">Couleur\/Taille\/Logo\/Emballage<\/td>\n<\/tr>\n<\/tbody>\n<\/table>","protected":false},"featured_media":2899,"comment_status":"open","ping_status":"closed","template":"","meta":{"_acf_changed":false},"product_brand":[],"product_cat":[34],"product_tag":[30,29,27],"class_list":{"0":"post-2898","1":"product","2":"type-product","3":"status-publish","4":"has-post-thumbnail","6":"product_cat-bulk-ceramic-tableware-in-stock","7":"product_tag-custom-porcelain-dinnerware","8":"product_tag-hand-painted-embossed-dinnerware-wholesale","9":"product_tag-wholesale-decal-ceramics","11":"first","12":"instock","13":"shipping-taxable","14":"product-type-simple"},"acf":[],"_links":{"self":[{"href":"https:\/\/www.lianyuanceramic.com\/fr\/wp-json\/wp\/v2\/product\/2898","targetHints":{"allow":["GET"]}}],"collection":[{"href":"https:\/\/www.lianyuanceramic.com\/fr\/wp-json\/wp\/v2\/product"}],"about":[{"href":"https:\/\/www.lianyuanceramic.com\/fr\/wp-json\/wp\/v2\/types\/product"}],"replies":[{"embeddable":true,"href":"https:\/\/www.lianyuanceramic.com\/fr\/wp-json\/wp\/v2\/comments?post=2898"}],"wp:featuredmedia":[{"embeddable":true,"href":"https:\/\/www.lianyuanceramic.com\/fr\/wp-json\/wp\/v2\/media\/2899"}],"wp:attachment":[{"href":"https:\/\/www.lianyuanceramic.com\/fr\/wp-json\/wp\/v2\/media?parent=2898"}],"wp:term":[{"taxonomy":"product_brand","embeddable":true,"href":"https:\/\/www.lianyuanceramic.com\/fr\/wp-json\/wp\/v2\/product_brand?post=2898"},{"taxonomy":"product_cat","embeddable":true,"href":"https:\/\/www.lianyuanceramic.com\/fr\/wp-json\/wp\/v2\/product_cat?post=2898"},{"taxonomy":"product_tag","embeddable":true,"href":"https:\/\/www.lianyuanceramic.com\/fr\/wp-json\/wp\/v2\/product_tag?post=2898"}],"curies":[{"name":"wp","href":"https:\/\/api.w.org\/{rel}","templated":true}]}}