{"id":2878,"date":"2026-04-14T01:42:51","date_gmt":"2026-04-14T01:42:51","guid":{"rendered":"https:\/\/www.lianyuanceramic.com\/?post_type=product&#038;p=2878"},"modified":"2026-04-14T01:42:52","modified_gmt":"2026-04-14T01:42:52","slug":"custom-coffee-mugs","status":"publish","type":"product","link":"https:\/\/www.lianyuanceramic.com\/fr\/produit\/custom-coffee-mugs\/","title":{"rendered":"Tasses \u00e0 caf\u00e9 personnalis\u00e9es Minimaliste pour cadeau, tasses \u00e0 th\u00e9 et \u00e0 lait en c\u00e9ramique blanche avec anse en vrac"},"content":{"rendered":"<div class=\"wp-block-columns is-layout-flex wp-container-core-columns-is-layout-9d6595d7 wp-block-columns-is-layout-flex\">\n<div class=\"wp-block-column is-layout-flow wp-block-column-is-layout-flow\">\n<h2 class=\"wp-block-heading\">Tasses \u00e0 caf\u00e9 Caract\u00e9ristiques :<\/h2>\n\n\n\n<p><strong>Porcelaine de qualit\u00e9 sup\u00e9rieure :<\/strong> Ces tasses \u00e0 caf\u00e9 sont fabriqu\u00e9es en porcelaine de haute qualit\u00e9 avec une finition glac\u00e9e lisse qui emp\u00eache les taches de caf\u00e9 d'adh\u00e9rer facilement. Vous n'aurez plus \u00e0 vous soucier des traces laiss\u00e9es apr\u00e8s une longue utilisation, ce qui vous permettra d'\u00e9conomiser du temps de nettoyage.<\/p>\n\n\n\n<p><strong>Poign\u00e9e robuste :<\/strong> Cette tasse \u00e0 caf\u00e9 classique est dot\u00e9e d'une anse qui permet une bonne prise en main, m\u00eame lorsque la tasse est pleine. Que vous sirotiez un chocolat chaud ou que vous d\u00e9gustiez un th\u00e9 glac\u00e9, cette poign\u00e9e permet d'\u00e9viter les d\u00e9versements et de r\u00e9duire la pression sur les mains.<\/p>\n\n\n\n<p>Nettoyage sans effort pour votre routine : Simplifiez-vous la vie avec les ensembles de tasses Sweese, que vous savouriez un caf\u00e9 tranquille le matin ou que vous organisiez une r\u00e9union. Ces tasses polyvalentes sont faciles \u00e0 nettoyer et ne se tachent pas.<\/p>\n\n\n\n<p><strong>Passe au four \u00e0 micro-ondes et au lave-vaisselle : <\/strong>Cette tasse \u00e0 caf\u00e9 peut \u00eatre utilis\u00e9e au micro-ondes, au lave-vaisselle, au r\u00e9frig\u00e9rateur et au four. R\u00e9chauffez des flocons d'avoine au micro-ondes, congelez un bol de glace au r\u00e9frig\u00e9rateur ou faites cuire un pudding au caramel au four.<\/p>\n\n\n\n<p><strong>Style minimaliste et cadeau parfait :<\/strong> La finition blanche brillante et \u00e9l\u00e9gante ajoute une touche raffin\u00e9e \u00e0 votre table. Un choix judicieux pour les pendaisons de cr\u00e9maill\u00e8re, les mariages, les anniversaires ou les f\u00eates.<\/p>\n<\/div>\n\n\n\n<div class=\"wp-block-column is-layout-flow wp-block-column-is-layout-flow\">\n<figure class=\"wp-block-image size-full\"><img decoding=\"async\" width=\"800\" height=\"800\" src=\"https:\/\/www.lianyuanceramic.com\/wp-content\/uploads\/2026\/03\/custom-ceramic-white-water-mugs-in-bulk.webp\" alt=\"tasses \u00e0 eau en c\u00e9ramique blanche personnalis\u00e9es en vrac\" class=\"wp-image-2881\" srcset=\"https:\/\/www.lianyuanceramic.com\/wp-content\/uploads\/2026\/03\/custom-ceramic-white-water-mugs-in-bulk.webp 800w, https:\/\/www.lianyuanceramic.com\/wp-content\/uploads\/2026\/03\/custom-ceramic-white-water-mugs-in-bulk-300x300.webp 300w, https:\/\/www.lianyuanceramic.com\/wp-content\/uploads\/2026\/03\/custom-ceramic-white-water-mugs-in-bulk-150x150.webp 150w, https:\/\/www.lianyuanceramic.com\/wp-content\/uploads\/2026\/03\/custom-ceramic-white-water-mugs-in-bulk-768x768.webp 768w, https:\/\/www.lianyuanceramic.com\/wp-content\/uploads\/2026\/03\/custom-ceramic-white-water-mugs-in-bulk-12x12.webp 12w, https:\/\/www.lianyuanceramic.com\/wp-content\/uploads\/2026\/03\/custom-ceramic-white-water-mugs-in-bulk-600x600.webp 600w, https:\/\/www.lianyuanceramic.com\/wp-content\/uploads\/2026\/03\/custom-ceramic-white-water-mugs-in-bulk-100x100.webp 100w\" sizes=\"(max-width: 800px) 100vw, 800px\" \/><\/figure>\n<\/div>\n<\/div>\n\n\n\n<div class=\"wp-block-columns is-layout-flex wp-container-core-columns-is-layout-9d6595d7 wp-block-columns-is-layout-flex\">\n<div class=\"wp-block-column is-layout-flow wp-block-column-is-layout-flow\">\n<figure class=\"wp-block-image size-full\"><img decoding=\"async\" width=\"800\" height=\"800\" src=\"https:\/\/www.lianyuanceramic.com\/wp-content\/uploads\/2026\/03\/Factory-Wholesale-Elegant-White-Ceramic-Mug-with-Handle.webp\" alt=\"Factory Wholesale Elegant White Ceramic Mug with Handle (Tasse en c\u00e9ramique blanche \u00e9l\u00e9gante avec poign\u00e9e)\" class=\"wp-image-2885\" srcset=\"https:\/\/www.lianyuanceramic.com\/wp-content\/uploads\/2026\/03\/Factory-Wholesale-Elegant-White-Ceramic-Mug-with-Handle.webp 800w, https:\/\/www.lianyuanceramic.com\/wp-content\/uploads\/2026\/03\/Factory-Wholesale-Elegant-White-Ceramic-Mug-with-Handle-300x300.webp 300w, https:\/\/www.lianyuanceramic.com\/wp-content\/uploads\/2026\/03\/Factory-Wholesale-Elegant-White-Ceramic-Mug-with-Handle-150x150.webp 150w, https:\/\/www.lianyuanceramic.com\/wp-content\/uploads\/2026\/03\/Factory-Wholesale-Elegant-White-Ceramic-Mug-with-Handle-768x768.webp 768w, https:\/\/www.lianyuanceramic.com\/wp-content\/uploads\/2026\/03\/Factory-Wholesale-Elegant-White-Ceramic-Mug-with-Handle-12x12.webp 12w, https:\/\/www.lianyuanceramic.com\/wp-content\/uploads\/2026\/03\/Factory-Wholesale-Elegant-White-Ceramic-Mug-with-Handle-600x600.webp 600w, https:\/\/www.lianyuanceramic.com\/wp-content\/uploads\/2026\/03\/Factory-Wholesale-Elegant-White-Ceramic-Mug-with-Handle-100x100.webp 100w\" sizes=\"(max-width: 800px) 100vw, 800px\" \/><\/figure>\n<\/div>\n\n\n\n<div class=\"wp-block-column is-layout-flow wp-block-column-is-layout-flow\">\n<h2 class=\"wp-block-heading\">Tasses \u00e0 caf\u00e9 personnalis\u00e9es :<\/h2>\n\n\n\n<p>Lianyuan propose une gamme d'options de vaisselle personnalis\u00e9es adapt\u00e9es aux besoins des marques et aux tendances de la mode, ce qui en fait un produit id\u00e9al pour un usage personnel ou commercial.<\/p>\n\n\n\n<p><strong>Conception :&nbsp;<\/strong>Formes et motifs vari\u00e9s.<\/p>\n\n\n\n<p><strong>Composition de l'ensemble :<\/strong>&nbsp;Sets de tasses en c\u00e9ramique personnalis\u00e9s avec des combinaisons de tasses, de bols et de cuill\u00e8res.<\/p>\n\n\n\n<p><strong>Taille :&nbsp;<\/strong>Choisissez parmi une gamme de tailles pour convenir \u00e0 diff\u00e9rentes portions de repas.<\/p>\n\n\n\n<p><strong>Mat\u00e9riau :<\/strong>&nbsp;C\u00e9ramique, porcelaine, porcelaine osseuse, ou se renseigner sur les autres possibilit\u00e9s.<\/p>\n\n\n\n<p><strong>Artisanat :&nbsp;<\/strong>D\u00e9calcomanies de gla\u00e7age, changement de four, peinture \u00e0 la main, motifs en relief ou autres.<\/p>\n\n\n\n<p><strong>Emballage :&nbsp;<\/strong>Emballage en vrac, bo\u00eete de couleur, bo\u00eete cadeau, bo\u00eete de pr\u00e9sentation, bo\u00eete postale, etc.<\/p>\n<\/div>\n<\/div>","protected":false},"excerpt":{"rendered":"<div class=\"D5aOJc vJwDU\">\n<div data-zone-id=\"0\" data-line-index=\"0\" data-line=\"true\">\n<p>Tasses \u00e0 caf\u00e9 personnalis\u00e9es fabriqu\u00e9es en porcelaine de qualit\u00e9 sup\u00e9rieure avec une finition \u00e9maill\u00e9e lisse et r\u00e9sistante aux taches. Con\u00e7ues avec une poign\u00e9e robuste pour une prise en main s\u00fbre, elles passent au micro-ondes, au lave-vaisselle, au four et au r\u00e9frig\u00e9rateur, et sont parfaites pour un usage quotidien et pour \u00eatre offertes. Nous proposons des options personnalis\u00e9es avec un contr\u00f4le de qualit\u00e9 rigoureux. N'h\u00e9sitez pas \u00e0 nous contacter pour un devis en gros d\u00e8s maintenant !<\/p>\n<\/div>\n<\/div>\n<h2>Tasses \u00e0 caf\u00e9 Param\u00e8tres :<\/h2>\n<table style=\"border-collapse: collapse; width: 370.82pt;\" border=\"0\" width=\"618\" cellspacing=\"0\" cellpadding=\"0\">\n<tbody>\n<tr style=\"height: 15.60pt;\">\n<td class=\"et3\" style=\"height: 15.60pt; width: 108.00pt;\" width=\"180\" height=\"26\">Fabricant<\/td>\n<td class=\"et3\" style=\"width: 263.25pt;\" width=\"438\">Lianyuan<\/td>\n<\/tr>\n<tr style=\"height: 15.60pt;\">\n<td class=\"et3\" style=\"height: 15.60pt;\" height=\"26\">Type de produit<\/td>\n<td class=\"et3\">Tasse \u00e0 caf\u00e9<\/td>\n<\/tr>\n<tr style=\"height: 15.60pt;\">\n<td class=\"et3\" style=\"height: 15.60pt;\" height=\"26\">Mod\u00e8le<\/td>\n<td class=\"et3\">Pas de mod\u00e8le<\/td>\n<\/tr>\n<tr style=\"height: 15.60pt;\">\n<td class=\"et3\" style=\"height: 15.60pt;\" height=\"26\">Couleur<\/td>\n<td class=\"et3\">Blanc<\/td>\n<\/tr>\n<tr style=\"height: 15.60pt;\">\n<td class=\"et3\" style=\"height: 15.60pt;\" height=\"26\">Mat\u00e9riau<\/td>\n<td class=\"et3\">Porcelaine durable<\/td>\n<\/tr>\n<tr style=\"height: 15.60pt;\">\n<td class=\"et3\" style=\"height: 15.60pt;\" height=\"26\">Artisanat<\/td>\n<td class=\"et3\">Brillant<\/td>\n<\/tr>\n<tr style=\"height: 15.60pt;\">\n<td class=\"et3\" style=\"height: 15.60pt;\" height=\"26\">Application<\/td>\n<td class=\"et3\">Passe au micro-ondes, au lave-vaisselle et au four<\/td>\n<\/tr>\n<tr style=\"height: 15.60pt;\">\n<td class=\"et3\" style=\"height: 15.60pt;\" height=\"26\">Sur mesure<\/td>\n<td class=\"et3\">Couleur\/Taille\/Logo\/Emballage<\/td>\n<\/tr>\n<\/tbody>\n<\/table>","protected":false},"featured_media":2881,"comment_status":"open","ping_status":"closed","template":"","meta":{"_acf_changed":false},"product_brand":[],"product_cat":[34],"product_tag":[30],"class_list":{"0":"post-2878","1":"product","2":"type-product","3":"status-publish","4":"has-post-thumbnail","6":"product_cat-bulk-ceramic-tableware-in-stock","7":"product_tag-custom-porcelain-dinnerware","9":"first","10":"instock","11":"shipping-taxable","12":"product-type-simple"},"acf":[],"_links":{"self":[{"href":"https:\/\/www.lianyuanceramic.com\/fr\/wp-json\/wp\/v2\/product\/2878","targetHints":{"allow":["GET"]}}],"collection":[{"href":"https:\/\/www.lianyuanceramic.com\/fr\/wp-json\/wp\/v2\/product"}],"about":[{"href":"https:\/\/www.lianyuanceramic.com\/fr\/wp-json\/wp\/v2\/types\/product"}],"replies":[{"embeddable":true,"href":"https:\/\/www.lianyuanceramic.com\/fr\/wp-json\/wp\/v2\/comments?post=2878"}],"wp:featuredmedia":[{"embeddable":true,"href":"https:\/\/www.lianyuanceramic.com\/fr\/wp-json\/wp\/v2\/media\/2881"}],"wp:attachment":[{"href":"https:\/\/www.lianyuanceramic.com\/fr\/wp-json\/wp\/v2\/media?parent=2878"}],"wp:term":[{"taxonomy":"product_brand","embeddable":true,"href":"https:\/\/www.lianyuanceramic.com\/fr\/wp-json\/wp\/v2\/product_brand?post=2878"},{"taxonomy":"product_cat","embeddable":true,"href":"https:\/\/www.lianyuanceramic.com\/fr\/wp-json\/wp\/v2\/product_cat?post=2878"},{"taxonomy":"product_tag","embeddable":true,"href":"https:\/\/www.lianyuanceramic.com\/fr\/wp-json\/wp\/v2\/product_tag?post=2878"}],"curies":[{"name":"wp","href":"https:\/\/api.w.org\/{rel}","templated":true}]}}