{"id":287,"date":"2024-10-20T02:20:14","date_gmt":"2024-10-20T02:20:14","guid":{"rendered":"https:\/\/www.lianyuanceramic.com\/?post_type=product&#038;p=287"},"modified":"2024-12-28T14:09:29","modified_gmt":"2024-12-28T14:09:29","slug":"floral-dinnerware-sets-wholesale","status":"publish","type":"product","link":"https:\/\/www.lianyuanceramic.com\/fr\/produit\/floral-dinnerware-sets-wholesale\/","title":{"rendered":"Wholesale Floral Dinnerware Sets Ceramic Green Elegant Non Toxic\u00a0"},"content":{"rendered":"<div class=\"wp-block-columns is-layout-flex wp-container-core-columns-is-layout-9d6595d7 wp-block-columns-is-layout-flex\">\n<div class=\"wp-block-column is-layout-flow wp-block-column-is-layout-flow\">\n<h2 class=\"wp-block-heading\">Ensemble de vaisselle florale Caract\u00e9ristiques :<\/h2>\n\n\n\n<p><strong>Magnifique motif floral<\/strong><br>Avec diff\u00e9rentes combinaisons de d\u00e9calcomanies dans le gla\u00e7age, chacune avec un gla\u00e7age color\u00e9 peint \u00e0 la main, ce qui donne un aspect complexe et unique.<\/p>\n\n\n\n<p><strong>Durable et polyvalent<\/strong><br>Fabriqu\u00e9e \u00e0 partir de mat\u00e9riaux de qualit\u00e9, chaque pi\u00e8ce passe au four \u00e0 micro-ondes, au lave-vaisselle et au four, pour plus de commodit\u00e9 et de durabilit\u00e9.<\/p>\n\n\n\n<p><strong>Collection Fresh Garden<\/strong><br>Le motif floral vibrant inspir\u00e9 de la nature ajoute de la fra\u00eecheur et de la gaiet\u00e9 \u00e0 chaque \u00e9v\u00e9nement d\u00e9contract\u00e9 ou formel \u00e0 la maison.<\/p>\n\n\n\n<p><strong>S\u00e9curit\u00e9 et conformit\u00e9<\/strong><br>Respectant ou d\u00e9passant les normes de la Proposition 65 de la Californie, vous avez l'assurance que la vaisselle est exempte de produits chimiques nocifs et qu'elle peut \u00eatre utilis\u00e9e tous les jours en toute s\u00e9curit\u00e9.<\/p>\n\n\n\n<p><strong>Service de vaisselle complet<\/strong><br>Id\u00e9al pour les repas en famille ou les rassemblements, l'ensemble comprend toutes les pi\u00e8ces essentielles pour une exp\u00e9rience gastronomique compl\u00e8te, rehaussant l'\u00e9l\u00e9gance de tout \u00e9v\u00e9nement formel.<\/p>\n<\/div>\n\n\n\n<div class=\"wp-block-column is-layout-flow wp-block-column-is-layout-flow\">\n<figure class=\"wp-block-image size-full\"><img decoding=\"async\" width=\"706\" height=\"706\" src=\"https:\/\/www.lianyuanceramic.com\/wp-content\/uploads\/2024\/10\/Wholesale-Flower-Dinnerware-Sets-1.webp\" alt=\"Vaisselle \u00e0 fleurs en gros 1\" class=\"wp-image-298\" srcset=\"https:\/\/www.lianyuanceramic.com\/wp-content\/uploads\/2024\/10\/Wholesale-Flower-Dinnerware-Sets-1.webp 706w, https:\/\/www.lianyuanceramic.com\/wp-content\/uploads\/2024\/10\/Wholesale-Flower-Dinnerware-Sets-1-300x300.webp 300w, https:\/\/www.lianyuanceramic.com\/wp-content\/uploads\/2024\/10\/Wholesale-Flower-Dinnerware-Sets-1-150x150.webp 150w, https:\/\/www.lianyuanceramic.com\/wp-content\/uploads\/2024\/10\/Wholesale-Flower-Dinnerware-Sets-1-600x600.webp 600w, https:\/\/www.lianyuanceramic.com\/wp-content\/uploads\/2024\/10\/Wholesale-Flower-Dinnerware-Sets-1-100x100.webp 100w\" sizes=\"(max-width: 706px) 100vw, 706px\" \/><\/figure>\n<\/div>\n<\/div>\n\n\n\n<div class=\"wp-block-columns is-layout-flex wp-container-core-columns-is-layout-9d6595d7 wp-block-columns-is-layout-flex\">\n<div class=\"wp-block-column is-layout-flow wp-block-column-is-layout-flow\">\n<figure class=\"wp-block-image size-full\"><img decoding=\"async\" width=\"706\" height=\"706\" src=\"https:\/\/www.lianyuanceramic.com\/wp-content\/uploads\/2024\/10\/Wholesale-Flower-Dinnerware-Sets-1.webp\" alt=\"Vaisselle \u00e0 fleurs en gros 1\" class=\"wp-image-298\" srcset=\"https:\/\/www.lianyuanceramic.com\/wp-content\/uploads\/2024\/10\/Wholesale-Flower-Dinnerware-Sets-1.webp 706w, https:\/\/www.lianyuanceramic.com\/wp-content\/uploads\/2024\/10\/Wholesale-Flower-Dinnerware-Sets-1-300x300.webp 300w, https:\/\/www.lianyuanceramic.com\/wp-content\/uploads\/2024\/10\/Wholesale-Flower-Dinnerware-Sets-1-150x150.webp 150w, https:\/\/www.lianyuanceramic.com\/wp-content\/uploads\/2024\/10\/Wholesale-Flower-Dinnerware-Sets-1-600x600.webp 600w, https:\/\/www.lianyuanceramic.com\/wp-content\/uploads\/2024\/10\/Wholesale-Flower-Dinnerware-Sets-1-100x100.webp 100w\" sizes=\"(max-width: 706px) 100vw, 706px\" \/><\/figure>\n<\/div>\n\n\n\n<div class=\"wp-block-column is-layout-flow wp-block-column-is-layout-flow\">\n<h2 class=\"wp-block-heading\">Service de vaisselle \u00e0 fleurs personnalis\u00e9<\/h2>\n\n\n\n<p>\u00c0 Lianyuan, des concepteurs et des artisans sp\u00e9cialis\u00e9s dans la fabrication de moules peuvent r\u00e9pondre \u00e0 vos besoins et id\u00e9es illimit\u00e9s. Nous proposons des solutions OEM et ODM compl\u00e8tes.<\/p>\n\n\n\n<p><strong>Conception :&nbsp;<\/strong>Choisissez des motifs floraux ou cr\u00e9ez votre propre motif.<\/p>\n\n\n\n<p><strong>Composition de l'ensemble :<\/strong>&nbsp;Inclure des assiettes \u00e0 d\u00eener, des assiettes \u00e0 salade, des bols, des tasses, des mugs, etc.<\/p>\n\n\n\n<p><strong>Taille :&nbsp;<\/strong>Diverses tailles de vaisselle de tous les jours et des sp\u00e9cifications personnalisables.<\/p>\n\n\n\n<p><strong>Mat\u00e9riau :<\/strong>&nbsp;C\u00e9ramique, porcelaine, porcelaine osseuse ou se renseigner sur les autres possibilit\u00e9s.<\/p>\n\n\n\n<p><strong>Artisanat :&nbsp;<\/strong>D\u00e9calcomanies de gla\u00e7age, changement de four, peinture \u00e0 la main, motifs en relief ou autres.<\/p>\n\n\n\n<p><strong>Emballage :&nbsp;<\/strong>Emballage en vrac, bo\u00eete de couleur, bo\u00eete cadeau, bo\u00eete de pr\u00e9sentation, bo\u00eete postale, etc.<\/p>\n<\/div>\n<\/div>","protected":false},"excerpt":{"rendered":"<p>Vaisselle \u00e0 fleurs personnalis\u00e9e et en gros, de style unique et \u00e9l\u00e9gant, avec assiettes, bols, th\u00e9i\u00e8res et tasses en c\u00e9ramique. Taille et style personnalisables, compatible avec le micro-ondes, le four et le lave-vaisselle. L'un des ensembles de vaisselle les plus appr\u00e9ci\u00e9s.<\/p>\n<h2>Service de vaisselle floral Param\u00e8tre<\/h2>\n<table width=\"353\">\n<tbody>\n<tr>\n<td width=\"82\">Fabricant<\/td>\n<td width=\"270\">Lianyuan<\/td>\n<\/tr>\n<tr>\n<td>Type de produit<\/td>\n<td width=\"270\">vaisselle, service de table, service \u00e0 th\u00e9<\/td>\n<\/tr>\n<tr>\n<td>Mod\u00e8le<\/td>\n<td>Floral<\/td>\n<\/tr>\n<tr>\n<td>Couleur<\/td>\n<td>Gree, Multi Color<\/td>\n<\/tr>\n<tr>\n<td>Mat\u00e9riau<\/td>\n<td>Porcelaine durable<\/td>\n<\/tr>\n<tr>\n<td>Artisanat<\/td>\n<td>D\u00e9calque en gla\u00e7ure, peint \u00e0 la main\u00a0<\/td>\n<\/tr>\n<tr>\n<td>Application<\/td>\n<td>Passe au micro-ondes, au lave-vaisselle et au four<\/td>\n<\/tr>\n<tr>\n<td>Sur mesure<\/td>\n<td>Couleur\/Taille\/Logo\/Emballage<\/td>\n<\/tr>\n<\/tbody>\n<\/table>\n<p>&nbsp;<\/p>","protected":false},"featured_media":298,"comment_status":"open","ping_status":"closed","template":"","meta":{"_acf_changed":true},"product_brand":[],"product_cat":[17],"product_tag":[30,29,27],"class_list":{"0":"post-287","1":"product","2":"type-product","3":"status-publish","4":"has-post-thumbnail","6":"product_cat-dinnerware-wholesale","7":"product_tag-custom-porcelain-dinnerware","8":"product_tag-hand-painted-embossed-dinnerware-wholesale","9":"product_tag-wholesale-decal-ceramics","11":"first","12":"instock","13":"shipping-taxable","14":"product-type-simple"},"acf":[],"_links":{"self":[{"href":"https:\/\/www.lianyuanceramic.com\/fr\/wp-json\/wp\/v2\/product\/287","targetHints":{"allow":["GET"]}}],"collection":[{"href":"https:\/\/www.lianyuanceramic.com\/fr\/wp-json\/wp\/v2\/product"}],"about":[{"href":"https:\/\/www.lianyuanceramic.com\/fr\/wp-json\/wp\/v2\/types\/product"}],"replies":[{"embeddable":true,"href":"https:\/\/www.lianyuanceramic.com\/fr\/wp-json\/wp\/v2\/comments?post=287"}],"wp:featuredmedia":[{"embeddable":true,"href":"https:\/\/www.lianyuanceramic.com\/fr\/wp-json\/wp\/v2\/media\/298"}],"wp:attachment":[{"href":"https:\/\/www.lianyuanceramic.com\/fr\/wp-json\/wp\/v2\/media?parent=287"}],"wp:term":[{"taxonomy":"product_brand","embeddable":true,"href":"https:\/\/www.lianyuanceramic.com\/fr\/wp-json\/wp\/v2\/product_brand?post=287"},{"taxonomy":"product_cat","embeddable":true,"href":"https:\/\/www.lianyuanceramic.com\/fr\/wp-json\/wp\/v2\/product_cat?post=287"},{"taxonomy":"product_tag","embeddable":true,"href":"https:\/\/www.lianyuanceramic.com\/fr\/wp-json\/wp\/v2\/product_tag?post=287"}],"curies":[{"name":"wp","href":"https:\/\/api.w.org\/{rel}","templated":true}]}}