{"id":2855,"date":"2026-04-14T01:09:16","date_gmt":"2026-04-14T01:09:16","guid":{"rendered":"https:\/\/www.lianyuanceramic.com\/?post_type=product&#038;p=2855"},"modified":"2026-04-14T01:09:18","modified_gmt":"2026-04-14T01:09:18","slug":"white-ceramic-bowls-wholesale","status":"publish","type":"product","link":"https:\/\/www.lianyuanceramic.com\/fr\/produit\/white-ceramic-bowls-wholesale\/","title":{"rendered":"Bols en c\u00e9ramique blanche Wholesale, Restaurant Red Rim Round Salad Noodle Bowls Supplier"},"content":{"rendered":"<div class=\"wp-block-columns is-layout-flex wp-container-core-columns-is-layout-9d6595d7 wp-block-columns-is-layout-flex\">\n<div class=\"wp-block-column is-layout-flow wp-block-column-is-layout-flow\">\n<h2 class=\"wp-block-heading\">Caract\u00e9ristiques des bols en c\u00e9ramique blanche :<\/h2>\n\n\n\n<p><strong>Simple<\/strong> <strong>Conception : <\/strong>Le corps principal est en porcelaine d'un blanc laiteux pur avec un bord rouge vin d\u00e9licat, cr\u00e9ant un contraste frais et \u00e9l\u00e9gant qui s'adapte \u00e0 diff\u00e9rents styles de maison et de repas.<\/p>\n\n\n\n<p>Mat\u00e9riau c\u00e9ramique de haute qualit\u00e9 : Fabriqu\u00e9 en c\u00e9ramique cuite \u00e0 haute temp\u00e9rature, avec une texture fine et lisse, une surface brillante, durable et facile \u00e0 nettoyer.<\/p>\n\n\n\n<p><strong>Finition glac\u00e9e d\u00e9licate<\/strong>: Gla\u00e7age lisse et translucide avec un reflet doux, am\u00e9liorant l'attrait visuel des aliments.<\/p>\n\n\n\n<p><strong>Passe au micro-ondes, au lave-vaisselle et au four :<\/strong> Les bols \u00e0 p\u00e2tes sont durables et sans danger pour le micro-ondes, le lave-vaisselle et le four. Recyclables, ils sont sains pour un usage quotidien.<\/p>\n\n\n\n<p><strong>Parfait pour une utilisation quotidienne :<\/strong> Le design artisanal du bol le rend facile \u00e0 tenir et \u00e0 utiliser. Il est parfait pour les services individuels, les d\u00eeners en couple ou en famille, et les f\u00eates r\u00e9unissant plusieurs personnes.<\/p>\n<\/div>\n\n\n\n<div class=\"wp-block-column is-layout-flow wp-block-column-is-layout-flow\">\n<h2 class=\"wp-block-heading\">Bols en c\u00e9ramique blanche personnalis\u00e9s de Lianyuan Solution :<\/h2>\n\n\n\n<p>Lianyuan propose diverses options de vaisselle personnalis\u00e9e en fonction des besoins de la marque ou des tendances de la mode, ce qui en fait un produit id\u00e9al pour un usage personnel ou commercial.<\/p>\n\n\n\n<p><strong>Conception :&nbsp;<\/strong>Formes et motifs vari\u00e9s.<\/p>\n\n\n\n<p><strong>Composition de l'ensemble :<\/strong>&nbsp;Sets de tasses en c\u00e9ramique personnalis\u00e9s avec des combinaisons de tasses, de bols et de cuill\u00e8res.<\/p>\n\n\n\n<p><strong>Taille :&nbsp;<\/strong>Choisissez parmi diff\u00e9rentes tailles pour convenir \u00e0 diff\u00e9rentes portions de repas.<\/p>\n\n\n\n<p><strong>Mat\u00e9riau :<\/strong>&nbsp;C\u00e9ramique, porcelaine, porcelaine osseuse ou se renseigner sur les autres possibilit\u00e9s.<\/p>\n\n\n\n<p><strong>Artisanat :&nbsp;<\/strong>D\u00e9calcomanies de gla\u00e7age, changement de four, peinture \u00e0 la main, motifs en relief ou autres.<\/p>\n\n\n\n<p><strong>Emballage :&nbsp;<\/strong>Emballage en vrac, bo\u00eete de couleur, bo\u00eete cadeau, bo\u00eete de pr\u00e9sentation, bo\u00eete postale, etc.<\/p>\n<\/div>\n<\/div>\n\n\n\n<div class=\"wp-block-columns is-layout-flex wp-container-core-columns-is-layout-9d6595d7 wp-block-columns-is-layout-flex\">\n<div class=\"wp-block-column is-layout-flow wp-block-column-is-layout-flow\">\n<figure class=\"wp-block-image size-full is-resized\"><img decoding=\"async\" width=\"800\" height=\"800\" src=\"https:\/\/www.lianyuanceramic.com\/wp-content\/uploads\/2026\/03\/custom-ceramic-salad-bowl-in-bulk.webp\" alt=\"saladier en c\u00e9ramique personnalis\u00e9 en vrac\" class=\"wp-image-2866\" style=\"width:522px;height:auto\" srcset=\"https:\/\/www.lianyuanceramic.com\/wp-content\/uploads\/2026\/03\/custom-ceramic-salad-bowl-in-bulk.webp 800w, https:\/\/www.lianyuanceramic.com\/wp-content\/uploads\/2026\/03\/custom-ceramic-salad-bowl-in-bulk-300x300.webp 300w, https:\/\/www.lianyuanceramic.com\/wp-content\/uploads\/2026\/03\/custom-ceramic-salad-bowl-in-bulk-150x150.webp 150w, https:\/\/www.lianyuanceramic.com\/wp-content\/uploads\/2026\/03\/custom-ceramic-salad-bowl-in-bulk-768x768.webp 768w, https:\/\/www.lianyuanceramic.com\/wp-content\/uploads\/2026\/03\/custom-ceramic-salad-bowl-in-bulk-12x12.webp 12w, https:\/\/www.lianyuanceramic.com\/wp-content\/uploads\/2026\/03\/custom-ceramic-salad-bowl-in-bulk-600x600.webp 600w, https:\/\/www.lianyuanceramic.com\/wp-content\/uploads\/2026\/03\/custom-ceramic-salad-bowl-in-bulk-100x100.webp 100w\" sizes=\"(max-width: 800px) 100vw, 800px\" \/><\/figure>\n<\/div>\n\n\n\n<div class=\"wp-block-column is-layout-flow wp-block-column-is-layout-flow\">\n<figure class=\"wp-block-image size-full is-resized\"><img decoding=\"async\" width=\"800\" height=\"800\" src=\"https:\/\/www.lianyuanceramic.com\/wp-content\/uploads\/2026\/03\/wholesale-modern-round-ceramic-bowl-with-green-rim.webp\" alt=\"grossiste bol rond moderne en c\u00e9ramique avec bord vert\" class=\"wp-image-2873\" style=\"width:520px;height:auto\" srcset=\"https:\/\/www.lianyuanceramic.com\/wp-content\/uploads\/2026\/03\/wholesale-modern-round-ceramic-bowl-with-green-rim.webp 800w, https:\/\/www.lianyuanceramic.com\/wp-content\/uploads\/2026\/03\/wholesale-modern-round-ceramic-bowl-with-green-rim-300x300.webp 300w, https:\/\/www.lianyuanceramic.com\/wp-content\/uploads\/2026\/03\/wholesale-modern-round-ceramic-bowl-with-green-rim-150x150.webp 150w, https:\/\/www.lianyuanceramic.com\/wp-content\/uploads\/2026\/03\/wholesale-modern-round-ceramic-bowl-with-green-rim-768x768.webp 768w, https:\/\/www.lianyuanceramic.com\/wp-content\/uploads\/2026\/03\/wholesale-modern-round-ceramic-bowl-with-green-rim-12x12.webp 12w, https:\/\/www.lianyuanceramic.com\/wp-content\/uploads\/2026\/03\/wholesale-modern-round-ceramic-bowl-with-green-rim-600x600.webp 600w, https:\/\/www.lianyuanceramic.com\/wp-content\/uploads\/2026\/03\/wholesale-modern-round-ceramic-bowl-with-green-rim-100x100.webp 100w\" sizes=\"(max-width: 800px) 100vw, 800px\" \/><\/figure>\n<\/div>\n<\/div>","protected":false},"excerpt":{"rendered":"<p>Bols en c\u00e9ramique blanche en gros, avec un corps blanc laiteux et un bord rouge vin \u00e9l\u00e9gant, fabriqu\u00e9s en c\u00e9ramique cuite \u00e0 haute temp\u00e9rature pour une meilleure durabilit\u00e9 et une finition glac\u00e9e lisse. Ils passent au four \u00e0 micro-ondes, au lave-vaisselle et au four, et sont id\u00e9aux pour les repas quotidiens, l'usage familial et les besoins de restauration en masse. N'h\u00e9sitez pas \u00e0 nous contacter pour obtenir un devis !<\/p>\n<h2>Bols en c\u00e9ramique blanche Param\u00e8tre :<\/h2>\n<table style=\"border-collapse: collapse; width: 370.82pt;\" border=\"0\" width=\"618\" cellspacing=\"0\" cellpadding=\"0\">\n<tbody>\n<tr style=\"height: 15.60pt;\">\n<td class=\"et3\" style=\"height: 15.60pt; width: 108.00pt;\" width=\"180\" height=\"26\">Fabricant<\/td>\n<td class=\"et3\" style=\"width: 263.25pt;\" width=\"438\">Lianyuan<\/td>\n<\/tr>\n<tr style=\"height: 15.60pt;\">\n<td class=\"et3\" style=\"height: 15.60pt;\" height=\"26\">Type de produit<\/td>\n<td class=\"et3\">Bol de p\u00e2tes<\/td>\n<\/tr>\n<tr style=\"height: 15.60pt;\">\n<td class=\"et3\" style=\"height: 15.60pt;\" height=\"26\">Conception<\/td>\n<td class=\"et3\">Forme ronde<\/td>\n<\/tr>\n<tr style=\"height: 15.60pt;\">\n<td class=\"et3\" style=\"height: 15.60pt;\" height=\"26\">Couleur<\/td>\n<td class=\"et3\">Blanc<\/td>\n<\/tr>\n<tr style=\"height: 15.60pt;\">\n<td class=\"et3\" style=\"height: 15.60pt;\" height=\"26\">Mat\u00e9riau<\/td>\n<td class=\"et3\">C\u00e9ramique<\/td>\n<\/tr>\n<tr style=\"height: 15.60pt;\">\n<td class=\"et3\" style=\"height: 15.60pt;\" height=\"26\">Unit\u00e9s de vente<\/td>\n<td class=\"et3\">Article unique<\/td>\n<\/tr>\n<tr style=\"height: 15.60pt;\">\n<td class=\"et3\" style=\"height: 15.60pt;\" height=\"26\">Application<\/td>\n<td class=\"et3\">Passe au micro-ondes, au lave-vaisselle et au four<\/td>\n<\/tr>\n<tr style=\"height: 15.60pt;\">\n<td class=\"et3\" style=\"height: 15.60pt;\" height=\"26\">Sur mesure<\/td>\n<td class=\"et3\">Couleur\/Taille\/Logo\/Emballage<\/td>\n<\/tr>\n<\/tbody>\n<\/table>","protected":false},"featured_media":2865,"comment_status":"open","ping_status":"closed","template":"","meta":{"_acf_changed":false},"product_brand":[],"product_cat":[34],"product_tag":[30,29],"class_list":{"0":"post-2855","1":"product","2":"type-product","3":"status-publish","4":"has-post-thumbnail","6":"product_cat-bulk-ceramic-tableware-in-stock","7":"product_tag-custom-porcelain-dinnerware","8":"product_tag-hand-painted-embossed-dinnerware-wholesale","10":"first","11":"instock","12":"shipping-taxable","13":"product-type-simple"},"acf":[],"_links":{"self":[{"href":"https:\/\/www.lianyuanceramic.com\/fr\/wp-json\/wp\/v2\/product\/2855","targetHints":{"allow":["GET"]}}],"collection":[{"href":"https:\/\/www.lianyuanceramic.com\/fr\/wp-json\/wp\/v2\/product"}],"about":[{"href":"https:\/\/www.lianyuanceramic.com\/fr\/wp-json\/wp\/v2\/types\/product"}],"replies":[{"embeddable":true,"href":"https:\/\/www.lianyuanceramic.com\/fr\/wp-json\/wp\/v2\/comments?post=2855"}],"wp:featuredmedia":[{"embeddable":true,"href":"https:\/\/www.lianyuanceramic.com\/fr\/wp-json\/wp\/v2\/media\/2865"}],"wp:attachment":[{"href":"https:\/\/www.lianyuanceramic.com\/fr\/wp-json\/wp\/v2\/media?parent=2855"}],"wp:term":[{"taxonomy":"product_brand","embeddable":true,"href":"https:\/\/www.lianyuanceramic.com\/fr\/wp-json\/wp\/v2\/product_brand?post=2855"},{"taxonomy":"product_cat","embeddable":true,"href":"https:\/\/www.lianyuanceramic.com\/fr\/wp-json\/wp\/v2\/product_cat?post=2855"},{"taxonomy":"product_tag","embeddable":true,"href":"https:\/\/www.lianyuanceramic.com\/fr\/wp-json\/wp\/v2\/product_tag?post=2855"}],"curies":[{"name":"wp","href":"https:\/\/api.w.org\/{rel}","templated":true}]}}