{"id":279,"date":"2024-10-19T16:38:44","date_gmt":"2024-10-19T16:38:44","guid":{"rendered":"https:\/\/www.lianyuanceramic.com\/?post_type=product&#038;p=279"},"modified":"2025-01-16T14:43:46","modified_gmt":"2025-01-16T14:43:46","slug":"custom-casserole-dish","status":"publish","type":"product","link":"https:\/\/www.lianyuanceramic.com\/fr\/produit\/custom-casserole-dish\/","title":{"rendered":"Casserole personnalis\u00e9e en c\u00e9ramique avec couvercle Dimensions multiples"},"content":{"rendered":"<div class=\"wp-block-columns is-layout-flex wp-container-core-columns-is-layout-9d6595d7 wp-block-columns-is-layout-flex\">\n<div class=\"wp-block-column is-layout-flow wp-block-column-is-layout-flow\">\n<h2 class=\"wp-block-heading\">Casserole Caract\u00e9ristiques :<\/h2>\n\n\n\n<p><strong>Design \u00e9l\u00e9gant et unique<\/strong><br>Le couvercle est orn\u00e9 d'un motif de jardin secret, inspir\u00e9 du c\u00e9l\u00e8bre livre pour enfants \"The Secret Garden\" de Frances Hodgson Burnett. Il combine l'esth\u00e9tique chinoise et occidentale et est con\u00e7u en fonction des m\u00e9thodes et habitudes de cuisson les plus populaires aujourd'hui.<\/p>\n\n\n\n<p><strong>Mat\u00e9riau c\u00e9ramique s\u00fbr et r\u00e9sistant aux hautes temp\u00e9ratures<\/strong><br>Fabriqu\u00e9 \u00e0 partir de min\u00e9raux naturels de la terre et de jaune de plomb australien, il r\u00e9pond \u00e0 toutes les normes de s\u00e9curit\u00e9 alimentaire et est sain et s\u00fbr.<\/p>\n\n\n\n<p><strong>L\u00e9ger et \u00e9conome en \u00e9nergie<\/strong><br>Epaisseur mod\u00e9r\u00e9e, poids l\u00e9ger, conduction rapide de la chaleur, refroidissement lent, chauffage uniforme, r\u00e9duction du temps de cuisson et de la consommation d'\u00e9nergie.<\/p>\n\n\n\n<p><strong>Excellente r\u00e9sistance aux chocs thermiques<\/strong><br>Peut r\u00e9sister \u00e0 des changements rapides de temp\u00e9rature jusqu'\u00e0 450\u00b0C. Le mat\u00e9riau de haute densit\u00e9 bloque l'absorption de l'humidit\u00e9 et emp\u00eache les fissures et les craquelures.<\/p>\n\n\n\n<p><strong>Plusieurs tailles<\/strong><br>Il existe une grande vari\u00e9t\u00e9 de tailles de casseroles pour r\u00e9pondre aux diff\u00e9rents besoins de cuisson, qu'il s'agisse de portions personnelles ou de r\u00e9unions de famille.<\/p>\n<\/div>\n\n\n\n<div class=\"wp-block-column is-layout-flow wp-block-column-is-layout-flow\">\n<figure class=\"wp-block-image size-full\"><img decoding=\"async\" width=\"2000\" height=\"2000\" src=\"https:\/\/www.lianyuanceramic.com\/wp-content\/uploads\/2024\/10\/Custom-Casserole-Dish-2.webp\" alt=\"Plat \u00e0 gratin sur mesure (2)\" class=\"wp-image-293\" srcset=\"https:\/\/www.lianyuanceramic.com\/wp-content\/uploads\/2024\/10\/Custom-Casserole-Dish-2.webp 2000w, https:\/\/www.lianyuanceramic.com\/wp-content\/uploads\/2024\/10\/Custom-Casserole-Dish-2-300x300.webp 300w, https:\/\/www.lianyuanceramic.com\/wp-content\/uploads\/2024\/10\/Custom-Casserole-Dish-2-150x150.webp 150w, https:\/\/www.lianyuanceramic.com\/wp-content\/uploads\/2024\/10\/Custom-Casserole-Dish-2-768x768.webp 768w, https:\/\/www.lianyuanceramic.com\/wp-content\/uploads\/2024\/10\/Custom-Casserole-Dish-2-1200x1200.webp 1200w, https:\/\/www.lianyuanceramic.com\/wp-content\/uploads\/2024\/10\/Custom-Casserole-Dish-2-600x600.webp 600w, https:\/\/www.lianyuanceramic.com\/wp-content\/uploads\/2024\/10\/Custom-Casserole-Dish-2-100x100.webp 100w\" sizes=\"(max-width: 2000px) 100vw, 2000px\" \/><\/figure>\n<\/div>\n<\/div>\n\n\n\n<div class=\"wp-block-columns is-layout-flex wp-container-core-columns-is-layout-9d6595d7 wp-block-columns-is-layout-flex\">\n<div class=\"wp-block-column is-layout-flow wp-block-column-is-layout-flow\">\n<figure class=\"wp-block-image size-full\"><img decoding=\"async\" width=\"2000\" height=\"2000\" src=\"https:\/\/www.lianyuanceramic.com\/wp-content\/uploads\/2024\/10\/Custom-Casserole-Dish-4.webp\" alt=\"Plat \u00e0 gratin sur mesure (4)\" class=\"wp-image-295\" srcset=\"https:\/\/www.lianyuanceramic.com\/wp-content\/uploads\/2024\/10\/Custom-Casserole-Dish-4.webp 2000w, https:\/\/www.lianyuanceramic.com\/wp-content\/uploads\/2024\/10\/Custom-Casserole-Dish-4-300x300.webp 300w, https:\/\/www.lianyuanceramic.com\/wp-content\/uploads\/2024\/10\/Custom-Casserole-Dish-4-150x150.webp 150w, https:\/\/www.lianyuanceramic.com\/wp-content\/uploads\/2024\/10\/Custom-Casserole-Dish-4-768x768.webp 768w, https:\/\/www.lianyuanceramic.com\/wp-content\/uploads\/2024\/10\/Custom-Casserole-Dish-4-1200x1200.webp 1200w, https:\/\/www.lianyuanceramic.com\/wp-content\/uploads\/2024\/10\/Custom-Casserole-Dish-4-600x600.webp 600w, https:\/\/www.lianyuanceramic.com\/wp-content\/uploads\/2024\/10\/Custom-Casserole-Dish-4-100x100.webp 100w\" sizes=\"(max-width: 2000px) 100vw, 2000px\" \/><\/figure>\n<\/div>\n\n\n\n<div class=\"wp-block-column is-layout-flow wp-block-column-is-layout-flow\">\n<h2 class=\"wp-block-heading\">Casserole personnalis\u00e9e<\/h2>\n\n\n\n<p>Une large gamme d'options de cocottes personnalis\u00e9es garantit des cocottes de haute qualit\u00e9 qui r\u00e9pondent aux besoins fonctionnels et d'image de marque des diff\u00e9rents march\u00e9s.<\/p>\n\n\n\n<p><strong>Tailles et formes<\/strong><br>Comprend des tailles rondes, ovales, rectangulaires et personnalis\u00e9es.<\/p>\n\n\n\n<p><strong>Mat\u00e9riaux et \u00e9paisseur<br><\/strong>L'argile r\u00e9sistant \u00e0 la chaleur, la c\u00e9ramique durable, la porcelaine, le gr\u00e8s et les \u00e9paisseurs varient en termes de r\u00e9sistance \u00e0 la chaleur.<\/p>\n\n\n\n<p><strong>Mod\u00e8les de couvercles et de poign\u00e9es<\/strong><br>La forme, le mat\u00e9riau et la taille du couvercle et de la poign\u00e9e peuvent \u00eatre personnalis\u00e9s afin d'am\u00e9liorer la facilit\u00e9 d'utilisation.<\/p>\n\n\n\n<p><strong>Finitions<\/strong><br>Les options comprennent des finitions mates, brillantes ou textur\u00e9es.<\/p>\n\n\n\n<p><strong>D\u00e9corations\/motifs<br><\/strong>Motifs, dessins ou logos personnalis\u00e9s, y compris les d\u00e9calcomanies, la peinture \u00e0 la main et le gaufrage.<\/p>\n\n\n\n<p><strong>Emballage<\/strong><br>Emballage personnalis\u00e9 pour les commandes en gros, les coffrets cadeaux ou la distribution au d\u00e9tail avec des \u00e9tiquettes ou une marque personnalis\u00e9es.<\/p>\n<\/div>\n<\/div>","protected":false},"excerpt":{"rendered":"<p>Cocotte personnalis\u00e9e, fabriqu\u00e9e en c\u00e9ramique r\u00e9sistante \u00e0 la chaleur, avec couvercle \"jardin secret\", unique et polyvalente. Disponible dans une vari\u00e9t\u00e9 de tailles et de formes, y compris les couvercles et les poign\u00e9es, c'est le style de cocotte le plus populaire.<\/p>\n<h2>Param\u00e8tre de la cocotte<\/h2>\n<table style=\"border-collapse: collapse; width: 370.82pt;\" border=\"0\" width=\"618\" cellspacing=\"0\" cellpadding=\"0\">\n<tbody>\n<tr style=\"height: 15.60pt;\">\n<td class=\"et3\" style=\"height: 15.60pt; width: 108.00pt;\" width=\"180\" height=\"26\">Fabricant<\/td>\n<td class=\"et3\" style=\"width: 263.25pt;\" width=\"438\">Lianyuan<\/td>\n<\/tr>\n<tr style=\"height: 15.60pt;\">\n<td class=\"et3\" style=\"height: 15.60pt;\" height=\"26\">Type de produit<\/td>\n<td class=\"et3\">Marmite \u00e0 soupe, marmite multifonctionnelle, marmite \u00e0 lait, wok, po\u00eale \u00e0 frire, tajine, marmite \u00e0 riz, marmite de sant\u00e9 naturelle<\/td>\n<\/tr>\n<tr style=\"height: 15.60pt;\">\n<td class=\"et3\" style=\"height: 15.60pt;\" height=\"26\">Mod\u00e8le<\/td>\n<td class=\"et3\">Jardin secret<\/td>\n<\/tr>\n<tr style=\"height: 15.60pt;\">\n<td class=\"et3\" style=\"height: 15.60pt;\" height=\"26\">Couleur<\/td>\n<td class=\"et3\">Noir et multicolore<\/td>\n<\/tr>\n<tr style=\"height: 15.60pt;\">\n<td class=\"et3\" style=\"height: 15.60pt;\" height=\"26\">Mat\u00e9riau<\/td>\n<td class=\"et3\">Argile thermor\u00e9sistante<\/td>\n<\/tr>\n<tr style=\"height: 15.60pt;\">\n<td class=\"et3\" style=\"height: 15.60pt;\" height=\"26\">Artisanat<\/td>\n<td class=\"et3\">D\u00e9calcomanie et peinture \u00e0 la main<\/td>\n<\/tr>\n<tr style=\"height: 15.60pt;\">\n<td class=\"et3\" style=\"height: 15.60pt;\" height=\"26\">Application<\/td>\n<td class=\"et3\">Passe au micro-ondes, au lave-vaisselle et au four<\/td>\n<\/tr>\n<tr style=\"height: 15.60pt;\">\n<td class=\"et3\" style=\"height: 15.60pt;\" height=\"26\">Sur mesure<\/td>\n<td class=\"et3\">Couleur\/Taille\/Logo\/Emballage<\/td>\n<\/tr>\n<\/tbody>\n<\/table>","protected":false},"featured_media":292,"comment_status":"open","ping_status":"closed","template":"","meta":{"_acf_changed":false},"product_brand":[],"product_cat":[20],"product_tag":[33],"class_list":{"0":"post-279","1":"product","2":"type-product","3":"status-publish","4":"has-post-thumbnail","6":"product_cat-custom-bakeware-casserole-dish","7":"product_tag-wholesale-heat-resistant-ceramics","9":"first","10":"instock","11":"shipping-taxable","12":"product-type-simple"},"acf":[],"_links":{"self":[{"href":"https:\/\/www.lianyuanceramic.com\/fr\/wp-json\/wp\/v2\/product\/279","targetHints":{"allow":["GET"]}}],"collection":[{"href":"https:\/\/www.lianyuanceramic.com\/fr\/wp-json\/wp\/v2\/product"}],"about":[{"href":"https:\/\/www.lianyuanceramic.com\/fr\/wp-json\/wp\/v2\/types\/product"}],"replies":[{"embeddable":true,"href":"https:\/\/www.lianyuanceramic.com\/fr\/wp-json\/wp\/v2\/comments?post=279"}],"wp:featuredmedia":[{"embeddable":true,"href":"https:\/\/www.lianyuanceramic.com\/fr\/wp-json\/wp\/v2\/media\/292"}],"wp:attachment":[{"href":"https:\/\/www.lianyuanceramic.com\/fr\/wp-json\/wp\/v2\/media?parent=279"}],"wp:term":[{"taxonomy":"product_brand","embeddable":true,"href":"https:\/\/www.lianyuanceramic.com\/fr\/wp-json\/wp\/v2\/product_brand?post=279"},{"taxonomy":"product_cat","embeddable":true,"href":"https:\/\/www.lianyuanceramic.com\/fr\/wp-json\/wp\/v2\/product_cat?post=279"},{"taxonomy":"product_tag","embeddable":true,"href":"https:\/\/www.lianyuanceramic.com\/fr\/wp-json\/wp\/v2\/product_tag?post=279"}],"curies":[{"name":"wp","href":"https:\/\/api.w.org\/{rel}","templated":true}]}}