{"id":2773,"date":"2026-03-12T02:01:19","date_gmt":"2026-03-12T02:01:19","guid":{"rendered":"https:\/\/www.lianyuanceramic.com\/?post_type=product&#038;p=2773"},"modified":"2026-03-12T02:01:19","modified_gmt":"2026-03-12T02:01:19","slug":"wholesale-ceramic-china-plates","status":"publish","type":"product","link":"https:\/\/www.lianyuanceramic.com\/fr\/produit\/wholesale-ceramic-china-plates\/","title":{"rendered":"Plaques en c\u00e9ramique de Chine irr\u00e9guli\u00e8res, Plaques en os de Chine blanches personnalis\u00e9es"},"content":{"rendered":"<div class=\"wp-block-columns is-layout-flex wp-container-core-columns-is-layout-9d6595d7 wp-block-columns-is-layout-flex\">\n<div class=\"wp-block-column is-layout-flow wp-block-column-is-layout-flow\">\n<h2 class=\"wp-block-heading\">Assiettes en c\u00e9ramique Caract\u00e9ristiques :<\/h2>\n\n\n\n<p><strong>Teneur \u00e9lev\u00e9e en farine d'os :<\/strong> Utilisant une formule de porcelaine osseuse de premi\u00e8re qualit\u00e9, la teneur en porcelaine osseuse r\u00e9pond aux normes, ce qui donne une texture de porcelaine d\u00e9licate et translucide avec un son clair et m\u00e9tallique lorsqu'on la tapote, la distinguant des c\u00e9ramiques ordinaires et lui donnant un aspect plus haut de gamme.<\/p>\n\n\n\n<p><strong>Durable et robuste :<\/strong> Gr\u00e2ce \u00e0 un double processus de cuisson \u00e0 haute temp\u00e9rature (cuisson de biscuit et cuisson de gla\u00e7age), la porcelaine est dense et dure, r\u00e9sistante aux chocs et aux rayures, et moins susceptible de se briser lors d'une utilisation quotidienne, ce qui r\u00e9duit les co\u00fbts d'apr\u00e8s-vente pour les entreprises.<\/p>\n\n\n\n<p><strong>Sain et s\u00fbr : <\/strong>Exempt de plomb, de cadmium et d'autres m\u00e9taux lourds, le gla\u00e7age lisse est facile \u00e0 nettoyer. Il r\u00e9pond aux normes de contact alimentaire et convient \u00e0 divers environnements, y compris les restaurants, les h\u00f4tels et les maisons.<\/p>\n\n\n\n<p><strong>Forme polygonale irr\u00e9guli\u00e8re<\/strong>: Contrairement aux assiettes rondes traditionnelles, le design \u00e0 bords doux et ondul\u00e9s allie l'esth\u00e9tique et le pratique, am\u00e9liorant la pr\u00e9sentation des plats et leur attrait visuel.<\/p>\n\n\n\n<p><strong>Texture d\u00e9licate :<\/strong> L'\u00e9mail a un \u00e9clat chaud et lustr\u00e9 et un toucher lisse, cr\u00e9ant un effet visuel l\u00e9ger et raffin\u00e9, ce qui augmente le prix de la marque.<\/p>\n\n\n\n<p><strong>Production \u00e0 grande \u00e9chelle :<\/strong> Les lignes de production matures peuvent traiter des commandes de gros volumes, prendre en charge la personnalisation et offrir des d\u00e9lais de livraison stables, r\u00e9pondant ainsi aux besoins de masse des cha\u00eenes de restaurants, des h\u00f4tels et des plates-formes de commerce \u00e9lectronique.<\/p>\n<\/div>\n\n\n\n<div class=\"wp-block-column is-layout-flow wp-block-column-is-layout-flow\">\n<h2 class=\"wp-block-heading\">Plaques de Chine en c\u00e9ramique sur mesure Solution :<\/h2>\n\n\n\n<p>Lianyuan propose diverses options de vaisselle personnalis\u00e9e en fonction des besoins de la marque ou des tendances de la mode, ce qui en fait un produit id\u00e9al pour un usage personnel ou commercial.<\/p>\n\n\n\n<p><strong>Conception :&nbsp;<\/strong>Formes et motifs vari\u00e9s.<\/p>\n\n\n\n<p><strong>Composition de l'ensemble :<\/strong>&nbsp;Sets de tasses en c\u00e9ramique personnalis\u00e9s avec des combinaisons de tasses, de bols et de cuill\u00e8res.<\/p>\n\n\n\n<p><strong>Taille :&nbsp;<\/strong>Choisissez parmi diff\u00e9rentes tailles pour convenir \u00e0 diff\u00e9rentes portions de repas.<\/p>\n\n\n\n<p><strong>Mat\u00e9riau :<\/strong>&nbsp;C\u00e9ramique, porcelaine, porcelaine osseuse ou se renseigner sur les autres possibilit\u00e9s.<\/p>\n\n\n\n<p><strong>Artisanat :&nbsp;<\/strong>D\u00e9calcomanies de gla\u00e7age, changement de four, peinture \u00e0 la main, motifs en relief ou autres.<\/p>\n\n\n\n<p><strong>Emballage :&nbsp;<\/strong>Emballage en vrac, bo\u00eete de couleur, bo\u00eete cadeau, bo\u00eete de pr\u00e9sentation, bo\u00eete postale, etc.<\/p>\n<\/div>\n<\/div>\n\n\n\n<div class=\"wp-block-columns is-layout-flex wp-container-core-columns-is-layout-9d6595d7 wp-block-columns-is-layout-flex\">\n<div class=\"wp-block-column is-layout-flow wp-block-column-is-layout-flow\">\n<figure class=\"wp-block-image size-full\"><img decoding=\"async\" width=\"800\" height=\"800\" src=\"https:\/\/www.lianyuanceramic.com\/wp-content\/uploads\/2026\/03\/wholesala-modern-hotel-white-dessert-plate.webp\" alt=\"grossiste assiette \u00e0 dessert blanche moderne pour h\u00f4tel\" class=\"wp-image-2776\" srcset=\"https:\/\/www.lianyuanceramic.com\/wp-content\/uploads\/2026\/03\/wholesala-modern-hotel-white-dessert-plate.webp 800w, https:\/\/www.lianyuanceramic.com\/wp-content\/uploads\/2026\/03\/wholesala-modern-hotel-white-dessert-plate-300x300.webp 300w, https:\/\/www.lianyuanceramic.com\/wp-content\/uploads\/2026\/03\/wholesala-modern-hotel-white-dessert-plate-150x150.webp 150w, https:\/\/www.lianyuanceramic.com\/wp-content\/uploads\/2026\/03\/wholesala-modern-hotel-white-dessert-plate-768x768.webp 768w, https:\/\/www.lianyuanceramic.com\/wp-content\/uploads\/2026\/03\/wholesala-modern-hotel-white-dessert-plate-12x12.webp 12w, https:\/\/www.lianyuanceramic.com\/wp-content\/uploads\/2026\/03\/wholesala-modern-hotel-white-dessert-plate-600x600.webp 600w, https:\/\/www.lianyuanceramic.com\/wp-content\/uploads\/2026\/03\/wholesala-modern-hotel-white-dessert-plate-100x100.webp 100w\" sizes=\"(max-width: 800px) 100vw, 800px\" \/><\/figure>\n<\/div>\n\n\n\n<div class=\"wp-block-column is-layout-flow wp-block-column-is-layout-flow\">\n<figure class=\"wp-block-image size-full\"><img decoding=\"async\" width=\"800\" height=\"800\" src=\"https:\/\/www.lianyuanceramic.com\/wp-content\/uploads\/2026\/03\/custom-irregular-rim-white-charge-plates.webp\" alt=\"Plaques d&#039;accusation blanches \u00e0 bord irr\u00e9gulier personnalis\u00e9es\" class=\"wp-image-2774\" srcset=\"https:\/\/www.lianyuanceramic.com\/wp-content\/uploads\/2026\/03\/custom-irregular-rim-white-charge-plates.webp 800w, https:\/\/www.lianyuanceramic.com\/wp-content\/uploads\/2026\/03\/custom-irregular-rim-white-charge-plates-300x300.webp 300w, https:\/\/www.lianyuanceramic.com\/wp-content\/uploads\/2026\/03\/custom-irregular-rim-white-charge-plates-150x150.webp 150w, https:\/\/www.lianyuanceramic.com\/wp-content\/uploads\/2026\/03\/custom-irregular-rim-white-charge-plates-768x768.webp 768w, https:\/\/www.lianyuanceramic.com\/wp-content\/uploads\/2026\/03\/custom-irregular-rim-white-charge-plates-12x12.webp 12w, https:\/\/www.lianyuanceramic.com\/wp-content\/uploads\/2026\/03\/custom-irregular-rim-white-charge-plates-600x600.webp 600w, https:\/\/www.lianyuanceramic.com\/wp-content\/uploads\/2026\/03\/custom-irregular-rim-white-charge-plates-100x100.webp 100w\" sizes=\"(max-width: 800px) 100vw, 800px\" \/><\/figure>\n<\/div>\n<\/div>\n\n\n\n<p><\/p>","protected":false},"excerpt":{"rendered":"<article class=\"text-token-text-primary w-full focus:outline-none [--shadow-height:45px] has-data-writing-block:pointer-events-none has-data-writing-block:-mt-(--shadow-height) has-data-writing-block:pt-(--shadow-height) [&amp;:has([data-writing-block])&gt;*]:pointer-events-auto scroll-mt-(--header-height)\" dir=\"auto\" tabindex=\"-1\" data-turn-id=\"524b95bd-6cd6-4140-a0a2-cd0d70c30993\" data-testid=\"conversation-turn-29\" data-scroll-anchor=\"false\" data-turn=\"user\"><\/article>\n<article class=\"text-token-text-primary w-full focus:outline-none [--shadow-height:45px] has-data-writing-block:pointer-events-none has-data-writing-block:-mt-(--shadow-height) has-data-writing-block:pt-(--shadow-height) [&amp;:has([data-writing-block])&gt;*]:pointer-events-auto scroll-mt-[calc(var(--header-height)+min(200px,max(70px,20svh)))]\" dir=\"auto\" tabindex=\"-1\" data-turn-id=\"request-69b13c79-e86c-8326-992e-4092f5e1c1f6-10\" data-testid=\"conversation-turn-30\" data-scroll-anchor=\"true\" data-turn=\"assistant\">\n<div class=\"text-base my-auto mx-auto pb-10 [--thread-content-margin:var(--thread-content-margin-xs,calc(var(--spacing)*4))] @w-sm\/main:[--thread-content-margin:var(--thread-content-margin-sm,calc(var(--spacing)*6))] @w-lg\/main:[--thread-content-margin:var(--thread-content-margin-lg,calc(var(--spacing)*16))] px-(--thread-content-margin)\">\n<div class=\"[--thread-content-max-width:40rem] @w-lg\/main:[--thread-content-max-width:48rem] mx-auto max-w-(--thread-content-max-width) flex-1 group\/turn-messages focus-visible:outline-hidden relative flex w-full min-w-0 flex-col agent-turn\" tabindex=\"-1\">\n<div class=\"flex max-w-full flex-col gap-4 grow\">\n<div class=\"min-h-8 text-message relative flex w-full flex-col items-end gap-2 text-start break-words whitespace-normal [.text-message+&amp;]:mt-1\" dir=\"auto\" data-message-author-role=\"assistant\" data-message-id=\"5ea96fd2-6e60-40e8-b645-efde9f0c9e1e\" data-message-model-slug=\"gpt-5-mini\">\n<div class=\"flex w-full flex-col gap-1 empty:hidden\">\n<div class=\"markdown prose dark:prose-invert w-full wrap-break-word light markdown-new-styling\">\n<p data-start=\"0\" data-end=\"185\" data-is-last-node=\"\" data-is-only-node=\"\">Les assiettes en c\u00e9ramique de Chine de gros pr\u00e9sentent des formes irr\u00e9guli\u00e8res haut de gamme, une teneur \u00e9lev\u00e9e en os-chine et une construction durable \u00e0 double cuisson avec d'\u00e9l\u00e9gants bords ondul\u00e9s. Parfaites pour les restaurants et les h\u00f4tels. Contactez Lianyuan pour les commandes en gros et la personnalisation.<\/p>\n<\/div>\n<\/div>\n<\/div>\n<\/div>\n<\/div>\n<\/div>\n<\/article>\n<h2>Param\u00e8tres des plaques en c\u00e9ramique de Chine<\/h2>\n<table style=\"border-collapse: collapse; width: 370.82pt;\" border=\"0\" width=\"618\" cellspacing=\"0\" cellpadding=\"0\">\n<tbody>\n<tr style=\"height: 15.60pt;\">\n<td class=\"et3\" style=\"height: 15.60pt; width: 108.00pt;\" width=\"180\" height=\"26\">Fabricant<\/td>\n<td class=\"et3\" style=\"width: 263.25pt;\" width=\"438\">Lianyuan<\/td>\n<\/tr>\n<tr style=\"height: 15.60pt;\">\n<td class=\"et3\" style=\"height: 15.60pt;\" height=\"26\">Style<\/td>\n<td class=\"et3\">Vaisselle<\/td>\n<\/tr>\n<tr style=\"height: 15.60pt;\">\n<td class=\"et3\" style=\"height: 15.60pt;\" height=\"26\">Conception<\/td>\n<td class=\"et3\">Forme ronde<\/td>\n<\/tr>\n<tr style=\"height: 15.60pt;\">\n<td class=\"et3\" style=\"height: 15.60pt;\" height=\"26\">Couleur<\/td>\n<td class=\"et3\">Blanc<\/td>\n<\/tr>\n<tr style=\"height: 15.60pt;\">\n<td class=\"et3\" style=\"height: 15.60pt;\" height=\"26\">Mat\u00e9riau<\/td>\n<td class=\"et3\">Chine osseuse<\/td>\n<\/tr>\n<tr style=\"height: 15.60pt;\">\n<td class=\"et3\" style=\"height: 15.60pt;\" height=\"26\">Unit\u00e9s de vente<\/td>\n<td class=\"et3\">Article unique<\/td>\n<\/tr>\n<tr style=\"height: 15.60pt;\">\n<td class=\"et3\" style=\"height: 15.60pt;\" height=\"26\">Application<\/td>\n<td class=\"et3\">Passe au micro-ondes, au lave-vaisselle et au four<\/td>\n<\/tr>\n<tr style=\"height: 15.60pt;\">\n<td class=\"et3\" style=\"height: 15.60pt;\" height=\"26\">Sur mesure<\/td>\n<td class=\"et3\">Couleur\/Taille\/Logo\/Emballage<\/td>\n<\/tr>\n<\/tbody>\n<\/table>","protected":false},"featured_media":2777,"comment_status":"open","ping_status":"closed","template":"","meta":{"_acf_changed":false},"product_brand":[],"product_cat":[34],"product_tag":[31,27],"class_list":{"0":"post-2773","1":"product","2":"type-product","3":"status-publish","4":"has-post-thumbnail","6":"product_cat-bulk-ceramic-tableware-in-stock","7":"product_tag-bone-china-dinnerware-wholesale","8":"product_tag-wholesale-decal-ceramics","10":"first","11":"instock","12":"shipping-taxable","13":"product-type-simple"},"acf":[],"_links":{"self":[{"href":"https:\/\/www.lianyuanceramic.com\/fr\/wp-json\/wp\/v2\/product\/2773","targetHints":{"allow":["GET"]}}],"collection":[{"href":"https:\/\/www.lianyuanceramic.com\/fr\/wp-json\/wp\/v2\/product"}],"about":[{"href":"https:\/\/www.lianyuanceramic.com\/fr\/wp-json\/wp\/v2\/types\/product"}],"replies":[{"embeddable":true,"href":"https:\/\/www.lianyuanceramic.com\/fr\/wp-json\/wp\/v2\/comments?post=2773"}],"wp:featuredmedia":[{"embeddable":true,"href":"https:\/\/www.lianyuanceramic.com\/fr\/wp-json\/wp\/v2\/media\/2777"}],"wp:attachment":[{"href":"https:\/\/www.lianyuanceramic.com\/fr\/wp-json\/wp\/v2\/media?parent=2773"}],"wp:term":[{"taxonomy":"product_brand","embeddable":true,"href":"https:\/\/www.lianyuanceramic.com\/fr\/wp-json\/wp\/v2\/product_brand?post=2773"},{"taxonomy":"product_cat","embeddable":true,"href":"https:\/\/www.lianyuanceramic.com\/fr\/wp-json\/wp\/v2\/product_cat?post=2773"},{"taxonomy":"product_tag","embeddable":true,"href":"https:\/\/www.lianyuanceramic.com\/fr\/wp-json\/wp\/v2\/product_tag?post=2773"}],"curies":[{"name":"wp","href":"https:\/\/api.w.org\/{rel}","templated":true}]}}