{"id":2753,"date":"2026-03-12T02:01:53","date_gmt":"2026-03-12T02:01:53","guid":{"rendered":"https:\/\/www.lianyuanceramic.com\/?post_type=product&#038;p=2753"},"modified":"2026-03-12T02:01:53","modified_gmt":"2026-03-12T02:01:53","slug":"custom-porcelain-plates","status":"publish","type":"product","link":"https:\/\/www.lianyuanceramic.com\/fr\/produit\/custom-porcelain-plates\/","title":{"rendered":"Assiettes en porcelaine ovales personnalis\u00e9es, Assiettes en porcelaine blanche pour restaurant Wholesale"},"content":{"rendered":"<div class=\"wp-block-columns is-layout-flex wp-container-core-columns-is-layout-9d6595d7 wp-block-columns-is-layout-flex\">\n<div class=\"wp-block-column is-layout-flow wp-block-column-is-layout-flow\">\n<h2 class=\"wp-block-heading\">Assiettes en porcelaine Caract\u00e9ristiques :<\/h2>\n\n\n\n<p><strong>Mat\u00e9riau et texture de haute qualit\u00e9 :<\/strong> Fabriqu\u00e9 \u00e0 partir de poudre d'os \u00e0 haute teneur, il pr\u00e9sente une surface lisse et d\u00e9licate avec un \u00e9clat chaud et doux au toucher.<\/p>\n\n\n\n<p><strong>Design classique :<\/strong> Elle pr\u00e9sente un contour ovale classique avec des bords l\u00e9g\u00e8rement relev\u00e9s, formant une structure d'assiette peu profonde, ce qui est \u00e0 la fois esth\u00e9tique et efficace pour emp\u00eacher les aliments de glisser.  De taille mod\u00e9r\u00e9e, elle convient pour servir des plats principaux, des salades ou des desserts. <\/p>\n\n\n\n<p><strong>D\u00e9tails de l'artisanat pratique : <\/strong>L'\u00e9mail uniforme et les bords polis en douceur garantissent une utilisation s\u00fbre tout en rehaussant l'aspect exquis de l'ensemble.<\/p>\n\n\n\n<p><strong>Passe au micro-ondes, au lave-vaisselle et au four : <\/strong>Les assiettes de service sont durables et peuvent \u00eatre lav\u00e9es au micro-ondes et au lave-vaisselle. Elles sont id\u00e9ales pour les restaurants et les h\u00f4tels.<\/p>\n\n\n\n<p><strong>Approvisionnement direct du fabricant :<\/strong> Gr\u00e2ce \u00e0 des mat\u00e9riaux de haute qualit\u00e9, \u00e0 un savoir-faire exquis, \u00e0 des conceptions vari\u00e9es et \u00e0 des capacit\u00e9s de personnalisation, nous fournissons des solutions durables, esth\u00e9tiques et reproductibles en masse pour les restaurants, les h\u00f4tels et les clients B2B.<\/p>\n<\/div>\n\n\n\n<div class=\"wp-block-column is-layout-flow wp-block-column-is-layout-flow\">\n<h2 class=\"wp-block-heading\">Plaques en porcelaine sur mesure Solution :<\/h2>\n\n\n\n<p>Lianyuan propose diverses options de vaisselle personnalis\u00e9e en fonction des besoins de la marque ou des tendances de la mode, ce qui en fait un produit id\u00e9al pour un usage personnel ou commercial.<\/p>\n\n\n\n<p><strong>Conception :&nbsp;<\/strong>Formes et motifs vari\u00e9s.<\/p>\n\n\n\n<p><strong>Composition de l'ensemble :<\/strong>&nbsp;Sets de tasses en c\u00e9ramique personnalis\u00e9s avec des combinaisons de tasses, de bols et de cuill\u00e8res.<\/p>\n\n\n\n<p><strong>Taille :&nbsp;<\/strong>Choisissez parmi diff\u00e9rentes tailles pour convenir \u00e0 diff\u00e9rentes portions de repas.<\/p>\n\n\n\n<p><strong>Mat\u00e9riau :<\/strong>&nbsp;C\u00e9ramique, porcelaine, porcelaine osseuse ou se renseigner sur les autres possibilit\u00e9s.<\/p>\n\n\n\n<p><strong>Artisanat :&nbsp;<\/strong>D\u00e9calcomanies de gla\u00e7age, changement de four, peinture \u00e0 la main, motifs en relief ou autres.<\/p>\n\n\n\n<p><strong>Emballage :&nbsp;<\/strong>Emballage en vrac, bo\u00eete de couleur, bo\u00eete cadeau, bo\u00eete de pr\u00e9sentation, bo\u00eete postale, etc.<\/p>\n<\/div>\n<\/div>","protected":false},"excerpt":{"rendered":"<p>Les assiettes en porcelaine personnalis\u00e9es pr\u00e9sentent une finition lisse en poudre d'os, passent au micro-ondes et au lave-vaisselle. Leur design simple et classique est parfait pour les restaurants modernes et les h\u00f4tels haut de gamme. Lianyuan ceramic dinnerware factory direct supply. Contactez-nous pour les commandes en gros et la personnalisation.<\/p>\n<h2>Assiettes en porcelaine Param\u00e8tre<\/h2>\n<table style=\"border-collapse: collapse; width: 370.82pt;\" border=\"0\" width=\"618\" cellspacing=\"0\" cellpadding=\"0\">\n<tbody>\n<tr style=\"height: 15.60pt;\">\n<td class=\"et3\" style=\"height: 15.60pt; width: 108.00pt;\" width=\"180\" height=\"26\">Fabricant<\/td>\n<td class=\"et3\" style=\"width: 263.25pt;\" width=\"438\">Lianyuan<\/td>\n<\/tr>\n<tr style=\"height: 15.60pt;\">\n<td class=\"et3\" style=\"height: 15.60pt;\" height=\"26\">Type de produit<\/td>\n<td class=\"et3\">Assiette plate<\/td>\n<\/tr>\n<tr style=\"height: 15.60pt;\">\n<td class=\"et3\" style=\"height: 15.60pt;\" height=\"26\">Conception<\/td>\n<td class=\"et3\">Forme ovale<\/td>\n<\/tr>\n<tr style=\"height: 15.60pt;\">\n<td class=\"et3\" style=\"height: 15.60pt;\" height=\"26\">Couleur<\/td>\n<td class=\"et3\">Blanc<\/td>\n<\/tr>\n<tr style=\"height: 15.60pt;\">\n<td class=\"et3\" style=\"height: 15.60pt;\" height=\"26\">Mat\u00e9riau<\/td>\n<td class=\"et3\">Chine osseuse<\/td>\n<\/tr>\n<tr style=\"height: 15.60pt;\">\n<td class=\"et3\" style=\"height: 15.60pt;\" height=\"26\">Unit\u00e9s de vente<\/td>\n<td class=\"et3\">Article unique<\/td>\n<\/tr>\n<tr style=\"height: 15.60pt;\">\n<td class=\"et3\" style=\"height: 15.60pt;\" height=\"26\">Application<\/td>\n<td class=\"et3\">Passe au micro-ondes, au lave-vaisselle et au four<\/td>\n<\/tr>\n<tr style=\"height: 15.60pt;\">\n<td class=\"et3\" style=\"height: 15.60pt;\" height=\"26\">Sur mesure<\/td>\n<td class=\"et3\">Couleur\/Taille\/Logo\/Emballage<\/td>\n<\/tr>\n<\/tbody>\n<\/table>","protected":false},"featured_media":2750,"comment_status":"open","ping_status":"closed","template":"","meta":{"_acf_changed":false},"product_brand":[],"product_cat":[34],"product_tag":[31],"class_list":{"0":"post-2753","1":"product","2":"type-product","3":"status-publish","4":"has-post-thumbnail","6":"product_cat-bulk-ceramic-tableware-in-stock","7":"product_tag-bone-china-dinnerware-wholesale","9":"first","10":"instock","11":"shipping-taxable","12":"product-type-simple"},"acf":[],"_links":{"self":[{"href":"https:\/\/www.lianyuanceramic.com\/fr\/wp-json\/wp\/v2\/product\/2753","targetHints":{"allow":["GET"]}}],"collection":[{"href":"https:\/\/www.lianyuanceramic.com\/fr\/wp-json\/wp\/v2\/product"}],"about":[{"href":"https:\/\/www.lianyuanceramic.com\/fr\/wp-json\/wp\/v2\/types\/product"}],"replies":[{"embeddable":true,"href":"https:\/\/www.lianyuanceramic.com\/fr\/wp-json\/wp\/v2\/comments?post=2753"}],"wp:featuredmedia":[{"embeddable":true,"href":"https:\/\/www.lianyuanceramic.com\/fr\/wp-json\/wp\/v2\/media\/2750"}],"wp:attachment":[{"href":"https:\/\/www.lianyuanceramic.com\/fr\/wp-json\/wp\/v2\/media?parent=2753"}],"wp:term":[{"taxonomy":"product_brand","embeddable":true,"href":"https:\/\/www.lianyuanceramic.com\/fr\/wp-json\/wp\/v2\/product_brand?post=2753"},{"taxonomy":"product_cat","embeddable":true,"href":"https:\/\/www.lianyuanceramic.com\/fr\/wp-json\/wp\/v2\/product_cat?post=2753"},{"taxonomy":"product_tag","embeddable":true,"href":"https:\/\/www.lianyuanceramic.com\/fr\/wp-json\/wp\/v2\/product_tag?post=2753"}],"curies":[{"name":"wp","href":"https:\/\/api.w.org\/{rel}","templated":true}]}}