{"id":2744,"date":"2026-03-12T02:02:00","date_gmt":"2026-03-12T02:02:00","guid":{"rendered":"https:\/\/www.lianyuanceramic.com\/?post_type=product&#038;p=2744"},"modified":"2026-03-12T02:02:00","modified_gmt":"2026-03-12T02:02:00","slug":"white-ceramic-dinner-plates-bulk","status":"publish","type":"product","link":"https:\/\/www.lianyuanceramic.com\/fr\/produit\/white-ceramic-dinner-plates-bulk\/","title":{"rendered":"Assiettes \u00e0 d\u00eener en c\u00e9ramique blanche en vrac, Assiette \u00e0 d\u00eener ovale Assiette \u00e0 p\u00e2tes Poisson Fournisseur"},"content":{"rendered":"<div class=\"wp-block-columns is-layout-flex wp-container-core-columns-is-layout-9d6595d7 wp-block-columns-is-layout-flex\">\n<div class=\"wp-block-column is-layout-flow wp-block-column-is-layout-flow\">\n<h2 class=\"wp-block-heading\">Caract\u00e9ristiques des assiettes \u00e0 d\u00eener en c\u00e9ramique blanche en vrac :<\/h2>\n\n\n\n<p><strong>S'adapte \u00e0 tous les styles de restauration : <\/strong>Avec sa finition en blanc pur et son design minimaliste sans motif, cette pi\u00e8ce s'int\u00e8gre sans effort \u00e0 une vari\u00e9t\u00e9 d'esth\u00e9tiques de salle \u00e0 manger, y compris les styles moderne, luxueux et nordique.<\/p>\n\n\n\n<p><strong>Mat\u00e9riau de qualit\u00e9 sup\u00e9rieure :<\/strong> La base est en porcelaine durable, finie par \u00e9maillage \u00e0 la main et cuisson \u00e0 temp\u00e9rature contr\u00f4l\u00e9e, durable et \u00e0 la mode.<\/p>\n\n\n\n<p><strong>D\u00e9tails de l'artisanat : <\/strong>L'\u00e9mail uniforme et les bords polis en douceur garantissent une utilisation s\u00fbre tout en rehaussant l'aspect exquis de l'ensemble.<\/p>\n\n\n\n<p><strong>Passe au micro-ondes, au lave-vaisselle et au four :<\/strong>Les assiettes de service sont durables et peuvent \u00eatre lav\u00e9es au micro-ondes et au lave-vaisselle. Recyclables, elles sont saines pour un usage quotidien. Test\u00e9es pour leur robustesse et leur long\u00e9vit\u00e9. <\/p>\n\n\n\n<p><strong>Facile \u00e0 nettoyer :<\/strong> Le gla\u00e7age lisse emp\u00eache les aliments d'adh\u00e9rer - m\u00eame les sauces \u00e9paisses ou les plats huileux se rincent facilement. Le plateau s'empile en toute s\u00e9curit\u00e9 avec d'autres plats pour \u00e9conomiser de l'espace dans l'armoire. Un compl\u00e9ment pratique et \u00e9l\u00e9gant \u00e0 toute collection de vaisselle.<\/p>\n<\/div>\n\n\n\n<div class=\"wp-block-column is-layout-flow wp-block-column-is-layout-flow\">\n<h2 class=\"wp-block-heading\">Assiettes \u00e0 d\u00eener en c\u00e9ramique blanche personnalis\u00e9es Solution en vrac :<\/h2>\n\n\n\n<p>Lianyuan propose diverses options de vaisselle personnalis\u00e9e en fonction des besoins de la marque ou des tendances de la mode, ce qui en fait un produit id\u00e9al pour un usage personnel ou commercial.<\/p>\n\n\n\n<p><strong>Conception :&nbsp;<\/strong>Formes et motifs vari\u00e9s.<\/p>\n\n\n\n<p><strong>Composition de l'ensemble :<\/strong>&nbsp;Sets de tasses en c\u00e9ramique personnalis\u00e9s avec des combinaisons de tasses, de bols et de cuill\u00e8res.<\/p>\n\n\n\n<p><strong>Taille :&nbsp;<\/strong>Choisissez parmi diff\u00e9rentes tailles pour convenir \u00e0 diff\u00e9rentes portions de repas.<\/p>\n\n\n\n<p><strong>Mat\u00e9riau :<\/strong>&nbsp;C\u00e9ramique, porcelaine, porcelaine osseuse ou se renseigner sur les autres possibilit\u00e9s.<\/p>\n\n\n\n<p><strong>Artisanat :&nbsp;<\/strong>D\u00e9calcomanies de gla\u00e7age, changement de four, peinture \u00e0 la main, motifs en relief ou autres.<\/p>\n\n\n\n<p><strong>Emballage :&nbsp;<\/strong>Emballage en vrac, bo\u00eete de couleur, bo\u00eete cadeau, bo\u00eete de pr\u00e9sentation, bo\u00eete postale, etc.<\/p>\n<\/div>\n<\/div>","protected":false},"excerpt":{"rendered":"<p>Les assiettes \u00e0 d\u00eener en c\u00e9ramique blanche personnalis\u00e9es en vrac pr\u00e9sentent un design \u00e9l\u00e9gant et durable en porcelaine et peuvent \u00eatre pass\u00e9es au micro-ondes, au lave-vaisselle et au four. Elles sont parfaites pour les restaurants \u00e0 forte fr\u00e9quentation, les h\u00f4tels et les distributeurs d'articles de vaisselle en c\u00e9ramique. Des prix de gros sont disponibles. Contactez-nous pour un devis personnalis\u00e9 d\u00e8s aujourd'hui !<\/p>\n<h2>Assiettes \u00e0 d\u00eener en c\u00e9ramique blanche Param\u00e8tre en vrac :<\/h2>\n<table style=\"border-collapse: collapse; width: 370.82pt;\" border=\"0\" width=\"618\" cellspacing=\"0\" cellpadding=\"0\">\n<tbody>\n<tr style=\"height: 15.60pt;\">\n<td class=\"et3\" style=\"height: 15.60pt; width: 108.00pt;\" width=\"180\" height=\"26\">Fabricant<\/td>\n<td class=\"et3\" style=\"width: 263.25pt;\" width=\"438\">Lianyuan<\/td>\n<\/tr>\n<tr style=\"height: 15.60pt;\">\n<td class=\"et3\" style=\"height: 15.60pt;\" height=\"26\">Type de produit<\/td>\n<td class=\"et3\">Assiette plate<\/td>\n<\/tr>\n<tr style=\"height: 15.60pt;\">\n<td class=\"et3\" style=\"height: 15.60pt;\" height=\"26\">Conception<\/td>\n<td class=\"et3\">Forme ovale<\/td>\n<\/tr>\n<tr style=\"height: 15.60pt;\">\n<td class=\"et3\" style=\"height: 15.60pt;\" height=\"26\">Couleur<\/td>\n<td class=\"et3\">Blanc<\/td>\n<\/tr>\n<tr style=\"height: 15.60pt;\">\n<td class=\"et3\" style=\"height: 15.60pt;\" height=\"26\">Mat\u00e9riau<\/td>\n<td class=\"et3\">C\u00e9ramique<\/td>\n<\/tr>\n<tr style=\"height: 15.60pt;\">\n<td class=\"et3\" style=\"height: 15.60pt;\" height=\"26\">Unit\u00e9s de vente<\/td>\n<td class=\"et3\">Article unique<\/td>\n<\/tr>\n<tr style=\"height: 15.60pt;\">\n<td class=\"et3\" style=\"height: 15.60pt;\" height=\"26\">Application<\/td>\n<td class=\"et3\">Passe au micro-ondes, au lave-vaisselle et au four<\/td>\n<\/tr>\n<tr style=\"height: 15.60pt;\">\n<td class=\"et3\" style=\"height: 15.60pt;\" height=\"26\">Sur mesure<\/td>\n<td class=\"et3\">Couleur\/Taille\/Logo\/Emballage<\/td>\n<\/tr>\n<\/tbody>\n<\/table>","protected":false},"featured_media":2751,"comment_status":"open","ping_status":"closed","template":"","meta":{"_acf_changed":false},"product_brand":[],"product_cat":[34],"product_tag":[30,29],"class_list":{"0":"post-2744","1":"product","2":"type-product","3":"status-publish","4":"has-post-thumbnail","6":"product_cat-bulk-ceramic-tableware-in-stock","7":"product_tag-custom-porcelain-dinnerware","8":"product_tag-hand-painted-embossed-dinnerware-wholesale","10":"first","11":"instock","12":"shipping-taxable","13":"product-type-simple"},"acf":[],"_links":{"self":[{"href":"https:\/\/www.lianyuanceramic.com\/fr\/wp-json\/wp\/v2\/product\/2744","targetHints":{"allow":["GET"]}}],"collection":[{"href":"https:\/\/www.lianyuanceramic.com\/fr\/wp-json\/wp\/v2\/product"}],"about":[{"href":"https:\/\/www.lianyuanceramic.com\/fr\/wp-json\/wp\/v2\/types\/product"}],"replies":[{"embeddable":true,"href":"https:\/\/www.lianyuanceramic.com\/fr\/wp-json\/wp\/v2\/comments?post=2744"}],"wp:featuredmedia":[{"embeddable":true,"href":"https:\/\/www.lianyuanceramic.com\/fr\/wp-json\/wp\/v2\/media\/2751"}],"wp:attachment":[{"href":"https:\/\/www.lianyuanceramic.com\/fr\/wp-json\/wp\/v2\/media?parent=2744"}],"wp:term":[{"taxonomy":"product_brand","embeddable":true,"href":"https:\/\/www.lianyuanceramic.com\/fr\/wp-json\/wp\/v2\/product_brand?post=2744"},{"taxonomy":"product_cat","embeddable":true,"href":"https:\/\/www.lianyuanceramic.com\/fr\/wp-json\/wp\/v2\/product_cat?post=2744"},{"taxonomy":"product_tag","embeddable":true,"href":"https:\/\/www.lianyuanceramic.com\/fr\/wp-json\/wp\/v2\/product_tag?post=2744"}],"curies":[{"name":"wp","href":"https:\/\/api.w.org\/{rel}","templated":true}]}}