{"id":2743,"date":"2026-03-12T02:01:45","date_gmt":"2026-03-12T02:01:45","guid":{"rendered":"https:\/\/www.lianyuanceramic.com\/?post_type=product&#038;p=2743"},"modified":"2026-03-12T02:01:45","modified_gmt":"2026-03-12T02:01:45","slug":"custom-ceramic-dinner-plates","status":"publish","type":"product","link":"https:\/\/www.lianyuanceramic.com\/fr\/produit\/custom-ceramic-dinner-plates\/","title":{"rendered":"Assiettes \u00e0 d\u00eener en c\u00e9ramique, Assiettes \u00e0 steak rondes et blanches en porcelaine osseuse, fabricant"},"content":{"rendered":"<div class=\"wp-block-columns is-layout-flex wp-container-core-columns-is-layout-9d6595d7 wp-block-columns-is-layout-flex\">\n<div class=\"wp-block-column is-layout-flow wp-block-column-is-layout-flow\">\n<h2 class=\"wp-block-heading\">Assiettes \u00e0 d\u00eener en c\u00e9ramique Caract\u00e9ristiques :<\/h2>\n\n\n\n<p><strong>D\u00e9tails artisanaux exquis<\/strong>: La texture des anneaux concentriques sur le bord de l'assiette est obtenue par un proc\u00e9d\u00e9 de gaufrage\/rotation, ce qui am\u00e9liore l'aspect visuel de la stratification et la performance antid\u00e9rapante lors de la prise en main de l'assiette.<\/p>\n\n\n\n<p><strong>Forme ronde classique<\/strong>: Assiette ronde et peu profonde avec un large bord pr\u00e9sentant de fines textures d'anneaux concentriques, mettant en valeur le sens du design.<\/p>\n\n\n\n<p><strong>Durable pour une utilisation quotidienne<\/strong>: Notre assiette est fabriqu\u00e9e en porcelaine de Chine extr\u00eamement fine et robuste, ce qui lui conf\u00e8re une durabilit\u00e9 exceptionnelle. Sans plomb ni cadmium, elle est id\u00e9ale pour un usage quotidien.<\/p>\n\n\n\n<p><strong>Facile \u00e0 nettoyer :<\/strong> Le gla\u00e7age emp\u00eache les aliments de coller, m\u00eame les sauces \u00e9paisses ou les plats gras se rincent facilement.<\/p>\n\n\n\n<p><strong>Design empilable :<\/strong> La plaque ronde est con\u00e7ue pour un empilage pratique, ce qui permet un stockage facile et efficace pour gagner de l'espace sur les comptoirs et dans les armoires.<\/p>\n\n\n\n<p><strong>Usine Approvisionnement stable : <\/strong>Des mati\u00e8res premi\u00e8res aux produits finis, l'\u00e9quipe professionnelle d'inspection de la qualit\u00e9 de Liyuan supervise le processus pour en garantir la stabilit\u00e9, ce qui permet de r\u00e9pondre aux besoins d'achat en gros des restaurants, des h\u00f4tels et des grossistes.<\/p>\n<\/div>\n\n\n\n<div class=\"wp-block-column is-layout-flow wp-block-column-is-layout-flow\">\n<h2 class=\"wp-block-heading\">Assiettes \u00e0 d\u00eener en c\u00e9ramique personnalis\u00e9es Solution :<\/h2>\n\n\n\n<p>Lianyuan propose diverses options de vaisselle personnalis\u00e9e en fonction des besoins de la marque ou des tendances de la mode, ce qui en fait un produit id\u00e9al pour un usage personnel ou commercial.<\/p>\n\n\n\n<p><strong>Conception :&nbsp;<\/strong>Formes et motifs vari\u00e9s.<\/p>\n\n\n\n<p><strong>Composition de l'ensemble :<\/strong>&nbsp;Sets de tasses en c\u00e9ramique personnalis\u00e9s avec des combinaisons de tasses, de bols et de cuill\u00e8res.<\/p>\n\n\n\n<p><strong>Taille :&nbsp;<\/strong>Choisissez parmi diff\u00e9rentes tailles pour convenir \u00e0 diff\u00e9rentes portions de repas.<\/p>\n\n\n\n<p><strong>Mat\u00e9riau :<\/strong>&nbsp;C\u00e9ramique, porcelaine, porcelaine osseuse ou se renseigner sur les autres possibilit\u00e9s.<\/p>\n\n\n\n<p><strong>Artisanat :&nbsp;<\/strong>D\u00e9calcomanies de gla\u00e7age, changement de four, peinture \u00e0 la main, motifs en relief ou autres.<\/p>\n\n\n\n<p><strong>Emballage :&nbsp;<\/strong>Emballage en vrac, bo\u00eete de couleur, bo\u00eete cadeau, bo\u00eete de pr\u00e9sentation, bo\u00eete postale, etc.<\/p>\n<\/div>\n<\/div>","protected":false},"excerpt":{"rendered":"<p>Les assiettes \u00e0 d\u00eener en c\u00e9ramique personnalis\u00e9es sont fabriqu\u00e9es en porcelaine de Chine durable, pr\u00e9sentent d'\u00e9l\u00e9gants anneaux concentriques et un design rond classique, offrant \u00e0 la fois un attrait visuel et une poign\u00e9e antid\u00e9rapante. Faciles \u00e0 nettoyer, empilables, elles sont id\u00e9ales pour les restaurants et les h\u00f4tels. Nous prenons en charge les commandes en gros et les solutions personnalis\u00e9es. N'h\u00e9sitez pas \u00e0 vous renseigner d\u00e8s maintenant !<\/p>\n<h2>BCeramic Dinner Plates Parameter<\/h2>\n<table style=\"border-collapse: collapse; width: 370.82pt;\" border=\"0\" width=\"618\" cellspacing=\"0\" cellpadding=\"0\">\n<tbody>\n<tr style=\"height: 15.60pt;\">\n<td class=\"et3\" style=\"height: 15.60pt; width: 108.00pt;\" width=\"180\" height=\"26\">Fabricant<\/td>\n<td class=\"et3\" style=\"width: 263.25pt;\" width=\"438\">Lianyuan<\/td>\n<\/tr>\n<tr style=\"height: 15.60pt;\">\n<td class=\"et3\" style=\"height: 15.60pt;\" height=\"26\">Style<\/td>\n<td class=\"et3\">Vaisselle<\/td>\n<\/tr>\n<tr style=\"height: 15.60pt;\">\n<td class=\"et3\" style=\"height: 15.60pt;\" height=\"26\">Conception<\/td>\n<td class=\"et3\">Forme ronde<\/td>\n<\/tr>\n<tr style=\"height: 15.60pt;\">\n<td class=\"et3\" style=\"height: 15.60pt;\" height=\"26\">Couleur<\/td>\n<td class=\"et3\">Blanc<\/td>\n<\/tr>\n<tr style=\"height: 15.60pt;\">\n<td class=\"et3\" style=\"height: 15.60pt;\" height=\"26\">Mat\u00e9riau<\/td>\n<td class=\"et3\">Chine osseuse<\/td>\n<\/tr>\n<tr style=\"height: 15.60pt;\">\n<td class=\"et3\" style=\"height: 15.60pt;\" height=\"26\">Unit\u00e9s de vente<\/td>\n<td class=\"et3\">Article unique<\/td>\n<\/tr>\n<tr style=\"height: 15.60pt;\">\n<td class=\"et3\" style=\"height: 15.60pt;\" height=\"26\">Application<\/td>\n<td class=\"et3\">Passe au micro-ondes, au lave-vaisselle et au four<\/td>\n<\/tr>\n<tr style=\"height: 15.60pt;\">\n<td class=\"et3\" style=\"height: 15.60pt;\" height=\"26\">Sur mesure<\/td>\n<td class=\"et3\">Couleur\/Taille\/Logo\/Emballage<\/td>\n<\/tr>\n<\/tbody>\n<\/table>","protected":false},"featured_media":2752,"comment_status":"open","ping_status":"closed","template":"","meta":{"_acf_changed":false},"product_brand":[],"product_cat":[34],"product_tag":[31],"class_list":{"0":"post-2743","1":"product","2":"type-product","3":"status-publish","4":"has-post-thumbnail","6":"product_cat-bulk-ceramic-tableware-in-stock","7":"product_tag-bone-china-dinnerware-wholesale","9":"first","10":"instock","11":"shipping-taxable","12":"product-type-simple"},"acf":[],"_links":{"self":[{"href":"https:\/\/www.lianyuanceramic.com\/fr\/wp-json\/wp\/v2\/product\/2743","targetHints":{"allow":["GET"]}}],"collection":[{"href":"https:\/\/www.lianyuanceramic.com\/fr\/wp-json\/wp\/v2\/product"}],"about":[{"href":"https:\/\/www.lianyuanceramic.com\/fr\/wp-json\/wp\/v2\/types\/product"}],"replies":[{"embeddable":true,"href":"https:\/\/www.lianyuanceramic.com\/fr\/wp-json\/wp\/v2\/comments?post=2743"}],"wp:featuredmedia":[{"embeddable":true,"href":"https:\/\/www.lianyuanceramic.com\/fr\/wp-json\/wp\/v2\/media\/2752"}],"wp:attachment":[{"href":"https:\/\/www.lianyuanceramic.com\/fr\/wp-json\/wp\/v2\/media?parent=2743"}],"wp:term":[{"taxonomy":"product_brand","embeddable":true,"href":"https:\/\/www.lianyuanceramic.com\/fr\/wp-json\/wp\/v2\/product_brand?post=2743"},{"taxonomy":"product_cat","embeddable":true,"href":"https:\/\/www.lianyuanceramic.com\/fr\/wp-json\/wp\/v2\/product_cat?post=2743"},{"taxonomy":"product_tag","embeddable":true,"href":"https:\/\/www.lianyuanceramic.com\/fr\/wp-json\/wp\/v2\/product_tag?post=2743"}],"curies":[{"name":"wp","href":"https:\/\/api.w.org\/{rel}","templated":true}]}}