{"id":2694,"date":"2026-01-19T03:39:54","date_gmt":"2026-01-19T03:39:54","guid":{"rendered":"https:\/\/www.lianyuanceramic.com\/?post_type=product&#038;p=2694"},"modified":"2026-01-19T03:43:48","modified_gmt":"2026-01-19T03:43:48","slug":"wholesale-western-themed-dinnerware","status":"publish","type":"product","link":"https:\/\/www.lianyuanceramic.com\/fr\/produit\/wholesale-western-themed-dinnerware\/","title":{"rendered":"Wholesale Western Themed Dinnerware, Vintage Decal-Print Dessert Serveware Custom"},"content":{"rendered":"<div class=\"wp-block-columns is-layout-flex wp-container-core-columns-is-layout-9d6595d7 wp-block-columns-is-layout-flex\">\n<div class=\"wp-block-column is-layout-flow wp-block-column-is-layout-flow\">\n<h2 class=\"wp-block-heading\">Vaisselle \u00e0 th\u00e8me western :<\/h2>\n\n\n\n<p><strong>Mat\u00e9riau s\u00fbr avec une excellente texture :<\/strong> Fabriqu\u00e9 en c\u00e9ramique de haute puret\u00e9 cuite \u00e0 haute temp\u00e9rature, sans plomb ni cadmium, conforme aux normes de s\u00e9curit\u00e9 en mati\u00e8re de contact alimentaire. La surface est uniform\u00e9ment \u00e9maill\u00e9e, pr\u00e9sentant des textures de couleur mate, brillante ou sous gla\u00e7ure, avec un toucher d\u00e9licat et lisse qui rehausse l'exp\u00e9rience sensorielle de la d\u00e9gustation de desserts.<\/p>\n\n\n\n<p><strong>Forme exquise pour les sc\u00e9narios de desserts : <\/strong>Principalement con\u00e7ues comme des assiettes peu profondes (2 \u00e0 4 cm de profondeur) d'un diam\u00e8tre de 15 \u00e0 20 cm, elles conviennent \u00e0 la pr\u00e9sentation de divers desserts tels que g\u00e2teaux, macarons, puddings et tartes aux fruits. Les formes courantes sont rondes, carr\u00e9es et irr\u00e9guli\u00e8res (par exemple, p\u00e9tale, nuage), avec des bords lisses et sans bavures, \u00e9quilibrant l'esth\u00e9tique et la s\u00e9curit\u00e9 d'utilisation.<\/p>\n\n\n\n<p><strong>R\u00e9sistance aux hautes temp\u00e9ratures : <\/strong>R\u00e9siste aux diff\u00e9rences de temp\u00e9rature de -20\u2103 \u00e0 120\u2103, compatible avec la conservation au r\u00e9frig\u00e9rateur et le chauffage de courte dur\u00e9e au micro-ondes (pour certains mod\u00e8les), s'adaptant au sc\u00e9nario complet des desserts, de la conservation au froid au service.<\/p>\n\n\n\n<p><strong>D\u00e9corativit\u00e9 forte et diversit\u00e9 des styles<\/strong>: Gr\u00e2ce \u00e0 la peinture sous gla\u00e7ure, \u00e0 la peinture sur gla\u00e7ure, \u00e0 la d\u00e9calcomanie, \u00e0 la peinture \u00e0 la main et \u00e0 d'autres proc\u00e9d\u00e9s, les motifs couvrent des couleurs unies simples, des motifs r\u00e9tro, des fruits frais, des dorures de luxe l\u00e9g\u00e8res, etc. Ils s'adaptent \u00e0 diff\u00e9rents styles de maison et de restauration, tels que les styles nordique, japonais, fran\u00e7ais et de luxe l\u00e9ger, et servent \u00e0 la fois d'articles de table et d'ornements d\u00e9coratifs pour la table \u00e0 manger.<\/p>\n\n\n\n<p><strong>Structure robuste<\/strong>: Le corps en c\u00e9ramique a une \u00e9paisseur mod\u00e9r\u00e9e (3-5 mm), \u00e9quilibrant la portabilit\u00e9 et la r\u00e9sistance aux chocs, ne se brisant pas facilement lors d'une utilisation quotidienne.<\/p>\n\n\n\n<p><strong>Grande praticit\u00e9 :<\/strong> Le fond est trait\u00e9 avec un bord antid\u00e9rapant pour \u00e9viter de glisser sur la table, et certains mod\u00e8les sont con\u00e7us avec des rainures peu profondes pour \u00e9viter le d\u00e9bordement de la sauce \u00e0 dessert.<\/p>\n\n\n\n<p><strong>Facile \u00e0 nettoyer :<\/strong> La surface \u00e9maill\u00e9e dense est r\u00e9sistante \u00e0 l'huile, les taches peuvent \u00eatre \u00e9limin\u00e9es facilement et elle peut \u00eatre lav\u00e9e au lave-vaisselle pour un nettoyage ais\u00e9.<\/p>\n<\/div>\n\n\n\n<div class=\"wp-block-column is-layout-flow wp-block-column-is-layout-flow\">\n<h2 class=\"wp-block-heading\">Solution de vaisselle personnalis\u00e9e sur le th\u00e8me de l'Ouest :<\/h2>\n\n\n\n<p>Lianyuan propose diverses options de vaisselle personnalis\u00e9e en fonction des besoins de la marque ou des tendances de la mode, ce qui en fait un produit id\u00e9al pour un usage personnel ou commercial.<\/p>\n\n\n\n<p><strong>Conception :&nbsp;<\/strong>Formes et motifs vari\u00e9s.<\/p>\n\n\n\n<p><strong>Composition de l'ensemble :<\/strong>&nbsp;Sets de tasses en c\u00e9ramique personnalis\u00e9s avec des combinaisons de tasses, de bols et de cuill\u00e8res.<\/p>\n\n\n\n<p><strong>Taille :&nbsp;<\/strong>Choisissez parmi diff\u00e9rentes tailles pour convenir \u00e0 diff\u00e9rentes portions de repas.<\/p>\n\n\n\n<p><strong>Mat\u00e9riau :<\/strong>&nbsp;C\u00e9ramique, porcelaine, porcelaine osseuse ou se renseigner sur les autres possibilit\u00e9s.<\/p>\n\n\n\n<p><strong>Artisanat :&nbsp;<\/strong>D\u00e9calcomanies de gla\u00e7age, changement de four, peinture \u00e0 la main, motifs en relief ou autres.<\/p>\n\n\n\n<p><strong>Emballage :&nbsp;<\/strong>Emballage en vrac, bo\u00eete de couleur, bo\u00eete cadeau, bo\u00eete de pr\u00e9sentation, bo\u00eete postale, etc.<\/p>\n<\/div>\n<\/div>\n\n\n\n<div class=\"wp-block-columns is-layout-flex wp-container-core-columns-is-layout-9d6595d7 wp-block-columns-is-layout-flex\">\n<div class=\"wp-block-column is-layout-flow wp-block-column-is-layout-flow\">\n<figure class=\"wp-block-image size-full\"><img decoding=\"async\" width=\"800\" height=\"800\" src=\"https:\/\/www.lianyuanceramic.com\/wp-content\/uploads\/2026\/01\/custom-ceramic-dessert-plate.webp\" alt=\"assiette \u00e0 dessert en c\u00e9ramique personnalis\u00e9e\" class=\"wp-image-2693\" srcset=\"https:\/\/www.lianyuanceramic.com\/wp-content\/uploads\/2026\/01\/custom-ceramic-dessert-plate.webp 800w, https:\/\/www.lianyuanceramic.com\/wp-content\/uploads\/2026\/01\/custom-ceramic-dessert-plate-300x300.webp 300w, https:\/\/www.lianyuanceramic.com\/wp-content\/uploads\/2026\/01\/custom-ceramic-dessert-plate-150x150.webp 150w, https:\/\/www.lianyuanceramic.com\/wp-content\/uploads\/2026\/01\/custom-ceramic-dessert-plate-768x768.webp 768w, https:\/\/www.lianyuanceramic.com\/wp-content\/uploads\/2026\/01\/custom-ceramic-dessert-plate-12x12.webp 12w, https:\/\/www.lianyuanceramic.com\/wp-content\/uploads\/2026\/01\/custom-ceramic-dessert-plate-600x600.webp 600w, https:\/\/www.lianyuanceramic.com\/wp-content\/uploads\/2026\/01\/custom-ceramic-dessert-plate-100x100.webp 100w\" sizes=\"(max-width: 800px) 100vw, 800px\" \/><\/figure>\n<\/div>\n\n\n\n<div class=\"wp-block-column is-layout-flow wp-block-column-is-layout-flow\">\n<figure class=\"wp-block-image size-full\"><img decoding=\"async\" width=\"800\" height=\"800\" src=\"https:\/\/www.lianyuanceramic.com\/wp-content\/uploads\/2026\/01\/Custom-ceramic-Decal-print-Dessert-Dinnerware.webp\" alt=\"C\u00e9ramique sur mesure - d\u00e9calcomanie - s\u00e9rigraphie - vaisselle - d\u00eenette\" class=\"wp-image-2708\" srcset=\"https:\/\/www.lianyuanceramic.com\/wp-content\/uploads\/2026\/01\/Custom-ceramic-Decal-print-Dessert-Dinnerware.webp 800w, https:\/\/www.lianyuanceramic.com\/wp-content\/uploads\/2026\/01\/Custom-ceramic-Decal-print-Dessert-Dinnerware-300x300.webp 300w, https:\/\/www.lianyuanceramic.com\/wp-content\/uploads\/2026\/01\/Custom-ceramic-Decal-print-Dessert-Dinnerware-150x150.webp 150w, https:\/\/www.lianyuanceramic.com\/wp-content\/uploads\/2026\/01\/Custom-ceramic-Decal-print-Dessert-Dinnerware-768x768.webp 768w, https:\/\/www.lianyuanceramic.com\/wp-content\/uploads\/2026\/01\/Custom-ceramic-Decal-print-Dessert-Dinnerware-12x12.webp 12w, https:\/\/www.lianyuanceramic.com\/wp-content\/uploads\/2026\/01\/Custom-ceramic-Decal-print-Dessert-Dinnerware-600x600.webp 600w, https:\/\/www.lianyuanceramic.com\/wp-content\/uploads\/2026\/01\/Custom-ceramic-Decal-print-Dessert-Dinnerware-100x100.webp 100w\" sizes=\"(max-width: 800px) 100vw, 800px\" \/><\/figure>\n<\/div>\n<\/div>\n\n\n\n<p><\/p>","protected":false},"excerpt":{"rendered":"<p>Vente en gros de vaisselle sur le th\u00e8me de l'Ouest, avec des sc\u00e8nes de ch\u00e2teau dessin\u00e9es \u00e0 la main, des motifs vintage et un charme rustique. Parfait pour diverses sc\u00e8nes de repas. Porcelaine durable, prix de gros par Lianyuan. Contactez-nous pour un devis.<\/p>\n<h2>Param\u00e8tres de vaisselle \u00e0 th\u00e8me western<\/h2>\n<table style=\"border-collapse: collapse; width: 370.82pt;\" border=\"0\" width=\"618\" cellspacing=\"0\" cellpadding=\"0\">\n<tbody>\n<tr style=\"height: 15.60pt;\">\n<td class=\"et3\" style=\"height: 15.60pt; width: 108.00pt;\" width=\"180\" height=\"26\">Fabricant<\/td>\n<td class=\"et3\" style=\"width: 263.25pt;\" width=\"438\">Lianyuan<\/td>\n<\/tr>\n<tr style=\"height: 15.60pt;\">\n<td class=\"et3\" style=\"height: 15.60pt;\" height=\"26\">Type de produit<\/td>\n<td class=\"et3\">Assiettes \u00e0 dessert<\/td>\n<\/tr>\n<tr style=\"height: 15.60pt;\">\n<td class=\"et3\" style=\"height: 15.60pt;\" height=\"26\">Conception<\/td>\n<td class=\"et3\">plaque irr\u00e9guli\u00e8re octogonale et \u00e9bouriff\u00e9e<\/td>\n<\/tr>\n<tr style=\"height: 15.60pt;\">\n<td class=\"et3\" style=\"height: 15.60pt;\" height=\"26\">Couleur<\/td>\n<td class=\"et3\">gla\u00e7ure rouge vintage<\/td>\n<\/tr>\n<tr style=\"height: 15.60pt;\">\n<td class=\"et3\" style=\"height: 15.60pt;\" height=\"26\">Mat\u00e9riau<\/td>\n<td class=\"et3\">Porcelaine durable<\/td>\n<\/tr>\n<tr style=\"height: 15.60pt;\">\n<td class=\"et3\" style=\"height: 15.60pt;\" height=\"26\">Unit\u00e9s de vente<\/td>\n<td class=\"et3\">Article unique<\/td>\n<\/tr>\n<tr style=\"height: 15.60pt;\">\n<td class=\"et3\" style=\"height: 15.60pt;\" height=\"26\">Application<\/td>\n<td class=\"et3\">Passe au micro-ondes, au lave-vaisselle et au four<\/td>\n<\/tr>\n<tr style=\"height: 15.60pt;\">\n<td class=\"et3\" style=\"height: 15.60pt;\" height=\"26\">Sur mesure<\/td>\n<td class=\"et3\">Couleur\/Taille\/Logo\/Emballage<\/td>\n<\/tr>\n<\/tbody>\n<\/table>","protected":false},"featured_media":2707,"comment_status":"open","ping_status":"closed","template":"","meta":{"_acf_changed":false},"product_brand":[],"product_cat":[17],"product_tag":[30,29,27],"class_list":{"0":"post-2694","1":"product","2":"type-product","3":"status-publish","4":"has-post-thumbnail","6":"product_cat-dinnerware-wholesale","7":"product_tag-custom-porcelain-dinnerware","8":"product_tag-hand-painted-embossed-dinnerware-wholesale","9":"product_tag-wholesale-decal-ceramics","11":"first","12":"instock","13":"shipping-taxable","14":"product-type-simple"},"acf":[],"_links":{"self":[{"href":"https:\/\/www.lianyuanceramic.com\/fr\/wp-json\/wp\/v2\/product\/2694","targetHints":{"allow":["GET"]}}],"collection":[{"href":"https:\/\/www.lianyuanceramic.com\/fr\/wp-json\/wp\/v2\/product"}],"about":[{"href":"https:\/\/www.lianyuanceramic.com\/fr\/wp-json\/wp\/v2\/types\/product"}],"replies":[{"embeddable":true,"href":"https:\/\/www.lianyuanceramic.com\/fr\/wp-json\/wp\/v2\/comments?post=2694"}],"wp:featuredmedia":[{"embeddable":true,"href":"https:\/\/www.lianyuanceramic.com\/fr\/wp-json\/wp\/v2\/media\/2707"}],"wp:attachment":[{"href":"https:\/\/www.lianyuanceramic.com\/fr\/wp-json\/wp\/v2\/media?parent=2694"}],"wp:term":[{"taxonomy":"product_brand","embeddable":true,"href":"https:\/\/www.lianyuanceramic.com\/fr\/wp-json\/wp\/v2\/product_brand?post=2694"},{"taxonomy":"product_cat","embeddable":true,"href":"https:\/\/www.lianyuanceramic.com\/fr\/wp-json\/wp\/v2\/product_cat?post=2694"},{"taxonomy":"product_tag","embeddable":true,"href":"https:\/\/www.lianyuanceramic.com\/fr\/wp-json\/wp\/v2\/product_tag?post=2694"}],"curies":[{"name":"wp","href":"https:\/\/api.w.org\/{rel}","templated":true}]}}