{"id":2629,"date":"2026-01-15T12:24:26","date_gmt":"2026-01-15T12:24:26","guid":{"rendered":"https:\/\/www.lianyuanceramic.com\/?post_type=product&#038;p=2629"},"modified":"2026-03-10T03:01:02","modified_gmt":"2026-03-10T03:01:02","slug":"ceramic-dinner-plates-wholesale","status":"publish","type":"product","link":"https:\/\/www.lianyuanceramic.com\/fr\/produit\/ceramic-dinner-plates-wholesale\/","title":{"rendered":"Assiettes \u00e0 d\u00eener en c\u00e9ramique Wholesale, Assiettes \u00e0 dessert \u00e0 gla\u00e7ure cristalline Custom"},"content":{"rendered":"<div class=\"wp-block-columns is-layout-flex wp-container-core-columns-is-layout-9d6595d7 wp-block-columns-is-layout-flex\">\n<div class=\"wp-block-column is-layout-flow wp-block-column-is-layout-flow\">\n<h2 class=\"wp-block-heading\">Assiettes \u00e0 d\u00eener en c\u00e9ramique Caract\u00e9ristiques :<\/h2>\n\n\n\n<p><strong>Motif d\u00e9coratif unique<\/strong>: La surface est orn\u00e9e de d\u00e9tails blancs en forme de p\u00e9tales, cr\u00e9ant une apparence exquise et artistique, ressemblant \u00e0 l'effet de p\u00e9tales \u00e9parpill\u00e9s.<\/p>\n\n\n\n<p><strong>Gla\u00e7age d\u00e9licat<\/strong>: La surface pr\u00e9sente une gla\u00e7ure lisse et brillante, avec des tons doux (comme le jaune clair ou le bleu clair), qui rehaussent l'attrait visuel de l'ensemble.<\/p>\n\n\n\n<p><strong>Style \u00e9l\u00e9gant et moderne<\/strong>: Combinant l'artisanat moderne de la c\u00e9ramique et la d\u00e9coration artistique, le design cr\u00e9e une atmosph\u00e8re \u00e9l\u00e9gante tout en pr\u00e9sentant des \u00e9l\u00e9ments uniques et cr\u00e9atifs.<\/p>\n\n\n\n<p><strong>Utilisation polyvalente<\/strong>: Cette assiette convient \u00e0 la pr\u00e9sentation, au service de plats d\u00e9licats ou \u00e0 la d\u00e9coration, ce qui la rend id\u00e9ale pour les restaurants haut de gamme ou comme d\u00e9coration de table pour les particuliers.<\/p>\n\n\n\n<p><strong>Empilage et nettoyage faciles<\/strong>: Les assiettes \u00e0 d\u00eener Wholesale sont con\u00e7ues dans une forme ovale, ce qui prend moins de place dans votre armoire et votre lave-vaisselle.<\/p>\n<\/div>\n\n\n\n<div class=\"wp-block-column is-layout-flow wp-block-column-is-layout-flow\">\n<h2 class=\"wp-block-heading\">Assiettes plates en c\u00e9ramique personnalis\u00e9es<\/h2>\n\n\n\n<p>Lianyuan propose une vari\u00e9t\u00e9 d'options de vaisselle personnalis\u00e9e, adapt\u00e9e aux besoins des marques ou aux tendances de la mode, ce qui en fait un produit id\u00e9al pour un usage personnel ou commercial.<\/p>\n\n\n\n<p><strong>Conception :&nbsp;<\/strong>Formes et motifs vari\u00e9s.<\/p>\n\n\n\n<p><strong>Composition de l'ensemble :<\/strong>&nbsp;Sets de tasses en c\u00e9ramique personnalis\u00e9s avec des combinaisons de tasses, de bols et de cuill\u00e8res.<\/p>\n\n\n\n<p><strong>Taille :&nbsp;<\/strong>Choisissez parmi diff\u00e9rentes tailles pour convenir \u00e0 diff\u00e9rentes portions de repas.<\/p>\n\n\n\n<p><strong>Mat\u00e9riau :<\/strong>&nbsp;C\u00e9ramique, porcelaine, porcelaine osseuse ou se renseigner sur les autres possibilit\u00e9s.<\/p>\n\n\n\n<p><strong>Artisanat :&nbsp;<\/strong>D\u00e9calcomanies de gla\u00e7age, changement de four, peinture \u00e0 la main, motifs en relief ou autres.<\/p>\n\n\n\n<p><strong>Emballage :&nbsp;<\/strong>Emballage en vrac, bo\u00eete de couleur, bo\u00eete cadeau, bo\u00eete de pr\u00e9sentation, bo\u00eete postale, etc.<\/p>\n<\/div>\n<\/div>\n\n\n\n<div class=\"wp-block-columns is-layout-flex wp-container-core-columns-is-layout-9d6595d7 wp-block-columns-is-layout-flex\">\n<div class=\"wp-block-column is-layout-flow wp-block-column-is-layout-flow\">\n<figure class=\"wp-block-image size-full\"><img decoding=\"async\" width=\"800\" height=\"800\" src=\"https:\/\/www.lianyuanceramic.com\/wp-content\/uploads\/2026\/01\/custom-ceramic-crystalline-glaze-plates-1.webp\" alt=\"plaques d&#039;\u00e9mail cristallin en c\u00e9ramique sur mesure\" class=\"wp-image-2641\" srcset=\"https:\/\/www.lianyuanceramic.com\/wp-content\/uploads\/2026\/01\/custom-ceramic-crystalline-glaze-plates-1.webp 800w, https:\/\/www.lianyuanceramic.com\/wp-content\/uploads\/2026\/01\/custom-ceramic-crystalline-glaze-plates-1-300x300.webp 300w, https:\/\/www.lianyuanceramic.com\/wp-content\/uploads\/2026\/01\/custom-ceramic-crystalline-glaze-plates-1-150x150.webp 150w, https:\/\/www.lianyuanceramic.com\/wp-content\/uploads\/2026\/01\/custom-ceramic-crystalline-glaze-plates-1-768x768.webp 768w, https:\/\/www.lianyuanceramic.com\/wp-content\/uploads\/2026\/01\/custom-ceramic-crystalline-glaze-plates-1-12x12.webp 12w, https:\/\/www.lianyuanceramic.com\/wp-content\/uploads\/2026\/01\/custom-ceramic-crystalline-glaze-plates-1-600x600.webp 600w, https:\/\/www.lianyuanceramic.com\/wp-content\/uploads\/2026\/01\/custom-ceramic-crystalline-glaze-plates-1-100x100.webp 100w\" sizes=\"(max-width: 800px) 100vw, 800px\" \/><\/figure>\n<\/div>\n\n\n\n<div class=\"wp-block-column is-layout-flow wp-block-column-is-layout-flow\">\n<figure class=\"wp-block-image size-full\"><img decoding=\"async\" width=\"800\" height=\"800\" src=\"https:\/\/www.lianyuanceramic.com\/wp-content\/uploads\/2026\/01\/wholesale-ceramic-round-dessert-plate-supplier-1.webp\" alt=\"Fournisseur en gros d&#039;assiettes \u00e0 dessert rondes en c\u00e9ramique\" class=\"wp-image-2646\" srcset=\"https:\/\/www.lianyuanceramic.com\/wp-content\/uploads\/2026\/01\/wholesale-ceramic-round-dessert-plate-supplier-1.webp 800w, https:\/\/www.lianyuanceramic.com\/wp-content\/uploads\/2026\/01\/wholesale-ceramic-round-dessert-plate-supplier-1-300x300.webp 300w, https:\/\/www.lianyuanceramic.com\/wp-content\/uploads\/2026\/01\/wholesale-ceramic-round-dessert-plate-supplier-1-150x150.webp 150w, https:\/\/www.lianyuanceramic.com\/wp-content\/uploads\/2026\/01\/wholesale-ceramic-round-dessert-plate-supplier-1-768x768.webp 768w, https:\/\/www.lianyuanceramic.com\/wp-content\/uploads\/2026\/01\/wholesale-ceramic-round-dessert-plate-supplier-1-12x12.webp 12w, https:\/\/www.lianyuanceramic.com\/wp-content\/uploads\/2026\/01\/wholesale-ceramic-round-dessert-plate-supplier-1-600x600.webp 600w, https:\/\/www.lianyuanceramic.com\/wp-content\/uploads\/2026\/01\/wholesale-ceramic-round-dessert-plate-supplier-1-100x100.webp 100w\" sizes=\"(max-width: 800px) 100vw, 800px\" \/><\/figure>\n<\/div>\n<\/div>\n\n\n\n<p><\/p>","protected":false},"excerpt":{"rendered":"<p><span class=\"a-list-item\">Assiettes \u00e0 d\u00eener en c\u00e9ramique de Lianyuan, assiettes \u00e0 dessert ovales avec gla\u00e7ure cristalline et motifs de p\u00e9tales blancs. \u00c9l\u00e9gantes, modernes, empilables, faciles \u00e0 nettoyer. Parfaites pour les restaurants haut de gamme ou la d\u00e9coration int\u00e9rieure. Possibilit\u00e9 de personnalisation en gros. Contactez-nous pour obtenir plus d'informations sur les prix de gros !<\/span><\/p>\n<h2>Assiettes \u00e0 d\u00eener en c\u00e9ramique Param\u00e8tres<\/h2>\n<table style=\"border-collapse: collapse; width: 370.82pt;\" border=\"0\" width=\"618\" cellspacing=\"0\" cellpadding=\"0\">\n<tbody>\n<tr style=\"height: 15.60pt;\">\n<td class=\"et3\" style=\"height: 15.60pt; width: 108.00pt;\" width=\"180\" height=\"26\">Fabricant<\/td>\n<td class=\"et3\" style=\"width: 263.25pt;\" width=\"438\">Lianyuan<\/td>\n<\/tr>\n<tr style=\"height: 15.60pt;\">\n<td class=\"et3\" style=\"height: 15.60pt;\" height=\"26\">Type de produit<\/td>\n<td class=\"et3\">Couverts de table, Assiettes plates<\/td>\n<\/tr>\n<tr style=\"height: 15.60pt;\">\n<td class=\"et3\" style=\"height: 15.60pt;\" height=\"26\">Mod\u00e8le<\/td>\n<td class=\"et3\">Cristal<\/td>\n<\/tr>\n<tr style=\"height: 15.60pt;\">\n<td class=\"et3\" style=\"height: 15.60pt;\" height=\"26\">Couleur<\/td>\n<td class=\"et3\">Jaune, vert<\/td>\n<\/tr>\n<tr style=\"height: 15.60pt;\">\n<td class=\"et3\" style=\"height: 15.60pt;\" height=\"26\">Mat\u00e9riau<\/td>\n<td class=\"et3\">Porcelaine durable<\/td>\n<\/tr>\n<tr style=\"height: 15.60pt;\">\n<td class=\"et3\" style=\"height: 15.60pt;\" height=\"26\">Artisanat<\/td>\n<td class=\"et3\">Glace cristalline\u00a0<\/td>\n<\/tr>\n<tr style=\"height: 15.60pt;\">\n<td class=\"et3\" style=\"height: 15.60pt;\" height=\"26\">Application<\/td>\n<td class=\"et3\">Passe au micro-ondes, au lave-vaisselle et au four<\/td>\n<\/tr>\n<tr style=\"height: 15.60pt;\">\n<td class=\"et3\" style=\"height: 15.60pt;\" height=\"26\">Sur mesure<\/td>\n<td class=\"et3\">Couleur\/Taille\/Logo\/Emballage<\/td>\n<\/tr>\n<\/tbody>\n<\/table>","protected":false},"featured_media":2644,"comment_status":"open","ping_status":"closed","template":"","meta":{"_acf_changed":false},"product_brand":[],"product_cat":[17],"product_tag":[30,29],"class_list":{"0":"post-2629","1":"product","2":"type-product","3":"status-publish","4":"has-post-thumbnail","6":"product_cat-dinnerware-wholesale","7":"product_tag-custom-porcelain-dinnerware","8":"product_tag-hand-painted-embossed-dinnerware-wholesale","10":"first","11":"instock","12":"shipping-taxable","13":"product-type-simple"},"acf":[],"_links":{"self":[{"href":"https:\/\/www.lianyuanceramic.com\/fr\/wp-json\/wp\/v2\/product\/2629","targetHints":{"allow":["GET"]}}],"collection":[{"href":"https:\/\/www.lianyuanceramic.com\/fr\/wp-json\/wp\/v2\/product"}],"about":[{"href":"https:\/\/www.lianyuanceramic.com\/fr\/wp-json\/wp\/v2\/types\/product"}],"replies":[{"embeddable":true,"href":"https:\/\/www.lianyuanceramic.com\/fr\/wp-json\/wp\/v2\/comments?post=2629"}],"wp:featuredmedia":[{"embeddable":true,"href":"https:\/\/www.lianyuanceramic.com\/fr\/wp-json\/wp\/v2\/media\/2644"}],"wp:attachment":[{"href":"https:\/\/www.lianyuanceramic.com\/fr\/wp-json\/wp\/v2\/media?parent=2629"}],"wp:term":[{"taxonomy":"product_brand","embeddable":true,"href":"https:\/\/www.lianyuanceramic.com\/fr\/wp-json\/wp\/v2\/product_brand?post=2629"},{"taxonomy":"product_cat","embeddable":true,"href":"https:\/\/www.lianyuanceramic.com\/fr\/wp-json\/wp\/v2\/product_cat?post=2629"},{"taxonomy":"product_tag","embeddable":true,"href":"https:\/\/www.lianyuanceramic.com\/fr\/wp-json\/wp\/v2\/product_tag?post=2629"}],"curies":[{"name":"wp","href":"https:\/\/api.w.org\/{rel}","templated":true}]}}