{"id":2622,"date":"2026-01-15T12:26:36","date_gmt":"2026-01-15T12:26:36","guid":{"rendered":"https:\/\/www.lianyuanceramic.com\/?post_type=product&#038;p=2622"},"modified":"2026-03-10T03:00:52","modified_gmt":"2026-03-10T03:00:52","slug":"custom-ceramic-plate","status":"publish","type":"product","link":"https:\/\/www.lianyuanceramic.com\/fr\/produit\/custom-ceramic-plate\/","title":{"rendered":"Assiette en c\u00e9ramique personnalis\u00e9e, assiette ovale \u00e0 poisson pour restaurant h\u00f4tel en vrac"},"content":{"rendered":"<div class=\"wp-block-columns is-layout-flex wp-container-core-columns-is-layout-9d6595d7 wp-block-columns-is-layout-flex\">\n<div class=\"wp-block-column is-layout-flow wp-block-column-is-layout-flow\">\n<h2 class=\"wp-block-heading\">Caract\u00e9ristiques de la plaque en c\u00e9ramique :<\/h2>\n\n\n\n<p><strong>Un savoir-faire exquis : <\/strong>Fabriqu\u00e9 en c\u00e9ramique, il pr\u00e9sente une finition de gla\u00e7ure mottled\uff0c kiln-change\uff0c qui cr\u00e9e une texture naturelle et granuleuse, avec un style r\u00e9tro ou artisanal.<\/p>\n\n\n\n<p><strong>Mat\u00e9riau de qualit\u00e9 sup\u00e9rieure :<\/strong> La base est en porcelaine durable, finie par \u00e9maillage \u00e0 la main et cuisson \u00e0 temp\u00e9rature contr\u00f4l\u00e9e, durable et \u00e0 la mode.<\/p>\n\n\n\n<p><strong>Assiette de service au design unique<\/strong>: Le plateau ovale aux lignes gracieuses et aux bords arrondis est plus pratique \u00e0 transporter et \u00e0 servir.<\/p>\n\n\n\n<p><strong>R\u00e9siste au four \u00e0 micro-ondes :<\/strong> Ces plateaux de service sont fabriqu\u00e9s en porcelaine durable, r\u00e9sistante aux \u00e9clats et plus robuste que le gr\u00e8s. Le plateau de service ovale en c\u00e9ramique peut \u00eatre utilis\u00e9 au four, au micro-ondes, au r\u00e9frig\u00e9rateur et au lave-vaisselle.<\/p>\n\n\n\n<p><strong>Facile \u00e0 nettoyer :<\/strong> Le gla\u00e7age emp\u00eache les aliments d'adh\u00e9rer - m\u00eame les sauces \u00e9paisses ou les plats huileux se rincent facilement.<\/p>\n\n\n\n<p><strong>Design empilable : <\/strong>Le plateau s'empile en toute s\u00e9curit\u00e9 avec d'autres plats pour \u00e9conomiser de l'espace dans l'armoire. Un compl\u00e9ment pratique et \u00e9l\u00e9gant \u00e0 toute collection d'ustensiles de service.<\/p>\n<\/div>\n\n\n\n<div class=\"wp-block-column is-layout-flow wp-block-column-is-layout-flow\">\n<h2 class=\"wp-block-heading\">Solution de plaques c\u00e9ramiques sur mesure :<\/h2>\n\n\n\n<p>Lianyuan propose diverses options de vaisselle personnalis\u00e9e en fonction des besoins de la marque ou des tendances de la mode, ce qui en fait un produit id\u00e9al pour un usage personnel ou commercial.<\/p>\n\n\n\n<p><strong>Conception :&nbsp;<\/strong>Formes et motifs vari\u00e9s.<\/p>\n\n\n\n<p><strong>Composition de l'ensemble :<\/strong>&nbsp;Sets de tasses en c\u00e9ramique personnalis\u00e9s avec des combinaisons de tasses, de bols et de cuill\u00e8res.<\/p>\n\n\n\n<p><strong>Taille :&nbsp;<\/strong>Choisissez parmi diff\u00e9rentes tailles pour convenir \u00e0 diff\u00e9rentes portions de repas.<\/p>\n\n\n\n<p><strong>Mat\u00e9riau :<\/strong>&nbsp;C\u00e9ramique, porcelaine, porcelaine osseuse ou se renseigner sur les autres possibilit\u00e9s.<\/p>\n\n\n\n<p><strong>Artisanat :&nbsp;<\/strong>D\u00e9calcomanies de gla\u00e7age, changement de four, peinture \u00e0 la main, motifs en relief ou autres.<\/p>\n\n\n\n<p><strong>Emballage :&nbsp;<\/strong>Emballage en vrac, bo\u00eete de couleur, bo\u00eete cadeau, bo\u00eete de pr\u00e9sentation, bo\u00eete postale, etc.<\/p>\n<\/div>\n<\/div>\n\n\n\n<div class=\"wp-block-columns is-layout-flex wp-container-core-columns-is-layout-9d6595d7 wp-block-columns-is-layout-flex\">\n<div class=\"wp-block-column is-layout-flow wp-block-column-is-layout-flow\">\n<figure class=\"wp-block-image size-full\"><img decoding=\"async\" width=\"800\" height=\"800\" src=\"https:\/\/www.lianyuanceramic.com\/wp-content\/uploads\/2025\/12\/custom-round-ceramic-dinner-plare.webp\" alt=\"assiette ronde personnalis\u00e9e en c\u00e9ramique\" class=\"wp-image-2626\" srcset=\"https:\/\/www.lianyuanceramic.com\/wp-content\/uploads\/2025\/12\/custom-round-ceramic-dinner-plare.webp 800w, https:\/\/www.lianyuanceramic.com\/wp-content\/uploads\/2025\/12\/custom-round-ceramic-dinner-plare-300x300.webp 300w, https:\/\/www.lianyuanceramic.com\/wp-content\/uploads\/2025\/12\/custom-round-ceramic-dinner-plare-150x150.webp 150w, https:\/\/www.lianyuanceramic.com\/wp-content\/uploads\/2025\/12\/custom-round-ceramic-dinner-plare-768x768.webp 768w, https:\/\/www.lianyuanceramic.com\/wp-content\/uploads\/2025\/12\/custom-round-ceramic-dinner-plare-12x12.webp 12w, https:\/\/www.lianyuanceramic.com\/wp-content\/uploads\/2025\/12\/custom-round-ceramic-dinner-plare-600x600.webp 600w, https:\/\/www.lianyuanceramic.com\/wp-content\/uploads\/2025\/12\/custom-round-ceramic-dinner-plare-100x100.webp 100w\" sizes=\"(max-width: 800px) 100vw, 800px\" \/><\/figure>\n<\/div>\n\n\n\n<div class=\"wp-block-column is-layout-flow wp-block-column-is-layout-flow\">\n<figure class=\"wp-block-image size-full\"><img decoding=\"async\" width=\"800\" height=\"800\" src=\"https:\/\/www.lianyuanceramic.com\/wp-content\/uploads\/2025\/12\/wholesale-ceramic-round-plates.webp\" alt=\"Assiettes rondes en c\u00e9ramique (grossiste)\" class=\"wp-image-2627\" srcset=\"https:\/\/www.lianyuanceramic.com\/wp-content\/uploads\/2025\/12\/wholesale-ceramic-round-plates.webp 800w, https:\/\/www.lianyuanceramic.com\/wp-content\/uploads\/2025\/12\/wholesale-ceramic-round-plates-300x300.webp 300w, https:\/\/www.lianyuanceramic.com\/wp-content\/uploads\/2025\/12\/wholesale-ceramic-round-plates-150x150.webp 150w, https:\/\/www.lianyuanceramic.com\/wp-content\/uploads\/2025\/12\/wholesale-ceramic-round-plates-768x768.webp 768w, https:\/\/www.lianyuanceramic.com\/wp-content\/uploads\/2025\/12\/wholesale-ceramic-round-plates-12x12.webp 12w, https:\/\/www.lianyuanceramic.com\/wp-content\/uploads\/2025\/12\/wholesale-ceramic-round-plates-600x600.webp 600w, https:\/\/www.lianyuanceramic.com\/wp-content\/uploads\/2025\/12\/wholesale-ceramic-round-plates-100x100.webp 100w\" sizes=\"(max-width: 800px) 100vw, 800px\" \/><\/figure>\n<\/div>\n<\/div>\n\n\n\n<p><\/p>","protected":false},"excerpt":{"rendered":"<p>Lianyuan propose des assiettes en c\u00e9ramique personnalis\u00e9es en vrac, fabriqu\u00e9es en porcelaine durable avec une finition glac\u00e9e cuite au four. Magnifiques et pratiques, elles passent au four \u00e0 micro-ondes, au r\u00e9frig\u00e9rateur et au lave-vaisselle. Elles sont le premier choix des grossistes en restauration. Contactez-nous d\u00e8s maintenant pour un devis.<\/p>\n<h2>Assiettes \u00e0 d\u00eener en c\u00e9ramique Param\u00e8tres<\/h2>\n<table style=\"border-collapse: collapse; width: 370.82pt;\" border=\"0\" width=\"618\" cellspacing=\"0\" cellpadding=\"0\">\n<tbody>\n<tr style=\"height: 15.60pt;\">\n<td class=\"et3\" style=\"height: 15.60pt; width: 108.00pt;\" width=\"180\" height=\"26\">Fabricant<\/td>\n<td class=\"et3\" style=\"width: 263.25pt;\" width=\"438\">Lianyuan<\/td>\n<\/tr>\n<tr style=\"height: 15.60pt;\">\n<td class=\"et3\" style=\"height: 15.60pt;\" height=\"26\">Type de produit<\/td>\n<td class=\"et3\">Couverts de table, Assiettes plates<\/td>\n<\/tr>\n<tr style=\"height: 15.60pt;\">\n<td class=\"et3\" style=\"height: 15.60pt;\" height=\"26\">Conception<\/td>\n<td class=\"et3\">Forme ovale<\/td>\n<\/tr>\n<tr style=\"height: 15.60pt;\">\n<td class=\"et3\" style=\"height: 15.60pt;\" height=\"26\">Couleur<\/td>\n<td class=\"et3\">Jaune, bleu, vert<\/td>\n<\/tr>\n<tr style=\"height: 15.60pt;\">\n<td class=\"et3\" style=\"height: 15.60pt;\" height=\"26\">Mat\u00e9riau<\/td>\n<td class=\"et3\">Porcelaine durable<\/td>\n<\/tr>\n<tr style=\"height: 15.60pt;\">\n<td class=\"et3\" style=\"height: 15.60pt;\" height=\"26\">Unit\u00e9s de vente<\/td>\n<td class=\"et3\">Article unique<\/td>\n<\/tr>\n<tr style=\"height: 15.60pt;\">\n<td class=\"et3\" style=\"height: 15.60pt;\" height=\"26\">Application<\/td>\n<td class=\"et3\">Passe au micro-ondes, au lave-vaisselle et au four<\/td>\n<\/tr>\n<tr style=\"height: 15.60pt;\">\n<td class=\"et3\" style=\"height: 15.60pt;\" height=\"26\">Sur mesure<\/td>\n<td class=\"et3\">Couleur\/Taille\/Logo\/Emballage<\/td>\n<\/tr>\n<\/tbody>\n<\/table>","protected":false},"featured_media":2625,"comment_status":"open","ping_status":"closed","template":"","meta":{"_acf_changed":false},"product_brand":[],"product_cat":[17],"product_tag":[30,29],"class_list":{"0":"post-2622","1":"product","2":"type-product","3":"status-publish","4":"has-post-thumbnail","6":"product_cat-dinnerware-wholesale","7":"product_tag-custom-porcelain-dinnerware","8":"product_tag-hand-painted-embossed-dinnerware-wholesale","10":"first","11":"instock","12":"shipping-taxable","13":"product-type-simple"},"acf":[],"_links":{"self":[{"href":"https:\/\/www.lianyuanceramic.com\/fr\/wp-json\/wp\/v2\/product\/2622","targetHints":{"allow":["GET"]}}],"collection":[{"href":"https:\/\/www.lianyuanceramic.com\/fr\/wp-json\/wp\/v2\/product"}],"about":[{"href":"https:\/\/www.lianyuanceramic.com\/fr\/wp-json\/wp\/v2\/types\/product"}],"replies":[{"embeddable":true,"href":"https:\/\/www.lianyuanceramic.com\/fr\/wp-json\/wp\/v2\/comments?post=2622"}],"wp:featuredmedia":[{"embeddable":true,"href":"https:\/\/www.lianyuanceramic.com\/fr\/wp-json\/wp\/v2\/media\/2625"}],"wp:attachment":[{"href":"https:\/\/www.lianyuanceramic.com\/fr\/wp-json\/wp\/v2\/media?parent=2622"}],"wp:term":[{"taxonomy":"product_brand","embeddable":true,"href":"https:\/\/www.lianyuanceramic.com\/fr\/wp-json\/wp\/v2\/product_brand?post=2622"},{"taxonomy":"product_cat","embeddable":true,"href":"https:\/\/www.lianyuanceramic.com\/fr\/wp-json\/wp\/v2\/product_cat?post=2622"},{"taxonomy":"product_tag","embeddable":true,"href":"https:\/\/www.lianyuanceramic.com\/fr\/wp-json\/wp\/v2\/product_tag?post=2622"}],"curies":[{"name":"wp","href":"https:\/\/api.w.org\/{rel}","templated":true}]}}