{"id":259,"date":"2024-10-19T13:30:10","date_gmt":"2024-10-19T13:30:10","guid":{"rendered":"https:\/\/www.lianyuanceramic.com\/?post_type=product&#038;p=259"},"modified":"2024-12-28T14:10:04","modified_gmt":"2024-12-28T14:10:04","slug":"porcelain-dinnerware-set-wholesale","status":"publish","type":"product","link":"https:\/\/www.lianyuanceramic.com\/fr\/produit\/porcelain-dinnerware-set-wholesale\/","title":{"rendered":"Service de vaisselle en porcelaine Wholesale Floral Unique Tableware Set"},"content":{"rendered":"<div class=\"wp-block-columns is-layout-flex wp-container-core-columns-is-layout-9d6595d7 wp-block-columns-is-layout-flex\">\n<div class=\"wp-block-column is-layout-flow wp-block-column-is-layout-flow\"><\/div>\n\n\n\n<div class=\"wp-block-column is-layout-flow wp-block-column-is-layout-flow\"><\/div>\n<\/div>\n\n\n\n<div class=\"wp-block-columns is-layout-flex wp-container-core-columns-is-layout-9d6595d7 wp-block-columns-is-layout-flex\">\n<div class=\"wp-block-column is-layout-flow wp-block-column-is-layout-flow\">\n<figure class=\"wp-block-image size-full\"><img decoding=\"async\" width=\"532\" height=\"861\" src=\"https:\/\/www.lianyuanceramic.com\/wp-content\/uploads\/2024\/10\/porcelain-dinnerware-set-wholesale-1-1.webp\" alt=\"Service de vaisselle en porcelaine\" class=\"wp-image-421\" srcset=\"https:\/\/www.lianyuanceramic.com\/wp-content\/uploads\/2024\/10\/porcelain-dinnerware-set-wholesale-1-1.webp 532w, https:\/\/www.lianyuanceramic.com\/wp-content\/uploads\/2024\/10\/porcelain-dinnerware-set-wholesale-1-1-185x300.webp 185w\" sizes=\"(max-width: 532px) 100vw, 532px\" \/><\/figure>\n<\/div>\n\n\n\n<div class=\"wp-block-column is-layout-flow wp-block-column-is-layout-flow\">\n<h2 class=\"wp-block-heading\">Service de vaisselle en porcelaine Caract\u00e9ristiques :<\/h2>\n\n\n\n<p><strong>D\u00e9calcomanies \u00e9maill\u00e9es et d\u00e9tails peints \u00e0 la main<\/strong><br>Chaque service de vaisselle est compos\u00e9 de d\u00e9calcomanies \u00e9maill\u00e9es et d'embellissements peints \u00e0 la main, formant un motif floral unique et d\u00e9licat, faisant de chaque service de table une \u0153uvre d'art unique et soigneusement \u00e9labor\u00e9e.<\/p>\n\n\n\n<p><strong>Conforme \u00e0 la Proposition 65<\/strong><br>Ce set est conforme \u00e0 la Proposition 65 de la Californie et ne contient pas de produits chimiques nocifs ; il est tr\u00e8s s\u00fbr pour une utilisation \u00e0 long terme.<\/p>\n\n\n\n<p><strong>Une belle marguerite vivante<\/strong><br>Le motif joyeux des marguerites cr\u00e9e un look magnifique et confortable pour la table, parfait pour les rassemblements quotidiens d\u00e9contract\u00e9s ou les occasions sp\u00e9ciales telles que le th\u00e9 de l'apr\u00e8s-midi.<\/p>\n\n\n\n<p><strong>Durable et p\u00e9renne<\/strong><br>L'utilisation de la technologie in-glaze permet de prot\u00e9ger le motif floral lumineux et de lui donner un aspect neuf pendant longtemps.<\/p>\n\n\n\n<h2 class=\"wp-block-heading\">Service de vaisselle en porcelaine personnalis\u00e9<\/h2>\n\n\n\n<p>\u00c0 Lianyuan, des concepteurs et des artisans sp\u00e9cialis\u00e9s dans la fabrication de moules peuvent r\u00e9pondre \u00e0 vos besoins et id\u00e9es illimit\u00e9s. Nous proposons des solutions OEM et ODM compl\u00e8tes.<\/p>\n\n\n\n<p><strong>Conception :&nbsp;<\/strong>Choisissez des motifs floraux ou cr\u00e9ez votre propre motif.<\/p>\n\n\n\n<p><strong>Composition de l'ensemble :<\/strong>&nbsp;Inclure des assiettes \u00e0 d\u00eener, des assiettes \u00e0 salade, des bols, des tasses, des mugs, etc.<\/p>\n\n\n\n<p><strong>Taille :&nbsp;<\/strong>Diverses tailles de vaisselle de tous les jours et des sp\u00e9cifications personnalisables.<\/p>\n\n\n\n<p><strong>Mat\u00e9riau :<\/strong>&nbsp;C\u00e9ramique, porcelaine, porcelaine osseuse ou se renseigner sur les autres possibilit\u00e9s.<\/p>\n\n\n\n<p><strong>Artisanat :&nbsp;<\/strong>D\u00e9calcomanies de gla\u00e7age, changement de four, peinture \u00e0 la main, motifs en relief ou autres.<\/p>\n\n\n\n<p><strong>Emballage :&nbsp;<\/strong>Emballage en vrac, bo\u00eete de couleur, bo\u00eete cadeau, bo\u00eete de pr\u00e9sentation, bo\u00eete postale, etc.<\/p>\n<\/div>\n<\/div>\n\n\n\n<p><\/p>","protected":false},"excerpt":{"rendered":"<p>Service de vaisselle en porcelaine en gros pour 8, 12, 32, avec possibilit\u00e9 de personnaliser les tailles et les services. Ce service de table de haute qualit\u00e9, \u00e0 la surface lisse et au design de fleurs d'automne, est \u00e9l\u00e9gant et convient \u00e0 toutes les occasions. Nous vous invitons \u00e0 contacter Lianyuan Ceramics Manufacturer pour une demande de renseignements gratuite.<\/p>\n<h2>Service de vaisselle en porcelaine Param\u00e8tres<\/h2>\n<table style=\"border-collapse: collapse; width: 353.02pt;\" border=\"0\" width=\"353\" cellspacing=\"0\" cellpadding=\"0\">\n<tbody>\n<tr style=\"height: 17.60pt;\">\n<td class=\"et2\" style=\"height: 17.60pt; width: 82.50pt;\" width=\"82\" height=\"17\">Fabricant<\/td>\n<td class=\"et2\" style=\"width: 270.80pt;\" width=\"270\">Lianyuan<\/td>\n<\/tr>\n<tr style=\"height: 34.00pt;\">\n<td class=\"et2\" style=\"height: 34.00pt;\" height=\"34\">Type de produit<\/td>\n<td class=\"et3\" style=\"width: 270.80pt;\" width=\"270\">Assiettes, bols, plats de service, tasses et pots \u00e0 caf\u00e9, sucrier, carafe en c\u00e9ramique<\/td>\n<\/tr>\n<tr style=\"height: 17.60pt;\">\n<td class=\"et2\" style=\"height: 17.60pt;\" height=\"17\">Mod\u00e8le<\/td>\n<td class=\"et2\">floral\u00a0<\/td>\n<\/tr>\n<tr style=\"height: 17.60pt;\">\n<td class=\"et2\" style=\"height: 17.60pt;\" height=\"17\">Couleur<\/td>\n<td class=\"et2\">Multi-couleur<\/td>\n<\/tr>\n<tr style=\"height: 17.60pt;\">\n<td class=\"et2\" style=\"height: 17.60pt;\" height=\"17\">Mat\u00e9riau<\/td>\n<td class=\"et2\">Porcelaine durable<\/td>\n<\/tr>\n<tr style=\"height: 17.60pt;\">\n<td class=\"et2\" style=\"height: 17.60pt;\" height=\"17\">Artisanat<\/td>\n<td class=\"et2\">D\u00e9calcomanie, peinture \u00e0 la main<\/td>\n<\/tr>\n<tr style=\"height: 17.60pt;\">\n<td class=\"et2\" style=\"height: 17.60pt;\" height=\"17\">Application<\/td>\n<td class=\"et2\">Passe au micro-ondes, au lave-vaisselle et au four<\/td>\n<\/tr>\n<tr style=\"height: 17.60pt;\">\n<td class=\"et2\" style=\"height: 17.60pt;\" height=\"17\">Sur mesure<\/td>\n<td class=\"et2\">Couleur\/Taille\/Logo\/Emballage<\/td>\n<\/tr>\n<\/tbody>\n<\/table>\n<p>&nbsp;<\/p>","protected":false},"featured_media":424,"comment_status":"open","ping_status":"closed","template":"","meta":{"_acf_changed":false},"product_brand":[],"product_cat":[17],"product_tag":[30,29,27],"class_list":{"0":"post-259","1":"product","2":"type-product","3":"status-publish","4":"has-post-thumbnail","6":"product_cat-dinnerware-wholesale","7":"product_tag-custom-porcelain-dinnerware","8":"product_tag-hand-painted-embossed-dinnerware-wholesale","9":"product_tag-wholesale-decal-ceramics","11":"first","12":"instock","13":"shipping-taxable","14":"product-type-simple"},"acf":[],"_links":{"self":[{"href":"https:\/\/www.lianyuanceramic.com\/fr\/wp-json\/wp\/v2\/product\/259","targetHints":{"allow":["GET"]}}],"collection":[{"href":"https:\/\/www.lianyuanceramic.com\/fr\/wp-json\/wp\/v2\/product"}],"about":[{"href":"https:\/\/www.lianyuanceramic.com\/fr\/wp-json\/wp\/v2\/types\/product"}],"replies":[{"embeddable":true,"href":"https:\/\/www.lianyuanceramic.com\/fr\/wp-json\/wp\/v2\/comments?post=259"}],"wp:featuredmedia":[{"embeddable":true,"href":"https:\/\/www.lianyuanceramic.com\/fr\/wp-json\/wp\/v2\/media\/424"}],"wp:attachment":[{"href":"https:\/\/www.lianyuanceramic.com\/fr\/wp-json\/wp\/v2\/media?parent=259"}],"wp:term":[{"taxonomy":"product_brand","embeddable":true,"href":"https:\/\/www.lianyuanceramic.com\/fr\/wp-json\/wp\/v2\/product_brand?post=259"},{"taxonomy":"product_cat","embeddable":true,"href":"https:\/\/www.lianyuanceramic.com\/fr\/wp-json\/wp\/v2\/product_cat?post=259"},{"taxonomy":"product_tag","embeddable":true,"href":"https:\/\/www.lianyuanceramic.com\/fr\/wp-json\/wp\/v2\/product_tag?post=259"}],"curies":[{"name":"wp","href":"https:\/\/api.w.org\/{rel}","templated":true}]}}