{"id":2586,"date":"2025-12-31T03:04:58","date_gmt":"2025-12-31T03:04:58","guid":{"rendered":"https:\/\/www.lianyuanceramic.com\/?post_type=product&#038;p=2586"},"modified":"2026-03-10T03:01:11","modified_gmt":"2026-03-10T03:01:11","slug":"wholesale-ceramic-dinner-plates","status":"publish","type":"product","link":"https:\/\/www.lianyuanceramic.com\/fr\/produit\/wholesale-ceramic-dinner-plates\/","title":{"rendered":"Wholesale Ceramic Dinner Plates, Crystalline Glaze Charger Plate Set for Hotel Custom"},"content":{"rendered":"<div class=\"wp-block-columns is-layout-flex wp-container-core-columns-is-layout-9d6595d7 wp-block-columns-is-layout-flex\">\n<div class=\"wp-block-column is-layout-flow wp-block-column-is-layout-flow\">\n<h2 class=\"wp-block-heading\">Assiettes \u00e0 d\u00eener en c\u00e9ramique Caract\u00e9ristiques :<\/h2>\n\n\n\n<p><strong>Cristal Motif de la gla\u00e7ure : <\/strong>La surface pr\u00e9sente des motifs cristallins irr\u00e9guliers m\u00eal\u00e9s de bleu et de blanc, form\u00e9s naturellement lors de la cuisson \u00e0 haute temp\u00e9rature - chaque pi\u00e8ce pr\u00e9sente un motif unique, qui ne peut \u00eatre reproduit.<\/p>\n\n\n\n<p><strong>Mat\u00e9riau de qualit\u00e9 sup\u00e9rieure :<\/strong> La base est en c\u00e9ramique, \u00e9maill\u00e9e \u00e0 la main et cuite \u00e0 temp\u00e9rature contr\u00f4l\u00e9e.<\/p>\n\n\n\n<p><strong>Forme \u00e9l\u00e9gante<\/strong>: Le bord de l'assiette adopte un design festonn\u00e9 irr\u00e9gulier, avec des lignes douces et une texture artisanale ; il rehausse la d\u00e9coration tout en am\u00e9liorant le confort de prise en main.<\/p>\n\n\n\n<p><strong>Sans plomb et sans danger pour les aliments<\/strong>: Fabriqu\u00e9 en c\u00e9ramique non toxique de haute qualit\u00e9, il est 100% sans plomb ni cadmium, ce qui garantit une exp\u00e9rience culinaire saine et sans danger pour les utilisateurs.<\/p>\n\n\n\n<p><strong>Support apr\u00e8s-vente d\u00e9di\u00e9<\/strong>: Notre \u00e9quipe professionnelle de service \u00e0 la client\u00e8le garantit la qualit\u00e9 et une assistance rapide en cas de probl\u00e8me.<\/p>\n<\/div>\n\n\n\n<div class=\"wp-block-column is-layout-flow wp-block-column-is-layout-flow\">\n<h2 class=\"wp-block-heading\">Assiettes plates en c\u00e9ramique personnalis\u00e9es<\/h2>\n\n\n\n<p>Lianyuan propose diverses options de vaisselle personnalis\u00e9e en fonction des besoins de la marque ou des tendances de la mode, ce qui en fait un produit id\u00e9al pour un usage personnel ou commercial.<\/p>\n\n\n\n<p><strong>Conception :&nbsp;<\/strong>Formes et motifs vari\u00e9s.<\/p>\n\n\n\n<p><strong>Composition de l'ensemble :<\/strong>&nbsp;Sets de tasses en c\u00e9ramique personnalis\u00e9s avec des combinaisons de tasses, de bols et de cuill\u00e8res.<\/p>\n\n\n\n<p><strong>Taille :&nbsp;<\/strong>Choisissez parmi diff\u00e9rentes tailles pour convenir \u00e0 diff\u00e9rentes portions de repas.<\/p>\n\n\n\n<p><strong>Mat\u00e9riau :<\/strong>&nbsp;C\u00e9ramique, porcelaine, porcelaine osseuse ou se renseigner sur les autres possibilit\u00e9s.<\/p>\n\n\n\n<p><strong>Artisanat :&nbsp;<\/strong>D\u00e9calcomanies de gla\u00e7age, changement de four, peinture \u00e0 la main, motifs en relief ou autres.<\/p>\n\n\n\n<p><strong>Emballage :&nbsp;<\/strong>Emballage en vrac, bo\u00eete de couleur, bo\u00eete cadeau, bo\u00eete de pr\u00e9sentation, bo\u00eete postale, etc.<\/p>\n<\/div>\n<\/div>\n\n\n\n<div class=\"wp-block-columns is-layout-flex wp-container-core-columns-is-layout-9d6595d7 wp-block-columns-is-layout-flex\">\n<div class=\"wp-block-column is-layout-flow wp-block-column-is-layout-flow\">\n<figure class=\"wp-block-image size-full\"><img decoding=\"async\" width=\"800\" height=\"800\" src=\"https:\/\/www.lianyuanceramic.com\/wp-content\/uploads\/2025\/12\/custom-ceramic-tableware-dinner-plates-1.webp\" alt=\"vaisselle en c\u00e9ramique personnalis\u00e9e assiettes \u00e0 d\u00eener\" class=\"wp-image-2594\" srcset=\"https:\/\/www.lianyuanceramic.com\/wp-content\/uploads\/2025\/12\/custom-ceramic-tableware-dinner-plates-1.webp 800w, https:\/\/www.lianyuanceramic.com\/wp-content\/uploads\/2025\/12\/custom-ceramic-tableware-dinner-plates-1-300x300.webp 300w, https:\/\/www.lianyuanceramic.com\/wp-content\/uploads\/2025\/12\/custom-ceramic-tableware-dinner-plates-1-150x150.webp 150w, https:\/\/www.lianyuanceramic.com\/wp-content\/uploads\/2025\/12\/custom-ceramic-tableware-dinner-plates-1-768x768.webp 768w, https:\/\/www.lianyuanceramic.com\/wp-content\/uploads\/2025\/12\/custom-ceramic-tableware-dinner-plates-1-12x12.webp 12w, https:\/\/www.lianyuanceramic.com\/wp-content\/uploads\/2025\/12\/custom-ceramic-tableware-dinner-plates-1-600x600.webp 600w, https:\/\/www.lianyuanceramic.com\/wp-content\/uploads\/2025\/12\/custom-ceramic-tableware-dinner-plates-1-100x100.webp 100w\" sizes=\"(max-width: 800px) 100vw, 800px\" \/><\/figure>\n<\/div>\n\n\n\n<div class=\"wp-block-column is-layout-flow wp-block-column-is-layout-flow\">\n<figure class=\"wp-block-image size-full\"><img decoding=\"async\" width=\"800\" height=\"800\" src=\"https:\/\/www.lianyuanceramic.com\/wp-content\/uploads\/2025\/12\/wholesale-round-ceramic-charger-plates-1.webp\" alt=\"plaques de chargeur rondes en c\u00e9ramique (vente en gros)\" class=\"wp-image-2598\" srcset=\"https:\/\/www.lianyuanceramic.com\/wp-content\/uploads\/2025\/12\/wholesale-round-ceramic-charger-plates-1.webp 800w, https:\/\/www.lianyuanceramic.com\/wp-content\/uploads\/2025\/12\/wholesale-round-ceramic-charger-plates-1-300x300.webp 300w, https:\/\/www.lianyuanceramic.com\/wp-content\/uploads\/2025\/12\/wholesale-round-ceramic-charger-plates-1-150x150.webp 150w, https:\/\/www.lianyuanceramic.com\/wp-content\/uploads\/2025\/12\/wholesale-round-ceramic-charger-plates-1-768x768.webp 768w, https:\/\/www.lianyuanceramic.com\/wp-content\/uploads\/2025\/12\/wholesale-round-ceramic-charger-plates-1-12x12.webp 12w, https:\/\/www.lianyuanceramic.com\/wp-content\/uploads\/2025\/12\/wholesale-round-ceramic-charger-plates-1-600x600.webp 600w, https:\/\/www.lianyuanceramic.com\/wp-content\/uploads\/2025\/12\/wholesale-round-ceramic-charger-plates-1-100x100.webp 100w\" sizes=\"(max-width: 800px) 100vw, 800px\" \/><\/figure>\n<\/div>\n<\/div>\n\n\n\n<p><\/p>","protected":false},"excerpt":{"rendered":"<p><span class=\"a-list-item\">Les assiettes \u00e0 d\u00eener en gros en c\u00e9ramique pr\u00e9sentent des motifs uniques et irr\u00e9guliers de gla\u00e7ure cristalline en bleu et blanc, une cuisson \u00e0 haute temp\u00e9rature, des mat\u00e9riaux sans plomb et sans danger pour les aliments. Id\u00e9ales pour l'achat en gros afin de r\u00e9pondre \u00e0 divers besoins en mati\u00e8re de restauration. N'h\u00e9sitez pas \u00e0 nous contacter pour obtenir plus d'informations sur nos produits !<\/span><\/p>\n<h2>Assiettes \u00e0 d\u00eener en c\u00e9ramique Param\u00e8tres<\/h2>\n<table style=\"border-collapse: collapse; width: 370.82pt;\" border=\"0\" width=\"618\" cellspacing=\"0\" cellpadding=\"0\">\n<tbody>\n<tr style=\"height: 15.60pt;\">\n<td class=\"et3\" style=\"height: 15.60pt; width: 108.00pt;\" width=\"180\" height=\"26\">Fabricant<\/td>\n<td class=\"et3\" style=\"width: 263.25pt;\" width=\"438\">Lianyuan<\/td>\n<\/tr>\n<tr style=\"height: 15.60pt;\">\n<td class=\"et3\" style=\"height: 15.60pt;\" height=\"26\">Type de produit<\/td>\n<td class=\"et3\">Ustensiles de service, ustensiles de cuisson<\/td>\n<\/tr>\n<tr style=\"height: 15.60pt;\">\n<td class=\"et3\" style=\"height: 15.60pt;\" height=\"26\">Mod\u00e8le<\/td>\n<td class=\"et3\">Cristal<\/td>\n<\/tr>\n<tr style=\"height: 15.60pt;\">\n<td class=\"et3\" style=\"height: 15.60pt;\" height=\"26\">Couleur<\/td>\n<td class=\"et3\">Marron, Vert<\/td>\n<\/tr>\n<tr style=\"height: 15.60pt;\">\n<td class=\"et3\" style=\"height: 15.60pt;\" height=\"26\">Mat\u00e9riau<\/td>\n<td class=\"et3\">Porcelaine durable<\/td>\n<\/tr>\n<tr style=\"height: 15.60pt;\">\n<td class=\"et3\" style=\"height: 15.60pt;\" height=\"26\">Artisanat<\/td>\n<td class=\"et3\">Glace cristalline\u00a0<\/td>\n<\/tr>\n<tr style=\"height: 15.60pt;\">\n<td class=\"et3\" style=\"height: 15.60pt;\" height=\"26\">Application<\/td>\n<td class=\"et3\">Passe au micro-ondes, au lave-vaisselle et au four<\/td>\n<\/tr>\n<tr style=\"height: 15.60pt;\">\n<td class=\"et3\" style=\"height: 15.60pt;\" height=\"26\">Sur mesure<\/td>\n<td class=\"et3\">Couleur\/Taille\/Logo\/Emballage<\/td>\n<\/tr>\n<\/tbody>\n<\/table>","protected":false},"featured_media":2596,"comment_status":"open","ping_status":"closed","template":"","meta":{"_acf_changed":false},"product_brand":[],"product_cat":[17],"product_tag":[30,29],"class_list":{"0":"post-2586","1":"product","2":"type-product","3":"status-publish","4":"has-post-thumbnail","6":"product_cat-dinnerware-wholesale","7":"product_tag-custom-porcelain-dinnerware","8":"product_tag-hand-painted-embossed-dinnerware-wholesale","10":"first","11":"instock","12":"shipping-taxable","13":"product-type-simple"},"acf":[],"_links":{"self":[{"href":"https:\/\/www.lianyuanceramic.com\/fr\/wp-json\/wp\/v2\/product\/2586","targetHints":{"allow":["GET"]}}],"collection":[{"href":"https:\/\/www.lianyuanceramic.com\/fr\/wp-json\/wp\/v2\/product"}],"about":[{"href":"https:\/\/www.lianyuanceramic.com\/fr\/wp-json\/wp\/v2\/types\/product"}],"replies":[{"embeddable":true,"href":"https:\/\/www.lianyuanceramic.com\/fr\/wp-json\/wp\/v2\/comments?post=2586"}],"wp:featuredmedia":[{"embeddable":true,"href":"https:\/\/www.lianyuanceramic.com\/fr\/wp-json\/wp\/v2\/media\/2596"}],"wp:attachment":[{"href":"https:\/\/www.lianyuanceramic.com\/fr\/wp-json\/wp\/v2\/media?parent=2586"}],"wp:term":[{"taxonomy":"product_brand","embeddable":true,"href":"https:\/\/www.lianyuanceramic.com\/fr\/wp-json\/wp\/v2\/product_brand?post=2586"},{"taxonomy":"product_cat","embeddable":true,"href":"https:\/\/www.lianyuanceramic.com\/fr\/wp-json\/wp\/v2\/product_cat?post=2586"},{"taxonomy":"product_tag","embeddable":true,"href":"https:\/\/www.lianyuanceramic.com\/fr\/wp-json\/wp\/v2\/product_tag?post=2586"}],"curies":[{"name":"wp","href":"https:\/\/api.w.org\/{rel}","templated":true}]}}