{"id":2583,"date":"2025-12-31T03:04:46","date_gmt":"2025-12-31T03:04:46","guid":{"rendered":"https:\/\/www.lianyuanceramic.com\/?post_type=product&#038;p=2583"},"modified":"2025-12-31T03:04:47","modified_gmt":"2025-12-31T03:04:47","slug":"wholesale-ceramic-candle-holder","status":"publish","type":"product","link":"https:\/\/www.lianyuanceramic.com\/fr\/produit\/wholesale-ceramic-candle-holder\/","title":{"rendered":"Bougeoir en c\u00e9ramique en gros, d\u00e9coration de table de luxe pour la d\u00e9coration d'int\u00e9rieur"},"content":{"rendered":"<div class=\"wp-block-columns is-layout-flex wp-container-core-columns-is-layout-9d6595d7 wp-block-columns-is-layout-flex\">\n<div class=\"wp-block-column is-layout-flow wp-block-column-is-layout-flow\">\n<h2 class=\"wp-block-heading\">Bougeoir en c\u00e9ramique Caract\u00e9ristiques :<\/h2>\n\n\n\n<p><strong>Conception structurelle pratique :<\/strong> Il adopte une forme ramifi\u00e9e \u00e0 trois bras, con\u00e7ue pour accueillir plusieurs bougies.<\/p>\n\n\n\n<p><strong>Style d\u00e9coratif europ\u00e9en :<\/strong> Il pr\u00e9sente des motifs floraux color\u00e9s sur une base noire, assortis de motifs sculpt\u00e9s de style europ\u00e9en en m\u00e9tal dor\u00e9, ce qui lui conf\u00e8re un style r\u00e9tro et luxueux.<\/p>\n\n\n\n<p><strong>Mat\u00e9riau de qualit\u00e9 :<\/strong> Le cadre est fabriqu\u00e9 en cuivre dor\u00e9, associ\u00e9 \u00e0 un mat\u00e9riau d\u00e9coratif pr\u00e9sentant des motifs floraux appliqu\u00e9s sur un fond noir.<\/p>\n\n\n\n<p><strong>Applications multiples :<\/strong> Placez librement un bougeoir sur une table, une chemin\u00e9e, une \u00e9tag\u00e8re, un comptoir de bar, et vous obtiendrez l'ambiance parfaite. Ils conviennent \u00e9galement parfaitement pour les mariages, les anniversaires, No\u00ebl, les f\u00eates et autres occasions festives.<\/p>\n\n\n\n<p><strong>Service OEM&amp;ODM : <\/strong>Nous proposons un service unique de cr\u00e9ation de bougeoirs personnalis\u00e9s pour cr\u00e9er des bougeoirs en c\u00e9ramique exclusifs selon vos besoins.<\/p>\n\n\n\n<p><\/p>\n<\/div>\n\n\n\n<div class=\"wp-block-column is-layout-flow wp-block-column-is-layout-flow\">\n<figure class=\"wp-block-image size-full\"><img decoding=\"async\" width=\"800\" height=\"800\" src=\"https:\/\/www.lianyuanceramic.com\/wp-content\/uploads\/2025\/12\/wholesale-ceramic-candle-holders.webp\" alt=\"Bougeoirs en c\u00e9ramique en gros\" class=\"wp-image-2609\" srcset=\"https:\/\/www.lianyuanceramic.com\/wp-content\/uploads\/2025\/12\/wholesale-ceramic-candle-holders.webp 800w, https:\/\/www.lianyuanceramic.com\/wp-content\/uploads\/2025\/12\/wholesale-ceramic-candle-holders-300x300.webp 300w, https:\/\/www.lianyuanceramic.com\/wp-content\/uploads\/2025\/12\/wholesale-ceramic-candle-holders-150x150.webp 150w, https:\/\/www.lianyuanceramic.com\/wp-content\/uploads\/2025\/12\/wholesale-ceramic-candle-holders-768x768.webp 768w, https:\/\/www.lianyuanceramic.com\/wp-content\/uploads\/2025\/12\/wholesale-ceramic-candle-holders-12x12.webp 12w, https:\/\/www.lianyuanceramic.com\/wp-content\/uploads\/2025\/12\/wholesale-ceramic-candle-holders-600x600.webp 600w, https:\/\/www.lianyuanceramic.com\/wp-content\/uploads\/2025\/12\/wholesale-ceramic-candle-holders-100x100.webp 100w\" sizes=\"(max-width: 800px) 100vw, 800px\" \/><\/figure>\n<\/div>\n<\/div>\n\n\n\n<div class=\"wp-block-columns is-layout-flex wp-container-core-columns-is-layout-9d6595d7 wp-block-columns-is-layout-flex\">\n<div class=\"wp-block-column is-layout-flow wp-block-column-is-layout-flow\">\n<figure class=\"wp-block-image size-full\"><img decoding=\"async\" width=\"800\" height=\"800\" src=\"https:\/\/www.lianyuanceramic.com\/wp-content\/uploads\/2025\/12\/custom-decal-ceramic-candlestick-holder.webp\" alt=\"D\u00e9calque personnalis\u00e9 porte-bougies en c\u00e9ramique\" class=\"wp-image-2608\" srcset=\"https:\/\/www.lianyuanceramic.com\/wp-content\/uploads\/2025\/12\/custom-decal-ceramic-candlestick-holder.webp 800w, https:\/\/www.lianyuanceramic.com\/wp-content\/uploads\/2025\/12\/custom-decal-ceramic-candlestick-holder-300x300.webp 300w, https:\/\/www.lianyuanceramic.com\/wp-content\/uploads\/2025\/12\/custom-decal-ceramic-candlestick-holder-150x150.webp 150w, https:\/\/www.lianyuanceramic.com\/wp-content\/uploads\/2025\/12\/custom-decal-ceramic-candlestick-holder-768x768.webp 768w, https:\/\/www.lianyuanceramic.com\/wp-content\/uploads\/2025\/12\/custom-decal-ceramic-candlestick-holder-12x12.webp 12w, https:\/\/www.lianyuanceramic.com\/wp-content\/uploads\/2025\/12\/custom-decal-ceramic-candlestick-holder-600x600.webp 600w, https:\/\/www.lianyuanceramic.com\/wp-content\/uploads\/2025\/12\/custom-decal-ceramic-candlestick-holder-100x100.webp 100w\" sizes=\"(max-width: 800px) 100vw, 800px\" \/><\/figure>\n<\/div>\n\n\n\n<div class=\"wp-block-column is-layout-flow wp-block-column-is-layout-flow\">\n<h2 class=\"wp-block-heading\">Bougeoir en c\u00e9ramique personnalis\u00e9 :<\/h2>\n\n\n\n<p>Lianyuan propose des solutions OEM et ODM pour la d\u00e9coration int\u00e9rieure en c\u00e9ramique, en cr\u00e9ant des solutions comp\u00e9titives gr\u00e2ce \u00e0 un savoir-faire et \u00e0 un design exquis.<\/p>\n\n\n\n<p><strong>Conception :<\/strong> Conception personnalis\u00e9e en fonction des besoins du client, couvrant diff\u00e9rents styles tels que pastoral, moderne, classique, simple, etc.<\/p>\n\n\n\n<p><strong>Couleur et gla\u00e7ure : <\/strong>Une vari\u00e9t\u00e9 de couleurs et de traitements de gla\u00e7age sont disponibles, tels que mat, brillant, etc.<\/p>\n\n\n\n<p><strong>Taille : <\/strong>Possibilit\u00e9 de personnaliser les diff\u00e9rentes tailles afin de s'adapter parfaitement aux diff\u00e9rents espaces.<\/p>\n\n\n\n<p><strong>Motifs et textures :<\/strong> Diff\u00e9rents motifs, textures et sculptures peuvent \u00eatre personnalis\u00e9s pour r\u00e9pondre \u00e0 des besoins culturels et esth\u00e9tiques diff\u00e9rents.<\/p>\n\n\n\n<p><strong>Fonctionnalit\u00e9 : <\/strong>Les produits \u00e0 la fois d\u00e9coratifs et pratiques, tels que les vases en c\u00e9ramique, les ornements, etc., peuvent \u00eatre personnalis\u00e9s en fonction des besoins.<\/p>\n\n\n\n<p><strong>Artisanat :<\/strong> D\u00e9calcomanies de gla\u00e7age, changements de four, motifs peints \u00e0 la main, en relief ou autres.<\/p>\n\n\n\n<p><strong>Emballage : <\/strong>Emballages en vrac, bo\u00eetes de couleur, bo\u00eetes-cadeaux, bo\u00eetes de pr\u00e9sentation, bo\u00eetes d'exp\u00e9dition, etc.<\/p>\n<\/div>\n<\/div>","protected":false},"excerpt":{"rendered":"<div class=\"D5aOJc vJwDU\">\n<div data-zone-id=\"0\" data-line-index=\"0\" data-line=\"true\">\n<div class=\"dad65929\">\n<div class=\"f9bf7997 d7dc56a8 c05b5566\">\n<div class=\"ds-markdown ds-markdown--block\">\n<p>Le bougeoir en c\u00e9ramique en gros pr\u00e9sente un design \u00e9l\u00e9gant, un cadeau parfait pour les mariages, No\u00ebl, les anniversaires, les f\u00eates de fin d'ann\u00e9e et les pendaisons de cr\u00e9maill\u00e8re. Le fabricant Lianyuan fournit des services ODM\/OEM. Contactez-nous pour obtenir un devis !<\/p>\n<\/div>\n<\/div>\n<\/div>\n<\/div>\n<\/div>\n<h2>Bougeoir en c\u00e9ramique Param\u00e8tre :<\/h2>\n<table style=\"border-collapse: collapse; width: 370.82pt;\" border=\"0\" width=\"618\" cellspacing=\"0\" cellpadding=\"0\">\n<tbody>\n<tr style=\"height: 15.60pt;\">\n<td class=\"et3\" style=\"height: 15.60pt; width: 108.00pt;\" width=\"180\" height=\"26\">Fabricant<\/td>\n<td class=\"et3\" style=\"width: 263.25pt;\" width=\"438\">Lianyuan<\/td>\n<\/tr>\n<tr style=\"height: 15.60pt;\">\n<td class=\"et3\" style=\"height: 15.60pt;\" height=\"26\">Type de produit<\/td>\n<td class=\"et3\">Bougeoir<\/td>\n<\/tr>\n<tr style=\"height: 15.60pt;\">\n<td class=\"et3\" style=\"height: 15.60pt;\" height=\"26\">Mod\u00e8le<\/td>\n<td class=\"et3\">Simplicit\u00e9 des couleurs pures<\/td>\n<\/tr>\n<tr style=\"height: 15.60pt;\">\n<td class=\"et3\" style=\"height: 15.60pt;\" height=\"26\">Couleur<\/td>\n<td class=\"et3\">multi<\/td>\n<\/tr>\n<tr style=\"height: 15.60pt;\">\n<td class=\"et3\" style=\"height: 15.60pt;\" height=\"26\">Mat\u00e9riau<\/td>\n<td class=\"et3\">Porcelaine durable<\/td>\n<\/tr>\n<tr style=\"height: 15.60pt;\">\n<td class=\"et3\" style=\"height: 15.60pt;\" height=\"26\">Artisanat<\/td>\n<td class=\"et3\">D\u00e9calcomanie, peinture \u00e0 la main<\/td>\n<\/tr>\n<tr style=\"height: 15.60pt;\">\n<td class=\"et3\" style=\"height: 15.60pt;\" height=\"26\">Application<\/td>\n<td class=\"et3\">D\u00e9coration int\u00e9rieure, Salle \u00e0 manger, Mariage, F\u00eate<\/td>\n<\/tr>\n<tr style=\"height: 15.60pt;\">\n<td class=\"et3\" style=\"height: 15.60pt;\" height=\"26\">Sur mesure<\/td>\n<td class=\"et3\">Couleur\/Taille\/Logo\/Emballage<\/td>\n<\/tr>\n<\/tbody>\n<\/table>","protected":false},"featured_media":2608,"comment_status":"open","ping_status":"closed","template":"","meta":{"_acf_changed":false},"product_brand":[],"product_cat":[21],"product_tag":[29,27],"class_list":{"0":"post-2583","1":"product","2":"type-product","3":"status-publish","4":"has-post-thumbnail","6":"product_cat-ceramic-home-decor-manufacturer","7":"product_tag-hand-painted-embossed-dinnerware-wholesale","8":"product_tag-wholesale-decal-ceramics","10":"first","11":"instock","12":"shipping-taxable","13":"product-type-simple"},"acf":[],"_links":{"self":[{"href":"https:\/\/www.lianyuanceramic.com\/fr\/wp-json\/wp\/v2\/product\/2583","targetHints":{"allow":["GET"]}}],"collection":[{"href":"https:\/\/www.lianyuanceramic.com\/fr\/wp-json\/wp\/v2\/product"}],"about":[{"href":"https:\/\/www.lianyuanceramic.com\/fr\/wp-json\/wp\/v2\/types\/product"}],"replies":[{"embeddable":true,"href":"https:\/\/www.lianyuanceramic.com\/fr\/wp-json\/wp\/v2\/comments?post=2583"}],"wp:featuredmedia":[{"embeddable":true,"href":"https:\/\/www.lianyuanceramic.com\/fr\/wp-json\/wp\/v2\/media\/2608"}],"wp:attachment":[{"href":"https:\/\/www.lianyuanceramic.com\/fr\/wp-json\/wp\/v2\/media?parent=2583"}],"wp:term":[{"taxonomy":"product_brand","embeddable":true,"href":"https:\/\/www.lianyuanceramic.com\/fr\/wp-json\/wp\/v2\/product_brand?post=2583"},{"taxonomy":"product_cat","embeddable":true,"href":"https:\/\/www.lianyuanceramic.com\/fr\/wp-json\/wp\/v2\/product_cat?post=2583"},{"taxonomy":"product_tag","embeddable":true,"href":"https:\/\/www.lianyuanceramic.com\/fr\/wp-json\/wp\/v2\/product_tag?post=2583"}],"curies":[{"name":"wp","href":"https:\/\/api.w.org\/{rel}","templated":true}]}}