{"id":258,"date":"2024-10-20T02:04:15","date_gmt":"2024-10-20T02:04:15","guid":{"rendered":"https:\/\/www.lianyuanceramic.com\/?post_type=product&#038;p=258"},"modified":"2025-01-16T14:32:50","modified_gmt":"2025-01-16T14:32:50","slug":"chocolate-fondue-set-wholesale","status":"publish","type":"product","link":"https:\/\/www.lianyuanceramic.com\/fr\/produit\/chocolate-fondue-set-wholesale\/","title":{"rendered":"Fondue au chocolat en c\u00e9ramique en gros pour faire fondre la cr\u00e8me et le fromage"},"content":{"rendered":"<div class=\"wp-block-columns is-layout-flex wp-container-core-columns-is-layout-9d6595d7 wp-block-columns-is-layout-flex\">\n<div class=\"wp-block-column is-layout-flow wp-block-column-is-layout-flow\">\n<h2 class=\"wp-block-heading\">Fondue au chocolat Caract\u00e9ristiques :<\/h2>\n\n\n\n<p><strong>Plusieurs options de couleurs<\/strong><br>Les options de couleurs multiples (rouge, vert, noir, rose et marron) peuvent r\u00e9pondre \u00e0 diff\u00e9rents besoins et am\u00e9liorer l'attrait visuel du produit.<\/p>\n\n\n\n<p><strong>Utilisations multiples<\/strong><br>Faites fondre facilement le chocolat et le fromage pour tremper les fruits, les desserts, les l\u00e9gumes, le pain, les biscuits, les guimauves, les doigts de dame et bien d'autres choses encore.<\/p>\n\n\n\n<p><strong>Pr\u00e9servation de la chaleur<\/strong><br>L'\u00e9paisseur du mat\u00e9riau c\u00e9ramique de haute qualit\u00e9 am\u00e9liore l'effet de conservation de la chaleur. L'utilisation d'une bougie chauffe-plat permet de conserver la temp\u00e9rature des aliments pendant longtemps sans les br\u00fbler.<\/p>\n\n\n\n<p><strong>Pratique et rapide<\/strong><br>Petit et simple, l\u00e9ger et facile \u00e0 utiliser, parfait pour recevoir des invit\u00e9s !<\/p>\n\n\n\n<p><strong>Facile \u00e0 nettoyer, passe au lave-vaisselle<\/strong><br>La surface en c\u00e9ramique est lisse, facile \u00e0 nettoyer et peut \u00eatre lav\u00e9e au lave-vaisselle.<\/p>\n\n\n\n<p><strong>Design romantique et \u00e9l\u00e9gant<\/strong><br>Parfait pour les soir\u00e9es romantiques, les anniversaires ou toute autre occasion sp\u00e9ciale, l'ensemble de marmites chaudes peut \u00eatre utilis\u00e9 dans des endroits o\u00f9 l'\u00e9lectricit\u00e9 n'est pas accessible.<\/p>\n<\/div>\n\n\n\n<div class=\"wp-block-column is-layout-flow wp-block-column-is-layout-flow\">\n<figure class=\"wp-block-image size-full\"><img decoding=\"async\" width=\"626\" height=\"626\" src=\"https:\/\/www.lianyuanceramic.com\/wp-content\/uploads\/2024\/10\/Chocolate-Fondue-Set-Wholesale.webp\" alt=\"Assortiment chocolat-fondue-vente en gros\" class=\"wp-image-278\" srcset=\"https:\/\/www.lianyuanceramic.com\/wp-content\/uploads\/2024\/10\/Chocolate-Fondue-Set-Wholesale.webp 626w, https:\/\/www.lianyuanceramic.com\/wp-content\/uploads\/2024\/10\/Chocolate-Fondue-Set-Wholesale-300x300.webp 300w, https:\/\/www.lianyuanceramic.com\/wp-content\/uploads\/2024\/10\/Chocolate-Fondue-Set-Wholesale-150x150.webp 150w, https:\/\/www.lianyuanceramic.com\/wp-content\/uploads\/2024\/10\/Chocolate-Fondue-Set-Wholesale-600x600.webp 600w, https:\/\/www.lianyuanceramic.com\/wp-content\/uploads\/2024\/10\/Chocolate-Fondue-Set-Wholesale-100x100.webp 100w\" sizes=\"(max-width: 626px) 100vw, 626px\" \/><\/figure>\n<\/div>\n<\/div>\n\n\n\n<div class=\"wp-block-columns is-layout-flex wp-container-core-columns-is-layout-9d6595d7 wp-block-columns-is-layout-flex\">\n<div class=\"wp-block-column is-layout-flow wp-block-column-is-layout-flow\">\n<figure class=\"wp-block-image size-full\"><img decoding=\"async\" width=\"461\" height=\"461\" src=\"https:\/\/www.lianyuanceramic.com\/wp-content\/uploads\/2025\/01\/chocolate-fondue-cup-wholesale-custom-2.webp\" alt=\"gobelet \u00e0 fondue au chocolat wholesale custom\" class=\"wp-image-1008\" srcset=\"https:\/\/www.lianyuanceramic.com\/wp-content\/uploads\/2025\/01\/chocolate-fondue-cup-wholesale-custom-2.webp 461w, https:\/\/www.lianyuanceramic.com\/wp-content\/uploads\/2025\/01\/chocolate-fondue-cup-wholesale-custom-2-300x300.webp 300w, https:\/\/www.lianyuanceramic.com\/wp-content\/uploads\/2025\/01\/chocolate-fondue-cup-wholesale-custom-2-150x150.webp 150w, https:\/\/www.lianyuanceramic.com\/wp-content\/uploads\/2025\/01\/chocolate-fondue-cup-wholesale-custom-2-12x12.webp 12w, https:\/\/www.lianyuanceramic.com\/wp-content\/uploads\/2025\/01\/chocolate-fondue-cup-wholesale-custom-2-100x100.webp 100w\" sizes=\"(max-width: 461px) 100vw, 461px\" \/><\/figure>\n<\/div>\n\n\n\n<div class=\"wp-block-column is-layout-flow wp-block-column-is-layout-flow\">\n<h2 class=\"wp-block-heading\">Fondue au chocolat personnalis\u00e9e<\/h2>\n\n\n\n<p>Le fabricant d'ustensiles de cuisine en c\u00e9ramique de Lianyuan peut fournir des services de personnalisation complets pour r\u00e9aliser vos id\u00e9es.<\/p>\n\n\n\n<p><strong>Taille et forme : <\/strong>Comprend des tailles rondes, ovales, rectangulaires et personnalis\u00e9es.<br><strong>Mat\u00e9riau et \u00e9paisseur :<\/strong> C\u00e9ramique durable, argile r\u00e9sistante \u00e0 la chaleur, porcelaine, gr\u00e8s, fabriqu\u00e9s sur mesure en diff\u00e9rentes \u00e9paisseurs et r\u00e9sistances \u00e0 la chaleur.<br><strong>Finitions : <\/strong>Les options comprennent des finitions mates, brillantes ou textur\u00e9es.<br><strong>D\u00e9coration\/motif : <\/strong>Graphiques, dessins ou logos personnalis\u00e9s, y compris les d\u00e9calcomanies, les peintures \u00e0 la main et les gaufrages.<br><strong>Paquet : <\/strong>Emballage personnalis\u00e9 pour les commandes en vrac, les coffrets cadeaux ou la distribution au d\u00e9tail, avec \u00e9tiquetage ou marquage personnalis\u00e9.<\/p>\n<\/div>\n<\/div>","protected":false},"excerpt":{"rendered":"<p>Vente directe d'usine de fondue au chocolat en c\u00e9ramique pour faire fondre la cr\u00e8me et le fromage. Qu'il s'agisse d'une r\u00e9union de famille ou d'un cadeau pour les f\u00eates, c'est le meilleur pot \u00e0 chocolat l\u00e9ger et \u00e0 isolation thermique. Des options de personnalisation et une vari\u00e9t\u00e9 de couleurs sont disponibles.<\/p>\n<h2>Param\u00e8tres pour la fondue au chocolat<\/h2>\n<table style=\"border-collapse: collapse; width: 370.82pt;\" border=\"0\" width=\"618\" cellspacing=\"0\" cellpadding=\"0\">\n<tbody>\n<tr style=\"height: 15.60pt;\">\n<td class=\"et3\" style=\"height: 15.60pt; width: 108.00pt;\" width=\"180\" height=\"26\">Fabricant<\/td>\n<td class=\"et3\" style=\"width: 263.25pt;\" width=\"438\">Lianyuan<\/td>\n<\/tr>\n<tr style=\"height: 15.60pt;\">\n<td class=\"et3\" style=\"height: 15.60pt;\" height=\"26\">Type de produit<\/td>\n<td class=\"et3\">Fondue au chocolat,Fondue au fromage<\/td>\n<\/tr>\n<tr style=\"height: 15.60pt;\">\n<td class=\"et3\" style=\"height: 15.60pt;\" height=\"26\">Mod\u00e8le<\/td>\n<td class=\"et3\">Moderne<\/td>\n<\/tr>\n<tr style=\"height: 15.60pt;\">\n<td class=\"et3\" style=\"height: 15.60pt;\" height=\"26\">Couleur<\/td>\n<td class=\"et3\">Vert, gris, noir, etc.<\/td>\n<\/tr>\n<tr style=\"height: 15.60pt;\">\n<td class=\"et3\" style=\"height: 15.60pt;\" height=\"26\">Mat\u00e9riau<\/td>\n<td class=\"et3\">Porcelaine durable<\/td>\n<\/tr>\n<tr style=\"height: 15.60pt;\">\n<td class=\"et3\" style=\"height: 15.60pt;\" height=\"26\">Artisanat<\/td>\n<td class=\"et3\">Glacis de couleur<\/td>\n<\/tr>\n<tr style=\"height: 15.60pt;\">\n<td class=\"et3\" style=\"height: 15.60pt;\" height=\"26\">Application<\/td>\n<td class=\"et3\">Passe au micro-ondes, au lave-vaisselle et au four<\/td>\n<\/tr>\n<tr style=\"height: 15.60pt;\">\n<td class=\"et3\" style=\"height: 15.60pt;\" height=\"26\">Sur mesure<\/td>\n<td class=\"et3\">Couleur\/Taille\/Logo\/Emballage<\/td>\n<\/tr>\n<\/tbody>\n<\/table>","protected":false},"featured_media":278,"comment_status":"open","ping_status":"closed","template":"","meta":{"_acf_changed":false},"product_brand":[],"product_cat":[20],"product_tag":[30],"class_list":{"0":"post-258","1":"product","2":"type-product","3":"status-publish","4":"has-post-thumbnail","6":"product_cat-custom-bakeware-casserole-dish","7":"product_tag-custom-porcelain-dinnerware","9":"first","10":"instock","11":"shipping-taxable","12":"product-type-simple"},"acf":[],"_links":{"self":[{"href":"https:\/\/www.lianyuanceramic.com\/fr\/wp-json\/wp\/v2\/product\/258","targetHints":{"allow":["GET"]}}],"collection":[{"href":"https:\/\/www.lianyuanceramic.com\/fr\/wp-json\/wp\/v2\/product"}],"about":[{"href":"https:\/\/www.lianyuanceramic.com\/fr\/wp-json\/wp\/v2\/types\/product"}],"replies":[{"embeddable":true,"href":"https:\/\/www.lianyuanceramic.com\/fr\/wp-json\/wp\/v2\/comments?post=258"}],"wp:featuredmedia":[{"embeddable":true,"href":"https:\/\/www.lianyuanceramic.com\/fr\/wp-json\/wp\/v2\/media\/278"}],"wp:attachment":[{"href":"https:\/\/www.lianyuanceramic.com\/fr\/wp-json\/wp\/v2\/media?parent=258"}],"wp:term":[{"taxonomy":"product_brand","embeddable":true,"href":"https:\/\/www.lianyuanceramic.com\/fr\/wp-json\/wp\/v2\/product_brand?post=258"},{"taxonomy":"product_cat","embeddable":true,"href":"https:\/\/www.lianyuanceramic.com\/fr\/wp-json\/wp\/v2\/product_cat?post=258"},{"taxonomy":"product_tag","embeddable":true,"href":"https:\/\/www.lianyuanceramic.com\/fr\/wp-json\/wp\/v2\/product_tag?post=258"}],"curies":[{"name":"wp","href":"https:\/\/api.w.org\/{rel}","templated":true}]}}