{"id":2501,"date":"2025-12-02T06:16:17","date_gmt":"2025-12-02T06:16:17","guid":{"rendered":"https:\/\/www.lianyuanceramic.com\/?post_type=product&#038;p=2501"},"modified":"2025-12-02T06:16:19","modified_gmt":"2025-12-02T06:16:19","slug":"custom-ceramic-food-storage-containers-with-airtight-lids","status":"publish","type":"product","link":"https:\/\/www.lianyuanceramic.com\/fr\/produit\/custom-ceramic-food-storage-containers-with-airtight-lids\/","title":{"rendered":"R\u00e9cipients de conservation des aliments en c\u00e9ramique avec couvercles herm\u00e9tiques, bols en c\u00e9ramique imprim\u00e9s Wholesale"},"content":{"rendered":"<div class=\"wp-block-columns is-layout-flex wp-container-core-columns-is-layout-9d6595d7 wp-block-columns-is-layout-flex\">\n<div class=\"wp-block-column is-layout-flow wp-block-column-is-layout-flow\">\n<h2 class=\"wp-block-heading\">Caract\u00e9ristiques des r\u00e9cipients de conservation en c\u00e9ramique avec couvercles herm\u00e9tiques :<\/h2>\n\n\n\n<p><strong>Mat\u00e9riau c\u00e9ramique naturel<\/strong>: Fabriqu\u00e9 en porcelaine durable de haute qualit\u00e9, sans produits chimiques nocifs, inodore et non toxique, il garantit la puret\u00e9 et la s\u00e9curit\u00e9 des aliments.<\/p>\n\n\n\n<p><strong>R\u00e9sistance sup\u00e9rieure \u00e0 la temp\u00e9rature<\/strong>: Pr\u00e9sente une excellente r\u00e9sistance aux hautes et basses temp\u00e9ratures, restant stable dans une plage de temp\u00e9rature de -20\u2103 \u00e0 400\u2103. Qu'il soit r\u00e9frig\u00e9r\u00e9 ou pass\u00e9 au micro-ondes, il ne se d\u00e9forme pas et ne lib\u00e8re pas de substances nocives.<\/p>\n\n\n\n<p><strong>Garanties d'\u00e9tanch\u00e9it\u00e9 multiples :<\/strong> La conception \u00e9lastique de l'anneau d'\u00e9tanch\u00e9it\u00e9 et le traitement sp\u00e9cial de l'ouverture du conteneur permettent d'obtenir des effets d'\u00e9tanch\u00e9it\u00e9 multiples. M\u00eame lorsque le r\u00e9cipient est renvers\u00e9 ou secou\u00e9, il ne pr\u00e9sente aucune fuite, ce qui le rend pratique pour les voyages.<\/p>\n\n\n\n<p><strong>Plusieurs tailles disponibles<\/strong>: Offre une vari\u00e9t\u00e9 d'options de capacit\u00e9 pour r\u00e9pondre aux besoins de stockage de diff\u00e9rents aliments. Qu'il s'agisse de fruits, de l\u00e9gumes, de viandes ou de soupes, il existe un r\u00e9cipient adapt\u00e9.<\/p>\n\n\n\n<p><strong>Syst\u00e8me strict de contr\u00f4le de la qualit\u00e9<\/strong>: De l'approvisionnement en mati\u00e8res premi\u00e8res \u00e0 la livraison des produits finis, en passant par les processus de production, les fabricants de Lianyuan ont mis en place un syst\u00e8me complet et rigoureux de contr\u00f4le de la qualit\u00e9 afin de s'assurer que chaque produit r\u00e9pond aux normes de haute qualit\u00e9.<\/p>\n<\/div>\n\n\n\n<div class=\"wp-block-column is-layout-flow wp-block-column-is-layout-flow\">\n<figure class=\"wp-block-image size-full\"><img decoding=\"async\" width=\"800\" height=\"800\" src=\"https:\/\/www.lianyuanceramic.com\/wp-content\/uploads\/2025\/12\/custom-decal-ceramic-storage-bowl.webp\" alt=\"bol de stockage en c\u00e9ramique avec d\u00e9calcomanie personnalis\u00e9e\" class=\"wp-image-2511\" srcset=\"https:\/\/www.lianyuanceramic.com\/wp-content\/uploads\/2025\/12\/custom-decal-ceramic-storage-bowl.webp 800w, https:\/\/www.lianyuanceramic.com\/wp-content\/uploads\/2025\/12\/custom-decal-ceramic-storage-bowl-300x300.webp 300w, https:\/\/www.lianyuanceramic.com\/wp-content\/uploads\/2025\/12\/custom-decal-ceramic-storage-bowl-150x150.webp 150w, https:\/\/www.lianyuanceramic.com\/wp-content\/uploads\/2025\/12\/custom-decal-ceramic-storage-bowl-768x768.webp 768w, https:\/\/www.lianyuanceramic.com\/wp-content\/uploads\/2025\/12\/custom-decal-ceramic-storage-bowl-12x12.webp 12w, https:\/\/www.lianyuanceramic.com\/wp-content\/uploads\/2025\/12\/custom-decal-ceramic-storage-bowl-600x600.webp 600w, https:\/\/www.lianyuanceramic.com\/wp-content\/uploads\/2025\/12\/custom-decal-ceramic-storage-bowl-100x100.webp 100w\" sizes=\"(max-width: 800px) 100vw, 800px\" \/><\/figure>\n<\/div>\n<\/div>\n\n\n\n<div class=\"wp-block-columns is-layout-flex wp-container-core-columns-is-layout-9d6595d7 wp-block-columns-is-layout-flex\">\n<div class=\"wp-block-column is-layout-flow wp-block-column-is-layout-flow\"><\/div>\n\n\n\n<div class=\"wp-block-column is-layout-flow wp-block-column-is-layout-flow\"><\/div>\n<\/div>\n\n\n\n<div class=\"wp-block-columns is-layout-flex wp-container-core-columns-is-layout-9d6595d7 wp-block-columns-is-layout-flex\">\n<div class=\"wp-block-column is-layout-flow wp-block-column-is-layout-flow\">\n<figure class=\"wp-block-image size-full\"><img decoding=\"async\" width=\"4399\" height=\"4399\" src=\"https:\/\/www.lianyuanceramic.com\/wp-content\/uploads\/2025\/01\/custom-ceramic-food-storage-containers-bulk-18.webp\" alt=\"r\u00e9cipients en c\u00e9ramique personnalis\u00e9s pour le stockage des aliments en vrac\" class=\"wp-image-1070\" srcset=\"https:\/\/www.lianyuanceramic.com\/wp-content\/uploads\/2025\/01\/custom-ceramic-food-storage-containers-bulk-18.webp 4399w, https:\/\/www.lianyuanceramic.com\/wp-content\/uploads\/2025\/01\/custom-ceramic-food-storage-containers-bulk-18-300x300.webp 300w, https:\/\/www.lianyuanceramic.com\/wp-content\/uploads\/2025\/01\/custom-ceramic-food-storage-containers-bulk-18-150x150.webp 150w, https:\/\/www.lianyuanceramic.com\/wp-content\/uploads\/2025\/01\/custom-ceramic-food-storage-containers-bulk-18-768x768.webp 768w, https:\/\/www.lianyuanceramic.com\/wp-content\/uploads\/2025\/01\/custom-ceramic-food-storage-containers-bulk-18-12x12.webp 12w, https:\/\/www.lianyuanceramic.com\/wp-content\/uploads\/2025\/01\/custom-ceramic-food-storage-containers-bulk-18-1200x1200.webp 1200w, https:\/\/www.lianyuanceramic.com\/wp-content\/uploads\/2025\/01\/custom-ceramic-food-storage-containers-bulk-18-600x600.webp 600w, https:\/\/www.lianyuanceramic.com\/wp-content\/uploads\/2025\/01\/custom-ceramic-food-storage-containers-bulk-18-100x100.webp 100w\" sizes=\"(max-width: 4399px) 100vw, 4399px\" \/><\/figure>\n<\/div>\n\n\n\n<div class=\"wp-block-column is-layout-flow wp-block-column-is-layout-flow\">\n<h2 class=\"wp-block-heading\">R\u00e9cipients de conservation des aliments en c\u00e9ramique personnalis\u00e9s avec couvercles herm\u00e9tiques :<\/h2>\n\n\n\n<p>Le fabricant de r\u00e9cipients alimentaires en c\u00e9ramique de Lianyuan peut fournir des services de personnalisation complets pour r\u00e9aliser vos id\u00e9es.<\/p>\n\n\n\n<p><strong>Taille et forme<\/strong>: Comprend les tailles rondes, ovales, rectangulaires et personnalis\u00e9es.<\/p>\n\n\n\n<p><strong>Mat\u00e9riau et \u00e9paisseur<\/strong>: C\u00e9ramique durable, argile r\u00e9sistante \u00e0 la chaleur, porcelaine, gr\u00e8s, fabriqu\u00e9s sur mesure en diff\u00e9rentes \u00e9paisseurs et r\u00e9sistances \u00e0 la chaleur.<\/p>\n\n\n\n<p><strong>Finitions<\/strong>: Les options comprennent des finitions mates, brillantes ou textur\u00e9es.<\/p>\n\n\n\n<p><strong>D\u00e9coration\/motif<\/strong>: Graphiques, dessins ou logos personnalis\u00e9s, y compris les d\u00e9calcomanies, peints \u00e0 la main et en relief.<\/p>\n\n\n\n<p><strong>Paquet<\/strong>: Emballage personnalis\u00e9 pour les commandes en vrac, les coffrets cadeaux ou la distribution au d\u00e9tail avec un \u00e9tiquetage ou un marquage personnalis\u00e9.<\/p>\n<\/div>\n<\/div>\n\n\n\n<div class=\"wp-block-columns is-layout-flex wp-container-core-columns-is-layout-9d6595d7 wp-block-columns-is-layout-flex\">\n<div class=\"wp-block-column is-layout-flow wp-block-column-is-layout-flow\">\n<figure class=\"wp-block-image size-full\"><img decoding=\"async\" width=\"2000\" height=\"2000\" src=\"https:\/\/www.lianyuanceramic.com\/wp-content\/uploads\/2025\/01\/custom-ceramic-food-storage-containers-bulk-20.webp\" alt=\"r\u00e9cipients en c\u00e9ramique personnalis\u00e9s pour le stockage des aliments en vrac\" class=\"wp-image-1072\" srcset=\"https:\/\/www.lianyuanceramic.com\/wp-content\/uploads\/2025\/01\/custom-ceramic-food-storage-containers-bulk-20.webp 2000w, https:\/\/www.lianyuanceramic.com\/wp-content\/uploads\/2025\/01\/custom-ceramic-food-storage-containers-bulk-20-300x300.webp 300w, https:\/\/www.lianyuanceramic.com\/wp-content\/uploads\/2025\/01\/custom-ceramic-food-storage-containers-bulk-20-150x150.webp 150w, https:\/\/www.lianyuanceramic.com\/wp-content\/uploads\/2025\/01\/custom-ceramic-food-storage-containers-bulk-20-768x768.webp 768w, https:\/\/www.lianyuanceramic.com\/wp-content\/uploads\/2025\/01\/custom-ceramic-food-storage-containers-bulk-20-12x12.webp 12w, https:\/\/www.lianyuanceramic.com\/wp-content\/uploads\/2025\/01\/custom-ceramic-food-storage-containers-bulk-20-1200x1200.webp 1200w, https:\/\/www.lianyuanceramic.com\/wp-content\/uploads\/2025\/01\/custom-ceramic-food-storage-containers-bulk-20-600x600.webp 600w, https:\/\/www.lianyuanceramic.com\/wp-content\/uploads\/2025\/01\/custom-ceramic-food-storage-containers-bulk-20-100x100.webp 100w\" sizes=\"(max-width: 2000px) 100vw, 2000px\" \/><\/figure>\n<\/div>\n\n\n\n<div class=\"wp-block-column is-layout-flow wp-block-column-is-layout-flow\">\n<figure class=\"wp-block-image size-full\"><img decoding=\"async\" width=\"2000\" height=\"2000\" src=\"https:\/\/www.lianyuanceramic.com\/wp-content\/uploads\/2025\/01\/custom-ceramic-food-storage-containers-bulk-19.webp\" alt=\"r\u00e9cipients en c\u00e9ramique personnalis\u00e9s pour le stockage des aliments en vrac\" class=\"wp-image-1071\" srcset=\"https:\/\/www.lianyuanceramic.com\/wp-content\/uploads\/2025\/01\/custom-ceramic-food-storage-containers-bulk-19.webp 2000w, https:\/\/www.lianyuanceramic.com\/wp-content\/uploads\/2025\/01\/custom-ceramic-food-storage-containers-bulk-19-300x300.webp 300w, https:\/\/www.lianyuanceramic.com\/wp-content\/uploads\/2025\/01\/custom-ceramic-food-storage-containers-bulk-19-150x150.webp 150w, https:\/\/www.lianyuanceramic.com\/wp-content\/uploads\/2025\/01\/custom-ceramic-food-storage-containers-bulk-19-768x768.webp 768w, https:\/\/www.lianyuanceramic.com\/wp-content\/uploads\/2025\/01\/custom-ceramic-food-storage-containers-bulk-19-12x12.webp 12w, https:\/\/www.lianyuanceramic.com\/wp-content\/uploads\/2025\/01\/custom-ceramic-food-storage-containers-bulk-19-1200x1200.webp 1200w, https:\/\/www.lianyuanceramic.com\/wp-content\/uploads\/2025\/01\/custom-ceramic-food-storage-containers-bulk-19-600x600.webp 600w, https:\/\/www.lianyuanceramic.com\/wp-content\/uploads\/2025\/01\/custom-ceramic-food-storage-containers-bulk-19-100x100.webp 100w\" sizes=\"(max-width: 2000px) 100vw, 2000px\" \/><\/figure>\n<\/div>\n<\/div>\n\n\n\n<p><\/p>","protected":false},"excerpt":{"rendered":"<p>R\u00e9cipients de conservation des aliments en c\u00e9ramique personnalis\u00e9s avec couvercles herm\u00e9tiques en c\u00e9ramique naturelle, avec une r\u00e9sistance sup\u00e9rieure \u00e0 la temp\u00e9rature et de multiples caract\u00e9ristiques de scellage. Nous offrons une vari\u00e9t\u00e9 de tailles pour r\u00e9pondre \u00e0 divers besoins tels que la cuisson, la pr\u00e9paration des aliments et le stockage des aliments. Approvisionnement direct de l'usine, syst\u00e8me de contr\u00f4le de la qualit\u00e9 strict, personnalisation possible, demandes de renseignements bienvenues.<\/p>\n<h2>R\u00e9cipients de conservation des aliments en c\u00e9ramique avec couvercles herm\u00e9tiques Param\u00e8tre :<\/h2>\n<table width=\"353\">\n<tbody>\n<tr>\n<td width=\"82\">Fabricant<\/td>\n<td width=\"270\">Lianyuan<\/td>\n<\/tr>\n<tr>\n<td>Type de produit<\/td>\n<td width=\"270\">R\u00e9cipient alimentaire, bo\u00eete de conservation<\/td>\n<\/tr>\n<tr>\n<td>Mod\u00e8le<\/td>\n<td>Floral, Plantes<\/td>\n<\/tr>\n<tr>\n<td>Couleur<\/td>\n<td>\n<p>Multi-couleur<\/p>\n<\/td>\n<\/tr>\n<tr>\n<td>Mat\u00e9riau<\/td>\n<td>Porcelaine durable<\/td>\n<\/tr>\n<tr>\n<td>Artisanat<\/td>\n<td>D\u00e9calque en gla\u00e7ure, peint \u00e0 la main\u00a0<\/td>\n<\/tr>\n<tr>\n<td>Application<\/td>\n<td>Passe au micro-ondes et au lave-vaisselle, au four et au cong\u00e9lateur<\/td>\n<\/tr>\n<tr>\n<td>Sur mesure<\/td>\n<td>Couleur\/Taille\/Logo\/Emballage<\/td>\n<\/tr>\n<\/tbody>\n<\/table>","protected":false},"featured_media":2513,"comment_status":"open","ping_status":"closed","template":"","meta":{"_acf_changed":false},"product_brand":[],"product_cat":[20],"product_tag":[30,29,27],"class_list":{"0":"post-2501","1":"product","2":"type-product","3":"status-publish","4":"has-post-thumbnail","6":"product_cat-custom-bakeware-casserole-dish","7":"product_tag-custom-porcelain-dinnerware","8":"product_tag-hand-painted-embossed-dinnerware-wholesale","9":"product_tag-wholesale-decal-ceramics","11":"first","12":"instock","13":"shipping-taxable","14":"product-type-simple"},"acf":[],"_links":{"self":[{"href":"https:\/\/www.lianyuanceramic.com\/fr\/wp-json\/wp\/v2\/product\/2501","targetHints":{"allow":["GET"]}}],"collection":[{"href":"https:\/\/www.lianyuanceramic.com\/fr\/wp-json\/wp\/v2\/product"}],"about":[{"href":"https:\/\/www.lianyuanceramic.com\/fr\/wp-json\/wp\/v2\/types\/product"}],"replies":[{"embeddable":true,"href":"https:\/\/www.lianyuanceramic.com\/fr\/wp-json\/wp\/v2\/comments?post=2501"}],"wp:featuredmedia":[{"embeddable":true,"href":"https:\/\/www.lianyuanceramic.com\/fr\/wp-json\/wp\/v2\/media\/2513"}],"wp:attachment":[{"href":"https:\/\/www.lianyuanceramic.com\/fr\/wp-json\/wp\/v2\/media?parent=2501"}],"wp:term":[{"taxonomy":"product_brand","embeddable":true,"href":"https:\/\/www.lianyuanceramic.com\/fr\/wp-json\/wp\/v2\/product_brand?post=2501"},{"taxonomy":"product_cat","embeddable":true,"href":"https:\/\/www.lianyuanceramic.com\/fr\/wp-json\/wp\/v2\/product_cat?post=2501"},{"taxonomy":"product_tag","embeddable":true,"href":"https:\/\/www.lianyuanceramic.com\/fr\/wp-json\/wp\/v2\/product_tag?post=2501"}],"curies":[{"name":"wp","href":"https:\/\/api.w.org\/{rel}","templated":true}]}}