{"id":2486,"date":"2025-12-02T03:44:53","date_gmt":"2025-12-02T03:44:53","guid":{"rendered":"https:\/\/www.lianyuanceramic.com\/?post_type=product&#038;p=2486"},"modified":"2025-12-10T02:52:59","modified_gmt":"2025-12-10T02:52:59","slug":"wholesale-fancy-dinnerware-sets","status":"publish","type":"product","link":"https:\/\/www.lianyuanceramic.com\/fr\/produit\/wholesale-fancy-dinnerware-sets\/","title":{"rendered":"Wholesale Fancy Dinnerware Sets, Flower Pattern Dinnerware, Plate, Bowl, Bakeware, Cup in Bulk (vaisselle fantaisie, assiettes, bols, tasses en vrac)"},"content":{"rendered":"<div class=\"wp-block-columns is-layout-flex wp-container-core-columns-is-layout-9d6595d7 wp-block-columns-is-layout-flex\">\n<div class=\"wp-block-column is-layout-flow wp-block-column-is-layout-flow\">\n<h2 class=\"wp-block-heading\">Ensemble de vaisselle fantaisie Caract\u00e9ristiques :<\/h2>\n\n\n\n<p><strong>D\u00e9calcomanie fleurie :<\/strong> Chaque pi\u00e8ce pr\u00e9sente un design unique agr\u00e9ment\u00e9 d'un motif floral. Plein de soleil printanier. Il est tr\u00e8s appr\u00e9ci\u00e9 pour la d\u00e9coration et les accessoires de cuisine, ainsi que pour les ensembles de salle \u00e0 manger.<\/p>\n\n\n\n<p><strong>Facile \u00e0 nettoyer<\/strong>: La c\u00e9ramique solide et non poreuse r\u00e9siste \u00e0 la r\u00e9tention des odeurs et \u00e0 l'adh\u00e9rence des aliments, ce qui garantit un nettoyage facile et impeccable. <\/p>\n\n\n\n<p><strong>Stacks Design<\/strong>: Il s'adapte parfaitement aux lave-vaisselle et aux armoires, offrant une commodit\u00e9 optimale pour la routine de la restauration.<\/p>\n\n\n\n<p><strong>Applicable \u00e0 plusieurs sc\u00e9narios<\/strong>: L\u00e9ger, facile \u00e0 transporter, il convient aux repas quotidiens \u00e0 l'int\u00e9rieur, ainsi qu'aux activit\u00e9s de plein air, au camping, aux pique-niques, aux v\u00e9hicules de loisirs, etc. <\/p>\n\n\n\n<p><strong>Une forte comp\u00e9titivit\u00e9 sur le march\u00e9 : <\/strong>La vaisselle unique de gros \u00e0 motif floral r\u00e9tro rehausse l'atmosph\u00e8re des restaurants, des h\u00f4tels et des repas en famille. Son attrait esth\u00e9tique et sa praticit\u00e9 contribuent \u00e0 renforcer l'image de la marque et \u00e0 am\u00e9liorer l'exp\u00e9rience des clients.<\/p>\n<\/div>\n\n\n\n<div class=\"wp-block-column is-layout-flow wp-block-column-is-layout-flow\">\n<figure class=\"wp-block-image size-full\"><img decoding=\"async\" width=\"800\" height=\"800\" src=\"https:\/\/www.lianyuanceramic.com\/wp-content\/uploads\/2025\/11\/custom-ceramic-hand-painted-dinnerware.webp\" alt=\"vaisselle personnalis\u00e9e en c\u00e9ramique peinte \u00e0 la main\" class=\"wp-image-2489\" srcset=\"https:\/\/www.lianyuanceramic.com\/wp-content\/uploads\/2025\/11\/custom-ceramic-hand-painted-dinnerware.webp 800w, https:\/\/www.lianyuanceramic.com\/wp-content\/uploads\/2025\/11\/custom-ceramic-hand-painted-dinnerware-300x300.webp 300w, https:\/\/www.lianyuanceramic.com\/wp-content\/uploads\/2025\/11\/custom-ceramic-hand-painted-dinnerware-150x150.webp 150w, https:\/\/www.lianyuanceramic.com\/wp-content\/uploads\/2025\/11\/custom-ceramic-hand-painted-dinnerware-768x768.webp 768w, https:\/\/www.lianyuanceramic.com\/wp-content\/uploads\/2025\/11\/custom-ceramic-hand-painted-dinnerware-12x12.webp 12w, https:\/\/www.lianyuanceramic.com\/wp-content\/uploads\/2025\/11\/custom-ceramic-hand-painted-dinnerware-600x600.webp 600w, https:\/\/www.lianyuanceramic.com\/wp-content\/uploads\/2025\/11\/custom-ceramic-hand-painted-dinnerware-100x100.webp 100w\" sizes=\"(max-width: 800px) 100vw, 800px\" \/><\/figure>\n<\/div>\n<\/div>\n\n\n\n<div class=\"wp-block-columns is-layout-flex wp-container-core-columns-is-layout-9d6595d7 wp-block-columns-is-layout-flex\">\n<div class=\"wp-block-column is-layout-flow wp-block-column-is-layout-flow\">\n<figure class=\"wp-block-image size-full\"><img decoding=\"async\" width=\"800\" height=\"800\" src=\"https:\/\/www.lianyuanceramic.com\/wp-content\/uploads\/2025\/11\/Factory-direct-ceramic-dinnerware-sets.webp\" alt=\"Vaisselle en c\u00e9ramique en direct de l&#039;usine\" class=\"wp-image-2490\" srcset=\"https:\/\/www.lianyuanceramic.com\/wp-content\/uploads\/2025\/11\/Factory-direct-ceramic-dinnerware-sets.webp 800w, https:\/\/www.lianyuanceramic.com\/wp-content\/uploads\/2025\/11\/Factory-direct-ceramic-dinnerware-sets-300x300.webp 300w, https:\/\/www.lianyuanceramic.com\/wp-content\/uploads\/2025\/11\/Factory-direct-ceramic-dinnerware-sets-150x150.webp 150w, https:\/\/www.lianyuanceramic.com\/wp-content\/uploads\/2025\/11\/Factory-direct-ceramic-dinnerware-sets-768x768.webp 768w, https:\/\/www.lianyuanceramic.com\/wp-content\/uploads\/2025\/11\/Factory-direct-ceramic-dinnerware-sets-12x12.webp 12w, https:\/\/www.lianyuanceramic.com\/wp-content\/uploads\/2025\/11\/Factory-direct-ceramic-dinnerware-sets-600x600.webp 600w, https:\/\/www.lianyuanceramic.com\/wp-content\/uploads\/2025\/11\/Factory-direct-ceramic-dinnerware-sets-100x100.webp 100w\" sizes=\"(max-width: 800px) 100vw, 800px\" \/><\/figure>\n<\/div>\n\n\n\n<div class=\"wp-block-column is-layout-flow wp-block-column-is-layout-flow\">\n<h2 class=\"wp-block-heading\">Service de vaisselle personnalis\u00e9 :<\/h2>\n\n\n\n<p>Lianyuan propose diverses options de vaisselle personnalis\u00e9e en fonction des besoins de la marque ou des tendances de la mode, ce qui en fait un produit id\u00e9al pour un usage personnel ou commercial.<\/p>\n\n\n\n<p><strong>Conception :\u00a0<\/strong>Couleur simple et unie.<\/p>\n\n\n\n<p><strong>Composition de l'ensemble :<\/strong>&nbsp;Sets de tasses en c\u00e9ramique personnalis\u00e9s avec des combinaisons de tasses, de bols et de cuill\u00e8res.<\/p>\n\n\n\n<p><strong>Taille :&nbsp;<\/strong>Choisissez parmi diff\u00e9rentes tailles pour convenir \u00e0 diff\u00e9rentes portions de repas.<\/p>\n\n\n\n<p><strong>Mat\u00e9riau :<\/strong>&nbsp;C\u00e9ramique, porcelaine, porcelaine osseuse ou se renseigner sur les autres possibilit\u00e9s.<\/p>\n\n\n\n<p><strong>Artisanat :&nbsp;<\/strong>D\u00e9calcomanies de gla\u00e7age, changement de four, peinture \u00e0 la main, motifs en relief ou autres.<\/p>\n\n\n\n<p><strong>Emballage :&nbsp;<\/strong>Emballage en vrac, bo\u00eete de couleur, bo\u00eete cadeau, bo\u00eete de pr\u00e9sentation, bo\u00eete d'exp\u00e9dition, etc.<\/p>\n<\/div>\n<\/div>\n\n\n\n<p><\/p>","protected":false},"excerpt":{"rendered":"<div class=\"D5aOJc vJwDU\">Vaisselle de luxe en gros, style r\u00e9tro, d\u00e9corations florales exquises, facile \u00e0 nettoyer, empilable, convenant aux restaurants, h\u00f4tels et maisons. Stock en vrac semi-personnalis\u00e9 disponible. Contactez-nous d\u00e8s maintenant pour un devis en gros.<\/div>\n<h2>Param\u00e8tres des services de vaisselle de fantaisie<\/h2>\n<table style=\"border-collapse: collapse; width: 370.82pt;\" border=\"0\" width=\"618\" cellspacing=\"0\" cellpadding=\"0\">\n<tbody>\n<tr style=\"height: 15.60pt;\">\n<td class=\"et3\" style=\"height: 15.60pt; width: 108.00pt;\" width=\"180\" height=\"26\">Fabricant<\/td>\n<td class=\"et3\" style=\"width: 263.25pt;\" width=\"438\">Lianyuan<\/td>\n<\/tr>\n<tr style=\"height: 15.60pt;\">\n<td class=\"et3\" style=\"height: 15.60pt;\" height=\"26\">Type de produit<\/td>\n<td class=\"et3\">Assiettes plates, bols<\/td>\n<\/tr>\n<tr style=\"height: 15.60pt;\">\n<td class=\"et3\" style=\"height: 15.60pt;\" height=\"26\">Mat\u00e9riau<\/td>\n<td class=\"et3\">Porcelaine durable<\/td>\n<\/tr>\n<tr style=\"height: 15.60pt;\">\n<td class=\"et3\" style=\"height: 15.60pt;\" height=\"26\">Artisanat<\/td>\n<td class=\"et3\">En gla\u00e7age<\/td>\n<\/tr>\n<tr style=\"height: 15.60pt;\">\n<td class=\"et3\" style=\"height: 15.60pt;\" height=\"26\">Application<\/td>\n<td class=\"et3\">Passe au micro-ondes, au lave-vaisselle et au four<\/td>\n<\/tr>\n<tr style=\"height: 15.60pt;\">\n<td class=\"et3\" style=\"height: 15.60pt;\" height=\"26\">Sur mesure<\/td>\n<td class=\"et3\">Couleur\/Taille\/Logo\/Emballage<\/td>\n<\/tr>\n<\/tbody>\n<\/table>","protected":false},"featured_media":2487,"comment_status":"open","ping_status":"closed","template":"","meta":{"_acf_changed":false},"product_brand":[],"product_cat":[17],"product_tag":[30,27],"class_list":{"0":"post-2486","1":"product","2":"type-product","3":"status-publish","4":"has-post-thumbnail","6":"product_cat-dinnerware-wholesale","7":"product_tag-custom-porcelain-dinnerware","8":"product_tag-wholesale-decal-ceramics","10":"first","11":"instock","12":"shipping-taxable","13":"product-type-simple"},"acf":[],"_links":{"self":[{"href":"https:\/\/www.lianyuanceramic.com\/fr\/wp-json\/wp\/v2\/product\/2486","targetHints":{"allow":["GET"]}}],"collection":[{"href":"https:\/\/www.lianyuanceramic.com\/fr\/wp-json\/wp\/v2\/product"}],"about":[{"href":"https:\/\/www.lianyuanceramic.com\/fr\/wp-json\/wp\/v2\/types\/product"}],"replies":[{"embeddable":true,"href":"https:\/\/www.lianyuanceramic.com\/fr\/wp-json\/wp\/v2\/comments?post=2486"}],"wp:featuredmedia":[{"embeddable":true,"href":"https:\/\/www.lianyuanceramic.com\/fr\/wp-json\/wp\/v2\/media\/2487"}],"wp:attachment":[{"href":"https:\/\/www.lianyuanceramic.com\/fr\/wp-json\/wp\/v2\/media?parent=2486"}],"wp:term":[{"taxonomy":"product_brand","embeddable":true,"href":"https:\/\/www.lianyuanceramic.com\/fr\/wp-json\/wp\/v2\/product_brand?post=2486"},{"taxonomy":"product_cat","embeddable":true,"href":"https:\/\/www.lianyuanceramic.com\/fr\/wp-json\/wp\/v2\/product_cat?post=2486"},{"taxonomy":"product_tag","embeddable":true,"href":"https:\/\/www.lianyuanceramic.com\/fr\/wp-json\/wp\/v2\/product_tag?post=2486"}],"curies":[{"name":"wp","href":"https:\/\/api.w.org\/{rel}","templated":true}]}}