{"id":248,"date":"2024-10-19T17:08:07","date_gmt":"2024-10-19T17:08:07","guid":{"rendered":"https:\/\/www.lianyuanceramic.com\/?post_type=product&#038;p=248"},"modified":"2024-12-28T14:09:55","modified_gmt":"2024-12-28T14:09:55","slug":"ceramic-bakeware-wholesale","status":"publish","type":"product","link":"https:\/\/www.lianyuanceramic.com\/fr\/produit\/ceramic-bakeware-wholesale\/","title":{"rendered":"Wholesale Ceramic Bakeware Nonstick with Lid for Toaster Oven (Cuisson en c\u00e9ramique antiadh\u00e9sive avec couvercle pour grille-pain four)"},"content":{"rendered":"<div class=\"wp-block-columns is-layout-flex wp-container-core-columns-is-layout-9d6595d7 wp-block-columns-is-layout-flex\">\n<div class=\"wp-block-column is-layout-flow wp-block-column-is-layout-flow\">\n<h2 class=\"wp-block-heading\">C\u00e9ramique Caract\u00e9ristiques du moule \u00e0 p\u00e2tisserie :<\/h2>\n\n\n\n<p><strong>Mat\u00e9riau c\u00e9ramique de haute qualit\u00e9<\/strong><br>Fabriqu\u00e9 en \u00e9mail durable et r\u00e9sistant aux rayures et en c\u00e9ramique non r\u00e9active et non toxique, r\u00e9sistant aux taches et aux odeurs.<\/p>\n\n\n\n<p><strong>Processus de cuisson<\/strong><br>La cuisson \u00e0 1280 degr\u00e9s conf\u00e8re \u00e0 la porcelaine une densit\u00e9 \u00e9lev\u00e9e, emp\u00eache l'absorption de l'humidit\u00e9 et pr\u00e9vient la formation de fissures et de craquelures.<\/p>\n\n\n\n<p><strong>Qualit\u00e9 sup\u00e9rieure \u00e0 la norme California 65<\/strong><br>R\u00e9pond aux normes de s\u00e9curit\u00e9 California 65 pour garantir qu'il ne contient pas de substances nocives et qu'il r\u00e9pond aux normes d'utilisation quotidienne en toute s\u00e9curit\u00e9.<\/p>\n\n\n\n<p><strong>Motifs floraux \u00e9clatants<\/strong><br>Couleurs riches \u00e0 utiliser seules ou avec n'importe quel ustensile de cuisine pour rehausser la pr\u00e9sentation des plats<\/p>\n\n\n\n<p><strong>D\u00e9coration \u00e9maill\u00e9e et artisanat peint \u00e0 la main<\/strong><br>L'artisanat de l'\u00e9mail et les motifs floraux se fondent parfaitement, avec une surface d\u00e9licate et lisse et un toucher d\u00e9licat.<\/p>\n\n\n\n<p><strong>Commodit\u00e9<\/strong><br>Les assiettes rondes et rectangulaires conviennent \u00e0 la pr\u00e9sentation de diff\u00e9rentes cuisines.<\/p>\n<\/div>\n\n\n\n<div class=\"wp-block-column is-layout-flow wp-block-column-is-layout-flow\">\n<figure class=\"wp-block-image size-full\"><img decoding=\"async\" width=\"538\" height=\"538\" src=\"https:\/\/www.lianyuanceramic.com\/wp-content\/uploads\/2024\/10\/Ceramic-Bakeware-Wholesale-2.webp\" alt=\"C\u00e9ramique-P\u00e2tisserie-Grossiste (2)\" class=\"wp-image-256\" srcset=\"https:\/\/www.lianyuanceramic.com\/wp-content\/uploads\/2024\/10\/Ceramic-Bakeware-Wholesale-2.webp 538w, https:\/\/www.lianyuanceramic.com\/wp-content\/uploads\/2024\/10\/Ceramic-Bakeware-Wholesale-2-300x300.webp 300w, https:\/\/www.lianyuanceramic.com\/wp-content\/uploads\/2024\/10\/Ceramic-Bakeware-Wholesale-2-150x150.webp 150w, https:\/\/www.lianyuanceramic.com\/wp-content\/uploads\/2024\/10\/Ceramic-Bakeware-Wholesale-2-100x100.webp 100w\" sizes=\"(max-width: 538px) 100vw, 538px\" \/><\/figure>\n<\/div>\n<\/div>\n\n\n\n<div class=\"wp-block-columns is-layout-flex wp-container-core-columns-is-layout-9d6595d7 wp-block-columns-is-layout-flex\">\n<div class=\"wp-block-column is-layout-flow wp-block-column-is-layout-flow\">\n<figure class=\"wp-block-image size-full\"><img decoding=\"async\" width=\"764\" height=\"764\" src=\"https:\/\/www.lianyuanceramic.com\/wp-content\/uploads\/2024\/10\/Ceramic-Bakeware-Wholesale-1.webp\" alt=\"C\u00e9ramique-P\u00e2tisserie-Grossiste (1)\" class=\"wp-image-255\" srcset=\"https:\/\/www.lianyuanceramic.com\/wp-content\/uploads\/2024\/10\/Ceramic-Bakeware-Wholesale-1.webp 764w, https:\/\/www.lianyuanceramic.com\/wp-content\/uploads\/2024\/10\/Ceramic-Bakeware-Wholesale-1-300x300.webp 300w, https:\/\/www.lianyuanceramic.com\/wp-content\/uploads\/2024\/10\/Ceramic-Bakeware-Wholesale-1-150x150.webp 150w, https:\/\/www.lianyuanceramic.com\/wp-content\/uploads\/2024\/10\/Ceramic-Bakeware-Wholesale-1-600x600.webp 600w, https:\/\/www.lianyuanceramic.com\/wp-content\/uploads\/2024\/10\/Ceramic-Bakeware-Wholesale-1-100x100.webp 100w\" sizes=\"(max-width: 764px) 100vw, 764px\" \/><\/figure>\n<\/div>\n\n\n\n<div class=\"wp-block-column is-layout-flow wp-block-column-is-layout-flow\">\n<h2 class=\"wp-block-heading\">ustensiles de cuisson en c\u00e9ramique personnalis\u00e9s<\/h2>\n\n\n\n<p>Le fabricant d'ustensiles de cuisine en c\u00e9ramique de Lianyuan peut fournir des services de personnalisation complets pour r\u00e9aliser vos id\u00e9es.<\/p>\n\n\n\n<p><strong>Taille et forme<\/strong><br>Comprend des tailles rondes, ovales, rectangulaires et personnalis\u00e9es.<\/p>\n\n\n\n<p><strong>Mat\u00e9riau et \u00e9paisseur<\/strong><br>C\u00e9ramique durable, argile r\u00e9sistante \u00e0 la chaleur, porcelaine, gr\u00e8s, fabriqu\u00e9s sur mesure dans diff\u00e9rentes \u00e9paisseurs et r\u00e9sistances \u00e0 la chaleur.<\/p>\n\n\n\n<p><strong>Finitions<\/strong><br>Les options comprennent des finitions mates, brillantes ou textur\u00e9es.<\/p>\n\n\n\n<p><strong>D\u00e9coration\/motif<\/strong><br>Graphiques, dessins ou logos personnalis\u00e9s, y compris les d\u00e9calcomanies, les peintures \u00e0 la main et les gaufrages.<\/p>\n\n\n\n<p><strong>Paquet<\/strong><br>Emballage personnalis\u00e9 pour les commandes en vrac, les coffrets cadeaux ou la distribution au d\u00e9tail, avec \u00e9tiquetage ou marquage personnalis\u00e9.<\/p>\n<\/div>\n<\/div>\n\n\n\n<p><\/p>","protected":false},"excerpt":{"rendered":"<p>Choisissez la batterie de cuisine en c\u00e9ramique 5 pi\u00e8ces de Lianyuan Wholesale pour am\u00e9liorer votre exp\u00e9rience culinaire. Chaque ustensile de cuisson est fabriqu\u00e9 en c\u00e9ramique de haute qualit\u00e9 avec une bonne r\u00e9sistance \u00e0 la chaleur et une bonne r\u00e9tention de la chaleur, convenant \u00e0 diff\u00e9rents styles de cuisson tels que la cuisson au four et le r\u00f4tissage.<\/p>\n<h2>Param\u00e8tres des moules \u00e0 p\u00e2tisserie en c\u00e9ramique<\/h2>\n<table style=\"border-collapse: collapse; width: 370.82pt;\" border=\"0\" width=\"618\" cellspacing=\"0\" cellpadding=\"0\">\n<tbody>\n<tr style=\"height: 15.60pt;\">\n<td class=\"et3\" style=\"height: 15.60pt; width: 108.00pt;\" width=\"180\" height=\"26\">Fabricant<\/td>\n<td class=\"et3\" style=\"width: 263.25pt;\" width=\"438\">Lianyuan<\/td>\n<\/tr>\n<tr style=\"height: 15.60pt;\">\n<td class=\"et3\" style=\"height: 15.60pt;\" height=\"26\">Type de produit<\/td>\n<td class=\"et3\">Ustensiles de service, ustensiles de cuisson<\/td>\n<\/tr>\n<tr style=\"height: 15.60pt;\">\n<td class=\"et3\" style=\"height: 15.60pt;\" height=\"26\">Mod\u00e8le<\/td>\n<td class=\"et3\">Floral<\/td>\n<\/tr>\n<tr style=\"height: 15.60pt;\">\n<td class=\"et3\" style=\"height: 15.60pt;\" height=\"26\">Couleur<\/td>\n<td class=\"et3\">Rouge<\/td>\n<\/tr>\n<tr style=\"height: 15.60pt;\">\n<td class=\"et3\" style=\"height: 15.60pt;\" height=\"26\">Mat\u00e9riau<\/td>\n<td class=\"et3\">Porcelaine durable<\/td>\n<\/tr>\n<tr style=\"height: 15.60pt;\">\n<td class=\"et3\" style=\"height: 15.60pt;\" height=\"26\">Artisanat<\/td>\n<td class=\"et3\">D\u00e9calcomanie et peinture \u00e0 la main<\/td>\n<\/tr>\n<tr style=\"height: 15.60pt;\">\n<td class=\"et3\" style=\"height: 15.60pt;\" height=\"26\">Application<\/td>\n<td class=\"et3\">Passe au micro-ondes, au lave-vaisselle et au four<\/td>\n<\/tr>\n<tr style=\"height: 15.60pt;\">\n<td class=\"et3\" style=\"height: 15.60pt;\" height=\"26\">Sur mesure<\/td>\n<td class=\"et3\">Couleur\/Taille\/Logo\/Emballage<\/td>\n<\/tr>\n<\/tbody>\n<\/table>","protected":false},"featured_media":255,"comment_status":"open","ping_status":"closed","template":"","meta":{"_acf_changed":true},"product_brand":[],"product_cat":[20],"product_tag":[30,29,27],"class_list":{"0":"post-248","1":"product","2":"type-product","3":"status-publish","4":"has-post-thumbnail","6":"product_cat-custom-bakeware-casserole-dish","7":"product_tag-custom-porcelain-dinnerware","8":"product_tag-hand-painted-embossed-dinnerware-wholesale","9":"product_tag-wholesale-decal-ceramics","11":"first","12":"instock","13":"shipping-taxable","14":"product-type-simple"},"acf":[],"_links":{"self":[{"href":"https:\/\/www.lianyuanceramic.com\/fr\/wp-json\/wp\/v2\/product\/248","targetHints":{"allow":["GET"]}}],"collection":[{"href":"https:\/\/www.lianyuanceramic.com\/fr\/wp-json\/wp\/v2\/product"}],"about":[{"href":"https:\/\/www.lianyuanceramic.com\/fr\/wp-json\/wp\/v2\/types\/product"}],"replies":[{"embeddable":true,"href":"https:\/\/www.lianyuanceramic.com\/fr\/wp-json\/wp\/v2\/comments?post=248"}],"wp:featuredmedia":[{"embeddable":true,"href":"https:\/\/www.lianyuanceramic.com\/fr\/wp-json\/wp\/v2\/media\/255"}],"wp:attachment":[{"href":"https:\/\/www.lianyuanceramic.com\/fr\/wp-json\/wp\/v2\/media?parent=248"}],"wp:term":[{"taxonomy":"product_brand","embeddable":true,"href":"https:\/\/www.lianyuanceramic.com\/fr\/wp-json\/wp\/v2\/product_brand?post=248"},{"taxonomy":"product_cat","embeddable":true,"href":"https:\/\/www.lianyuanceramic.com\/fr\/wp-json\/wp\/v2\/product_cat?post=248"},{"taxonomy":"product_tag","embeddable":true,"href":"https:\/\/www.lianyuanceramic.com\/fr\/wp-json\/wp\/v2\/product_tag?post=248"}],"curies":[{"name":"wp","href":"https:\/\/api.w.org\/{rel}","templated":true}]}}