{"id":2469,"date":"2025-12-02T03:11:23","date_gmt":"2025-12-02T03:11:23","guid":{"rendered":"https:\/\/www.lianyuanceramic.com\/?post_type=product&#038;p=2469"},"modified":"2025-12-10T03:09:28","modified_gmt":"2025-12-10T03:09:28","slug":"custom-home-trends-dinnerware","status":"publish","type":"product","link":"https:\/\/www.lianyuanceramic.com\/fr\/produit\/custom-home-trends-dinnerware\/","title":{"rendered":"Bulk Custom Home Trends Dinnerware, Set d'assiettes et de bols Red Flora"},"content":{"rendered":"<div class=\"wp-block-columns is-layout-flex wp-container-core-columns-is-layout-9d6595d7 wp-block-columns-is-layout-flex\">\n<div class=\"wp-block-column is-layout-flow wp-block-column-is-layout-flow\">\n<h2 class=\"wp-block-heading\">Vaisselle Home Trends Caract\u00e9ristiques :<\/h2>\n\n\n\n<p><strong>Conception artistique :<\/strong> Les motifs floraux repr\u00e9sentent le romantisme, la douceur et la chaleur, ainsi que le temp\u00e9rament artistique, les tendances de la mode et un style de vie libre. Ajoutez un style artistique \u00e0 la maison et aux espaces de restauration, en cr\u00e9ant une atmosph\u00e8re charmante et inspirante.<\/p>\n\n\n\n<p><strong>Fabrication de haute qualit\u00e9 :<\/strong>Les services de vaisselle en c\u00e9ramique sont m\u00e9ticuleusement fabriqu\u00e9s avec de la c\u00e9ramique durable de haute qualit\u00e9, garantissant une longue dur\u00e9e de vie et une r\u00e9sistance \u00e0 l'\u00e9caillage et \u00e0 la casse. Ils sont \u00e9maill\u00e9s de mani\u00e8re experte pour offrir une finition lisse et brillante, ce qui les rend non seulement fonctionnels, mais aussi visuellement attrayants.<\/p>\n\n\n\n<p><strong>S\u00e9curit\u00e9 et durabilit\u00e9 :<\/strong>Les \u00e9maux ne contiennent pas de plomb, ce qui \u00e9vite aux clients de s'inqui\u00e9ter de l'infiltration de plomb dans leur organisme. Ces plats sont cuits \u00e0 haute temp\u00e9rature pour maximiser la r\u00e9sistance de la porcelaine.<\/p>\n\n\n\n<p><strong>Pratique pour une utilisation quotidienne : <\/strong>Chaque bol et chaque assiette peuvent \u00eatre utilis\u00e9s en toute s\u00e9curit\u00e9 au lave-vaisselle et au micro-ondes, conviennent \u00e0 un usage fr\u00e9quent et au nettoyage au lave-vaisselle, et peuvent conserver un aspect neuf pendant longtemps. <\/p>\n\n\n\n<p><strong>Conception empilable<\/strong>: Que ce soit dans le r\u00e9frig\u00e9rateur ou sur le buffet, cet ensemble de vaisselle color\u00e9e est tr\u00e8s efficace. La conception empilable permet d'\u00e9conomiser de l'espace dans la cuisine, en vous permettant de placer la vaisselle sur des armoires ou des \u00e9tag\u00e8res.<\/p>\n\n\n\n<p><strong>Des services de personnalisation flexibles<\/strong>: Les fabricants de Lianyuan proposent des options de personnalisation telles que des motifs, des couleurs, des formes d'assiettes et des combinaisons d'ensembles. Les logos des restaurants\/h\u00f4tels ou des marques exclusives peuvent \u00eatre imprim\u00e9s pour cr\u00e9er des produits diff\u00e9renci\u00e9s.<\/p>\n<\/div>\n\n\n\n<div class=\"wp-block-column is-layout-flow wp-block-column-is-layout-flow\">\n<figure class=\"wp-block-image size-full\"><img decoding=\"async\" width=\"800\" height=\"800\" src=\"https:\/\/www.lianyuanceramic.com\/wp-content\/uploads\/2025\/11\/custom-ceramic-decal-dinnerware-sets-supplier.webp\" alt=\"Fournisseur de services de vaisselle en c\u00e9ramique personnalis\u00e9s\" class=\"wp-image-2471\" srcset=\"https:\/\/www.lianyuanceramic.com\/wp-content\/uploads\/2025\/11\/custom-ceramic-decal-dinnerware-sets-supplier.webp 800w, https:\/\/www.lianyuanceramic.com\/wp-content\/uploads\/2025\/11\/custom-ceramic-decal-dinnerware-sets-supplier-300x300.webp 300w, https:\/\/www.lianyuanceramic.com\/wp-content\/uploads\/2025\/11\/custom-ceramic-decal-dinnerware-sets-supplier-150x150.webp 150w, https:\/\/www.lianyuanceramic.com\/wp-content\/uploads\/2025\/11\/custom-ceramic-decal-dinnerware-sets-supplier-768x768.webp 768w, https:\/\/www.lianyuanceramic.com\/wp-content\/uploads\/2025\/11\/custom-ceramic-decal-dinnerware-sets-supplier-12x12.webp 12w, https:\/\/www.lianyuanceramic.com\/wp-content\/uploads\/2025\/11\/custom-ceramic-decal-dinnerware-sets-supplier-600x600.webp 600w, https:\/\/www.lianyuanceramic.com\/wp-content\/uploads\/2025\/11\/custom-ceramic-decal-dinnerware-sets-supplier-100x100.webp 100w\" sizes=\"(max-width: 800px) 100vw, 800px\" \/><\/figure>\n<\/div>\n<\/div>\n\n\n\n<div class=\"wp-block-columns is-layout-flex wp-container-core-columns-is-layout-9d6595d7 wp-block-columns-is-layout-flex\">\n<div class=\"wp-block-column is-layout-flow wp-block-column-is-layout-flow\">\n<figure class=\"wp-block-image size-full\"><img decoding=\"async\" width=\"800\" height=\"800\" src=\"https:\/\/www.lianyuanceramic.com\/wp-content\/uploads\/2025\/11\/wholesale-decal-stoneware-dinnerware.webp\" alt=\"vaisselle en gr\u00e8s avec d\u00e9calcomanie en gros\" class=\"wp-image-2470\" srcset=\"https:\/\/www.lianyuanceramic.com\/wp-content\/uploads\/2025\/11\/wholesale-decal-stoneware-dinnerware.webp 800w, https:\/\/www.lianyuanceramic.com\/wp-content\/uploads\/2025\/11\/wholesale-decal-stoneware-dinnerware-300x300.webp 300w, https:\/\/www.lianyuanceramic.com\/wp-content\/uploads\/2025\/11\/wholesale-decal-stoneware-dinnerware-150x150.webp 150w, https:\/\/www.lianyuanceramic.com\/wp-content\/uploads\/2025\/11\/wholesale-decal-stoneware-dinnerware-768x768.webp 768w, https:\/\/www.lianyuanceramic.com\/wp-content\/uploads\/2025\/11\/wholesale-decal-stoneware-dinnerware-12x12.webp 12w, https:\/\/www.lianyuanceramic.com\/wp-content\/uploads\/2025\/11\/wholesale-decal-stoneware-dinnerware-600x600.webp 600w, https:\/\/www.lianyuanceramic.com\/wp-content\/uploads\/2025\/11\/wholesale-decal-stoneware-dinnerware-100x100.webp 100w\" sizes=\"(max-width: 800px) 100vw, 800px\" \/><\/figure>\n<\/div>\n\n\n\n<div class=\"wp-block-column is-layout-flow wp-block-column-is-layout-flow\">\n<h2 class=\"wp-block-heading\">Tendances domestiques personnalis\u00e9es Vaisselle :<\/h2>\n\n\n\n<p>Lianyuan propose diverses options de vaisselle personnalis\u00e9e en fonction des besoins de la marque ou des tendances de la mode, ce qui en fait un produit id\u00e9al pour un usage personnel ou commercial.<\/p>\n\n\n\n<p><strong>Conception :&nbsp;<\/strong>Couleur simple et unie.<\/p>\n\n\n\n<p><strong>Composition de l'ensemble :<\/strong>&nbsp;Sets de tasses en c\u00e9ramique personnalis\u00e9s avec des combinaisons de tasses, de bols et de cuill\u00e8res.<\/p>\n\n\n\n<p><strong>Taille :&nbsp;<\/strong>Choisissez parmi diff\u00e9rentes tailles pour convenir \u00e0 diff\u00e9rentes portions de repas.<\/p>\n\n\n\n<p><strong>Mat\u00e9riau :<\/strong>\u00a0C\u00e9ramique, porcelaine, porcelaine osseuse, ou se renseigner sur les autres possibilit\u00e9s.<\/p>\n\n\n\n<p><strong>Artisanat :&nbsp;<\/strong>D\u00e9calcomanies de gla\u00e7age, changement de four, peinture \u00e0 la main, motifs en relief ou autres.<\/p>\n\n\n\n<p><strong>Emballage :\u00a0<\/strong>Emballage en vrac, bo\u00eete de couleur, bo\u00eete cadeau, bo\u00eete de pr\u00e9sentation, bo\u00eete postale, etc.<\/p>\n<\/div>\n<\/div>","protected":false},"excerpt":{"rendered":"<div class=\"D5aOJc vJwDU\">Vaisselle personnalis\u00e9e, avec des d\u00e9cors floraux chaleureux, cuite \u00e0 haute temp\u00e9rature, \u00e9maill\u00e9e sans plomb, compatible avec le four \u00e0 micro-ondes et le lave-vaisselle. Le fabricant de vaisselle en c\u00e9ramique Lianyuan propose des prix de gros et un contr\u00f4le de qualit\u00e9 rigoureux. Contactez-nous pour une demande imm\u00e9diate.<\/div>\n<h2>Home Trends Param\u00e8tres de vaisselle<\/h2>\n<table style=\"border-collapse: collapse; width: 370.82pt;\" border=\"0\" width=\"618\" cellspacing=\"0\" cellpadding=\"0\">\n<tbody>\n<tr style=\"height: 15.60pt;\">\n<td class=\"et3\" style=\"height: 15.60pt; width: 108.00pt;\" width=\"180\" height=\"26\">Fabricant<\/td>\n<td class=\"et3\" style=\"width: 263.25pt;\" width=\"438\">Lianyuan<\/td>\n<\/tr>\n<tr style=\"height: 15.60pt;\">\n<td class=\"et3\" style=\"height: 15.60pt;\" height=\"26\">Type de produit<\/td>\n<td class=\"et3\">Assiettes, bols, tasses et pots d'assaisonnement<\/td>\n<\/tr>\n<tr style=\"height: 15.60pt;\">\n<td class=\"et3\" style=\"height: 15.60pt;\" height=\"26\">Mat\u00e9riau<\/td>\n<td class=\"et3\">Porcelaine durable<\/td>\n<\/tr>\n<tr style=\"height: 15.60pt;\">\n<td class=\"et3\" style=\"height: 15.60pt;\" height=\"26\">Artisanat<\/td>\n<td class=\"et3\">En gla\u00e7age<\/td>\n<\/tr>\n<tr style=\"height: 15.60pt;\">\n<td class=\"et3\" style=\"height: 15.60pt;\" height=\"26\">Application<\/td>\n<td class=\"et3\">Passe au micro-ondes, au lave-vaisselle et au four<\/td>\n<\/tr>\n<tr style=\"height: 15.60pt;\">\n<td class=\"et3\" style=\"height: 15.60pt;\" height=\"26\">Sur mesure<\/td>\n<td class=\"et3\">Couleur\/Taille\/Logo\/Emballage<\/td>\n<\/tr>\n<\/tbody>\n<\/table>","protected":false},"featured_media":2470,"comment_status":"open","ping_status":"closed","template":"","meta":{"_acf_changed":false},"product_brand":[],"product_cat":[17],"product_tag":[30,27],"class_list":{"0":"post-2469","1":"product","2":"type-product","3":"status-publish","4":"has-post-thumbnail","6":"product_cat-dinnerware-wholesale","7":"product_tag-custom-porcelain-dinnerware","8":"product_tag-wholesale-decal-ceramics","10":"first","11":"instock","12":"shipping-taxable","13":"product-type-simple"},"acf":[],"_links":{"self":[{"href":"https:\/\/www.lianyuanceramic.com\/fr\/wp-json\/wp\/v2\/product\/2469","targetHints":{"allow":["GET"]}}],"collection":[{"href":"https:\/\/www.lianyuanceramic.com\/fr\/wp-json\/wp\/v2\/product"}],"about":[{"href":"https:\/\/www.lianyuanceramic.com\/fr\/wp-json\/wp\/v2\/types\/product"}],"replies":[{"embeddable":true,"href":"https:\/\/www.lianyuanceramic.com\/fr\/wp-json\/wp\/v2\/comments?post=2469"}],"wp:featuredmedia":[{"embeddable":true,"href":"https:\/\/www.lianyuanceramic.com\/fr\/wp-json\/wp\/v2\/media\/2470"}],"wp:attachment":[{"href":"https:\/\/www.lianyuanceramic.com\/fr\/wp-json\/wp\/v2\/media?parent=2469"}],"wp:term":[{"taxonomy":"product_brand","embeddable":true,"href":"https:\/\/www.lianyuanceramic.com\/fr\/wp-json\/wp\/v2\/product_brand?post=2469"},{"taxonomy":"product_cat","embeddable":true,"href":"https:\/\/www.lianyuanceramic.com\/fr\/wp-json\/wp\/v2\/product_cat?post=2469"},{"taxonomy":"product_tag","embeddable":true,"href":"https:\/\/www.lianyuanceramic.com\/fr\/wp-json\/wp\/v2\/product_tag?post=2469"}],"curies":[{"name":"wp","href":"https:\/\/api.w.org\/{rel}","templated":true}]}}