{"id":2462,"date":"2025-12-02T02:35:46","date_gmt":"2025-12-02T02:35:46","guid":{"rendered":"https:\/\/www.lianyuanceramic.com\/?post_type=product&#038;p=2462"},"modified":"2025-12-02T02:36:07","modified_gmt":"2025-12-02T02:36:07","slug":"ceramic-plates-wholesale","status":"publish","type":"product","link":"https:\/\/www.lianyuanceramic.com\/fr\/produit\/ceramic-plates-wholesale\/","title":{"rendered":"Assiettes en c\u00e9ramique Wholesale, Hand Painted In Glaze Decal Serving Plates Set Supplier"},"content":{"rendered":"<div class=\"wp-block-columns is-layout-flex wp-container-core-columns-is-layout-9d6595d7 wp-block-columns-is-layout-flex\">\n<div class=\"wp-block-column is-layout-flow wp-block-column-is-layout-flow\">\n<h2 class=\"wp-block-heading\">Plaques en c\u00e9ramique Caract\u00e9ristiques :<\/h2>\n\n\n\n<p><strong>Motifs floraux<\/strong> <strong>D\u00e9coration<\/strong>: La surface de l'assiette est d\u00e9cor\u00e9e de petits motifs floraux et v\u00e9g\u00e9taux, int\u00e9grant le style folklorique polonais vintage. Domin\u00e9e par des tons bleus, verts et orang\u00e9s, elle allie l'attrait artistique \u00e0 une ambiance chaleureuse.<\/p>\n\n\n\n<p><strong>Durabilit\u00e9 et s\u00e9curit\u00e9<\/strong>: Le mat\u00e9riau de haute qualit\u00e9 et la cuisson \u00e0 haute temp\u00e9rature permettent une utilisation au micro-ondes, au lave-vaisselle, au four et au r\u00e9frig\u00e9rateur. Le gla\u00e7age lisse est facile \u00e0 nettoyer et les couleurs r\u00e9sistent \u00e0 la d\u00e9coloration en cas d'utilisation prolong\u00e9e.<\/p>\n\n\n\n<p><strong>Forme \u00e9l\u00e9gante<\/strong>: De forme ronde avec un motif floral, le design est convivial et a un effet visuel unique.<\/p>\n\n\n\n<p><strong>Adaptabilit\u00e9 pratique<\/strong>: Il convient au service quotidien de plats\/fruits, ainsi qu'\u00e0 la cuisson au four. Il convient aux sc\u00e9narios tels que les repas de famille et les r\u00e9ceptions d'invit\u00e9s.<\/p>\n\n\n\n<p><strong>Livraison rapide :<\/strong> Stock en vrac disponible, pas besoin d'attendre le cycle de production, les commandes peuvent \u00eatre exp\u00e9di\u00e9es rapidement apr\u00e8s avoir \u00e9t\u00e9 pass\u00e9es, ce qui r\u00e9duit le d\u00e9lai entre l'approvisionnement et la mise en rayon, et convient aux restaurants, aux h\u00f4tels et \u00e0 d'autres besoins de r\u00e9approvisionnement urgents.<\/p>\n<\/div>\n\n\n\n<div class=\"wp-block-column is-layout-flow wp-block-column-is-layout-flow\">\n<figure class=\"wp-block-image size-full\"><img decoding=\"async\" width=\"800\" height=\"800\" src=\"https:\/\/www.lianyuanceramic.com\/wp-content\/uploads\/2025\/11\/wholesale-handmade-ceramic-decal-plates.webp\" alt=\"plaques d\u00e9coratives en c\u00e9ramique faites \u00e0 la main en gros\" class=\"wp-image-2467\" srcset=\"https:\/\/www.lianyuanceramic.com\/wp-content\/uploads\/2025\/11\/wholesale-handmade-ceramic-decal-plates.webp 800w, https:\/\/www.lianyuanceramic.com\/wp-content\/uploads\/2025\/11\/wholesale-handmade-ceramic-decal-plates-300x300.webp 300w, https:\/\/www.lianyuanceramic.com\/wp-content\/uploads\/2025\/11\/wholesale-handmade-ceramic-decal-plates-150x150.webp 150w, https:\/\/www.lianyuanceramic.com\/wp-content\/uploads\/2025\/11\/wholesale-handmade-ceramic-decal-plates-768x768.webp 768w, https:\/\/www.lianyuanceramic.com\/wp-content\/uploads\/2025\/11\/wholesale-handmade-ceramic-decal-plates-12x12.webp 12w, https:\/\/www.lianyuanceramic.com\/wp-content\/uploads\/2025\/11\/wholesale-handmade-ceramic-decal-plates-600x600.webp 600w, https:\/\/www.lianyuanceramic.com\/wp-content\/uploads\/2025\/11\/wholesale-handmade-ceramic-decal-plates-100x100.webp 100w\" sizes=\"(max-width: 800px) 100vw, 800px\" \/><\/figure>\n<\/div>\n<\/div>\n\n\n\n<div class=\"wp-block-columns is-layout-flex wp-container-core-columns-is-layout-9d6595d7 wp-block-columns-is-layout-flex\">\n<div class=\"wp-block-column is-layout-flow wp-block-column-is-layout-flow\">\n<figure class=\"wp-block-image size-full\"><img decoding=\"async\" width=\"800\" height=\"800\" src=\"https:\/\/www.lianyuanceramic.com\/wp-content\/uploads\/2025\/11\/Custom-ceramic-flower-pattern-round-plates.webp\" alt=\"Assiettes rondes personnalis\u00e9es en c\u00e9ramique avec motif floral\" class=\"wp-image-2465\" srcset=\"https:\/\/www.lianyuanceramic.com\/wp-content\/uploads\/2025\/11\/Custom-ceramic-flower-pattern-round-plates.webp 800w, https:\/\/www.lianyuanceramic.com\/wp-content\/uploads\/2025\/11\/Custom-ceramic-flower-pattern-round-plates-300x300.webp 300w, https:\/\/www.lianyuanceramic.com\/wp-content\/uploads\/2025\/11\/Custom-ceramic-flower-pattern-round-plates-150x150.webp 150w, https:\/\/www.lianyuanceramic.com\/wp-content\/uploads\/2025\/11\/Custom-ceramic-flower-pattern-round-plates-768x768.webp 768w, https:\/\/www.lianyuanceramic.com\/wp-content\/uploads\/2025\/11\/Custom-ceramic-flower-pattern-round-plates-12x12.webp 12w, https:\/\/www.lianyuanceramic.com\/wp-content\/uploads\/2025\/11\/Custom-ceramic-flower-pattern-round-plates-600x600.webp 600w, https:\/\/www.lianyuanceramic.com\/wp-content\/uploads\/2025\/11\/Custom-ceramic-flower-pattern-round-plates-100x100.webp 100w\" sizes=\"(max-width: 800px) 100vw, 800px\" \/><\/figure>\n<\/div>\n\n\n\n<div class=\"wp-block-column is-layout-flow wp-block-column-is-layout-flow\">\n<h2 class=\"wp-block-heading\">Plaques c\u00e9ramiques personnalis\u00e9es :<\/h2>\n\n\n\n<p>Le fabricant d'ustensiles de cuisine en c\u00e9ramique de Lianyuan peut fournir des services de personnalisation complets pour r\u00e9aliser vos id\u00e9es.<\/p>\n\n\n\n<p><strong>Taille et forme<\/strong><br>Comprend des tailles rondes, ovales, rectangulaires et personnalis\u00e9es.<\/p>\n\n\n\n<p><strong>Mat\u00e9riau et \u00e9paisseur<\/strong><br>C\u00e9ramique durable, argile r\u00e9sistante \u00e0 la chaleur, porcelaine, gr\u00e8s, fabriqu\u00e9s sur mesure en diff\u00e9rentes \u00e9paisseurs et r\u00e9sistances \u00e0 la chaleur.<\/p>\n\n\n\n<p><strong>Finitions<\/strong><br>Les options comprennent des finitions mates, brillantes ou textur\u00e9es.<\/p>\n\n\n\n<p><strong>D\u00e9coration\/motif<\/strong><br>Graphiques, dessins ou logos personnalis\u00e9s, y compris les d\u00e9calcomanies, les peintures \u00e0 la main et les gaufrages.<\/p>\n\n\n\n<p><strong>Paquet<\/strong><br>Emballage personnalis\u00e9 pour les commandes en vrac, les coffrets cadeaux ou la distribution au d\u00e9tail, avec \u00e9tiquetage ou marquage personnalis\u00e9.<\/p>\n<\/div>\n<\/div>","protected":false},"excerpt":{"rendered":"<p>Assiettes en c\u00e9ramique en gros, set d'assiettes en c\u00e9ramique polonaise vintage et florale, r\u00e9sistantes aux micro-ondes, au lave-vaisselle et au four, disponibles en formes rondes et carr\u00e9es. Stock important, commandes en gros bienvenues, exp\u00e9dition rapide. Contactez nous pour les prix !<\/p>\n<h2>Plaques c\u00e9ramiques Param\u00e8tres<\/h2>\n<table style=\"border-collapse: collapse; width: 370.82pt;\" border=\"0\" width=\"618\" cellspacing=\"0\" cellpadding=\"0\">\n<tbody>\n<tr style=\"height: 15.60pt;\">\n<td class=\"et3\" style=\"height: 15.60pt; width: 108.00pt;\" width=\"180\" height=\"26\">Fabricant<\/td>\n<td class=\"et3\" style=\"width: 263.25pt;\" width=\"438\">Lianyuan<\/td>\n<\/tr>\n<tr style=\"height: 15.60pt;\">\n<td class=\"et3\" style=\"height: 15.60pt;\" height=\"26\">Type de produit<\/td>\n<td class=\"et3\">Ustensiles de service, ustensiles de cuisson<\/td>\n<\/tr>\n<tr style=\"height: 15.60pt;\">\n<td class=\"et3\" style=\"height: 15.60pt;\" height=\"26\">Mod\u00e8le<\/td>\n<td class=\"et3\">Floral<\/td>\n<\/tr>\n<tr style=\"height: 15.60pt;\">\n<td class=\"et3\" style=\"height: 15.60pt;\" height=\"26\">Couleur<\/td>\n<td class=\"et3\">Rouge, vert<\/td>\n<\/tr>\n<tr style=\"height: 15.60pt;\">\n<td class=\"et3\" style=\"height: 15.60pt;\" height=\"26\">Mat\u00e9riau<\/td>\n<td class=\"et3\">Porcelaine durable<\/td>\n<\/tr>\n<tr style=\"height: 15.60pt;\">\n<td class=\"et3\" style=\"height: 15.60pt;\" height=\"26\">Artisanat<\/td>\n<td class=\"et3\">D\u00e9calque \u00e9maill\u00e9 et peint \u00e0 la main<\/td>\n<\/tr>\n<tr style=\"height: 15.60pt;\">\n<td class=\"et3\" style=\"height: 15.60pt;\" height=\"26\">Application<\/td>\n<td class=\"et3\">Passe au micro-ondes, au lave-vaisselle et au four<\/td>\n<\/tr>\n<tr style=\"height: 15.60pt;\">\n<td class=\"et3\" style=\"height: 15.60pt;\" height=\"26\">Sur mesure<\/td>\n<td class=\"et3\">Couleur\/Taille\/Logo\/Emballage<\/td>\n<\/tr>\n<\/tbody>\n<\/table>","protected":false},"featured_media":2463,"comment_status":"open","ping_status":"closed","template":"","meta":{"_acf_changed":true},"product_brand":[],"product_cat":[34],"product_tag":[30,29,27],"class_list":{"0":"post-2462","1":"product","2":"type-product","3":"status-publish","4":"has-post-thumbnail","6":"product_cat-bulk-ceramic-tableware-in-stock","7":"product_tag-custom-porcelain-dinnerware","8":"product_tag-hand-painted-embossed-dinnerware-wholesale","9":"product_tag-wholesale-decal-ceramics","11":"first","12":"instock","13":"shipping-taxable","14":"product-type-simple"},"acf":[],"_links":{"self":[{"href":"https:\/\/www.lianyuanceramic.com\/fr\/wp-json\/wp\/v2\/product\/2462","targetHints":{"allow":["GET"]}}],"collection":[{"href":"https:\/\/www.lianyuanceramic.com\/fr\/wp-json\/wp\/v2\/product"}],"about":[{"href":"https:\/\/www.lianyuanceramic.com\/fr\/wp-json\/wp\/v2\/types\/product"}],"replies":[{"embeddable":true,"href":"https:\/\/www.lianyuanceramic.com\/fr\/wp-json\/wp\/v2\/comments?post=2462"}],"wp:featuredmedia":[{"embeddable":true,"href":"https:\/\/www.lianyuanceramic.com\/fr\/wp-json\/wp\/v2\/media\/2463"}],"wp:attachment":[{"href":"https:\/\/www.lianyuanceramic.com\/fr\/wp-json\/wp\/v2\/media?parent=2462"}],"wp:term":[{"taxonomy":"product_brand","embeddable":true,"href":"https:\/\/www.lianyuanceramic.com\/fr\/wp-json\/wp\/v2\/product_brand?post=2462"},{"taxonomy":"product_cat","embeddable":true,"href":"https:\/\/www.lianyuanceramic.com\/fr\/wp-json\/wp\/v2\/product_cat?post=2462"},{"taxonomy":"product_tag","embeddable":true,"href":"https:\/\/www.lianyuanceramic.com\/fr\/wp-json\/wp\/v2\/product_tag?post=2462"}],"curies":[{"name":"wp","href":"https:\/\/api.w.org\/{rel}","templated":true}]}}