{"id":2451,"date":"2025-11-25T01:51:04","date_gmt":"2025-11-25T01:51:04","guid":{"rendered":"https:\/\/www.lianyuanceramic.com\/?post_type=product&#038;p=2451"},"modified":"2025-11-25T01:53:05","modified_gmt":"2025-11-25T01:53:05","slug":"wholesale-ceramic-baking-dish","status":"publish","type":"product","link":"https:\/\/www.lianyuanceramic.com\/fr\/produit\/wholesale-ceramic-baking-dish\/","title":{"rendered":"Wholesale Ceramic Baking Dish, Hand Painted Double Ear Bakeware for Hotel Supplier (Plat \u00e0 four en c\u00e9ramique peint \u00e0 la main pour h\u00f4tel)"},"content":{"rendered":"<div class=\"wp-block-columns is-layout-flex wp-container-core-columns-is-layout-9d6595d7 wp-block-columns-is-layout-flex\">\n<div class=\"wp-block-column is-layout-flow wp-block-column-is-layout-flow\">\n<h2 class=\"wp-block-heading\">C\u00e9ramique Caract\u00e9ristiques du plat de cuisson :<\/h2>\n\n\n\n<p><strong>Motif floral peint \u00e0 la main<\/strong>: Adopte un style pastoral l\u00e9ger et luxueux avec des motifs floraux peints \u00e0 la main sur le corps du bol, \u00e0 la fois r\u00e9tro et exquis, avec un fort pouvoir d\u00e9coratif.<\/p>\n\n\n\n<p><strong>Mat\u00e9riaux et ex\u00e9cution<\/strong>: Fabriqu\u00e9 en c\u00e9ramique de qualit\u00e9, avec une technologie de d\u00e9calque sous gla\u00e7ure, la surface lisse facilite le nettoyage, le mat\u00e9riau est s\u00fbr et la qualit\u00e9 durable.<\/p>\n\n\n\n<p><strong>Forme fonctionnelle<\/strong>: \u00c9quip\u00e9 d'une double poign\u00e9e pour une prise en main facile, il convient pour les plats chauds et les soupes. La large ouverture du bol et sa grande capacit\u00e9 sont compatibles avec divers plats tels que les \u00e9crevisses et les salades.<\/p>\n\n\n\n<p><strong>D\u00e9calcomanie de haute qualit\u00e9 : <\/strong>Les motifs floraux en \u00e9mail ne se d\u00e9colorent pas et ne s'\u00e9caillent pas, m\u00eame apr\u00e8s plusieurs lavages (compatible avec le lave-vaisselle), ce qui permet de conserver un aspect frais \u00e0 long terme.<\/p>\n\n\n\n<p><strong>Utilisation flexible :<\/strong> Convient \u00e0 l'usage domestique\/aux f\u00eates, peut \u00eatre combin\u00e9 librement dans un service de table, \u00e9quilibrant l'aspect pratique et l'apparence.<\/p>\n\n\n\n<p>Approvisionnement direct en stock : Nous s\u00e9lectionnons soigneusement les styles les plus populaires du march\u00e9 pour vous aider \u00e0 choisir facilement les produits, \u00e0 faciliter l'approvisionnement des universit\u00e9s et \u00e0 d\u00e9velopper rapidement votre march\u00e9.<\/p>\n<\/div>\n\n\n\n<div class=\"wp-block-column is-layout-flow wp-block-column-is-layout-flow\">\n<figure class=\"wp-block-image size-full\"><img decoding=\"async\" width=\"800\" height=\"800\" src=\"https:\/\/www.lianyuanceramic.com\/wp-content\/uploads\/2025\/11\/wholesale-ceramic-hand-painted-dinner-plate.webp\" alt=\"assiette \u00e0 d\u00eener en gros en c\u00e9ramique peinte \u00e0 la main\" class=\"wp-image-2460\" srcset=\"https:\/\/www.lianyuanceramic.com\/wp-content\/uploads\/2025\/11\/wholesale-ceramic-hand-painted-dinner-plate.webp 800w, https:\/\/www.lianyuanceramic.com\/wp-content\/uploads\/2025\/11\/wholesale-ceramic-hand-painted-dinner-plate-300x300.webp 300w, https:\/\/www.lianyuanceramic.com\/wp-content\/uploads\/2025\/11\/wholesale-ceramic-hand-painted-dinner-plate-150x150.webp 150w, https:\/\/www.lianyuanceramic.com\/wp-content\/uploads\/2025\/11\/wholesale-ceramic-hand-painted-dinner-plate-768x768.webp 768w, https:\/\/www.lianyuanceramic.com\/wp-content\/uploads\/2025\/11\/wholesale-ceramic-hand-painted-dinner-plate-12x12.webp 12w, https:\/\/www.lianyuanceramic.com\/wp-content\/uploads\/2025\/11\/wholesale-ceramic-hand-painted-dinner-plate-600x600.webp 600w, https:\/\/www.lianyuanceramic.com\/wp-content\/uploads\/2025\/11\/wholesale-ceramic-hand-painted-dinner-plate-100x100.webp 100w\" sizes=\"(max-width: 800px) 100vw, 800px\" \/><\/figure>\n<\/div>\n<\/div>\n\n\n\n<div class=\"wp-block-columns is-layout-flex wp-container-core-columns-is-layout-9d6595d7 wp-block-columns-is-layout-flex\">\n<div class=\"wp-block-column is-layout-flow wp-block-column-is-layout-flow\">\n<figure class=\"wp-block-image size-full\"><img decoding=\"async\" width=\"4445\" height=\"4445\" src=\"https:\/\/www.lianyuanceramic.com\/wp-content\/uploads\/2025\/11\/custom-logo-ceramic-rectangle-dinner-plates.webp\" alt=\"assiettes \u00e0 d\u00eener rectangulaires en c\u00e9ramique avec logo personnalis\u00e9\" class=\"wp-image-2456\" srcset=\"https:\/\/www.lianyuanceramic.com\/wp-content\/uploads\/2025\/11\/custom-logo-ceramic-rectangle-dinner-plates.webp 4445w, https:\/\/www.lianyuanceramic.com\/wp-content\/uploads\/2025\/11\/custom-logo-ceramic-rectangle-dinner-plates-300x300.webp 300w, https:\/\/www.lianyuanceramic.com\/wp-content\/uploads\/2025\/11\/custom-logo-ceramic-rectangle-dinner-plates-150x150.webp 150w, https:\/\/www.lianyuanceramic.com\/wp-content\/uploads\/2025\/11\/custom-logo-ceramic-rectangle-dinner-plates-768x768.webp 768w, https:\/\/www.lianyuanceramic.com\/wp-content\/uploads\/2025\/11\/custom-logo-ceramic-rectangle-dinner-plates-12x12.webp 12w, https:\/\/www.lianyuanceramic.com\/wp-content\/uploads\/2025\/11\/custom-logo-ceramic-rectangle-dinner-plates-1200x1200.webp 1200w, https:\/\/www.lianyuanceramic.com\/wp-content\/uploads\/2025\/11\/custom-logo-ceramic-rectangle-dinner-plates-600x600.webp 600w, https:\/\/www.lianyuanceramic.com\/wp-content\/uploads\/2025\/11\/custom-logo-ceramic-rectangle-dinner-plates-100x100.webp 100w\" sizes=\"(max-width: 4445px) 100vw, 4445px\" \/><\/figure>\n<\/div>\n\n\n\n<div class=\"wp-block-column is-layout-flow wp-block-column-is-layout-flow\">\n<h2 class=\"wp-block-heading\">Plat \u00e0 four en c\u00e9ramique personnalis\u00e9<\/h2>\n\n\n\n<p>Lianyuan propose diverses options de vaisselle personnalis\u00e9e en fonction des besoins de la marque ou des tendances de la mode, ce qui en fait un produit id\u00e9al pour un usage personnel ou commercial.<\/p>\n\n\n\n<p><strong>Conception :&nbsp;<\/strong>Formes et motifs vari\u00e9s.<\/p>\n\n\n\n<p><strong>Composition de l'ensemble :<\/strong>&nbsp;Sets de tasses en c\u00e9ramique personnalis\u00e9s avec des combinaisons de tasses, de bols et de cuill\u00e8res.<\/p>\n\n\n\n<p><strong>Taille :&nbsp;<\/strong>Choisissez parmi diff\u00e9rentes tailles pour convenir \u00e0 diff\u00e9rentes portions de repas.<\/p>\n\n\n\n<p><strong>Mat\u00e9riau :<\/strong>&nbsp;C\u00e9ramique, porcelaine, porcelaine osseuse ou se renseigner sur les autres possibilit\u00e9s.<\/p>\n\n\n\n<p><strong>Artisanat :&nbsp;<\/strong>D\u00e9calcomanies de gla\u00e7age, changement de four, peinture \u00e0 la main, motifs en relief ou autres.<\/p>\n\n\n\n<p><strong>Emballage :&nbsp;<\/strong>Emballage en vrac, bo\u00eete de couleur, bo\u00eete cadeau, bo\u00eete de pr\u00e9sentation, bo\u00eete postale, etc.<\/p>\n<\/div>\n<\/div>\n\n\n\n<p><\/p>","protected":false},"excerpt":{"rendered":"<p id=\"brxe-5da1c8\" class=\"brxe-product-title\">Bienvenue dans la vente en gros d'un plat \u00e0 four en c\u00e9ramique, d\u00e9cor en gla\u00e7ure, motif floral vif, poign\u00e9e \u00e0 double oreille, adapt\u00e9 \u00e0 la maison et \u00e0 l'usage commercial. Les plats \u00e0 p\u00e2tisserie en c\u00e9ramique sont disponibles en vrac, livraison rapide et exp\u00e9dition internationale. Contactez-nous pour obtenir un devis !<\/p>\n<h1 class=\"brxe-product-title\">Param\u00e8tres du plat \u00e0 four en c\u00e9ramique<\/h1>\n<table style=\"border-collapse: collapse; width: 370.82pt;\" border=\"0\" width=\"618\" cellspacing=\"0\" cellpadding=\"0\">\n<tbody>\n<tr style=\"height: 15.60pt;\">\n<td class=\"et3\" style=\"height: 15.60pt; width: 108.00pt;\" width=\"180\" height=\"26\">Fabricant<\/td>\n<td class=\"et3\" style=\"width: 263.25pt;\" width=\"438\">Lianyuan<\/td>\n<\/tr>\n<tr style=\"height: 15.60pt;\">\n<td class=\"et3\" style=\"height: 15.60pt;\" height=\"26\">Type de produit<\/td>\n<td class=\"et3\">Ustensiles de service, ustensiles de cuisson<\/td>\n<\/tr>\n<tr style=\"height: 15.60pt;\">\n<td class=\"et3\" style=\"height: 15.60pt;\" height=\"26\">Mod\u00e8le<\/td>\n<td class=\"et3\">Floral<\/td>\n<\/tr>\n<tr style=\"height: 15.60pt;\">\n<td class=\"et3\" style=\"height: 15.60pt;\" height=\"26\">Couleur<\/td>\n<td class=\"et3\">Rouge, vert<\/td>\n<\/tr>\n<tr style=\"height: 15.60pt;\">\n<td class=\"et3\" style=\"height: 15.60pt;\" height=\"26\">Mat\u00e9riau<\/td>\n<td class=\"et3\">Porcelaine durable<\/td>\n<\/tr>\n<tr style=\"height: 15.60pt;\">\n<td class=\"et3\" style=\"height: 15.60pt;\" height=\"26\">Artisanat<\/td>\n<td class=\"et3\">D\u00e9calcomanie et peinture \u00e0 la main<\/td>\n<\/tr>\n<tr style=\"height: 15.60pt;\">\n<td class=\"et3\" style=\"height: 15.60pt;\" height=\"26\">Application<\/td>\n<td class=\"et3\">Passe au micro-ondes, au lave-vaisselle et au four<\/td>\n<\/tr>\n<tr style=\"height: 15.60pt;\">\n<td class=\"et3\" style=\"height: 15.60pt;\" height=\"26\">Sur mesure<\/td>\n<td class=\"et3\">Couleur\/Taille\/Logo\/Emballage<\/td>\n<\/tr>\n<\/tbody>\n<\/table>","protected":false},"featured_media":2454,"comment_status":"open","ping_status":"closed","template":"","meta":{"_acf_changed":false},"product_brand":[],"product_cat":[20],"product_tag":[30,29,27],"class_list":{"0":"post-2451","1":"product","2":"type-product","3":"status-publish","4":"has-post-thumbnail","6":"product_cat-custom-bakeware-casserole-dish","7":"product_tag-custom-porcelain-dinnerware","8":"product_tag-hand-painted-embossed-dinnerware-wholesale","9":"product_tag-wholesale-decal-ceramics","11":"first","12":"instock","13":"shipping-taxable","14":"product-type-simple"},"acf":[],"_links":{"self":[{"href":"https:\/\/www.lianyuanceramic.com\/fr\/wp-json\/wp\/v2\/product\/2451","targetHints":{"allow":["GET"]}}],"collection":[{"href":"https:\/\/www.lianyuanceramic.com\/fr\/wp-json\/wp\/v2\/product"}],"about":[{"href":"https:\/\/www.lianyuanceramic.com\/fr\/wp-json\/wp\/v2\/types\/product"}],"replies":[{"embeddable":true,"href":"https:\/\/www.lianyuanceramic.com\/fr\/wp-json\/wp\/v2\/comments?post=2451"}],"wp:featuredmedia":[{"embeddable":true,"href":"https:\/\/www.lianyuanceramic.com\/fr\/wp-json\/wp\/v2\/media\/2454"}],"wp:attachment":[{"href":"https:\/\/www.lianyuanceramic.com\/fr\/wp-json\/wp\/v2\/media?parent=2451"}],"wp:term":[{"taxonomy":"product_brand","embeddable":true,"href":"https:\/\/www.lianyuanceramic.com\/fr\/wp-json\/wp\/v2\/product_brand?post=2451"},{"taxonomy":"product_cat","embeddable":true,"href":"https:\/\/www.lianyuanceramic.com\/fr\/wp-json\/wp\/v2\/product_cat?post=2451"},{"taxonomy":"product_tag","embeddable":true,"href":"https:\/\/www.lianyuanceramic.com\/fr\/wp-json\/wp\/v2\/product_tag?post=2451"}],"curies":[{"name":"wp","href":"https:\/\/api.w.org\/{rel}","templated":true}]}}