{"id":2431,"date":"2025-11-25T01:31:09","date_gmt":"2025-11-25T01:31:09","guid":{"rendered":"https:\/\/www.lianyuanceramic.com\/?post_type=product&#038;p=2431"},"modified":"2025-11-25T01:31:11","modified_gmt":"2025-11-25T01:31:11","slug":"bulk-ceramic-plates","status":"publish","type":"product","link":"https:\/\/www.lianyuanceramic.com\/fr\/produit\/bulk-ceramic-plates\/","title":{"rendered":"Assiettes en c\u00e9ramique en vrac Assiettes \u00e0 d\u00eener en c\u00e9ramique imprim\u00e9e avec motif de fleur et poign\u00e9e \u00e0 double oreille"},"content":{"rendered":"<div class=\"wp-block-columns is-layout-flex wp-container-core-columns-is-layout-9d6595d7 wp-block-columns-is-layout-flex\">\n<div class=\"wp-block-column is-layout-flow wp-block-column-is-layout-flow\">\n<h2 class=\"wp-block-heading\">Plaques en c\u00e9ramique Caract\u00e9ristiques :<\/h2>\n\n\n\n<p><strong>D\u00e9coration unique \u00e0 motif floral<\/strong>: La surface de l'assiette est orn\u00e9e de vibrants motifs floraux repr\u00e9sentant des fleurs et des branches de diff\u00e9rentes couleurs, dont le bleu, le vert, le jaune et l'orange, ce qui lui conf\u00e8re un style r\u00e9tro et artistique.<\/p>\n\n\n\n<p><strong>Mat\u00e9riau de qualit\u00e9 sup\u00e9rieure : <\/strong>Fabriqu\u00e9 en c\u00e9ramique de haute qualit\u00e9, il est r\u00e9sistant \u00e0 la chaleur et facile \u00e0 nettoyer, avec une excellente durabilit\u00e9 et une grande praticit\u00e9. Il peut r\u00e9pondre aux besoins des repas quotidiens et de la conservation des aliments apr\u00e8s la cuisson dans la cuisine.<\/p>\n\n\n\n<p><strong>Conception pratique des formes<\/strong>: De forme carr\u00e9e, il est dot\u00e9 de deux poign\u00e9es vertes pour une prise en main facile, ce qui le rend facile \u00e0 utiliser et lui conf\u00e8re un effet visuel unique.<\/p>\n\n\n\n<p><strong>Applications multiples<\/strong>: Convient pour contenir des fruits, des en-cas, etc., et peut \u00e9galement \u00eatre utilis\u00e9 comme assiette d\u00e9corative pour rehausser le style de la salle \u00e0 manger ou de la maison.<\/p>\n\n\n\n<p><strong>Livraison rapide : <\/strong>Stock en vrac disponible, r\u00e9ponse rapide aux commandes et exp\u00e9dition rapide. R\u00e9duisez consid\u00e9rablement votre temps d'attente et aidez-vous \u00e0 saisir rapidement les opportunit\u00e9s du march\u00e9.<\/p>\n<\/div>\n\n\n\n<div class=\"wp-block-column is-layout-flow wp-block-column-is-layout-flow\">\n<h2 class=\"wp-block-heading\">Plaques c\u00e9ramiques personnalis\u00e9es<\/h2>\n\n\n\n<p>Lianyuan propose diverses options de vaisselle personnalis\u00e9e en fonction des besoins de la marque ou des tendances de la mode, ce qui en fait un produit id\u00e9al pour un usage personnel ou commercial.<\/p>\n\n\n\n<p><strong>Conception :&nbsp;<\/strong>Formes et motifs vari\u00e9s.<\/p>\n\n\n\n<p><strong>Composition de l'ensemble :<\/strong>&nbsp;Sets de tasses en c\u00e9ramique personnalis\u00e9s avec des combinaisons de tasses, de bols et de cuill\u00e8res.<\/p>\n\n\n\n<p><strong>Taille :&nbsp;<\/strong>Choisissez parmi diff\u00e9rentes tailles pour convenir \u00e0 diff\u00e9rentes portions de repas.<\/p>\n\n\n\n<p><strong>Mat\u00e9riau :<\/strong>&nbsp;C\u00e9ramique, porcelaine, porcelaine osseuse ou se renseigner sur les autres possibilit\u00e9s.<\/p>\n\n\n\n<p><strong>Artisanat :&nbsp;<\/strong>D\u00e9calcomanies de gla\u00e7age, changement de four, peinture \u00e0 la main, motifs en relief ou autres.<\/p>\n\n\n\n<p><strong>Emballage :&nbsp;<\/strong>Emballage en vrac, bo\u00eete de couleur, bo\u00eete cadeau, bo\u00eete de pr\u00e9sentation, bo\u00eete postale, etc.<\/p>\n<\/div>\n<\/div>\n\n\n\n<div class=\"wp-block-columns is-layout-flex wp-container-core-columns-is-layout-9d6595d7 wp-block-columns-is-layout-flex\">\n<div class=\"wp-block-column is-layout-flow wp-block-column-is-layout-flow\">\n<figure class=\"wp-block-image size-full\"><img decoding=\"async\" width=\"800\" height=\"800\" src=\"https:\/\/www.lianyuanceramic.com\/wp-content\/uploads\/2025\/11\/custom-ceramic-dinner-plates.webp\" alt=\"assiettes \u00e0 d\u00eener en c\u00e9ramique personnalis\u00e9es\" class=\"wp-image-2438\" srcset=\"https:\/\/www.lianyuanceramic.com\/wp-content\/uploads\/2025\/11\/custom-ceramic-dinner-plates.webp 800w, https:\/\/www.lianyuanceramic.com\/wp-content\/uploads\/2025\/11\/custom-ceramic-dinner-plates-300x300.webp 300w, https:\/\/www.lianyuanceramic.com\/wp-content\/uploads\/2025\/11\/custom-ceramic-dinner-plates-150x150.webp 150w, https:\/\/www.lianyuanceramic.com\/wp-content\/uploads\/2025\/11\/custom-ceramic-dinner-plates-768x768.webp 768w, https:\/\/www.lianyuanceramic.com\/wp-content\/uploads\/2025\/11\/custom-ceramic-dinner-plates-12x12.webp 12w, https:\/\/www.lianyuanceramic.com\/wp-content\/uploads\/2025\/11\/custom-ceramic-dinner-plates-600x600.webp 600w, https:\/\/www.lianyuanceramic.com\/wp-content\/uploads\/2025\/11\/custom-ceramic-dinner-plates-100x100.webp 100w\" sizes=\"(max-width: 800px) 100vw, 800px\" \/><\/figure>\n<\/div>\n\n\n\n<div class=\"wp-block-column is-layout-flow wp-block-column-is-layout-flow\">\n<figure class=\"wp-block-image size-full\"><img decoding=\"async\" width=\"800\" height=\"800\" src=\"https:\/\/www.lianyuanceramic.com\/wp-content\/uploads\/2025\/11\/wholesale-ceramic-hand-painted-plates.webp\" alt=\"Grossiste assiettes en c\u00e9ramique peintes \u00e0 la main\" class=\"wp-image-2437\" srcset=\"https:\/\/www.lianyuanceramic.com\/wp-content\/uploads\/2025\/11\/wholesale-ceramic-hand-painted-plates.webp 800w, https:\/\/www.lianyuanceramic.com\/wp-content\/uploads\/2025\/11\/wholesale-ceramic-hand-painted-plates-300x300.webp 300w, https:\/\/www.lianyuanceramic.com\/wp-content\/uploads\/2025\/11\/wholesale-ceramic-hand-painted-plates-150x150.webp 150w, https:\/\/www.lianyuanceramic.com\/wp-content\/uploads\/2025\/11\/wholesale-ceramic-hand-painted-plates-768x768.webp 768w, https:\/\/www.lianyuanceramic.com\/wp-content\/uploads\/2025\/11\/wholesale-ceramic-hand-painted-plates-12x12.webp 12w, https:\/\/www.lianyuanceramic.com\/wp-content\/uploads\/2025\/11\/wholesale-ceramic-hand-painted-plates-600x600.webp 600w, https:\/\/www.lianyuanceramic.com\/wp-content\/uploads\/2025\/11\/wholesale-ceramic-hand-painted-plates-100x100.webp 100w\" sizes=\"(max-width: 800px) 100vw, 800px\" \/><\/figure>\n<\/div>\n<\/div>\n\n\n\n<p><\/p>","protected":false},"excerpt":{"rendered":"<p><span class=\"a-list-item\">Les assiettes en c\u00e9ramique en vrac de Lianyuan sont orn\u00e9es d'un d\u00e9cor floral peint \u00e0 la main. R\u00e9sistant au micro-ondes, au lave-vaisselle, au cong\u00e9lateur et au four, ces assiettes sont con\u00e7ues pour un usage quotidien tout en conservant leur beaut\u00e9. Elles permettent de pr\u00e9parer les repas, de les servir et de les nettoyer sans effort, que ce soit pour des repas d\u00e9contract\u00e9s ou pour des occasions sp\u00e9ciales. Nous fournissons des commandes en gros. N'h\u00e9sitez pas \u00e0 nous contacter pour obtenir plus d'informations sur nos produits !<\/span><\/p>\n<h2>Param\u00e8tres des plaques c\u00e9ramiques<\/h2>\n<table style=\"border-collapse: collapse; width: 370.82pt;\" border=\"0\" width=\"618\" cellspacing=\"0\" cellpadding=\"0\">\n<tbody>\n<tr style=\"height: 15.60pt;\">\n<td class=\"et3\" style=\"height: 15.60pt; width: 108.00pt;\" width=\"180\" height=\"26\">Fabricant<\/td>\n<td class=\"et3\" style=\"width: 263.25pt;\" width=\"438\">Lianyuan<\/td>\n<\/tr>\n<tr style=\"height: 15.60pt;\">\n<td class=\"et3\" style=\"height: 15.60pt;\" height=\"26\">Type de produit<\/td>\n<td class=\"et3\">Ustensiles de service, ustensiles de cuisson<\/td>\n<\/tr>\n<tr style=\"height: 15.60pt;\">\n<td class=\"et3\" style=\"height: 15.60pt;\" height=\"26\">Mod\u00e8le<\/td>\n<td class=\"et3\">Floral<\/td>\n<\/tr>\n<tr style=\"height: 15.60pt;\">\n<td class=\"et3\" style=\"height: 15.60pt;\" height=\"26\">Couleur<\/td>\n<td class=\"et3\">Rouge, vert<\/td>\n<\/tr>\n<tr style=\"height: 15.60pt;\">\n<td class=\"et3\" style=\"height: 15.60pt;\" height=\"26\">Mat\u00e9riau<\/td>\n<td class=\"et3\">Porcelaine durable<\/td>\n<\/tr>\n<tr style=\"height: 15.60pt;\">\n<td class=\"et3\" style=\"height: 15.60pt;\" height=\"26\">Artisanat<\/td>\n<td class=\"et3\">D\u00e9calque \u00e9maill\u00e9 et peint \u00e0 la main<\/td>\n<\/tr>\n<tr style=\"height: 15.60pt;\">\n<td class=\"et3\" style=\"height: 15.60pt;\" height=\"26\">Application<\/td>\n<td class=\"et3\">Passe au micro-ondes, au lave-vaisselle et au four<\/td>\n<\/tr>\n<tr style=\"height: 15.60pt;\">\n<td class=\"et3\" style=\"height: 15.60pt;\" height=\"26\">Sur mesure<\/td>\n<td class=\"et3\">Couleur\/Taille\/Logo\/Emballage<\/td>\n<\/tr>\n<\/tbody>\n<\/table>","protected":false},"featured_media":2432,"comment_status":"open","ping_status":"closed","template":"","meta":{"_acf_changed":false},"product_brand":[],"product_cat":[34],"product_tag":[30,29,27],"class_list":{"0":"post-2431","1":"product","2":"type-product","3":"status-publish","4":"has-post-thumbnail","6":"product_cat-bulk-ceramic-tableware-in-stock","7":"product_tag-custom-porcelain-dinnerware","8":"product_tag-hand-painted-embossed-dinnerware-wholesale","9":"product_tag-wholesale-decal-ceramics","11":"first","12":"instock","13":"shipping-taxable","14":"product-type-simple"},"acf":[],"_links":{"self":[{"href":"https:\/\/www.lianyuanceramic.com\/fr\/wp-json\/wp\/v2\/product\/2431","targetHints":{"allow":["GET"]}}],"collection":[{"href":"https:\/\/www.lianyuanceramic.com\/fr\/wp-json\/wp\/v2\/product"}],"about":[{"href":"https:\/\/www.lianyuanceramic.com\/fr\/wp-json\/wp\/v2\/types\/product"}],"replies":[{"embeddable":true,"href":"https:\/\/www.lianyuanceramic.com\/fr\/wp-json\/wp\/v2\/comments?post=2431"}],"wp:featuredmedia":[{"embeddable":true,"href":"https:\/\/www.lianyuanceramic.com\/fr\/wp-json\/wp\/v2\/media\/2432"}],"wp:attachment":[{"href":"https:\/\/www.lianyuanceramic.com\/fr\/wp-json\/wp\/v2\/media?parent=2431"}],"wp:term":[{"taxonomy":"product_brand","embeddable":true,"href":"https:\/\/www.lianyuanceramic.com\/fr\/wp-json\/wp\/v2\/product_brand?post=2431"},{"taxonomy":"product_cat","embeddable":true,"href":"https:\/\/www.lianyuanceramic.com\/fr\/wp-json\/wp\/v2\/product_cat?post=2431"},{"taxonomy":"product_tag","embeddable":true,"href":"https:\/\/www.lianyuanceramic.com\/fr\/wp-json\/wp\/v2\/product_tag?post=2431"}],"curies":[{"name":"wp","href":"https:\/\/api.w.org\/{rel}","templated":true}]}}