{"id":2421,"date":"2025-12-02T02:14:48","date_gmt":"2025-12-02T02:14:48","guid":{"rendered":"https:\/\/www.lianyuanceramic.com\/?post_type=product&#038;p=2421"},"modified":"2025-12-02T02:14:48","modified_gmt":"2025-12-02T02:14:48","slug":"custom-ceramic-plates","status":"publish","type":"product","link":"https:\/\/www.lianyuanceramic.com\/fr\/produit\/custom-ceramic-plates\/","title":{"rendered":"Assiettes en c\u00e9ramique personnalis\u00e9es Assiettes \u00e0 d\u00eener gaufr\u00e9es, Assiettes \u00e0 salade avec d\u00e9calcomanie en vrac"},"content":{"rendered":"<div class=\"wp-block-columns is-layout-flex wp-container-core-columns-is-layout-9d6595d7 wp-block-columns-is-layout-flex\">\n<div class=\"wp-block-column is-layout-flow wp-block-column-is-layout-flow\">\n<h2 class=\"wp-block-heading\">Plaques en c\u00e9ramique Caract\u00e9ristiques :<\/h2>\n\n\n\n<p><strong>Motifs floraux uniques<\/strong>: Adopte un design floral et v\u00e9g\u00e9tal frais, principalement dans des couleurs douces telles que le vert et le jaune, plein de charme pastoral naturel. Il est tr\u00e8s d\u00e9coratif et peut ajouter de la vitalit\u00e9 et de la beaut\u00e9 \u00e0 la table \u00e0 manger.<\/p>\n\n\n\n<p><strong>C\u00e9ramique de haute qualit\u00e9<\/strong>: Fabriqu\u00e9e en c\u00e9ramique de premi\u00e8re qualit\u00e9, cette assiette est \u00e0 la fois durable et \u00e9l\u00e9gante, offrant une utilisation durable et un entretien facile....<\/p>\n\n\n\n<p><strong>Formes diverses :<\/strong> Comprend diff\u00e9rents types d'assiettes profondes ovales, de grands bols et de petits bols hauts. R\u00e9pond aux besoins de contenir diff\u00e9rents aliments tels que des salades, des aliments de base et des soupes, s'adaptant ainsi \u00e0 divers sc\u00e9narios de repas.<\/p>\n\n\n\n<p><strong>Praticit\u00e9<\/strong>: Le design g\u00e9n\u00e9ral allie beaut\u00e9 et praticit\u00e9. La vaisselle a une capacit\u00e9 mod\u00e9r\u00e9e et une forme r\u00e9guli\u00e8re, ce qui facilite l'empilage et le stockage. Elle s'int\u00e8gre parfaitement aux repas quotidiens de la famille, aux r\u00e9unions avec les parents et les amis et \u00e0 d'autres sc\u00e9narios.<\/p>\n<\/div>\n\n\n\n<div class=\"wp-block-column is-layout-flow wp-block-column-is-layout-flow\">\n<h2 class=\"wp-block-heading\">Plaques c\u00e9ramiques personnalis\u00e9es :<\/h2>\n\n\n\n<p>Le fabricant d'ustensiles de cuisine en c\u00e9ramique de Lianyuan peut fournir des services de personnalisation complets pour r\u00e9aliser vos id\u00e9es.<\/p>\n\n\n\n<p><strong>Taille et forme<\/strong>: Comprend les tailles rondes, ovales, rectangulaires et personnalis\u00e9es.<\/p>\n\n\n\n<p><strong>Mat\u00e9riau et \u00e9paisseur<\/strong>: C\u00e9ramique durable, argile r\u00e9sistante \u00e0 la chaleur, porcelaine, gr\u00e8s, fabriqu\u00e9s sur mesure en diff\u00e9rentes \u00e9paisseurs et r\u00e9sistances \u00e0 la chaleur.<\/p>\n\n\n\n<p><strong>Finitions<\/strong>: Les options comprennent des finitions mates, brillantes ou textur\u00e9es.<\/p>\n\n\n\n<p><strong>D\u00e9coration\/motif<\/strong>: Graphiques, dessins ou logos personnalis\u00e9s, y compris les d\u00e9calcomanies, peints \u00e0 la main et en relief.<\/p>\n\n\n\n<p><strong>Paquet<\/strong>: Emballage personnalis\u00e9 pour les commandes en vrac, les coffrets cadeaux ou la distribution au d\u00e9tail avec un \u00e9tiquetage ou un marquage personnalis\u00e9.<\/p>\n<\/div>\n<\/div>\n\n\n\n<div class=\"wp-block-columns is-layout-flex wp-container-core-columns-is-layout-9d6595d7 wp-block-columns-is-layout-flex\">\n<div class=\"wp-block-column is-layout-flow wp-block-column-is-layout-flow\">\n<figure class=\"wp-block-image size-full\"><img decoding=\"async\" width=\"800\" height=\"800\" src=\"https:\/\/www.lianyuanceramic.com\/wp-content\/uploads\/2025\/11\/custom-hand-painted-ceramic-dinneware.jpg\" alt=\"vaisselle en c\u00e9ramique peinte \u00e0 la main\" class=\"wp-image-2430\" srcset=\"https:\/\/www.lianyuanceramic.com\/wp-content\/uploads\/2025\/11\/custom-hand-painted-ceramic-dinneware.jpg 800w, https:\/\/www.lianyuanceramic.com\/wp-content\/uploads\/2025\/11\/custom-hand-painted-ceramic-dinneware-300x300.jpg 300w, https:\/\/www.lianyuanceramic.com\/wp-content\/uploads\/2025\/11\/custom-hand-painted-ceramic-dinneware-150x150.jpg 150w, https:\/\/www.lianyuanceramic.com\/wp-content\/uploads\/2025\/11\/custom-hand-painted-ceramic-dinneware-768x768.jpg 768w, https:\/\/www.lianyuanceramic.com\/wp-content\/uploads\/2025\/11\/custom-hand-painted-ceramic-dinneware-12x12.jpg 12w, https:\/\/www.lianyuanceramic.com\/wp-content\/uploads\/2025\/11\/custom-hand-painted-ceramic-dinneware-600x600.jpg 600w, https:\/\/www.lianyuanceramic.com\/wp-content\/uploads\/2025\/11\/custom-hand-painted-ceramic-dinneware-100x100.jpg 100w\" sizes=\"(max-width: 800px) 100vw, 800px\" \/><\/figure>\n<\/div>\n\n\n\n<div class=\"wp-block-column is-layout-flow wp-block-column-is-layout-flow\">\n<figure class=\"wp-block-image size-full\"><img decoding=\"async\" width=\"800\" height=\"800\" src=\"https:\/\/www.lianyuanceramic.com\/wp-content\/uploads\/2025\/11\/wholesale-handmade-ceramic-fruit-plate.jpg\" alt=\"assiette \u00e0 fruits en c\u00e9ramique faite \u00e0 la main en gros\" class=\"wp-image-2426\" srcset=\"https:\/\/www.lianyuanceramic.com\/wp-content\/uploads\/2025\/11\/wholesale-handmade-ceramic-fruit-plate.jpg 800w, https:\/\/www.lianyuanceramic.com\/wp-content\/uploads\/2025\/11\/wholesale-handmade-ceramic-fruit-plate-300x300.jpg 300w, https:\/\/www.lianyuanceramic.com\/wp-content\/uploads\/2025\/11\/wholesale-handmade-ceramic-fruit-plate-150x150.jpg 150w, https:\/\/www.lianyuanceramic.com\/wp-content\/uploads\/2025\/11\/wholesale-handmade-ceramic-fruit-plate-768x768.jpg 768w, https:\/\/www.lianyuanceramic.com\/wp-content\/uploads\/2025\/11\/wholesale-handmade-ceramic-fruit-plate-12x12.jpg 12w, https:\/\/www.lianyuanceramic.com\/wp-content\/uploads\/2025\/11\/wholesale-handmade-ceramic-fruit-plate-600x600.jpg 600w, https:\/\/www.lianyuanceramic.com\/wp-content\/uploads\/2025\/11\/wholesale-handmade-ceramic-fruit-plate-100x100.jpg 100w\" sizes=\"(max-width: 800px) 100vw, 800px\" \/><\/figure>\n<\/div>\n<\/div>","protected":false},"excerpt":{"rendered":"<p><span class=\"a-list-item\">Assiettes en c\u00e9ramique personnalis\u00e9es, d\u00e9cor peint \u00e0 la main, mat\u00e9riau de haute qualit\u00e9. Disponibles dans diff\u00e9rentes formes, y compris des assiettes profondes et de grands bols, avec une capacit\u00e9 mod\u00e9r\u00e9e, parfaits pour les salades, les plats principaux et les soupes. Nous proposons \u00e9galement des services de personnalisation en vrac ; contactez-nous pour obtenir des solutions !<\/span><\/p>\n<h2>Plaques c\u00e9ramiques Param\u00e8tres<\/h2>\n<table style=\"border-collapse: collapse; width: 370.82pt;\" border=\"0\" width=\"618\" cellspacing=\"0\" cellpadding=\"0\">\n<tbody>\n<tr style=\"height: 15.60pt;\">\n<td class=\"et3\" style=\"height: 15.60pt; width: 108.00pt;\" width=\"180\" height=\"26\">Fabricant<\/td>\n<td class=\"et3\" style=\"width: 263.25pt;\" width=\"438\">Lianyuan<\/td>\n<\/tr>\n<tr style=\"height: 15.60pt;\">\n<td class=\"et3\" style=\"height: 15.60pt;\" height=\"26\">Type de produit<\/td>\n<td class=\"et3\">Ustensiles de service, ustensiles de cuisson<\/td>\n<\/tr>\n<tr style=\"height: 15.60pt;\">\n<td class=\"et3\" style=\"height: 15.60pt;\" height=\"26\">Mod\u00e8le<\/td>\n<td class=\"et3\">Floral<\/td>\n<\/tr>\n<tr style=\"height: 15.60pt;\">\n<td class=\"et3\" style=\"height: 15.60pt;\" height=\"26\">Couleur<\/td>\n<td class=\"et3\">Rouge, vert<\/td>\n<\/tr>\n<tr style=\"height: 15.60pt;\">\n<td class=\"et3\" style=\"height: 15.60pt;\" height=\"26\">Mat\u00e9riau<\/td>\n<td class=\"et3\">Porcelaine durable<\/td>\n<\/tr>\n<tr style=\"height: 15.60pt;\">\n<td class=\"et3\" style=\"height: 15.60pt;\" height=\"26\">Artisanat<\/td>\n<td class=\"et3\">D\u00e9calcomanie et peinture \u00e0 la main<\/td>\n<\/tr>\n<tr style=\"height: 15.60pt;\">\n<td class=\"et3\" style=\"height: 15.60pt;\" height=\"26\">Application<\/td>\n<td class=\"et3\">Passe au micro-ondes, au lave-vaisselle et au four<\/td>\n<\/tr>\n<tr style=\"height: 15.60pt;\">\n<td class=\"et3\" style=\"height: 15.60pt;\" height=\"26\">Sur mesure<\/td>\n<td class=\"et3\">Couleur\/Taille\/Logo\/Emballage<\/td>\n<\/tr>\n<\/tbody>\n<\/table>","protected":false},"featured_media":2422,"comment_status":"open","ping_status":"closed","template":"","meta":{"_acf_changed":true},"product_brand":[],"product_cat":[34],"product_tag":[30,29,27],"class_list":{"0":"post-2421","1":"product","2":"type-product","3":"status-publish","4":"has-post-thumbnail","6":"product_cat-bulk-ceramic-tableware-in-stock","7":"product_tag-custom-porcelain-dinnerware","8":"product_tag-hand-painted-embossed-dinnerware-wholesale","9":"product_tag-wholesale-decal-ceramics","11":"first","12":"instock","13":"shipping-taxable","14":"product-type-simple"},"acf":[],"_links":{"self":[{"href":"https:\/\/www.lianyuanceramic.com\/fr\/wp-json\/wp\/v2\/product\/2421","targetHints":{"allow":["GET"]}}],"collection":[{"href":"https:\/\/www.lianyuanceramic.com\/fr\/wp-json\/wp\/v2\/product"}],"about":[{"href":"https:\/\/www.lianyuanceramic.com\/fr\/wp-json\/wp\/v2\/types\/product"}],"replies":[{"embeddable":true,"href":"https:\/\/www.lianyuanceramic.com\/fr\/wp-json\/wp\/v2\/comments?post=2421"}],"wp:featuredmedia":[{"embeddable":true,"href":"https:\/\/www.lianyuanceramic.com\/fr\/wp-json\/wp\/v2\/media\/2422"}],"wp:attachment":[{"href":"https:\/\/www.lianyuanceramic.com\/fr\/wp-json\/wp\/v2\/media?parent=2421"}],"wp:term":[{"taxonomy":"product_brand","embeddable":true,"href":"https:\/\/www.lianyuanceramic.com\/fr\/wp-json\/wp\/v2\/product_brand?post=2421"},{"taxonomy":"product_cat","embeddable":true,"href":"https:\/\/www.lianyuanceramic.com\/fr\/wp-json\/wp\/v2\/product_cat?post=2421"},{"taxonomy":"product_tag","embeddable":true,"href":"https:\/\/www.lianyuanceramic.com\/fr\/wp-json\/wp\/v2\/product_tag?post=2421"}],"curies":[{"name":"wp","href":"https:\/\/api.w.org\/{rel}","templated":true}]}}