{"id":2409,"date":"2025-11-25T02:24:49","date_gmt":"2025-11-25T02:24:49","guid":{"rendered":"https:\/\/www.lianyuanceramic.com\/?post_type=product&#038;p=2409"},"modified":"2025-11-25T02:28:36","modified_gmt":"2025-11-25T02:28:36","slug":"custom-ceramic-bakeware","status":"publish","type":"product","link":"https:\/\/www.lianyuanceramic.com\/fr\/produit\/custom-ceramic-bakeware\/","title":{"rendered":"Plat \u00e0 four en c\u00e9ramique, peint \u00e0 la main, \u00e0 double poign\u00e9e, en vrac"},"content":{"rendered":"<div class=\"wp-block-columns is-layout-flex wp-container-core-columns-is-layout-9d6595d7 wp-block-columns-is-layout-flex\">\n<div class=\"wp-block-column is-layout-flow wp-block-column-is-layout-flow\">\n<h2 class=\"wp-block-heading\">C\u00e9ramique Caract\u00e9ristiques du moule \u00e0 p\u00e2tisserie :<\/h2>\n\n\n\n<p><strong>Motif floral peint \u00e0 la main<\/strong>: Avec des motifs floraux exquis, des couleurs riches et coordonn\u00e9es. Disponible en deux styles de bordures, verte et rouge, elle est d\u00e9corative et ornementale, ajoutant une atmosph\u00e8re artistique \u00e0 la table \u00e0 manger.<\/p>\n\n\n\n<p><strong>Nettoyage facile<\/strong>: Elle peut \u00eatre nettoy\u00e9e \u00e0 la main ou au lave-vaisselle ; cela n'a pas d'importance car la texture lisse de la porcelaine rend le nettoyage incroyablement facile.<\/p>\n\n\n\n<p><strong>Traitement de d\u00e9tail<\/strong>: Les bords et les poign\u00e9es sont finement travaill\u00e9s. L'\u00e9mail est lisse et facile \u00e0 nettoyer. Les motifs floraux ne s'effacent pas facilement ; ils sont donc durables et peuvent conserver leur beaut\u00e9 pendant longtemps.<\/p>\n\n\n\n<p><strong>S\u00e9curit\u00e9 \u00e0 haute temp\u00e9rature :<\/strong> L'ensemble de moules est fabriqu\u00e9 dans un mat\u00e9riau durable qui r\u00e9siste aux temp\u00e9ratures \u00e9lev\u00e9es.<\/p>\n\n\n\n<p><strong>Utilisations multiples :<\/strong> Le plat de cuisson est id\u00e9al pour les gratins, les viandes r\u00f4ties, les lasagnes, les plats en cocotte, les brownies, les desserts, la cuisson, le service, la conservation et le r\u00e9chauffage en une seule fois.<\/p>\n\n\n\n<p><strong>Multi-fonctionnalit\u00e9 Praticit\u00e9 :<\/strong> Il peut \u00eatre utilis\u00e9 non seulement comme vaisselle pour servir les aliments, mais aussi comme r\u00e9cipient pour la cuisson, ce qui permet une utilisation unique, de la cuisson au service sur la table, am\u00e9liorant ainsi l'exp\u00e9rience gastronomique.<\/p>\n<\/div>\n\n\n\n<div class=\"wp-block-column is-layout-flow wp-block-column-is-layout-flow\">\n<figure class=\"wp-block-image size-full\"><img decoding=\"async\" width=\"800\" height=\"800\" src=\"https:\/\/www.lianyuanceramic.com\/wp-content\/uploads\/2025\/11\/wholesale-hand-painted-ceramic-baking-dish-1.webp\" alt=\"plat de cuisson en c\u00e9ramique peint \u00e0 la main\" class=\"wp-image-2411\" srcset=\"https:\/\/www.lianyuanceramic.com\/wp-content\/uploads\/2025\/11\/wholesale-hand-painted-ceramic-baking-dish-1.webp 800w, https:\/\/www.lianyuanceramic.com\/wp-content\/uploads\/2025\/11\/wholesale-hand-painted-ceramic-baking-dish-1-300x300.webp 300w, https:\/\/www.lianyuanceramic.com\/wp-content\/uploads\/2025\/11\/wholesale-hand-painted-ceramic-baking-dish-1-150x150.webp 150w, https:\/\/www.lianyuanceramic.com\/wp-content\/uploads\/2025\/11\/wholesale-hand-painted-ceramic-baking-dish-1-768x768.webp 768w, https:\/\/www.lianyuanceramic.com\/wp-content\/uploads\/2025\/11\/wholesale-hand-painted-ceramic-baking-dish-1-12x12.webp 12w, https:\/\/www.lianyuanceramic.com\/wp-content\/uploads\/2025\/11\/wholesale-hand-painted-ceramic-baking-dish-1-600x600.webp 600w, https:\/\/www.lianyuanceramic.com\/wp-content\/uploads\/2025\/11\/wholesale-hand-painted-ceramic-baking-dish-1-100x100.webp 100w\" sizes=\"(max-width: 800px) 100vw, 800px\" \/><\/figure>\n<\/div>\n<\/div>\n\n\n\n<div class=\"wp-block-columns is-layout-flex wp-container-core-columns-is-layout-9d6595d7 wp-block-columns-is-layout-flex\">\n<div class=\"wp-block-column is-layout-flow wp-block-column-is-layout-flow\">\n<figure class=\"wp-block-image size-full\"><img decoding=\"async\" width=\"800\" height=\"800\" src=\"https:\/\/www.lianyuanceramic.com\/wp-content\/uploads\/2025\/11\/customized-ceramic-baking-pan.webp\" alt=\"moule de cuisson en c\u00e9ramique personnalis\u00e9\" class=\"wp-image-2415\" srcset=\"https:\/\/www.lianyuanceramic.com\/wp-content\/uploads\/2025\/11\/customized-ceramic-baking-pan.webp 800w, https:\/\/www.lianyuanceramic.com\/wp-content\/uploads\/2025\/11\/customized-ceramic-baking-pan-300x300.webp 300w, https:\/\/www.lianyuanceramic.com\/wp-content\/uploads\/2025\/11\/customized-ceramic-baking-pan-150x150.webp 150w, https:\/\/www.lianyuanceramic.com\/wp-content\/uploads\/2025\/11\/customized-ceramic-baking-pan-768x768.webp 768w, https:\/\/www.lianyuanceramic.com\/wp-content\/uploads\/2025\/11\/customized-ceramic-baking-pan-12x12.webp 12w, https:\/\/www.lianyuanceramic.com\/wp-content\/uploads\/2025\/11\/customized-ceramic-baking-pan-600x600.webp 600w, https:\/\/www.lianyuanceramic.com\/wp-content\/uploads\/2025\/11\/customized-ceramic-baking-pan-100x100.webp 100w\" sizes=\"(max-width: 800px) 100vw, 800px\" \/><\/figure>\n<\/div>\n\n\n\n<div class=\"wp-block-column is-layout-flow wp-block-column-is-layout-flow\">\n<h2 class=\"wp-block-heading\">ustensiles de cuisson en c\u00e9ramique personnalis\u00e9s<\/h2>\n\n\n\n<p>Le fabricant d'ustensiles de cuisine en c\u00e9ramique de Lianyuan peut fournir des services de personnalisation complets pour r\u00e9aliser vos id\u00e9es.<\/p>\n\n\n\n<p><strong>Taille et forme<\/strong>: Comprend les tailles rondes, ovales, rectangulaires et personnalis\u00e9es.<\/p>\n\n\n\n<p><strong>Mat\u00e9riau et \u00e9paisseur<\/strong>: C\u00e9ramique durable, argile r\u00e9sistante \u00e0 la chaleur, porcelaine, gr\u00e8s, fabriqu\u00e9s sur mesure en diff\u00e9rentes \u00e9paisseurs et r\u00e9sistances \u00e0 la chaleur.<\/p>\n\n\n\n<p><strong>Finitions<\/strong>: Les options comprennent des finitions mates, brillantes ou textur\u00e9es.<\/p>\n\n\n\n<p><strong>D\u00e9coration\/motif<\/strong>: Graphiques, dessins ou logos personnalis\u00e9s, y compris les d\u00e9calcomanies, peints \u00e0 la main et en relief.<\/p>\n\n\n\n<p><strong>Paquet<\/strong>: Emballage personnalis\u00e9 pour les commandes en vrac, les coffrets cadeaux ou la distribution au d\u00e9tail avec un \u00e9tiquetage ou un marquage personnalis\u00e9.<\/p>\n<\/div>\n<\/div>","protected":false},"excerpt":{"rendered":"<p>ustensiles de cuisson en c\u00e9ramique personnalis\u00e9s de Lianyuan, avec de d\u00e9licates d\u00e9corations florales et un design carr\u00e9 \u00e0 double poign\u00e9e. Fabriqu\u00e9 en c\u00e9ramique de haute qualit\u00e9, il passe au four et au micro-ondes. Id\u00e9al pour la pr\u00e9paration des aliments, la cuisson et le service ; c'est un ustensile de cuisine indispensable. N'h\u00e9sitez pas \u00e0 nous contacter pour des commandes personnalis\u00e9es et des prix de gros !<\/p>\n<h2>Param\u00e8tres des moules \u00e0 p\u00e2tisserie en c\u00e9ramique<\/h2>\n<table style=\"border-collapse: collapse; width: 370.82pt;\" border=\"0\" width=\"618\" cellspacing=\"0\" cellpadding=\"0\">\n<tbody>\n<tr style=\"height: 15.60pt;\">\n<td class=\"et3\" style=\"height: 15.60pt; width: 108.00pt;\" width=\"180\" height=\"26\">Fabricant<\/td>\n<td class=\"et3\" style=\"width: 263.25pt;\" width=\"438\">Lianyuan<\/td>\n<\/tr>\n<tr style=\"height: 15.60pt;\">\n<td class=\"et3\" style=\"height: 15.60pt;\" height=\"26\">Type de produit<\/td>\n<td class=\"et3\">Ustensiles de service, ustensiles de cuisson<\/td>\n<\/tr>\n<tr style=\"height: 15.60pt;\">\n<td class=\"et3\" style=\"height: 15.60pt;\" height=\"26\">Mod\u00e8le<\/td>\n<td class=\"et3\">Floral<\/td>\n<\/tr>\n<tr style=\"height: 15.60pt;\">\n<td class=\"et3\" style=\"height: 15.60pt;\" height=\"26\">Couleur<\/td>\n<td class=\"et3\">Rouge, vert<\/td>\n<\/tr>\n<tr style=\"height: 15.60pt;\">\n<td class=\"et3\" style=\"height: 15.60pt;\" height=\"26\">Mat\u00e9riau<\/td>\n<td class=\"et3\">Porcelaine durable<\/td>\n<\/tr>\n<tr style=\"height: 15.60pt;\">\n<td class=\"et3\" style=\"height: 15.60pt;\" height=\"26\">Artisanat<\/td>\n<td class=\"et3\">D\u00e9calcomanie et peinture \u00e0 la main<\/td>\n<\/tr>\n<tr style=\"height: 15.60pt;\">\n<td class=\"et3\" style=\"height: 15.60pt;\" height=\"26\">Application<\/td>\n<td class=\"et3\">Passe au micro-ondes, au lave-vaisselle et au four<\/td>\n<\/tr>\n<tr style=\"height: 15.60pt;\">\n<td class=\"et3\" style=\"height: 15.60pt;\" height=\"26\">Sur mesure<\/td>\n<td class=\"et3\">Couleur\/Taille\/Logo\/Emballage<\/td>\n<\/tr>\n<\/tbody>\n<\/table>","protected":false},"featured_media":2410,"comment_status":"open","ping_status":"closed","template":"","meta":{"_acf_changed":false},"product_brand":[],"product_cat":[20],"product_tag":[30,29,27],"class_list":{"0":"post-2409","1":"product","2":"type-product","3":"status-publish","4":"has-post-thumbnail","6":"product_cat-custom-bakeware-casserole-dish","7":"product_tag-custom-porcelain-dinnerware","8":"product_tag-hand-painted-embossed-dinnerware-wholesale","9":"product_tag-wholesale-decal-ceramics","11":"first","12":"instock","13":"shipping-taxable","14":"product-type-simple"},"acf":[],"_links":{"self":[{"href":"https:\/\/www.lianyuanceramic.com\/fr\/wp-json\/wp\/v2\/product\/2409","targetHints":{"allow":["GET"]}}],"collection":[{"href":"https:\/\/www.lianyuanceramic.com\/fr\/wp-json\/wp\/v2\/product"}],"about":[{"href":"https:\/\/www.lianyuanceramic.com\/fr\/wp-json\/wp\/v2\/types\/product"}],"replies":[{"embeddable":true,"href":"https:\/\/www.lianyuanceramic.com\/fr\/wp-json\/wp\/v2\/comments?post=2409"}],"wp:featuredmedia":[{"embeddable":true,"href":"https:\/\/www.lianyuanceramic.com\/fr\/wp-json\/wp\/v2\/media\/2410"}],"wp:attachment":[{"href":"https:\/\/www.lianyuanceramic.com\/fr\/wp-json\/wp\/v2\/media?parent=2409"}],"wp:term":[{"taxonomy":"product_brand","embeddable":true,"href":"https:\/\/www.lianyuanceramic.com\/fr\/wp-json\/wp\/v2\/product_brand?post=2409"},{"taxonomy":"product_cat","embeddable":true,"href":"https:\/\/www.lianyuanceramic.com\/fr\/wp-json\/wp\/v2\/product_cat?post=2409"},{"taxonomy":"product_tag","embeddable":true,"href":"https:\/\/www.lianyuanceramic.com\/fr\/wp-json\/wp\/v2\/product_tag?post=2409"}],"curies":[{"name":"wp","href":"https:\/\/api.w.org\/{rel}","templated":true}]}}