{"id":2401,"date":"2025-11-15T01:24:08","date_gmt":"2025-11-15T01:24:08","guid":{"rendered":"https:\/\/www.lianyuanceramic.com\/?post_type=product&#038;p=2401"},"modified":"2025-11-15T01:24:10","modified_gmt":"2025-11-15T01:24:10","slug":"custom-ceramic-bowls-2","status":"publish","type":"product","link":"https:\/\/www.lianyuanceramic.com\/fr\/produit\/custom-ceramic-bowls-2\/","title":{"rendered":"Bols en c\u00e9ramique personnalis\u00e9s D\u00e9calage floral Bol \u00e0 p\u00e2tes, Set de bols \u00e0 salade peints \u00e0 la main Fabricant"},"content":{"rendered":"<div class=\"wp-block-columns is-layout-flex wp-container-core-columns-is-layout-9d6595d7 wp-block-columns-is-layout-flex\">\n<div class=\"wp-block-column is-layout-flow wp-block-column-is-layout-flow\">\n<h2 class=\"wp-block-heading\">Bols en c\u00e9ramique Caract\u00e9ristiques :<\/h2>\n\n\n\n<p><strong>Floral<\/strong> <strong>Cr\u00e9ation de motifs<\/strong>: La surface de la vaisselle adopte de riches motifs floraux, y compris divers \u00e9l\u00e9ments floraux tels que des roses et des marguerites. Les couleurs sont vives et les styles vari\u00e9s. Il y a des styles avec de grandes fleurs tr\u00e8s color\u00e9es et des combinaisons de fleurs relativement fra\u00eeches, qui sont tr\u00e8s d\u00e9coratives et artistiques.<\/p>\n\n\n\n<p><strong><strong>Artisanat de haute qualit\u00e9<\/strong><\/strong>: L'incrustation du motif floral est d\u00e9licate, la couleur ne s'estompe pas facilement et elle est durable.<\/p>\n\n\n\n<p><strong>S\u00fbr et durable<\/strong>: Nos \u00e9maux ne contiennent pas de plomb, ce qui signifie que vous n'aurez jamais \u00e0 vous soucier du plomb qui s'infiltre dans votre syst\u00e8me corporel et vous rend malade. Ces saladiers sont cuits \u00e0 haute temp\u00e9rature pour maximiser la r\u00e9sistance de la porcelaine.<\/p>\n\n\n\n<p><strong>Polyvalent et polyvalent<\/strong>: L'ensemble de bols en c\u00e9ramique est polyvalent. Qu'il s'agisse d'un brunch d\u00e9contract\u00e9 entre amis, d'un repas en famille, d'une f\u00eate \u00e0 th\u00e8me ou d'un d\u00eener \u00e9l\u00e9gant, nos bols en c\u00e9ramique sont suffisamment polyvalents pour rehausser toutes les occasions.<\/p>\n<\/div>\n\n\n\n<div class=\"wp-block-column is-layout-flow wp-block-column-is-layout-flow\">\n<h2 class=\"wp-block-heading\">Bols en c\u00e9ramique personnalis\u00e9s :<\/h2>\n\n\n\n<p>Lianyuan propose diverses options de vaisselle personnalis\u00e9e en fonction des besoins de la marque ou des tendances de la mode, ce qui en fait un produit id\u00e9al pour un usage personnel ou commercial.<\/p>\n\n\n\n<p><strong>Conception :&nbsp;<\/strong>Formes et motifs vari\u00e9s.<\/p>\n\n\n\n<p><strong>Composition de l'ensemble :<\/strong>&nbsp;Sets de tasses en c\u00e9ramique personnalis\u00e9s avec des combinaisons de tasses, de bols et de cuill\u00e8res.<\/p>\n\n\n\n<p><strong>Taille :&nbsp;<\/strong>Choisissez parmi diff\u00e9rentes tailles pour convenir \u00e0 diff\u00e9rentes portions de repas.<\/p>\n\n\n\n<p><strong>Mat\u00e9riau :<\/strong>&nbsp;C\u00e9ramique, porcelaine, porcelaine osseuse ou se renseigner sur les autres possibilit\u00e9s.<\/p>\n\n\n\n<p><strong>Artisanat :&nbsp;<\/strong>D\u00e9calcomanies de gla\u00e7age, changement de four, peinture \u00e0 la main, motifs en relief ou autres.<\/p>\n\n\n\n<p><strong>Emballage :&nbsp;<\/strong>Emballage en vrac, bo\u00eete de couleur, bo\u00eete cadeau, bo\u00eete de pr\u00e9sentation, bo\u00eete postale, etc.<\/p>\n<\/div>\n<\/div>\n\n\n\n<div class=\"wp-block-columns is-layout-flex wp-container-core-columns-is-layout-9d6595d7 wp-block-columns-is-layout-flex\">\n<div class=\"wp-block-column is-layout-flow wp-block-column-is-layout-flow\">\n<figure class=\"wp-block-image size-full\"><img decoding=\"async\" width=\"800\" height=\"800\" src=\"https:\/\/www.lianyuanceramic.com\/wp-content\/uploads\/2025\/11\/custom-ceramic-hand-printed-tableware.webp\" alt=\"vaisselle personnalis\u00e9e en c\u00e9ramique imprim\u00e9e \u00e0 la main\" class=\"wp-image-2407\" srcset=\"https:\/\/www.lianyuanceramic.com\/wp-content\/uploads\/2025\/11\/custom-ceramic-hand-printed-tableware.webp 800w, https:\/\/www.lianyuanceramic.com\/wp-content\/uploads\/2025\/11\/custom-ceramic-hand-printed-tableware-300x300.webp 300w, https:\/\/www.lianyuanceramic.com\/wp-content\/uploads\/2025\/11\/custom-ceramic-hand-printed-tableware-150x150.webp 150w, https:\/\/www.lianyuanceramic.com\/wp-content\/uploads\/2025\/11\/custom-ceramic-hand-printed-tableware-768x768.webp 768w, https:\/\/www.lianyuanceramic.com\/wp-content\/uploads\/2025\/11\/custom-ceramic-hand-printed-tableware-12x12.webp 12w, https:\/\/www.lianyuanceramic.com\/wp-content\/uploads\/2025\/11\/custom-ceramic-hand-printed-tableware-600x600.webp 600w, https:\/\/www.lianyuanceramic.com\/wp-content\/uploads\/2025\/11\/custom-ceramic-hand-printed-tableware-100x100.webp 100w\" sizes=\"(max-width: 800px) 100vw, 800px\" \/><\/figure>\n<\/div>\n\n\n\n<div class=\"wp-block-column is-layout-flow wp-block-column-is-layout-flow\">\n<figure class=\"wp-block-image size-full\"><img decoding=\"async\" width=\"800\" height=\"800\" src=\"https:\/\/www.lianyuanceramic.com\/wp-content\/uploads\/2025\/11\/wholesale-decal-ceramic-tableware.webp\" alt=\"vaisselle en c\u00e9ramique avec d\u00e9calcomanie en gros\" class=\"wp-image-2408\" srcset=\"https:\/\/www.lianyuanceramic.com\/wp-content\/uploads\/2025\/11\/wholesale-decal-ceramic-tableware.webp 800w, https:\/\/www.lianyuanceramic.com\/wp-content\/uploads\/2025\/11\/wholesale-decal-ceramic-tableware-300x300.webp 300w, https:\/\/www.lianyuanceramic.com\/wp-content\/uploads\/2025\/11\/wholesale-decal-ceramic-tableware-150x150.webp 150w, https:\/\/www.lianyuanceramic.com\/wp-content\/uploads\/2025\/11\/wholesale-decal-ceramic-tableware-768x768.webp 768w, https:\/\/www.lianyuanceramic.com\/wp-content\/uploads\/2025\/11\/wholesale-decal-ceramic-tableware-12x12.webp 12w, https:\/\/www.lianyuanceramic.com\/wp-content\/uploads\/2025\/11\/wholesale-decal-ceramic-tableware-600x600.webp 600w, https:\/\/www.lianyuanceramic.com\/wp-content\/uploads\/2025\/11\/wholesale-decal-ceramic-tableware-100x100.webp 100w\" sizes=\"(max-width: 800px) 100vw, 800px\" \/><\/figure>\n<\/div>\n<\/div>","protected":false},"excerpt":{"rendered":"<div class=\"D5aOJc vJwDU\">\n<div data-zone-id=\"0\" data-line-index=\"0\" data-line=\"true\">\n<p>Bienvenue aux bols en c\u00e9ramique personnalis\u00e9s qui combinent des motifs floraux vibrants, une durabilit\u00e9 sans plomb et une utilisation polyvalente de tous les jours \u00e0 tous les \u00e9v\u00e9nements - un choix id\u00e9al pour les marques \u00e0 la recherche d'une vaisselle de haute qualit\u00e9 et durable. Nous proposons un stock en vrac, une livraison rapide et une personnalisation de base. Les demandes sont les bienvenues !<\/p>\n<\/div>\n<\/div>\n<h2>Bols en c\u00e9ramique \u00e0 motif de fleurs Param\u00e8tres :<\/h2>\n<table style=\"border-collapse: collapse; width: 370.82pt;\" border=\"0\" width=\"618\" cellspacing=\"0\" cellpadding=\"0\">\n<tbody>\n<tr style=\"height: 15.60pt;\">\n<td class=\"et3\" style=\"height: 15.60pt; width: 108.00pt;\" width=\"180\" height=\"26\">Fabricant<\/td>\n<td class=\"et3\" style=\"width: 263.25pt;\" width=\"438\">Lianyuan<\/td>\n<\/tr>\n<tr style=\"height: 15.60pt;\">\n<td class=\"et3\" style=\"height: 15.60pt;\" height=\"26\">Type de produit<\/td>\n<td class=\"et3\">Bols \u00e0 motifs floraux<\/td>\n<\/tr>\n<tr style=\"height: 15.60pt;\">\n<td class=\"et3\" style=\"height: 15.60pt;\" height=\"26\">Mod\u00e8le<\/td>\n<td class=\"et3\">\u00a0Divers motifs de fleurs<\/td>\n<\/tr>\n<tr style=\"height: 15.60pt;\">\n<td class=\"et3\" style=\"height: 15.60pt;\" height=\"26\">Couleur<\/td>\n<td class=\"et3\">Rose, jaune, vert, bleu<\/td>\n<\/tr>\n<tr style=\"height: 15.60pt;\">\n<td class=\"et3\" style=\"height: 15.60pt;\" height=\"26\">Mat\u00e9riau<\/td>\n<td class=\"et3\">Porcelaine durable<\/td>\n<\/tr>\n<tr style=\"height: 15.60pt;\">\n<td class=\"et3\" style=\"height: 15.60pt;\" height=\"26\">Artisanat<\/td>\n<td class=\"et3\">D\u00e9calque gaufr\u00e9 et glac\u00e9<\/td>\n<\/tr>\n<tr style=\"height: 15.60pt;\">\n<td class=\"et3\" style=\"height: 15.60pt;\" height=\"26\">Application<\/td>\n<td class=\"et3\">Passe au micro-ondes, au lave-vaisselle et au four<\/td>\n<\/tr>\n<tr style=\"height: 15.60pt;\">\n<td class=\"et3\" style=\"height: 15.60pt;\" height=\"26\">Sur mesure<\/td>\n<td class=\"et3\">Couleur\/Taille\/Logo\/Emballage<\/td>\n<\/tr>\n<\/tbody>\n<\/table>","protected":false},"featured_media":2402,"comment_status":"open","ping_status":"closed","template":"","meta":{"_acf_changed":false},"product_brand":[],"product_cat":[34],"product_tag":[31,30,29,27],"class_list":{"0":"post-2401","1":"product","2":"type-product","3":"status-publish","4":"has-post-thumbnail","6":"product_cat-bulk-ceramic-tableware-in-stock","7":"product_tag-bone-china-dinnerware-wholesale","8":"product_tag-custom-porcelain-dinnerware","9":"product_tag-hand-painted-embossed-dinnerware-wholesale","10":"product_tag-wholesale-decal-ceramics","12":"first","13":"instock","14":"shipping-taxable","15":"product-type-simple"},"acf":[],"_links":{"self":[{"href":"https:\/\/www.lianyuanceramic.com\/fr\/wp-json\/wp\/v2\/product\/2401","targetHints":{"allow":["GET"]}}],"collection":[{"href":"https:\/\/www.lianyuanceramic.com\/fr\/wp-json\/wp\/v2\/product"}],"about":[{"href":"https:\/\/www.lianyuanceramic.com\/fr\/wp-json\/wp\/v2\/types\/product"}],"replies":[{"embeddable":true,"href":"https:\/\/www.lianyuanceramic.com\/fr\/wp-json\/wp\/v2\/comments?post=2401"}],"wp:featuredmedia":[{"embeddable":true,"href":"https:\/\/www.lianyuanceramic.com\/fr\/wp-json\/wp\/v2\/media\/2402"}],"wp:attachment":[{"href":"https:\/\/www.lianyuanceramic.com\/fr\/wp-json\/wp\/v2\/media?parent=2401"}],"wp:term":[{"taxonomy":"product_brand","embeddable":true,"href":"https:\/\/www.lianyuanceramic.com\/fr\/wp-json\/wp\/v2\/product_brand?post=2401"},{"taxonomy":"product_cat","embeddable":true,"href":"https:\/\/www.lianyuanceramic.com\/fr\/wp-json\/wp\/v2\/product_cat?post=2401"},{"taxonomy":"product_tag","embeddable":true,"href":"https:\/\/www.lianyuanceramic.com\/fr\/wp-json\/wp\/v2\/product_tag?post=2401"}],"curies":[{"name":"wp","href":"https:\/\/api.w.org\/{rel}","templated":true}]}}