{"id":2374,"date":"2025-11-15T01:10:06","date_gmt":"2025-11-15T01:10:06","guid":{"rendered":"https:\/\/www.lianyuanceramic.com\/?post_type=product&#038;p=2374"},"modified":"2025-11-15T01:10:06","modified_gmt":"2025-11-15T01:10:06","slug":"tea-sets-in-bulk","status":"publish","type":"product","link":"https:\/\/www.lianyuanceramic.com\/fr\/produit\/tea-sets-in-bulk\/","title":{"rendered":"Set de th\u00e9 floral en vrac, Set de tasses \u00e0 caf\u00e9 et soucoupes \u00e0 d\u00e9cor rouge en gros"},"content":{"rendered":"<div class=\"wp-block-image\">\n<figure class=\"aligncenter size-full\"><img decoding=\"async\" width=\"750\" height=\"750\" src=\"https:\/\/www.lianyuanceramic.com\/wp-content\/uploads\/2025\/11\/wholesale-hand-printed-ceramic-cup-and-saucer.webp\" alt=\"Tasse et soucoupe en c\u00e9ramique imprim\u00e9e \u00e0 la main\" class=\"wp-image-2381\" srcset=\"https:\/\/www.lianyuanceramic.com\/wp-content\/uploads\/2025\/11\/wholesale-hand-printed-ceramic-cup-and-saucer.webp 750w, https:\/\/www.lianyuanceramic.com\/wp-content\/uploads\/2025\/11\/wholesale-hand-printed-ceramic-cup-and-saucer-300x300.webp 300w, https:\/\/www.lianyuanceramic.com\/wp-content\/uploads\/2025\/11\/wholesale-hand-printed-ceramic-cup-and-saucer-150x150.webp 150w, https:\/\/www.lianyuanceramic.com\/wp-content\/uploads\/2025\/11\/wholesale-hand-printed-ceramic-cup-and-saucer-12x12.webp 12w, https:\/\/www.lianyuanceramic.com\/wp-content\/uploads\/2025\/11\/wholesale-hand-printed-ceramic-cup-and-saucer-600x600.webp 600w, https:\/\/www.lianyuanceramic.com\/wp-content\/uploads\/2025\/11\/wholesale-hand-printed-ceramic-cup-and-saucer-100x100.webp 100w\" sizes=\"(max-width: 750px) 100vw, 750px\" \/><\/figure>\n<\/div>\n\n\n<div class=\"wp-block-columns is-layout-flex wp-container-core-columns-is-layout-9d6595d7 wp-block-columns-is-layout-flex\">\n<div class=\"wp-block-column is-layout-flow wp-block-column-is-layout-flow\">\n<h2 class=\"wp-block-heading\">Caract\u00e9ristiques des services \u00e0 th\u00e9 en vrac :<\/h2>\n\n\n\n<p><strong>Design unique et \u00e9l\u00e9gant :<\/strong> Le corps de la tasse est peint de riches motifs floraux, et les couleurs sont vives et superpos\u00e9es, pr\u00e9sentant un fort sens de l'art et un style r\u00e9tro, ajoutant une touche d'\u00e9l\u00e9gance \u00e0 tout rassemblement.<\/p>\n\n\n\n<p><strong>Confortable et pratique :<\/strong> La tasse est dot\u00e9e d'un pied. Le pied rouge de la tasse ne joue pas seulement un r\u00f4le de soutien, mais forme \u00e9galement un \u00e9cho de couleur avec l'anse rouge de la tasse et le bord de l'embouchure de la tasse. La forme g\u00e9n\u00e9rale est exquise et tridimensionnelle.<\/p>\n\n\n\n<p><strong>Sain et s\u00fbr :<\/strong> Gr\u00e2ce \u00e0 la technologie des d\u00e9calcomanies in-glaze, la surface est brillante et ne contient pas de plomb, ce qui garantit un usage quotidien sans danger.<\/p>\n\n\n\n<p><strong>Polyvalent : <\/strong>L'ensemble de tasses \u00e0 th\u00e9 convient \u00e0 un usage domestique, \u00e0 des go\u00fbters ou comme pi\u00e8ce d\u00e9corative sur votre table \u00e0 manger. Il s'agit \u00e9galement d'un cadeau judicieux pour les amateurs de th\u00e9, les pendaisons de cr\u00e9maill\u00e8re ou les occasions sp\u00e9ciales telles que les anniversaires et les f\u00eates de fin d'ann\u00e9e.<\/p>\n\n\n\n<p><strong>Personnalisation du support<\/strong>: Lianyuan propose des solutions personnalis\u00e9es telles que le motif, la couleur et l'emballage en fonction des exigences des clients afin de favoriser la diff\u00e9renciation des marques.<\/p>\n<\/div>\n\n\n\n<div class=\"wp-block-column is-layout-flow wp-block-column-is-layout-flow\">\n<h2 class=\"wp-block-heading\">Services \u00e0 th\u00e9 personnalis\u00e9s en vrac Solution :<\/h2>\n\n\n\n<p>Lianyuan propose diverses options de vaisselle personnalis\u00e9e en fonction des besoins de la marque ou des tendances de la mode, ce qui en fait un produit id\u00e9al pour un usage personnel ou commercial.<\/p>\n\n\n\n<p><strong>Conception :&nbsp;<\/strong>Formes et motifs vari\u00e9s.<\/p>\n\n\n\n<p><strong>Composition de l'ensemble :<\/strong>&nbsp;Sets de tasses en c\u00e9ramique personnalis\u00e9s avec des combinaisons de tasses, de bols et de cuill\u00e8res.<\/p>\n\n\n\n<p><strong>Taille :&nbsp;<\/strong>Choisissez parmi diff\u00e9rentes tailles pour convenir \u00e0 diff\u00e9rentes portions de repas.<\/p>\n\n\n\n<p><strong>Mat\u00e9riau :<\/strong>&nbsp;C\u00e9ramique, porcelaine, porcelaine osseuse ou se renseigner sur les autres possibilit\u00e9s.<\/p>\n\n\n\n<p><strong>Artisanat :&nbsp;<\/strong>D\u00e9calcomanies de gla\u00e7age, changement de four, peinture \u00e0 la main, motifs en relief ou autres.<\/p>\n\n\n\n<p><strong>Emballage :&nbsp;<\/strong>Emballage en vrac, bo\u00eete de couleur, bo\u00eete cadeau, bo\u00eete de pr\u00e9sentation, bo\u00eete postale, etc.<\/p>\n<\/div>\n<\/div>","protected":false},"excerpt":{"rendered":"<div class=\"D5aOJc vJwDU\">\n<div data-zone-id=\"0\" data-line-index=\"0\" data-line=\"true\">\n<p>Les services \u00e0 th\u00e9 floraux de Lianyuan en vrac utilisent des tasses \u00e0 caf\u00e9 et des soucoupes en c\u00e9ramique artisanale. Il s'agit \u00e9galement d'un cadeau attentionn\u00e9 pour les amateurs de th\u00e9, les pendaisons de cr\u00e9maill\u00e8re ou les occasions sp\u00e9ciales telles que les anniversaires et les f\u00eates. Contactez-nous pour conna\u00eetre les quantit\u00e9s minimales et les options de personnalisation !<\/p>\n<\/div>\n<\/div>\n<h2>Param\u00e8tres des services de th\u00e9 en vrac :<\/h2>\n<table style=\"border-collapse: collapse; width: 370.82pt;\" border=\"0\" width=\"618\" cellspacing=\"0\" cellpadding=\"0\">\n<tbody>\n<tr style=\"height: 15.60pt;\">\n<td class=\"et3\" style=\"height: 15.60pt; width: 108.00pt;\" width=\"180\" height=\"26\">Fabricant<\/td>\n<td class=\"et3\" style=\"width: 263.25pt;\" width=\"438\">Lianyuan<\/td>\n<\/tr>\n<tr style=\"height: 15.60pt;\">\n<td class=\"et3\" style=\"height: 15.60pt;\" height=\"26\">Type de produit<\/td>\n<td class=\"et3\">Services \u00e0 th\u00e9<\/td>\n<\/tr>\n<tr style=\"height: 15.60pt;\">\n<td class=\"et3\" style=\"height: 15.60pt;\" height=\"26\">Mod\u00e8le<\/td>\n<td class=\"et3\">Motif de feuilles exquis<\/td>\n<\/tr>\n<tr style=\"height: 15.60pt;\">\n<td class=\"et3\" style=\"height: 15.60pt;\" height=\"26\">Couleur<\/td>\n<td class=\"et3\">Color\u00e9e<\/td>\n<\/tr>\n<tr style=\"height: 15.60pt;\">\n<td class=\"et3\" style=\"height: 15.60pt;\" height=\"26\">Mat\u00e9riau<\/td>\n<td class=\"et3\">Porcelaine durable<\/td>\n<\/tr>\n<tr style=\"height: 15.60pt;\">\n<td class=\"et3\" style=\"height: 15.60pt;\" height=\"26\">Artisanat<\/td>\n<td class=\"et3\">D\u00e9calque In-Glaze<\/td>\n<\/tr>\n<tr style=\"height: 15.60pt;\">\n<td class=\"et3\" style=\"height: 15.60pt;\" height=\"26\">Application<\/td>\n<td class=\"et3\">Passe au micro-ondes, au lave-vaisselle et au four<\/td>\n<\/tr>\n<tr style=\"height: 15.60pt;\">\n<td class=\"et3\" style=\"height: 15.60pt;\" height=\"26\">Sur mesure<\/td>\n<td class=\"et3\">Couleur\/Taille\/Logo\/Emballage<\/td>\n<\/tr>\n<\/tbody>\n<\/table>","protected":false},"featured_media":2375,"comment_status":"open","ping_status":"closed","template":"","meta":{"_acf_changed":false},"product_brand":[],"product_cat":[34],"product_tag":[31,30,27],"class_list":{"0":"post-2374","1":"product","2":"type-product","3":"status-publish","4":"has-post-thumbnail","6":"product_cat-bulk-ceramic-tableware-in-stock","7":"product_tag-bone-china-dinnerware-wholesale","8":"product_tag-custom-porcelain-dinnerware","9":"product_tag-wholesale-decal-ceramics","11":"first","12":"instock","13":"shipping-taxable","14":"product-type-simple"},"acf":[],"_links":{"self":[{"href":"https:\/\/www.lianyuanceramic.com\/fr\/wp-json\/wp\/v2\/product\/2374","targetHints":{"allow":["GET"]}}],"collection":[{"href":"https:\/\/www.lianyuanceramic.com\/fr\/wp-json\/wp\/v2\/product"}],"about":[{"href":"https:\/\/www.lianyuanceramic.com\/fr\/wp-json\/wp\/v2\/types\/product"}],"replies":[{"embeddable":true,"href":"https:\/\/www.lianyuanceramic.com\/fr\/wp-json\/wp\/v2\/comments?post=2374"}],"wp:featuredmedia":[{"embeddable":true,"href":"https:\/\/www.lianyuanceramic.com\/fr\/wp-json\/wp\/v2\/media\/2375"}],"wp:attachment":[{"href":"https:\/\/www.lianyuanceramic.com\/fr\/wp-json\/wp\/v2\/media?parent=2374"}],"wp:term":[{"taxonomy":"product_brand","embeddable":true,"href":"https:\/\/www.lianyuanceramic.com\/fr\/wp-json\/wp\/v2\/product_brand?post=2374"},{"taxonomy":"product_cat","embeddable":true,"href":"https:\/\/www.lianyuanceramic.com\/fr\/wp-json\/wp\/v2\/product_cat?post=2374"},{"taxonomy":"product_tag","embeddable":true,"href":"https:\/\/www.lianyuanceramic.com\/fr\/wp-json\/wp\/v2\/product_tag?post=2374"}],"curies":[{"name":"wp","href":"https:\/\/api.w.org\/{rel}","templated":true}]}}