{"id":2363,"date":"2025-11-15T01:10:29","date_gmt":"2025-11-15T01:10:29","guid":{"rendered":"https:\/\/www.lianyuanceramic.com\/?post_type=product&#038;p=2363"},"modified":"2025-11-15T01:10:30","modified_gmt":"2025-11-15T01:10:30","slug":"wholesale-ceramic-soup-bowl-set","status":"publish","type":"product","link":"https:\/\/www.lianyuanceramic.com\/fr\/produit\/wholesale-ceramic-soup-bowl-set\/","title":{"rendered":"Set de bols \u00e0 soupe en c\u00e9ramique, bols Ramen peints \u00e0 la main pour la restauration personnalis\u00e9e"},"content":{"rendered":"<div class=\"wp-block-columns is-layout-flex wp-container-core-columns-is-layout-9d6595d7 wp-block-columns-is-layout-flex\">\n<div class=\"wp-block-column is-layout-flow wp-block-column-is-layout-flow\">\n<h2 class=\"wp-block-heading\">Ensemble de bols \u00e0 soupe en c\u00e9ramique Caract\u00e9ristiques :<\/h2>\n\n\n\n<p><strong>Artistique<\/strong> <strong>Conception de motifs :<\/strong> Il adopte un nouveau style chinois, int\u00e9grant l'esth\u00e9tique r\u00e9tro et moderne. Les motifs floraux sont exquis et d\u00e9licats, et l'assortiment des couleurs est riche et harmonieux, plein de sens artistique.<\/p>\n\n\n\n<p><strong>Forme et structure<\/strong>: Il a la forme d'un chapeau de bambou, avec une grande bouche et un petit fond. Le fond est con\u00e7u pour \u00eatre stable, ce qui est pratique pour le placer. Le bol a une grande capacit\u00e9 et peut r\u00e9pondre aux besoins de contenir des soupes, des nouilles et d'autres aliments.<\/p>\n\n\n\n<p><strong>D\u00e9coration florale en gla\u00e7ure :<\/strong> Fabriqu\u00e9 en c\u00e9ramique, il utilise la technologie des couleurs sous gla\u00e7ure. Les motifs sont durables et ne s'effacent pas facilement. Ils sont \u00e9galement sains et respectueux de l'environnement et peuvent entrer directement en contact avec les aliments.<\/p>\n\n\n\n<p><strong>Fonctions pratiques<\/strong>: Il convient aux repas quotidiens, aux r\u00e9unions de famille et \u00e0 d'autres occasions. Il peut \u00eatre utilis\u00e9 au four \u00e0 micro-ondes et au lave-vaisselle (veuillez vous r\u00e9f\u00e9rer \u00e0 la description du produit pour plus de d\u00e9tails), et est tr\u00e8s pratique.<\/p>\n\n\n\n<p><strong>Esth\u00e9tique et fonctionnel<\/strong>: Le bol est orn\u00e9 de motifs floraux sur toute sa surface et de lignes d\u00e9coratives sur le bord. Ce n'est pas seulement de la vaisselle, mais il peut aussi \u00eatre utilis\u00e9 comme ornement de d\u00e9coration int\u00e9rieure pour rehausser le style de l'environnement de la salle \u00e0 manger.<\/p>\n<\/div>\n\n\n\n<div class=\"wp-block-column is-layout-flow wp-block-column-is-layout-flow\">\n<h2 class=\"wp-block-heading\">Set de bols \u00e0 soupe en c\u00e9ramique personnalis\u00e9 :<\/h2>\n\n\n\n<p>Lianyuan propose diverses options de vaisselle personnalis\u00e9e en fonction des besoins de la marque ou des tendances de la mode, ce qui en fait un produit id\u00e9al pour un usage personnel ou commercial.<\/p>\n\n\n\n<p><strong>Conception :&nbsp;<\/strong>Formes et motifs vari\u00e9s.<\/p>\n\n\n\n<p><strong>Composition de l'ensemble :<\/strong>&nbsp;Sets de tasses en c\u00e9ramique personnalis\u00e9s avec des combinaisons de tasses, de bols et de cuill\u00e8res.<\/p>\n\n\n\n<p><strong>Taille :&nbsp;<\/strong>Choisissez parmi diff\u00e9rentes tailles pour convenir \u00e0 diff\u00e9rentes portions de repas.<\/p>\n\n\n\n<p><strong>Mat\u00e9riau :<\/strong>&nbsp;C\u00e9ramique, porcelaine, porcelaine osseuse ou se renseigner sur les autres possibilit\u00e9s.<\/p>\n\n\n\n<p><strong>Artisanat :&nbsp;<\/strong>D\u00e9calcomanies de gla\u00e7age, changement de four, peinture \u00e0 la main, motifs en relief ou autres.<\/p>\n\n\n\n<p><strong>Emballage :&nbsp;<\/strong>Emballage en vrac, bo\u00eete de couleur, bo\u00eete cadeau, bo\u00eete de pr\u00e9sentation, bo\u00eete postale, etc.<\/p>\n<\/div>\n<\/div>\n\n\n\n<div class=\"wp-block-columns is-layout-flex wp-container-core-columns-is-layout-9d6595d7 wp-block-columns-is-layout-flex\">\n<div class=\"wp-block-column is-layout-flow wp-block-column-is-layout-flow\">\n<figure class=\"wp-block-image size-full\"><img decoding=\"async\" width=\"800\" height=\"800\" src=\"https:\/\/www.lianyuanceramic.com\/wp-content\/uploads\/2025\/11\/wholesale-modern-decal-ceramic-noodle-bowl.webp\" alt=\"grossiste bol \u00e0 nouilles moderne en c\u00e9ramique d\u00e9corative\" class=\"wp-image-2372\" srcset=\"https:\/\/www.lianyuanceramic.com\/wp-content\/uploads\/2025\/11\/wholesale-modern-decal-ceramic-noodle-bowl.webp 800w, https:\/\/www.lianyuanceramic.com\/wp-content\/uploads\/2025\/11\/wholesale-modern-decal-ceramic-noodle-bowl-300x300.webp 300w, https:\/\/www.lianyuanceramic.com\/wp-content\/uploads\/2025\/11\/wholesale-modern-decal-ceramic-noodle-bowl-150x150.webp 150w, https:\/\/www.lianyuanceramic.com\/wp-content\/uploads\/2025\/11\/wholesale-modern-decal-ceramic-noodle-bowl-768x768.webp 768w, https:\/\/www.lianyuanceramic.com\/wp-content\/uploads\/2025\/11\/wholesale-modern-decal-ceramic-noodle-bowl-12x12.webp 12w, https:\/\/www.lianyuanceramic.com\/wp-content\/uploads\/2025\/11\/wholesale-modern-decal-ceramic-noodle-bowl-600x600.webp 600w, https:\/\/www.lianyuanceramic.com\/wp-content\/uploads\/2025\/11\/wholesale-modern-decal-ceramic-noodle-bowl-100x100.webp 100w\" sizes=\"(max-width: 800px) 100vw, 800px\" \/><\/figure>\n<\/div>\n\n\n\n<div class=\"wp-block-column is-layout-flow wp-block-column-is-layout-flow\">\n<figure class=\"wp-block-image size-full\"><img decoding=\"async\" width=\"800\" height=\"800\" src=\"https:\/\/www.lianyuanceramic.com\/wp-content\/uploads\/2025\/11\/wholesale-in-glaze-ceramic-bowl-in-bulk.jpg\" alt=\"vente en gros de bol en c\u00e9ramique \u00e9maill\u00e9e en vrac\" class=\"wp-image-2373\" srcset=\"https:\/\/www.lianyuanceramic.com\/wp-content\/uploads\/2025\/11\/wholesale-in-glaze-ceramic-bowl-in-bulk.jpg 800w, https:\/\/www.lianyuanceramic.com\/wp-content\/uploads\/2025\/11\/wholesale-in-glaze-ceramic-bowl-in-bulk-300x300.jpg 300w, https:\/\/www.lianyuanceramic.com\/wp-content\/uploads\/2025\/11\/wholesale-in-glaze-ceramic-bowl-in-bulk-150x150.jpg 150w, https:\/\/www.lianyuanceramic.com\/wp-content\/uploads\/2025\/11\/wholesale-in-glaze-ceramic-bowl-in-bulk-768x768.jpg 768w, https:\/\/www.lianyuanceramic.com\/wp-content\/uploads\/2025\/11\/wholesale-in-glaze-ceramic-bowl-in-bulk-12x12.jpg 12w, https:\/\/www.lianyuanceramic.com\/wp-content\/uploads\/2025\/11\/wholesale-in-glaze-ceramic-bowl-in-bulk-600x600.jpg 600w, https:\/\/www.lianyuanceramic.com\/wp-content\/uploads\/2025\/11\/wholesale-in-glaze-ceramic-bowl-in-bulk-100x100.jpg 100w\" sizes=\"(max-width: 800px) 100vw, 800px\" \/><\/figure>\n<\/div>\n<\/div>","protected":false},"excerpt":{"rendered":"<div class=\"D5aOJc vJwDU\">\n<div data-zone-id=\"0\" data-line-index=\"0\" data-line=\"true\">\n<p>Ensemble de bols \u00e0 soupe en gros en c\u00e9ramique avec un motif floral peint \u00e0 la main, combinant une grande capacit\u00e9 avec un look haut de gamme. Finition glac\u00e9e saine, durable et \u00e9l\u00e9gante, compatible avec le four \u00e0 micro-ondes et le lave-vaisselle. Stock important disponible, exp\u00e9dition rapide. Contactez-nous pour des commandes en vrac !<\/p>\n<\/div>\n<\/div>\n<h2>Bols \u00e0 c\u00e9r\u00e9ales en c\u00e9ramique Param\u00e8tres :<\/h2>\n<table style=\"border-collapse: collapse; width: 370.82pt;\" border=\"0\" width=\"618\" cellspacing=\"0\" cellpadding=\"0\">\n<tbody>\n<tr style=\"height: 15.60pt;\">\n<td class=\"et3\" style=\"height: 15.60pt; width: 108.00pt;\" width=\"180\" height=\"26\">Fabricant<\/td>\n<td class=\"et3\" style=\"width: 263.25pt;\" width=\"438\">Lianyuan<\/td>\n<\/tr>\n<tr style=\"height: 15.60pt;\">\n<td class=\"et3\" style=\"height: 15.60pt;\" height=\"26\">Type de produit<\/td>\n<td class=\"et3\">Bols \u00e0 motifs floraux<\/td>\n<\/tr>\n<tr style=\"height: 15.60pt;\">\n<td class=\"et3\" style=\"height: 15.60pt;\" height=\"26\">Mod\u00e8le<\/td>\n<td class=\"et3\">\u00a0Divers motifs de fleurs<\/td>\n<\/tr>\n<tr style=\"height: 15.60pt;\">\n<td class=\"et3\" style=\"height: 15.60pt;\" height=\"26\">Couleur<\/td>\n<td class=\"et3\">Rose, jaune, vert, bleu<\/td>\n<\/tr>\n<tr style=\"height: 15.60pt;\">\n<td class=\"et3\" style=\"height: 15.60pt;\" height=\"26\">Mat\u00e9riau<\/td>\n<td class=\"et3\">Porcelaine durable<\/td>\n<\/tr>\n<tr style=\"height: 15.60pt;\">\n<td class=\"et3\" style=\"height: 15.60pt;\" height=\"26\">Artisanat<\/td>\n<td class=\"et3\">D\u00e9calque gaufr\u00e9 et glac\u00e9<\/td>\n<\/tr>\n<tr style=\"height: 15.60pt;\">\n<td class=\"et3\" style=\"height: 15.60pt;\" height=\"26\">Application<\/td>\n<td class=\"et3\">Passe au micro-ondes, au lave-vaisselle et au four<\/td>\n<\/tr>\n<tr style=\"height: 15.60pt;\">\n<td class=\"et3\" style=\"height: 15.60pt;\" height=\"26\">Sur mesure<\/td>\n<td class=\"et3\">Couleur\/Taille\/Logo\/Emballage<\/td>\n<\/tr>\n<\/tbody>\n<\/table>","protected":false},"featured_media":2371,"comment_status":"open","ping_status":"closed","template":"","meta":{"_acf_changed":false},"product_brand":[],"product_cat":[34],"product_tag":[31,30,29,27],"class_list":{"0":"post-2363","1":"product","2":"type-product","3":"status-publish","4":"has-post-thumbnail","6":"product_cat-bulk-ceramic-tableware-in-stock","7":"product_tag-bone-china-dinnerware-wholesale","8":"product_tag-custom-porcelain-dinnerware","9":"product_tag-hand-painted-embossed-dinnerware-wholesale","10":"product_tag-wholesale-decal-ceramics","12":"first","13":"instock","14":"shipping-taxable","15":"product-type-simple"},"acf":[],"_links":{"self":[{"href":"https:\/\/www.lianyuanceramic.com\/fr\/wp-json\/wp\/v2\/product\/2363","targetHints":{"allow":["GET"]}}],"collection":[{"href":"https:\/\/www.lianyuanceramic.com\/fr\/wp-json\/wp\/v2\/product"}],"about":[{"href":"https:\/\/www.lianyuanceramic.com\/fr\/wp-json\/wp\/v2\/types\/product"}],"replies":[{"embeddable":true,"href":"https:\/\/www.lianyuanceramic.com\/fr\/wp-json\/wp\/v2\/comments?post=2363"}],"wp:featuredmedia":[{"embeddable":true,"href":"https:\/\/www.lianyuanceramic.com\/fr\/wp-json\/wp\/v2\/media\/2371"}],"wp:attachment":[{"href":"https:\/\/www.lianyuanceramic.com\/fr\/wp-json\/wp\/v2\/media?parent=2363"}],"wp:term":[{"taxonomy":"product_brand","embeddable":true,"href":"https:\/\/www.lianyuanceramic.com\/fr\/wp-json\/wp\/v2\/product_brand?post=2363"},{"taxonomy":"product_cat","embeddable":true,"href":"https:\/\/www.lianyuanceramic.com\/fr\/wp-json\/wp\/v2\/product_cat?post=2363"},{"taxonomy":"product_tag","embeddable":true,"href":"https:\/\/www.lianyuanceramic.com\/fr\/wp-json\/wp\/v2\/product_tag?post=2363"}],"curies":[{"name":"wp","href":"https:\/\/api.w.org\/{rel}","templated":true}]}}