{"id":2334,"date":"2025-11-05T08:57:24","date_gmt":"2025-11-05T08:57:24","guid":{"rendered":"https:\/\/www.lianyuanceramic.com\/?post_type=product&#038;p=2334"},"modified":"2025-11-05T09:51:59","modified_gmt":"2025-11-05T09:51:59","slug":"wholesale-hand-painted-ceramic-coffee-mugs","status":"publish","type":"product","link":"https:\/\/www.lianyuanceramic.com\/fr\/produit\/wholesale-hand-painted-ceramic-coffee-mugs\/","title":{"rendered":"Tasse \u00e0 caf\u00e9 en c\u00e9ramique peinte \u00e0 la main, D\u00e9calque rouge Tasse \u00e0 caf\u00e9 vintage pour cadeau personnalis\u00e9"},"content":{"rendered":"<div class=\"wp-block-columns is-layout-flex wp-container-core-columns-is-layout-9d6595d7 wp-block-columns-is-layout-flex\">\n<div class=\"wp-block-column is-layout-flow wp-block-column-is-layout-flow\">\n<h2 class=\"wp-block-heading\">Tasses \u00e0 caf\u00e9 en c\u00e9ramique peintes \u00e0 la main Caract\u00e9ristiques :<\/h2>\n\n\n\n<p><strong><strong>El\u00e9gant<\/strong> Motif floral<\/strong>:<strong> <\/strong>Le corps de la tasse est orn\u00e9 de motifs floraux vibrants, avec des roses roses, de petites fleurs violettes, des branches et des feuilles vertes, qui, ensemble, pr\u00e9sentent un style pastoral et un sens artistique forts.<\/p>\n\n\n\n<p><strong>Technologie In-Glaze : <\/strong>La gla\u00e7ure n'est pas seulement lisse, elle est aussi subtilement brillante. Elle refl\u00e8te une lumi\u00e8re douce lorsqu'elle est expos\u00e9e \u00e0 l'\u00e9clairage, mettant en valeur la finesse de la cuisson artisanale et incarnant le sens de la qualit\u00e9 du produit.<\/p>\n\n\n\n<p><strong>Conception \u00e0 capacit\u00e9 mod\u00e9r\u00e9e :<\/strong> Il r\u00e9pond non seulement aux besoins quotidiens en mati\u00e8re de boisson, mais \u00e9vite \u00e9galement d'\u00eatre encombrant gr\u00e2ce \u00e0 sa taille mod\u00e9r\u00e9e, ce qui le rend appropri\u00e9 comme r\u00e9cipient d'eau quotidien pour les trajets quotidiens ou l'utilisation \u00e0 domicile.<\/p>\n\n\n\n<p><strong>Formation de la focalisation visuelle : <\/strong>La poign\u00e9e et la base du mug, de couleur rouge, se font \u00e9cho visuellement, tout en cr\u00e9ant un contraste marqu\u00e9 avec les fleurs color\u00e9es du corps du mug. Les parties rouges deviennent ainsi le point de mire de l'ensemble du design et renforcent l'identification du mug.<\/p>\n\n\n\n<p><strong>Utilisation multifonctionnelle : <\/strong>Cette tasse en c\u00e9ramique vintage et \u00e9l\u00e9gante peut \u00eatre utilis\u00e9e pour le caf\u00e9, le th\u00e9, le chocolat chaud, le lait, le jus de fruit ou tout autre usage quotidien. Elle est parfaite pour l'h\u00f4tel, le caf\u00e9, la maison, le restaurant ou le bureau. C'est \u00e9galement une excellente d\u00e9coration de table pour les f\u00eates, les rassemblements, etc.<\/p>\n<\/div>\n\n\n\n<div class=\"wp-block-column is-layout-flow wp-block-column-is-layout-flow\">\n<h2 class=\"wp-block-heading\">Tasses \u00e0 caf\u00e9 en c\u00e9ramique peintes \u00e0 la main :<\/h2>\n\n\n\n<p>Lianyuan propose diverses options de vaisselle personnalis\u00e9e en fonction des besoins de la marque ou des tendances de la mode, ce qui en fait un produit id\u00e9al pour un usage personnel ou commercial.<\/p>\n\n\n\n<p><strong>Conception :&nbsp;<\/strong>Formes et motifs vari\u00e9s.<\/p>\n\n\n\n<p><strong>Composition de l'ensemble :<\/strong>&nbsp;Sets de tasses en c\u00e9ramique personnalis\u00e9s avec des combinaisons de tasses, de bols et de cuill\u00e8res.<\/p>\n\n\n\n<p><strong>Taille :&nbsp;<\/strong>Choisissez parmi diff\u00e9rentes tailles pour convenir \u00e0 diff\u00e9rentes portions de repas.<\/p>\n\n\n\n<p><strong>Mat\u00e9riau :<\/strong>&nbsp;C\u00e9ramique, porcelaine, porcelaine osseuse ou se renseigner sur les autres possibilit\u00e9s.<\/p>\n\n\n\n<p><strong>Artisanat :&nbsp;<\/strong>D\u00e9calcomanies de gla\u00e7age, changement de four, peinture \u00e0 la main, motifs en relief ou autres.<\/p>\n\n\n\n<p><strong>Emballage :&nbsp;<\/strong>Emballage en vrac, bo\u00eete de couleur, bo\u00eete cadeau, bo\u00eete de pr\u00e9sentation, bo\u00eete postale, etc.<\/p>\n<\/div>\n<\/div>\n\n\n\n<div class=\"wp-block-columns is-layout-flex wp-container-core-columns-is-layout-9d6595d7 wp-block-columns-is-layout-flex\">\n<div class=\"wp-block-column is-layout-flow wp-block-column-is-layout-flow\">\n<figure class=\"wp-block-image size-full\"><img decoding=\"async\" width=\"800\" height=\"800\" src=\"https:\/\/www.lianyuanceramic.com\/wp-content\/uploads\/2025\/11\/custom-decal-ceamic-coffee-cup-mug.png\" alt=\"d\u00e9calcomanie personnalis\u00e9e tasse \u00e0 caf\u00e9 en c\u00e9ramique mug\" class=\"wp-image-2341\" srcset=\"https:\/\/www.lianyuanceramic.com\/wp-content\/uploads\/2025\/11\/custom-decal-ceamic-coffee-cup-mug.png 800w, https:\/\/www.lianyuanceramic.com\/wp-content\/uploads\/2025\/11\/custom-decal-ceamic-coffee-cup-mug-300x300.png 300w, https:\/\/www.lianyuanceramic.com\/wp-content\/uploads\/2025\/11\/custom-decal-ceamic-coffee-cup-mug-150x150.png 150w, https:\/\/www.lianyuanceramic.com\/wp-content\/uploads\/2025\/11\/custom-decal-ceamic-coffee-cup-mug-768x768.png 768w, https:\/\/www.lianyuanceramic.com\/wp-content\/uploads\/2025\/11\/custom-decal-ceamic-coffee-cup-mug-12x12.png 12w, https:\/\/www.lianyuanceramic.com\/wp-content\/uploads\/2025\/11\/custom-decal-ceamic-coffee-cup-mug-600x600.png 600w, https:\/\/www.lianyuanceramic.com\/wp-content\/uploads\/2025\/11\/custom-decal-ceamic-coffee-cup-mug-100x100.png 100w\" sizes=\"(max-width: 800px) 100vw, 800px\" \/><\/figure>\n<\/div>\n\n\n\n<div class=\"wp-block-column is-layout-flow wp-block-column-is-layout-flow\">\n<figure class=\"wp-block-image size-full\"><img decoding=\"async\" width=\"800\" height=\"800\" src=\"https:\/\/www.lianyuanceramic.com\/wp-content\/uploads\/2025\/11\/wholesale-restaurant-ceramic-hand-paint-mug.webp\" alt=\"mug en c\u00e9ramique peint \u00e0 la main pour restaurant en gros\" class=\"wp-image-2342\" srcset=\"https:\/\/www.lianyuanceramic.com\/wp-content\/uploads\/2025\/11\/wholesale-restaurant-ceramic-hand-paint-mug.webp 800w, https:\/\/www.lianyuanceramic.com\/wp-content\/uploads\/2025\/11\/wholesale-restaurant-ceramic-hand-paint-mug-300x300.webp 300w, https:\/\/www.lianyuanceramic.com\/wp-content\/uploads\/2025\/11\/wholesale-restaurant-ceramic-hand-paint-mug-150x150.webp 150w, https:\/\/www.lianyuanceramic.com\/wp-content\/uploads\/2025\/11\/wholesale-restaurant-ceramic-hand-paint-mug-768x768.webp 768w, https:\/\/www.lianyuanceramic.com\/wp-content\/uploads\/2025\/11\/wholesale-restaurant-ceramic-hand-paint-mug-12x12.webp 12w, https:\/\/www.lianyuanceramic.com\/wp-content\/uploads\/2025\/11\/wholesale-restaurant-ceramic-hand-paint-mug-600x600.webp 600w, https:\/\/www.lianyuanceramic.com\/wp-content\/uploads\/2025\/11\/wholesale-restaurant-ceramic-hand-paint-mug-100x100.webp 100w\" sizes=\"(max-width: 800px) 100vw, 800px\" \/><\/figure>\n<\/div>\n<\/div>","protected":false},"excerpt":{"rendered":"<div class=\"D5aOJc vJwDU\">\n<div data-zone-id=\"0\" data-line-index=\"0\" data-line=\"true\">\n<p>Tasses \u00e0 caf\u00e9 en c\u00e9ramique peintes \u00e0 la main avec un design \u00e9l\u00e9gant et des caract\u00e9ristiques pratiques, ce qui en fait un cadeau attentionn\u00e9 pour les anniversaires, les vacances, No\u00ebl. Les commandes en gros sont disponibles et pr\u00eates \u00e0 \u00eatre exp\u00e9di\u00e9es !  Contactez nous d\u00e8s aujourd'hui !<\/p>\n<\/div>\n<\/div>\n<h2>Tasses \u00e0 caf\u00e9 en c\u00e9ramique peintes \u00e0 la main Param\u00e8tres :<\/h2>\n<table style=\"border-collapse: collapse; width: 370.82pt;\" border=\"0\" width=\"618\" cellspacing=\"0\" cellpadding=\"0\">\n<tbody>\n<tr style=\"height: 15.60pt;\">\n<td class=\"et3\" style=\"height: 15.60pt; width: 108.00pt;\" width=\"180\" height=\"26\">Fabricant<\/td>\n<td class=\"et3\" style=\"width: 263.25pt;\" width=\"438\">Lianyuan<\/td>\n<\/tr>\n<tr style=\"height: 15.60pt;\">\n<td class=\"et3\" style=\"height: 15.60pt;\" height=\"26\">Type de produit<\/td>\n<td class=\"et3\">Tasses \u00e0 th\u00e9, Tasses \u00e0 caf\u00e9, Tasses \u00e0 d\u00e9jeuner<\/td>\n<\/tr>\n<tr style=\"height: 15.60pt;\">\n<td class=\"et3\" style=\"height: 15.60pt;\" height=\"26\">Mod\u00e8le<\/td>\n<td class=\"et3\">Motif floral<\/td>\n<\/tr>\n<tr style=\"height: 15.60pt;\">\n<td class=\"et3\" style=\"height: 15.60pt;\" height=\"26\">Couleur<\/td>\n<td class=\"et3\">Rose, jaune, vert, bleu<\/td>\n<\/tr>\n<tr style=\"height: 15.60pt;\">\n<td class=\"et3\" style=\"height: 15.60pt;\" height=\"26\">Mat\u00e9riau<\/td>\n<td class=\"et3\">Porcelaine durable<\/td>\n<\/tr>\n<tr style=\"height: 15.60pt;\">\n<td class=\"et3\" style=\"height: 15.60pt;\" height=\"26\">Artisanat<\/td>\n<td class=\"et3\">D\u00e9calque \u00e9maill\u00e9<\/td>\n<\/tr>\n<tr style=\"height: 15.60pt;\">\n<td class=\"et3\" style=\"height: 15.60pt;\" height=\"26\">Application<\/td>\n<td class=\"et3\">Passe au micro-ondes, au lave-vaisselle et au four<\/td>\n<\/tr>\n<tr style=\"height: 15.60pt;\">\n<td class=\"et3\" style=\"height: 15.60pt;\" height=\"26\">Sur mesure<\/td>\n<td class=\"et3\">Couleur\/Taille\/Logo\/Emballage<\/td>\n<\/tr>\n<\/tbody>\n<\/table>","protected":false},"featured_media":2335,"comment_status":"open","ping_status":"closed","template":"","meta":{"_acf_changed":false},"product_brand":[],"product_cat":[34],"product_tag":[31,30,29,27],"class_list":{"0":"post-2334","1":"product","2":"type-product","3":"status-publish","4":"has-post-thumbnail","6":"product_cat-bulk-ceramic-tableware-in-stock","7":"product_tag-bone-china-dinnerware-wholesale","8":"product_tag-custom-porcelain-dinnerware","9":"product_tag-hand-painted-embossed-dinnerware-wholesale","10":"product_tag-wholesale-decal-ceramics","12":"first","13":"instock","14":"shipping-taxable","15":"product-type-simple"},"acf":[],"_links":{"self":[{"href":"https:\/\/www.lianyuanceramic.com\/fr\/wp-json\/wp\/v2\/product\/2334","targetHints":{"allow":["GET"]}}],"collection":[{"href":"https:\/\/www.lianyuanceramic.com\/fr\/wp-json\/wp\/v2\/product"}],"about":[{"href":"https:\/\/www.lianyuanceramic.com\/fr\/wp-json\/wp\/v2\/types\/product"}],"replies":[{"embeddable":true,"href":"https:\/\/www.lianyuanceramic.com\/fr\/wp-json\/wp\/v2\/comments?post=2334"}],"wp:featuredmedia":[{"embeddable":true,"href":"https:\/\/www.lianyuanceramic.com\/fr\/wp-json\/wp\/v2\/media\/2335"}],"wp:attachment":[{"href":"https:\/\/www.lianyuanceramic.com\/fr\/wp-json\/wp\/v2\/media?parent=2334"}],"wp:term":[{"taxonomy":"product_brand","embeddable":true,"href":"https:\/\/www.lianyuanceramic.com\/fr\/wp-json\/wp\/v2\/product_brand?post=2334"},{"taxonomy":"product_cat","embeddable":true,"href":"https:\/\/www.lianyuanceramic.com\/fr\/wp-json\/wp\/v2\/product_cat?post=2334"},{"taxonomy":"product_tag","embeddable":true,"href":"https:\/\/www.lianyuanceramic.com\/fr\/wp-json\/wp\/v2\/product_tag?post=2334"}],"curies":[{"name":"wp","href":"https:\/\/api.w.org\/{rel}","templated":true}]}}