{"id":2309,"date":"2025-11-05T07:47:53","date_gmt":"2025-11-05T07:47:53","guid":{"rendered":"https:\/\/www.lianyuanceramic.com\/?post_type=product&#038;p=2309"},"modified":"2025-11-08T01:17:58","modified_gmt":"2025-11-08T01:17:58","slug":"wholesale-teapots","status":"publish","type":"product","link":"https:\/\/www.lianyuanceramic.com\/fr\/produit\/wholesale-teapots\/","title":{"rendered":"Th\u00e9i\u00e8res en gros, motif fleuri, th\u00e9i\u00e8re vintage en c\u00e9ramique avec couvercle Fournisseur"},"content":{"rendered":"<div class=\"wp-block-columns is-layout-flex wp-container-core-columns-is-layout-9d6595d7 wp-block-columns-is-layout-flex\">\n<div class=\"wp-block-column is-layout-flow wp-block-column-is-layout-flow\">\n<h2 class=\"wp-block-heading\">Th\u00e9i\u00e8res \u00e0 motifs floraux Caract\u00e9ristiques :<\/h2>\n\n\n\n<p><strong>Fleurs artistiques peintes \u00e0 la main :<\/strong> Le corps principal pr\u00e9sente un motif floral color\u00e9, cr\u00e9ant une atmosph\u00e8re naturelle et chaleureuse. Les couleurs sont vives et artistiques. Le couvercle, le bec et la poign\u00e9e sont rouges, formant un contraste frappant avec le motif floral, qui a un fort impact visuel.<\/p>\n\n\n\n<p><strong><strong>Qualit\u00e9 de l'artisanat<\/strong><\/strong>: Les motifs floraux adopt\u00e9s dans la technologie de la couleur de la gla\u00e7ure, avec des couleurs fermes qui ne s'estompent pas facilement. Le corps de la c\u00e9ramique est cuit uniform\u00e9ment et la surface de la gla\u00e7ure est lisse et d\u00e9licate, avec un toucher et une texture excellents.<\/p>\n\n\n\n<p><strong>Applicabilit\u00e9 \u00e0 usages multiples :<\/strong> Adapt\u00e9 aux caf\u00e9s, aux bureaux et \u00e0 la maison, il pr\u00e9sente un design \u00e9l\u00e9gant qui ajoute une touche de chaleur et de style. Adapt\u00e9 aux caf\u00e9s, aux bureaux et \u00e0 la maison, son design \u00e9l\u00e9gant apporte chaleur et style.<\/p>\n\n\n\n<p><strong><strong>Fonctionnalit\u00e9 et praticit\u00e9<\/strong>:<\/strong> Il s'agit d'une structure de th\u00e9i\u00e8re avec un couvercle. Le bec est long et fin, ce qui permet de verser le th\u00e9 en douceur. La poign\u00e9e, en forme d'arc, est ergonomique et agr\u00e9able \u00e0 tenir. La capacit\u00e9 semble consid\u00e9rable.<\/p>\n\n\n\n<p><strong>Approvisionnement stable et r\u00e9ponse rapide<\/strong>: Nous disposons d'un stock important pour les achats de gros volumes et de lots multiples. Quelle que soit la taille de votre commande, nous garantissons une livraison rapide, afin que vos activit\u00e9s (telles que l'ouverture d'un h\u00f4tel ou des \u00e9v\u00e9nements promotionnels) ne soient pas retard\u00e9es par l'attente des marchandises.<\/p>\n<\/div>\n\n\n\n<div class=\"wp-block-column is-layout-flow wp-block-column-is-layout-flow\">\n<h2 class=\"wp-block-heading\">Th\u00e9i\u00e8res \u00e0 fleurs personnalis\u00e9es :<\/h2>\n\n\n\n<p>Lianyuan propose diverses options de vaisselle personnalis\u00e9e en fonction des besoins de la marque ou des tendances de la mode, ce qui en fait un produit id\u00e9al pour un usage personnel ou commercial.<\/p>\n\n\n\n<p><strong>Conception :&nbsp;<\/strong>Formes et motifs vari\u00e9s.<\/p>\n\n\n\n<p><strong>Composition de l'ensemble :<\/strong>&nbsp;Sets de tasses en c\u00e9ramique personnalis\u00e9s avec des combinaisons de tasses, de bols et de cuill\u00e8res.<\/p>\n\n\n\n<p><strong>Taille :&nbsp;<\/strong>Choisissez parmi diff\u00e9rentes tailles pour convenir \u00e0 diff\u00e9rentes portions de repas.<\/p>\n\n\n\n<p><strong>Mat\u00e9riau :<\/strong>&nbsp;C\u00e9ramique, porcelaine, porcelaine osseuse ou se renseigner sur les autres possibilit\u00e9s.<\/p>\n\n\n\n<p><strong>Artisanat :&nbsp;<\/strong>D\u00e9calcomanies de gla\u00e7age, changement de four, peinture \u00e0 la main, motifs en relief ou autres.<\/p>\n\n\n\n<p><strong>Emballage :&nbsp;<\/strong>Emballage en vrac, bo\u00eete de couleur, bo\u00eete cadeau, bo\u00eete de pr\u00e9sentation, bo\u00eete postale, etc.<\/p>\n<\/div>\n<\/div>\n\n\n\n<div class=\"wp-block-columns is-layout-flex wp-container-core-columns-is-layout-9d6595d7 wp-block-columns-is-layout-flex\">\n<div class=\"wp-block-column is-layout-flow wp-block-column-is-layout-flow\">\n<figure class=\"wp-block-image size-full\"><img decoding=\"async\" width=\"800\" height=\"800\" src=\"https:\/\/www.lianyuanceramic.com\/wp-content\/uploads\/2025\/11\/wholesale-flower-pattern-ceramic-tea-pot.webp\" alt=\"th\u00e9i\u00e8re en c\u00e9ramique \u00e0 motifs floraux\" class=\"wp-image-2317\" srcset=\"https:\/\/www.lianyuanceramic.com\/wp-content\/uploads\/2025\/11\/wholesale-flower-pattern-ceramic-tea-pot.webp 800w, https:\/\/www.lianyuanceramic.com\/wp-content\/uploads\/2025\/11\/wholesale-flower-pattern-ceramic-tea-pot-300x300.webp 300w, https:\/\/www.lianyuanceramic.com\/wp-content\/uploads\/2025\/11\/wholesale-flower-pattern-ceramic-tea-pot-150x150.webp 150w, https:\/\/www.lianyuanceramic.com\/wp-content\/uploads\/2025\/11\/wholesale-flower-pattern-ceramic-tea-pot-768x768.webp 768w, https:\/\/www.lianyuanceramic.com\/wp-content\/uploads\/2025\/11\/wholesale-flower-pattern-ceramic-tea-pot-12x12.webp 12w, https:\/\/www.lianyuanceramic.com\/wp-content\/uploads\/2025\/11\/wholesale-flower-pattern-ceramic-tea-pot-600x600.webp 600w, https:\/\/www.lianyuanceramic.com\/wp-content\/uploads\/2025\/11\/wholesale-flower-pattern-ceramic-tea-pot-100x100.webp 100w\" sizes=\"(max-width: 800px) 100vw, 800px\" \/><\/figure>\n<\/div>\n\n\n\n<div class=\"wp-block-column is-layout-flow wp-block-column-is-layout-flow\">\n<figure class=\"wp-block-image size-full\"><img decoding=\"async\" width=\"800\" height=\"800\" src=\"https:\/\/www.lianyuanceramic.com\/wp-content\/uploads\/2025\/11\/custom-flower-pattern-ceramic-tea-pot-set-1.webp\" alt=\"ensemble de th\u00e9i\u00e8res en c\u00e9ramique \u00e0 motif floral personnalis\u00e9\" class=\"wp-image-2325\" srcset=\"https:\/\/www.lianyuanceramic.com\/wp-content\/uploads\/2025\/11\/custom-flower-pattern-ceramic-tea-pot-set-1.webp 800w, https:\/\/www.lianyuanceramic.com\/wp-content\/uploads\/2025\/11\/custom-flower-pattern-ceramic-tea-pot-set-1-300x300.webp 300w, https:\/\/www.lianyuanceramic.com\/wp-content\/uploads\/2025\/11\/custom-flower-pattern-ceramic-tea-pot-set-1-150x150.webp 150w, https:\/\/www.lianyuanceramic.com\/wp-content\/uploads\/2025\/11\/custom-flower-pattern-ceramic-tea-pot-set-1-768x768.webp 768w, https:\/\/www.lianyuanceramic.com\/wp-content\/uploads\/2025\/11\/custom-flower-pattern-ceramic-tea-pot-set-1-12x12.webp 12w, https:\/\/www.lianyuanceramic.com\/wp-content\/uploads\/2025\/11\/custom-flower-pattern-ceramic-tea-pot-set-1-600x600.webp 600w, https:\/\/www.lianyuanceramic.com\/wp-content\/uploads\/2025\/11\/custom-flower-pattern-ceramic-tea-pot-set-1-100x100.webp 100w\" sizes=\"(max-width: 800px) 100vw, 800px\" \/><\/figure>\n<\/div>\n<\/div>","protected":false},"excerpt":{"rendered":"<div class=\"D5aOJc vJwDU\">\n<div data-zone-id=\"0\" data-line-index=\"0\" data-line=\"true\">\n<p>Th\u00e9i\u00e8res en gros avec des motifs floraux vintage, \u00e9l\u00e9gantes et durables.  La disponibilit\u00e9 des stocks en vrac est le meilleur choix pour les lieux de restauration commerciale tels que les caf\u00e9s, les h\u00f4tels et les restaurants afin d'am\u00e9liorer leur style spatial et la qualit\u00e9 de leur service. Contactez nous d\u00e8s maintenant !<\/p>\n<\/div>\n<\/div>\n<h2>Param\u00e8tres de l'ensemble des th\u00e9i\u00e8res :<\/h2>\n<table style=\"border-collapse: collapse; width: 370.82pt;\" border=\"0\" width=\"618\" cellspacing=\"0\" cellpadding=\"0\">\n<tbody>\n<tr style=\"height: 15.60pt;\">\n<td class=\"et3\" style=\"height: 15.60pt; width: 108.00pt;\" width=\"180\" height=\"26\">Fabricant<\/td>\n<td class=\"et3\" style=\"width: 263.25pt;\" width=\"438\">Lianyuan<\/td>\n<\/tr>\n<tr style=\"height: 15.60pt;\">\n<td class=\"et3\" style=\"height: 15.60pt;\" height=\"26\">Type de produit<\/td>\n<td class=\"et3\">Th\u00e9i\u00e8re<\/td>\n<\/tr>\n<tr style=\"height: 15.60pt;\">\n<td class=\"et3\" style=\"height: 15.60pt;\" height=\"26\">Mod\u00e8le<\/td>\n<td class=\"et3\">Motif floral<\/td>\n<\/tr>\n<tr style=\"height: 15.60pt;\">\n<td class=\"et3\" style=\"height: 15.60pt;\" height=\"26\">Couleur<\/td>\n<td class=\"et3\">Rouge, jaune, vert<\/td>\n<\/tr>\n<tr style=\"height: 15.60pt;\">\n<td class=\"et3\" style=\"height: 15.60pt;\" height=\"26\">Mat\u00e9riau<\/td>\n<td class=\"et3\">Porcelaine durable<\/td>\n<\/tr>\n<tr style=\"height: 15.60pt;\">\n<td class=\"et3\" style=\"height: 15.60pt;\" height=\"26\">Artisanat<\/td>\n<td class=\"et3\">D\u00e9calque \u00e9maill\u00e9<\/td>\n<\/tr>\n<tr style=\"height: 15.60pt;\">\n<td class=\"et3\" style=\"height: 15.60pt;\" height=\"26\">Application<\/td>\n<td class=\"et3\">Passe au micro-ondes, au lave-vaisselle et au four<\/td>\n<\/tr>\n<tr style=\"height: 15.60pt;\">\n<td class=\"et3\" style=\"height: 15.60pt;\" height=\"26\">Sur mesure<\/td>\n<td class=\"et3\">Couleur\/Taille\/Logo\/Emballage<\/td>\n<\/tr>\n<\/tbody>\n<\/table>","protected":false},"featured_media":2310,"comment_status":"open","ping_status":"closed","template":"","meta":{"_acf_changed":false},"product_brand":[],"product_cat":[34],"product_tag":[31,30,29,27],"class_list":{"0":"post-2309","1":"product","2":"type-product","3":"status-publish","4":"has-post-thumbnail","6":"product_cat-bulk-ceramic-tableware-in-stock","7":"product_tag-bone-china-dinnerware-wholesale","8":"product_tag-custom-porcelain-dinnerware","9":"product_tag-hand-painted-embossed-dinnerware-wholesale","10":"product_tag-wholesale-decal-ceramics","12":"first","13":"instock","14":"shipping-taxable","15":"product-type-simple"},"acf":[],"_links":{"self":[{"href":"https:\/\/www.lianyuanceramic.com\/fr\/wp-json\/wp\/v2\/product\/2309","targetHints":{"allow":["GET"]}}],"collection":[{"href":"https:\/\/www.lianyuanceramic.com\/fr\/wp-json\/wp\/v2\/product"}],"about":[{"href":"https:\/\/www.lianyuanceramic.com\/fr\/wp-json\/wp\/v2\/types\/product"}],"replies":[{"embeddable":true,"href":"https:\/\/www.lianyuanceramic.com\/fr\/wp-json\/wp\/v2\/comments?post=2309"}],"wp:featuredmedia":[{"embeddable":true,"href":"https:\/\/www.lianyuanceramic.com\/fr\/wp-json\/wp\/v2\/media\/2310"}],"wp:attachment":[{"href":"https:\/\/www.lianyuanceramic.com\/fr\/wp-json\/wp\/v2\/media?parent=2309"}],"wp:term":[{"taxonomy":"product_brand","embeddable":true,"href":"https:\/\/www.lianyuanceramic.com\/fr\/wp-json\/wp\/v2\/product_brand?post=2309"},{"taxonomy":"product_cat","embeddable":true,"href":"https:\/\/www.lianyuanceramic.com\/fr\/wp-json\/wp\/v2\/product_cat?post=2309"},{"taxonomy":"product_tag","embeddable":true,"href":"https:\/\/www.lianyuanceramic.com\/fr\/wp-json\/wp\/v2\/product_tag?post=2309"}],"curies":[{"name":"wp","href":"https:\/\/api.w.org\/{rel}","templated":true}]}}