{"id":2253,"date":"2025-11-05T03:57:13","date_gmt":"2025-11-05T03:57:13","guid":{"rendered":"https:\/\/www.lianyuanceramic.com\/?post_type=product&#038;p=2253"},"modified":"2026-05-07T08:45:39","modified_gmt":"2026-05-07T08:45:39","slug":"wholesale-hand-painted-ceramic-mugs","status":"publish","type":"product","link":"https:\/\/www.lianyuanceramic.com\/fr\/produit\/wholesale-hand-painted-ceramic-mugs\/","title":{"rendered":"Mugs en c\u00e9ramique peints \u00e0 la main, set de tasses \u00e0 caf\u00e9 Cappuccino en vrac"},"content":{"rendered":"<div class=\"wp-block-columns is-layout-flex wp-container-core-columns-is-layout-9d6595d7 wp-block-columns-is-layout-flex\">\n<div class=\"wp-block-column is-layout-flow wp-block-column-is-layout-flow\">\n<h2 class=\"wp-block-heading\">Tasses en c\u00e9ramique peintes \u00e0 la main Caract\u00e9ristiques :<\/h2>\n\n\n\n<p><strong>Technologie de peinture \u00e0 la main<\/strong>: Chaque gobelet cr\u00e9e une sensation unique et dynamique qui distinguera le style de votre marque.<\/p>\n\n\n\n<p><strong>Sch\u00e9ma de couleurs \u00e0 haute saturation<\/strong>: Des fleurs rouges et bleues \u00e9clatantes sur des tasses de couleur unie cr\u00e9ent un effet visuel saisissant qui rehausse efficacement la pr\u00e9sentation des boissons et embellit votre table.<\/p>\n\n\n\n<p><strong>Sets \u00e0 motifs multiples<\/strong>: Ils comprennent plusieurs motifs diff\u00e9rents dans chaque s\u00e9rie pour permettre aux clients de m\u00e9langer et d'assortir ou de cr\u00e9er des pr\u00e9sentations th\u00e9matiques pour rendre l'atmosph\u00e8re d'un magasin riche et vari\u00e9e.<\/p>\n\n\n\n<p><strong>Texture sup\u00e9rieure<\/strong>: L'\u00e9mail appara\u00eet lisse et uniforme, les fins coups de pinceau \u00e9tant bien visibles. Ce mat\u00e9riau c\u00e9ramique de qualit\u00e9 sup\u00e9rieure est robuste, facile \u00e0 nettoyer et n\u00e9cessite peu d'entretien, ce qui permet de r\u00e9pondre aux exigences des applications commerciales.<\/p>\n<\/div>\n\n\n\n<div class=\"wp-block-column is-layout-flow wp-block-column-is-layout-flow\">\n<h2 class=\"wp-block-heading\">Tasses en c\u00e9ramique peintes \u00e0 la main :<\/h2>\n\n\n\n<p>Lianyuan propose diverses options de vaisselle personnalis\u00e9e en fonction des besoins de la marque ou des tendances de la mode, ce qui en fait un produit id\u00e9al pour un usage personnel ou commercial.<\/p>\n\n\n\n<p><strong>Conception :&nbsp;<\/strong>Formes et motifs vari\u00e9s.<\/p>\n\n\n\n<p><strong>Composition de l'ensemble :<\/strong>&nbsp;Sets de tasses en c\u00e9ramique personnalis\u00e9s avec des combinaisons de tasses, de bols et de cuill\u00e8res.<\/p>\n\n\n\n<p><strong>Taille :&nbsp;<\/strong>Choisissez parmi diff\u00e9rentes tailles pour convenir \u00e0 diff\u00e9rentes portions de repas.<\/p>\n\n\n\n<p><strong>Mat\u00e9riau :<\/strong>&nbsp;C\u00e9ramique, porcelaine, porcelaine osseuse ou se renseigner sur les autres possibilit\u00e9s.<\/p>\n\n\n\n<p><strong>Artisanat :&nbsp;<\/strong>D\u00e9calcomanies de gla\u00e7age, changement de four, peinture \u00e0 la main, motifs en relief ou autres.<\/p>\n\n\n\n<p><strong>Emballage :&nbsp;<\/strong>Emballage en vrac, bo\u00eete de couleur, bo\u00eete cadeau, bo\u00eete de pr\u00e9sentation, bo\u00eete postale, etc.<\/p>\n<\/div>\n<\/div>\n\n\n\n<div class=\"wp-block-columns is-layout-flex wp-container-core-columns-is-layout-9d6595d7 wp-block-columns-is-layout-flex\">\n<div class=\"wp-block-column is-layout-flow wp-block-column-is-layout-flow\">\n<figure class=\"wp-block-image size-full\"><img decoding=\"async\" width=\"800\" height=\"800\" src=\"https:\/\/www.lianyuanceramic.com\/wp-content\/uploads\/2025\/11\/OEM-ODM-SERVICR-ceramic-coffee-mugs.webp\" alt=\"OEM &amp; ODM SERVICR Tasses \u00e0 caf\u00e9 en c\u00e9ramique\" class=\"wp-image-2303\" srcset=\"https:\/\/www.lianyuanceramic.com\/wp-content\/uploads\/2025\/11\/OEM-ODM-SERVICR-ceramic-coffee-mugs.webp 800w, https:\/\/www.lianyuanceramic.com\/wp-content\/uploads\/2025\/11\/OEM-ODM-SERVICR-ceramic-coffee-mugs-300x300.webp 300w, https:\/\/www.lianyuanceramic.com\/wp-content\/uploads\/2025\/11\/OEM-ODM-SERVICR-ceramic-coffee-mugs-150x150.webp 150w, https:\/\/www.lianyuanceramic.com\/wp-content\/uploads\/2025\/11\/OEM-ODM-SERVICR-ceramic-coffee-mugs-768x768.webp 768w, https:\/\/www.lianyuanceramic.com\/wp-content\/uploads\/2025\/11\/OEM-ODM-SERVICR-ceramic-coffee-mugs-12x12.webp 12w, https:\/\/www.lianyuanceramic.com\/wp-content\/uploads\/2025\/11\/OEM-ODM-SERVICR-ceramic-coffee-mugs-600x600.webp 600w, https:\/\/www.lianyuanceramic.com\/wp-content\/uploads\/2025\/11\/OEM-ODM-SERVICR-ceramic-coffee-mugs-100x100.webp 100w\" sizes=\"(max-width: 800px) 100vw, 800px\" \/><\/figure>\n<\/div>\n\n\n\n<div class=\"wp-block-column is-layout-flow wp-block-column-is-layout-flow\">\n<figure class=\"wp-block-image size-full\"><img decoding=\"async\" width=\"800\" height=\"800\" src=\"https:\/\/www.lianyuanceramic.com\/wp-content\/uploads\/2025\/11\/wholesale-modern-coffee-mugs.webp\" alt=\"Tasses \u00e0 caf\u00e9 modernes en gros\" class=\"wp-image-2304\" srcset=\"https:\/\/www.lianyuanceramic.com\/wp-content\/uploads\/2025\/11\/wholesale-modern-coffee-mugs.webp 800w, https:\/\/www.lianyuanceramic.com\/wp-content\/uploads\/2025\/11\/wholesale-modern-coffee-mugs-300x300.webp 300w, https:\/\/www.lianyuanceramic.com\/wp-content\/uploads\/2025\/11\/wholesale-modern-coffee-mugs-150x150.webp 150w, https:\/\/www.lianyuanceramic.com\/wp-content\/uploads\/2025\/11\/wholesale-modern-coffee-mugs-768x768.webp 768w, https:\/\/www.lianyuanceramic.com\/wp-content\/uploads\/2025\/11\/wholesale-modern-coffee-mugs-12x12.webp 12w, https:\/\/www.lianyuanceramic.com\/wp-content\/uploads\/2025\/11\/wholesale-modern-coffee-mugs-600x600.webp 600w, https:\/\/www.lianyuanceramic.com\/wp-content\/uploads\/2025\/11\/wholesale-modern-coffee-mugs-100x100.webp 100w\" sizes=\"(max-width: 800px) 100vw, 800px\" \/><\/figure>\n<\/div>\n<\/div>","protected":false},"excerpt":{"rendered":"<div class=\"D5aOJc vJwDU\">\n<div data-zone-id=\"0\" data-line-index=\"0\" data-line=\"true\">\n<p>Tasses en c\u00e9ramique peintes \u00e0 la main, avec un design floral unique peint \u00e0 la main, des couleurs riches et une gla\u00e7ure lisse et facile \u00e0 nettoyer. Les tasses \u00e0 caf\u00e9 en c\u00e9ramique de Lianyuan, pr\u00eates \u00e0 \u00eatre exp\u00e9di\u00e9es, rehaussent le style de la marque de votre restaurant et sont disponibles en stock pour une livraison rapide !<\/p>\n<\/div>\n<\/div>\n<h2>Tasses en c\u00e9ramique peintes \u00e0 la main Param\u00e8tres :<\/h2>\n<table style=\"border-collapse: collapse;width: 370.82pt\" border=\"0\" width=\"618\" cellspacing=\"0\" cellpadding=\"0\">\n<tbody>\n<tr style=\"height: 15.60pt\">\n<td class=\"et3\" style=\"height: 15.60pt;width: 108.00pt\" width=\"180\" height=\"26\">Fabricant<\/td>\n<td class=\"et3\" style=\"width: 263.25pt\" width=\"438\">Lianyuan<\/td>\n<\/tr>\n<tr style=\"height: 15.60pt\">\n<td class=\"et3\" style=\"height: 15.60pt\" height=\"26\">Type de produit<\/td>\n<td class=\"et3\">Tasses \u00e0 th\u00e9, Tasses \u00e0 caf\u00e9, Tasses \u00e0 d\u00e9jeuner<\/td>\n<\/tr>\n<tr style=\"height: 15.60pt\">\n<td class=\"et3\" style=\"height: 15.60pt\" height=\"26\">Mod\u00e8le<\/td>\n<td class=\"et3\">Motif floral<\/td>\n<\/tr>\n<tr style=\"height: 15.60pt\">\n<td class=\"et3\" style=\"height: 15.60pt\" height=\"26\">Couleur<\/td>\n<td class=\"et3\">Rose, jaune, vert, bleu<\/td>\n<\/tr>\n<tr style=\"height: 15.60pt\">\n<td class=\"et3\" style=\"height: 15.60pt\" height=\"26\">Mat\u00e9riau<\/td>\n<td class=\"et3\">Porcelaine durable<\/td>\n<\/tr>\n<tr style=\"height: 15.60pt\">\n<td class=\"et3\" style=\"height: 15.60pt\" height=\"26\">Artisanat<\/td>\n<td class=\"et3\">D\u00e9calque \u00e9maill\u00e9<\/td>\n<\/tr>\n<tr style=\"height: 15.60pt\">\n<td class=\"et3\" style=\"height: 15.60pt\" height=\"26\">Application<\/td>\n<td class=\"et3\">Passe au micro-ondes, au lave-vaisselle et au four<\/td>\n<\/tr>\n<tr style=\"height: 15.60pt\">\n<td class=\"et3\" style=\"height: 15.60pt\" height=\"26\">Sur mesure<\/td>\n<td class=\"et3\">Couleur\/Taille\/Logo\/Emballage<\/td>\n<\/tr>\n<\/tbody>\n<\/table>","protected":false},"featured_media":2296,"comment_status":"open","ping_status":"closed","template":"","meta":{"_acf_changed":false},"product_brand":[],"product_cat":[34],"product_tag":[30,29,27],"class_list":{"0":"post-2253","1":"product","2":"type-product","3":"status-publish","4":"has-post-thumbnail","6":"product_cat-bulk-ceramic-tableware-in-stock","7":"product_tag-custom-porcelain-dinnerware","8":"product_tag-hand-painted-embossed-dinnerware-wholesale","9":"product_tag-wholesale-decal-ceramics","11":"first","12":"instock","13":"shipping-taxable","14":"product-type-simple"},"acf":[],"_links":{"self":[{"href":"https:\/\/www.lianyuanceramic.com\/fr\/wp-json\/wp\/v2\/product\/2253","targetHints":{"allow":["GET"]}}],"collection":[{"href":"https:\/\/www.lianyuanceramic.com\/fr\/wp-json\/wp\/v2\/product"}],"about":[{"href":"https:\/\/www.lianyuanceramic.com\/fr\/wp-json\/wp\/v2\/types\/product"}],"replies":[{"embeddable":true,"href":"https:\/\/www.lianyuanceramic.com\/fr\/wp-json\/wp\/v2\/comments?post=2253"}],"wp:featuredmedia":[{"embeddable":true,"href":"https:\/\/www.lianyuanceramic.com\/fr\/wp-json\/wp\/v2\/media\/2296"}],"wp:attachment":[{"href":"https:\/\/www.lianyuanceramic.com\/fr\/wp-json\/wp\/v2\/media?parent=2253"}],"wp:term":[{"taxonomy":"product_brand","embeddable":true,"href":"https:\/\/www.lianyuanceramic.com\/fr\/wp-json\/wp\/v2\/product_brand?post=2253"},{"taxonomy":"product_cat","embeddable":true,"href":"https:\/\/www.lianyuanceramic.com\/fr\/wp-json\/wp\/v2\/product_cat?post=2253"},{"taxonomy":"product_tag","embeddable":true,"href":"https:\/\/www.lianyuanceramic.com\/fr\/wp-json\/wp\/v2\/product_tag?post=2253"}],"curies":[{"name":"wp","href":"https:\/\/api.w.org\/{rel}","templated":true}]}}