{"id":2252,"date":"2025-11-05T03:54:43","date_gmt":"2025-11-05T03:54:43","guid":{"rendered":"https:\/\/www.lianyuanceramic.com\/?post_type=product&#038;p=2252"},"modified":"2025-11-08T01:18:10","modified_gmt":"2025-11-08T01:18:10","slug":"custom-coffee-mug-set","status":"publish","type":"product","link":"https:\/\/www.lianyuanceramic.com\/fr\/produit\/custom-coffee-mug-set\/","title":{"rendered":"Set de tasses \u00e0 caf\u00e9 personnalis\u00e9es, Set de tasses \u00e0 th\u00e9 Art chr\u00e9tien \u00e0 motifs floraux en vrac"},"content":{"rendered":"<div class=\"wp-block-columns is-layout-flex wp-container-core-columns-is-layout-9d6595d7 wp-block-columns-is-layout-flex\">\n<div class=\"wp-block-column is-layout-flow wp-block-column-is-layout-flow\">\n<h2 class=\"wp-block-heading\">Set de tasses \u00e0 caf\u00e9 Caract\u00e9ristiques :<\/h2>\n\n\n\n<p><strong>Fleurs artistiques peintes \u00e0 la main :<\/strong> La tasse pr\u00e9sente des motifs floraux d\u00e9licats et complexes peints \u00e0 la main dans des couleurs riches et vives, ce qui ajoute \u00e0 son atmosph\u00e8re cr\u00e9ative.<\/p>\n\n\n\n<p><strong>Surprenant design bicolore<\/strong>: L'ext\u00e9rieur sombre de la tasse fait ressortir les fleurs vives, tandis que la chaleur int\u00e9rieure se d\u00e9gage d'une teinte blanc cass\u00e9.<\/p>\n\n\n\n<p><strong>Construction \u00e9paissie<\/strong>: Les poign\u00e9es \u00e9paisses rouges, vertes et bleues sont confortables \u00e0 saisir, tandis que le fond \u00e9pais le maintient stable.<\/p>\n\n\n\n<p><strong>Convient \u00e0 de multiples usages :<\/strong> Adapt\u00e9 aux caf\u00e9s, aux bureaux et \u00e0 la maison, son design \u00e9l\u00e9gant ajoute de la chaleur et du style.<\/p>\n\n\n\n<p><strong>Mat\u00e9riau c\u00e9ramique de haute qualit\u00e9 :<\/strong> La c\u00e9ramique cuite \u00e0 haute temp\u00e9rature est solide et durable, tandis que l'\u00e9mail est lisse et facile \u00e0 nettoyer. Elle permet une excellente r\u00e9tention de la chaleur et donne un sentiment de s\u00e9curit\u00e9 lors de l'utilisation.<\/p>\n<\/div>\n\n\n\n<div class=\"wp-block-column is-layout-flow wp-block-column-is-layout-flow\">\n<h2 class=\"wp-block-heading\">Set de tasses \u00e0 caf\u00e9 personnalis\u00e9es :<\/h2>\n\n\n\n<p>Lianyuan propose diverses options de vaisselle personnalis\u00e9e en fonction des besoins de la marque ou des tendances de la mode, ce qui en fait un produit id\u00e9al pour un usage personnel ou commercial.<\/p>\n\n\n\n<p><strong>Conception :&nbsp;<\/strong>Formes et motifs vari\u00e9s.<\/p>\n\n\n\n<p><strong>Composition de l'ensemble :<\/strong>&nbsp;Sets de tasses en c\u00e9ramique personnalis\u00e9s avec des combinaisons de tasses, de bols et de cuill\u00e8res.<\/p>\n\n\n\n<p><strong>Taille :&nbsp;<\/strong>Choisissez parmi diff\u00e9rentes tailles pour convenir \u00e0 diff\u00e9rentes portions de repas.<\/p>\n\n\n\n<p><strong>Mat\u00e9riau :<\/strong>&nbsp;C\u00e9ramique, porcelaine, porcelaine osseuse ou se renseigner sur les autres possibilit\u00e9s.<\/p>\n\n\n\n<p><strong>Artisanat :&nbsp;<\/strong>D\u00e9calcomanies de gla\u00e7age, changement de four, peinture \u00e0 la main, motifs en relief ou autres.<\/p>\n\n\n\n<p><strong>Emballage :&nbsp;<\/strong>Emballage en vrac, bo\u00eete de couleur, bo\u00eete cadeau, bo\u00eete de pr\u00e9sentation, bo\u00eete postale, etc.<\/p>\n<\/div>\n<\/div>\n\n\n\n<div class=\"wp-block-columns is-layout-flex wp-container-core-columns-is-layout-9d6595d7 wp-block-columns-is-layout-flex\">\n<div class=\"wp-block-column is-layout-flow wp-block-column-is-layout-flow\">\n<figure class=\"wp-block-image size-full\"><img decoding=\"async\" width=\"750\" height=\"750\" src=\"https:\/\/www.lianyuanceramic.com\/wp-content\/uploads\/2025\/10\/supplier-ceramic-coffee-mugs.webp\" alt=\"Fournisseur de tasses \u00e0 caf\u00e9 en c\u00e9ramique\" class=\"wp-image-2238\" srcset=\"https:\/\/www.lianyuanceramic.com\/wp-content\/uploads\/2025\/10\/supplier-ceramic-coffee-mugs.webp 750w, https:\/\/www.lianyuanceramic.com\/wp-content\/uploads\/2025\/10\/supplier-ceramic-coffee-mugs-300x300.webp 300w, https:\/\/www.lianyuanceramic.com\/wp-content\/uploads\/2025\/10\/supplier-ceramic-coffee-mugs-150x150.webp 150w, https:\/\/www.lianyuanceramic.com\/wp-content\/uploads\/2025\/10\/supplier-ceramic-coffee-mugs-12x12.webp 12w, https:\/\/www.lianyuanceramic.com\/wp-content\/uploads\/2025\/10\/supplier-ceramic-coffee-mugs-600x600.webp 600w, https:\/\/www.lianyuanceramic.com\/wp-content\/uploads\/2025\/10\/supplier-ceramic-coffee-mugs-100x100.webp 100w\" sizes=\"(max-width: 750px) 100vw, 750px\" \/><\/figure>\n<\/div>\n\n\n\n<div class=\"wp-block-column is-layout-flow wp-block-column-is-layout-flow\">\n<figure class=\"wp-block-image size-full\"><img decoding=\"async\" width=\"800\" height=\"800\" src=\"https:\/\/www.lianyuanceramic.com\/wp-content\/uploads\/2025\/10\/factory-direct-ceramic-mugs.webp\" alt=\"mugs en c\u00e9ramique en direct de l&#039;usine\" class=\"wp-image-2236\" srcset=\"https:\/\/www.lianyuanceramic.com\/wp-content\/uploads\/2025\/10\/factory-direct-ceramic-mugs.webp 800w, https:\/\/www.lianyuanceramic.com\/wp-content\/uploads\/2025\/10\/factory-direct-ceramic-mugs-300x300.webp 300w, https:\/\/www.lianyuanceramic.com\/wp-content\/uploads\/2025\/10\/factory-direct-ceramic-mugs-150x150.webp 150w, https:\/\/www.lianyuanceramic.com\/wp-content\/uploads\/2025\/10\/factory-direct-ceramic-mugs-768x768.webp 768w, https:\/\/www.lianyuanceramic.com\/wp-content\/uploads\/2025\/10\/factory-direct-ceramic-mugs-12x12.webp 12w, https:\/\/www.lianyuanceramic.com\/wp-content\/uploads\/2025\/10\/factory-direct-ceramic-mugs-600x600.webp 600w, https:\/\/www.lianyuanceramic.com\/wp-content\/uploads\/2025\/10\/factory-direct-ceramic-mugs-100x100.webp 100w\" sizes=\"(max-width: 800px) 100vw, 800px\" \/><\/figure>\n<\/div>\n<\/div>","protected":false},"excerpt":{"rendered":"<div class=\"D5aOJc vJwDU\">\n<div data-zone-id=\"0\" data-line-index=\"0\" data-line=\"true\">\n<p>Tasse \u00e0 caf\u00e9 personnalis\u00e9e avec structure solide, mat\u00e9riau durable, couleurs vives et design \u00e9l\u00e9gant de fleurs, id\u00e9ale pour les amateurs de caf\u00e9 et d'autres boissons ! N'h\u00e9sitez pas \u00e0 nous contacter pour obtenir des informations sur la vente en gros !<\/p>\n<\/div>\n<\/div>\n<h2>Set de tasses \u00e0 caf\u00e9 Param\u00e8tres :<\/h2>\n<table style=\"border-collapse: collapse; width: 370.82pt;\" border=\"0\" width=\"618\" cellspacing=\"0\" cellpadding=\"0\">\n<tbody>\n<tr style=\"height: 15.60pt;\">\n<td class=\"et3\" style=\"height: 15.60pt; width: 108.00pt;\" width=\"180\" height=\"26\">Fabricant<\/td>\n<td class=\"et3\" style=\"width: 263.25pt;\" width=\"438\">Lianyuan<\/td>\n<\/tr>\n<tr style=\"height: 15.60pt;\">\n<td class=\"et3\" style=\"height: 15.60pt;\" height=\"26\">Type de produit<\/td>\n<td class=\"et3\">Tasses \u00e0 th\u00e9, Tasses \u00e0 caf\u00e9, Tasses \u00e0 d\u00e9jeuner<\/td>\n<\/tr>\n<tr style=\"height: 15.60pt;\">\n<td class=\"et3\" style=\"height: 15.60pt;\" height=\"26\">Mod\u00e8le<\/td>\n<td class=\"et3\">Motif floral<\/td>\n<\/tr>\n<tr style=\"height: 15.60pt;\">\n<td class=\"et3\" style=\"height: 15.60pt;\" height=\"26\">Couleur<\/td>\n<td class=\"et3\">Rose, jaune, vert, bleu<\/td>\n<\/tr>\n<tr style=\"height: 15.60pt;\">\n<td class=\"et3\" style=\"height: 15.60pt;\" height=\"26\">Mat\u00e9riau<\/td>\n<td class=\"et3\">Porcelaine durable<\/td>\n<\/tr>\n<tr style=\"height: 15.60pt;\">\n<td class=\"et3\" style=\"height: 15.60pt;\" height=\"26\">Artisanat<\/td>\n<td class=\"et3\">D\u00e9calque \u00e9maill\u00e9<\/td>\n<\/tr>\n<tr style=\"height: 15.60pt;\">\n<td class=\"et3\" style=\"height: 15.60pt;\" height=\"26\">Application<\/td>\n<td class=\"et3\">Passe au micro-ondes, au lave-vaisselle et au four<\/td>\n<\/tr>\n<tr style=\"height: 15.60pt;\">\n<td class=\"et3\" style=\"height: 15.60pt;\" height=\"26\">Sur mesure<\/td>\n<td class=\"et3\">Couleur\/Taille\/Logo\/Emballage<\/td>\n<\/tr>\n<\/tbody>\n<\/table>","protected":false},"featured_media":2239,"comment_status":"open","ping_status":"closed","template":"","meta":{"_acf_changed":false},"product_brand":[],"product_cat":[34],"product_tag":[31,30,29,27],"class_list":{"0":"post-2252","1":"product","2":"type-product","3":"status-publish","4":"has-post-thumbnail","6":"product_cat-bulk-ceramic-tableware-in-stock","7":"product_tag-bone-china-dinnerware-wholesale","8":"product_tag-custom-porcelain-dinnerware","9":"product_tag-hand-painted-embossed-dinnerware-wholesale","10":"product_tag-wholesale-decal-ceramics","12":"first","13":"instock","14":"shipping-taxable","15":"product-type-simple"},"acf":[],"_links":{"self":[{"href":"https:\/\/www.lianyuanceramic.com\/fr\/wp-json\/wp\/v2\/product\/2252","targetHints":{"allow":["GET"]}}],"collection":[{"href":"https:\/\/www.lianyuanceramic.com\/fr\/wp-json\/wp\/v2\/product"}],"about":[{"href":"https:\/\/www.lianyuanceramic.com\/fr\/wp-json\/wp\/v2\/types\/product"}],"replies":[{"embeddable":true,"href":"https:\/\/www.lianyuanceramic.com\/fr\/wp-json\/wp\/v2\/comments?post=2252"}],"wp:featuredmedia":[{"embeddable":true,"href":"https:\/\/www.lianyuanceramic.com\/fr\/wp-json\/wp\/v2\/media\/2239"}],"wp:attachment":[{"href":"https:\/\/www.lianyuanceramic.com\/fr\/wp-json\/wp\/v2\/media?parent=2252"}],"wp:term":[{"taxonomy":"product_brand","embeddable":true,"href":"https:\/\/www.lianyuanceramic.com\/fr\/wp-json\/wp\/v2\/product_brand?post=2252"},{"taxonomy":"product_cat","embeddable":true,"href":"https:\/\/www.lianyuanceramic.com\/fr\/wp-json\/wp\/v2\/product_cat?post=2252"},{"taxonomy":"product_tag","embeddable":true,"href":"https:\/\/www.lianyuanceramic.com\/fr\/wp-json\/wp\/v2\/product_tag?post=2252"}],"curies":[{"name":"wp","href":"https:\/\/api.w.org\/{rel}","templated":true}]}}