{"id":2205,"date":"2025-11-05T03:31:43","date_gmt":"2025-11-05T03:31:43","guid":{"rendered":"https:\/\/www.lianyuanceramic.com\/?post_type=product&#038;p=2205"},"modified":"2025-11-08T01:19:56","modified_gmt":"2025-11-08T01:19:56","slug":"custom-tea-cups-set","status":"publish","type":"product","link":"https:\/\/www.lianyuanceramic.com\/fr\/produit\/custom-tea-cups-set\/","title":{"rendered":"Tasses \u00e0 th\u00e9 personnalis\u00e9es, Tasses \u00e0 caf\u00e9 en c\u00e9ramique D\u00e9calage floral Tasses \u00e0 lait vertes en vrac pr\u00eates \u00e0 \u00eatre exp\u00e9di\u00e9es"},"content":{"rendered":"<div class=\"wp-block-columns is-layout-flex wp-container-core-columns-is-layout-9d6595d7 wp-block-columns-is-layout-flex\">\n<div class=\"wp-block-column is-layout-flow wp-block-column-is-layout-flow\">\n<h2 class=\"wp-block-heading\">Set de tasses \u00e0 th\u00e9 Caract\u00e9ristiques :<\/h2>\n\n\n\n<p><strong>Des accents verts uniques<\/strong>: D'une couleur verte rafra\u00eechissante, la poign\u00e9e et la base cr\u00e9ent un design visuellement attrayant et hautement reconnaissable qui \u00e9gaye n'importe quelle table.<\/p>\n\n\n\n<p><strong>Divers motifs artistiques<\/strong>: Chaque tasse pr\u00e9sente un design unique, qui peut \u00eatre combin\u00e9 librement ou utilis\u00e9 individuellement pour s'adapter \u00e0 un large \u00e9ventail de th\u00e8mes et d'occasions.<\/p>\n\n\n\n<p><strong>Mat\u00e9riau c\u00e9ramique de premi\u00e8re qualit\u00e9<\/strong>: Fabriqu\u00e9 en c\u00e9ramique cuite \u00e0 haute temp\u00e9rature, il est r\u00e9sistant \u00e0 la chaleur, durable, s\u00fbr et respectueux de l'environnement ; il convient aussi bien \u00e0 un usage quotidien qu'\u00e0 un usage commercial.<\/p>\n\n\n\n<p><strong>Conception ergonomique :<\/strong> La forme arrondie et le bord lisse garantissent une prise en main confortable et une meilleure exp\u00e9rience utilisateur.<\/p>\n\n\n\n<p><strong>Sets en stock disponibles<\/strong>: La plupart des combinaisons de motifs sont en stock afin d'assurer une livraison rapide pour les caf\u00e9s, les h\u00f4tels et les cadeaux personnalis\u00e9s.<\/p>\n\n\n\n<p><strong>Services personnalisables<\/strong>: Nous offrons la possibilit\u00e9 de personnaliser les tasses \u00e0 th\u00e9 en c\u00e9ramique pour r\u00e9pondre \u00e0 diverses demandes, comme les cadeaux d'entreprise ou de marque et les articles promotionnels.<\/p>\n<\/div>\n\n\n\n<div class=\"wp-block-column is-layout-flow wp-block-column-is-layout-flow\">\n<h2 class=\"wp-block-heading\">Set de tasses \u00e0 th\u00e9 personnalis\u00e9es :<\/h2>\n\n\n\n<p>Lianyuan propose diverses options de vaisselle personnalis\u00e9e en fonction des besoins de la marque ou des tendances de la mode, ce qui en fait un produit id\u00e9al pour un usage personnel ou commercial.<\/p>\n\n\n\n<p><strong>Conception :&nbsp;<\/strong>Formes et motifs vari\u00e9s.<\/p>\n\n\n\n<p><strong>Composition de l'ensemble :<\/strong>&nbsp;Sets de tasses en c\u00e9ramique personnalis\u00e9s avec des combinaisons de tasses, de bols et de cuill\u00e8res.<\/p>\n\n\n\n<p><strong>Taille :&nbsp;<\/strong>Choisissez parmi diff\u00e9rentes tailles pour convenir \u00e0 diff\u00e9rentes portions de repas.<\/p>\n\n\n\n<p><strong>Mat\u00e9riau :<\/strong>&nbsp;C\u00e9ramique, porcelaine, porcelaine osseuse ou se renseigner sur les autres possibilit\u00e9s.<\/p>\n\n\n\n<p><strong>Artisanat :&nbsp;<\/strong>D\u00e9calcomanies de gla\u00e7age, changement de four, peinture \u00e0 la main, motifs en relief ou autres.<\/p>\n\n\n\n<p><strong>Emballage :&nbsp;<\/strong>Emballage en vrac, bo\u00eete de couleur, bo\u00eete cadeau, bo\u00eete de pr\u00e9sentation, bo\u00eete postale, etc.<\/p>\n<\/div>\n<\/div>\n\n\n\n<div class=\"wp-block-columns is-layout-flex wp-container-core-columns-is-layout-9d6595d7 wp-block-columns-is-layout-flex\">\n<div class=\"wp-block-column is-layout-flow wp-block-column-is-layout-flow\">\n<figure class=\"wp-block-image size-full\"><img decoding=\"async\" width=\"700\" height=\"700\" src=\"https:\/\/www.lianyuanceramic.com\/wp-content\/uploads\/2025\/08\/Custom-breakfast-cups-7.webp\" alt=\"Tasses \u00e0 d\u00e9jeuner personnalis\u00e9es\" class=\"wp-image-1940\" srcset=\"https:\/\/www.lianyuanceramic.com\/wp-content\/uploads\/2025\/08\/Custom-breakfast-cups-7.webp 700w, https:\/\/www.lianyuanceramic.com\/wp-content\/uploads\/2025\/08\/Custom-breakfast-cups-7-300x300.webp 300w, https:\/\/www.lianyuanceramic.com\/wp-content\/uploads\/2025\/08\/Custom-breakfast-cups-7-150x150.webp 150w, https:\/\/www.lianyuanceramic.com\/wp-content\/uploads\/2025\/08\/Custom-breakfast-cups-7-12x12.webp 12w, https:\/\/www.lianyuanceramic.com\/wp-content\/uploads\/2025\/08\/Custom-breakfast-cups-7-600x600.webp 600w, https:\/\/www.lianyuanceramic.com\/wp-content\/uploads\/2025\/08\/Custom-breakfast-cups-7-100x100.webp 100w\" sizes=\"(max-width: 700px) 100vw, 700px\" \/><\/figure>\n<\/div>\n\n\n\n<div class=\"wp-block-column is-layout-flow wp-block-column-is-layout-flow\"><div class=\"wp-block-image\">\n<figure class=\"aligncenter size-full\"><img decoding=\"async\" width=\"800\" height=\"800\" src=\"https:\/\/www.lianyuanceramic.com\/wp-content\/uploads\/2025\/10\/custom-logo-porcelain-milk-mug.webp\" alt=\"logo personnalis\u00e9 tasse \u00e0 lait en porcelaine\" class=\"wp-image-2234\" style=\"object-fit:cover\" srcset=\"https:\/\/www.lianyuanceramic.com\/wp-content\/uploads\/2025\/10\/custom-logo-porcelain-milk-mug.webp 800w, https:\/\/www.lianyuanceramic.com\/wp-content\/uploads\/2025\/10\/custom-logo-porcelain-milk-mug-300x300.webp 300w, https:\/\/www.lianyuanceramic.com\/wp-content\/uploads\/2025\/10\/custom-logo-porcelain-milk-mug-150x150.webp 150w, https:\/\/www.lianyuanceramic.com\/wp-content\/uploads\/2025\/10\/custom-logo-porcelain-milk-mug-768x768.webp 768w, https:\/\/www.lianyuanceramic.com\/wp-content\/uploads\/2025\/10\/custom-logo-porcelain-milk-mug-12x12.webp 12w, https:\/\/www.lianyuanceramic.com\/wp-content\/uploads\/2025\/10\/custom-logo-porcelain-milk-mug-600x600.webp 600w, https:\/\/www.lianyuanceramic.com\/wp-content\/uploads\/2025\/10\/custom-logo-porcelain-milk-mug-100x100.webp 100w\" sizes=\"(max-width: 800px) 100vw, 800px\" \/><\/figure>\n<\/div><\/div>\n<\/div>","protected":false},"excerpt":{"rendered":"<div class=\"D5aOJc vJwDU\">\n<div data-zone-id=\"0\" data-line-index=\"0\" data-line=\"true\">\n<p>Le set de tasses \u00e0 th\u00e9 personnalis\u00e9es Lianyuan pr\u00e9sente des couleurs vertes vintage, un art floral et une esth\u00e9tique moderne ; ces tasses rehaussent les rituels de repas. N'h\u00e9sitez pas \u00e0 nous contacter pour toute demande de renseignements sur la vente en gros afin de b\u00e9n\u00e9ficier de solutions exclusives en mati\u00e8re de strat\u00e9gie de marque !\u00a0\u00a0<\/p>\n<\/div>\n<\/div>\n<h2>Set de tasses \u00e0 th\u00e9 Param\u00e8tres :<\/h2>\n<table style=\"border-collapse: collapse; width: 370.82pt;\" border=\"0\" width=\"618\" cellspacing=\"0\" cellpadding=\"0\">\n<tbody>\n<tr style=\"height: 15.60pt;\">\n<td class=\"et3\" style=\"height: 15.60pt; width: 108.00pt;\" width=\"180\" height=\"26\">Fabricant<\/td>\n<td class=\"et3\" style=\"width: 263.25pt;\" width=\"438\">Lianyuan<\/td>\n<\/tr>\n<tr style=\"height: 15.60pt;\">\n<td class=\"et3\" style=\"height: 15.60pt;\" height=\"26\">Type de produit<\/td>\n<td class=\"et3\">Tasses \u00e0 th\u00e9, Tasses \u00e0 caf\u00e9, Tasses \u00e0 d\u00e9jeuner<\/td>\n<\/tr>\n<tr style=\"height: 15.60pt;\">\n<td class=\"et3\" style=\"height: 15.60pt;\" height=\"26\">Mod\u00e8le<\/td>\n<td class=\"et3\">Motif floral<\/td>\n<\/tr>\n<tr style=\"height: 15.60pt;\">\n<td class=\"et3\" style=\"height: 15.60pt;\" height=\"26\">Couleur<\/td>\n<td class=\"et3\">Rose, jaune, vert, bleu<\/td>\n<\/tr>\n<tr style=\"height: 15.60pt;\">\n<td class=\"et3\" style=\"height: 15.60pt;\" height=\"26\">Mat\u00e9riau<\/td>\n<td class=\"et3\">Porcelaine durable<\/td>\n<\/tr>\n<tr style=\"height: 15.60pt;\">\n<td class=\"et3\" style=\"height: 15.60pt;\" height=\"26\">Artisanat<\/td>\n<td class=\"et3\">D\u00e9calque \u00e9maill\u00e9<\/td>\n<\/tr>\n<tr style=\"height: 15.60pt;\">\n<td class=\"et3\" style=\"height: 15.60pt;\" height=\"26\">Application<\/td>\n<td class=\"et3\">Passe au micro-ondes, au lave-vaisselle et au four<\/td>\n<\/tr>\n<tr style=\"height: 15.60pt;\">\n<td class=\"et3\" style=\"height: 15.60pt;\" height=\"26\">Sur mesure<\/td>\n<td class=\"et3\">Couleur\/Taille\/Logo\/Emballage<\/td>\n<\/tr>\n<\/tbody>\n<\/table>","protected":false},"featured_media":2207,"comment_status":"open","ping_status":"closed","template":"","meta":{"_acf_changed":false},"product_brand":[],"product_cat":[34],"product_tag":[31,30,29,27],"class_list":{"0":"post-2205","1":"product","2":"type-product","3":"status-publish","4":"has-post-thumbnail","6":"product_cat-bulk-ceramic-tableware-in-stock","7":"product_tag-bone-china-dinnerware-wholesale","8":"product_tag-custom-porcelain-dinnerware","9":"product_tag-hand-painted-embossed-dinnerware-wholesale","10":"product_tag-wholesale-decal-ceramics","12":"first","13":"instock","14":"shipping-taxable","15":"product-type-simple"},"acf":[],"_links":{"self":[{"href":"https:\/\/www.lianyuanceramic.com\/fr\/wp-json\/wp\/v2\/product\/2205","targetHints":{"allow":["GET"]}}],"collection":[{"href":"https:\/\/www.lianyuanceramic.com\/fr\/wp-json\/wp\/v2\/product"}],"about":[{"href":"https:\/\/www.lianyuanceramic.com\/fr\/wp-json\/wp\/v2\/types\/product"}],"replies":[{"embeddable":true,"href":"https:\/\/www.lianyuanceramic.com\/fr\/wp-json\/wp\/v2\/comments?post=2205"}],"wp:featuredmedia":[{"embeddable":true,"href":"https:\/\/www.lianyuanceramic.com\/fr\/wp-json\/wp\/v2\/media\/2207"}],"wp:attachment":[{"href":"https:\/\/www.lianyuanceramic.com\/fr\/wp-json\/wp\/v2\/media?parent=2205"}],"wp:term":[{"taxonomy":"product_brand","embeddable":true,"href":"https:\/\/www.lianyuanceramic.com\/fr\/wp-json\/wp\/v2\/product_brand?post=2205"},{"taxonomy":"product_cat","embeddable":true,"href":"https:\/\/www.lianyuanceramic.com\/fr\/wp-json\/wp\/v2\/product_cat?post=2205"},{"taxonomy":"product_tag","embeddable":true,"href":"https:\/\/www.lianyuanceramic.com\/fr\/wp-json\/wp\/v2\/product_tag?post=2205"}],"curies":[{"name":"wp","href":"https:\/\/api.w.org\/{rel}","templated":true}]}}