{"id":2070,"date":"2025-09-23T07:20:22","date_gmt":"2025-09-23T07:20:22","guid":{"rendered":"https:\/\/www.lianyuanceramic.com\/?post_type=product&#038;p=2070"},"modified":"2025-09-23T07:36:56","modified_gmt":"2025-09-23T07:36:56","slug":"wholesale-ceramic-cups","status":"publish","type":"product","link":"https:\/\/www.lianyuanceramic.com\/fr\/produit\/wholesale-ceramic-cups\/","title":{"rendered":"Vente en gros de tasses en c\u00e9ramique, tasses \u00e0 caf\u00e9 gaufr\u00e9es, services \u00e0 th\u00e9 en vrac"},"content":{"rendered":"<div class=\"wp-block-columns is-layout-flex wp-container-core-columns-is-layout-9d6595d7 wp-block-columns-is-layout-flex\">\n<div class=\"wp-block-column is-layout-flow wp-block-column-is-layout-flow\">\n<h2 class=\"wp-block-heading\">Tasses en c\u00e9ramique Caract\u00e9ristiques :<\/h2>\n\n\n\n<p><strong>C\u00e9ramique de haute qualit\u00e9 : <\/strong>La cuisson \u00e0 haute temp\u00e9rature garantit la durabilit\u00e9, la s\u00e9curit\u00e9 et le respect de l'environnement.<\/p>\n\n\n\n<p><strong>Texture gaufr\u00e9e \u00e9l\u00e9gante : <\/strong>Des motifs diamant\u00e9s et g\u00e9om\u00e9triques sont emboss\u00e9s sur l'ext\u00e9rieur pour une sensation tactile saisissante.<\/p>\n\n\n\n<p><strong>Int\u00e9rieur floral vibrant : <\/strong>La d\u00e9coration florale sous gla\u00e7ure cr\u00e9e une couleur vibrante et durable.<\/p>\n\n\n\n<p><strong>Disponible dans une vari\u00e9t\u00e9 de couleurs vives : <\/strong>Disponible en orange, rose, vert et bleu vibrants, cette tasse en c\u00e9ramique rehaussera vos repas et votre exp\u00e9rience du caf\u00e9.<\/p>\n\n\n\n<p><strong>Poign\u00e9e confortable : <\/strong>Conception ergonomique pour une prise en main facile, parfaite pour un usage quotidien.<\/p>\n\n\n\n<p><strong>Polyvalent :<\/strong> Convient aussi bien \u00e0 la maison qu'au commerce pour servir du caf\u00e9, du th\u00e9, du lait ou des boissons chaudes.<\/p>\n\n\n\n<p><strong>En direct de l'usine : <\/strong>Prix de gros comp\u00e9titifs, avec des remises pour les commandes en gros.<\/p>\n<\/div>\n\n\n\n<div class=\"wp-block-column is-layout-flow wp-block-column-is-layout-flow\">\n<h2 class=\"wp-block-heading\">Tasses en c\u00e9ramique personnalis\u00e9es :<\/h2>\n\n\n\n<p>Lianyuan propose diverses options de vaisselle personnalis\u00e9e en fonction des besoins de la marque ou des tendances de la mode, ce qui en fait un produit id\u00e9al pour un usage personnel ou commercial.<\/p>\n\n\n\n<p><strong>Conception :&nbsp;<\/strong>Formes et motifs vari\u00e9s.<\/p>\n\n\n\n<p><strong>Composition de l'ensemble :<\/strong>&nbsp;Sets de tasses en c\u00e9ramique personnalis\u00e9s avec des combinaisons de tasses, de bols et de cuill\u00e8res.<\/p>\n\n\n\n<p><strong>Taille :&nbsp;<\/strong>Choisissez parmi diff\u00e9rentes tailles pour convenir \u00e0 diff\u00e9rentes portions de repas.<\/p>\n\n\n\n<p><strong>Mat\u00e9riau :<\/strong>&nbsp;C\u00e9ramique, porcelaine, porcelaine osseuse ou se renseigner sur les autres possibilit\u00e9s.<\/p>\n\n\n\n<p><strong>Artisanat :&nbsp;<\/strong>D\u00e9calcomanies de gla\u00e7age, changement de four, peinture \u00e0 la main, motifs en relief ou autres.<\/p>\n\n\n\n<p><strong>Emballage :&nbsp;<\/strong>Emballage en vrac, bo\u00eete de couleur, bo\u00eete cadeau, bo\u00eete de pr\u00e9sentation, bo\u00eete postale, etc.<\/p>\n<\/div>\n<\/div>\n\n\n\n<div class=\"wp-block-columns is-layout-flex wp-container-core-columns-is-layout-9d6595d7 wp-block-columns-is-layout-flex\">\n<div class=\"wp-block-column is-layout-flow wp-block-column-is-layout-flow\">\n<figure class=\"wp-block-image size-full\"><img decoding=\"async\" width=\"700\" height=\"700\" src=\"https:\/\/www.lianyuanceramic.com\/wp-content\/uploads\/2025\/08\/Wholesale-relief-cups4-1.webp\" alt=\"Vente en gros de tasses \u00e0 relief en c\u00e9ramique\" class=\"wp-image-1961\" srcset=\"https:\/\/www.lianyuanceramic.com\/wp-content\/uploads\/2025\/08\/Wholesale-relief-cups4-1.webp 700w, https:\/\/www.lianyuanceramic.com\/wp-content\/uploads\/2025\/08\/Wholesale-relief-cups4-1-300x300.webp 300w, https:\/\/www.lianyuanceramic.com\/wp-content\/uploads\/2025\/08\/Wholesale-relief-cups4-1-150x150.webp 150w, https:\/\/www.lianyuanceramic.com\/wp-content\/uploads\/2025\/08\/Wholesale-relief-cups4-1-12x12.webp 12w, https:\/\/www.lianyuanceramic.com\/wp-content\/uploads\/2025\/08\/Wholesale-relief-cups4-1-600x600.webp 600w, https:\/\/www.lianyuanceramic.com\/wp-content\/uploads\/2025\/08\/Wholesale-relief-cups4-1-100x100.webp 100w\" sizes=\"(max-width: 700px) 100vw, 700px\" \/><\/figure>\n<\/div>\n\n\n\n<div class=\"wp-block-column is-layout-flow wp-block-column-is-layout-flow\">\n<figure class=\"wp-block-image size-full\"><img decoding=\"async\" width=\"700\" height=\"700\" src=\"https:\/\/www.lianyuanceramic.com\/wp-content\/uploads\/2025\/08\/Wholesale-relief-cups3-1.webp\" alt=\"Vente en gros de tasses \u00e0 relief en c\u00e9ramique\" class=\"wp-image-1962\" srcset=\"https:\/\/www.lianyuanceramic.com\/wp-content\/uploads\/2025\/08\/Wholesale-relief-cups3-1.webp 700w, https:\/\/www.lianyuanceramic.com\/wp-content\/uploads\/2025\/08\/Wholesale-relief-cups3-1-300x300.webp 300w, https:\/\/www.lianyuanceramic.com\/wp-content\/uploads\/2025\/08\/Wholesale-relief-cups3-1-150x150.webp 150w, https:\/\/www.lianyuanceramic.com\/wp-content\/uploads\/2025\/08\/Wholesale-relief-cups3-1-12x12.webp 12w, https:\/\/www.lianyuanceramic.com\/wp-content\/uploads\/2025\/08\/Wholesale-relief-cups3-1-600x600.webp 600w, https:\/\/www.lianyuanceramic.com\/wp-content\/uploads\/2025\/08\/Wholesale-relief-cups3-1-100x100.webp 100w\" sizes=\"(max-width: 700px) 100vw, 700px\" \/><\/figure>\n<\/div>\n<\/div>","protected":false},"excerpt":{"rendered":"<div class=\"D5aOJc vJwDU\">\n<div data-zone-id=\"0\" data-line-index=\"0\" data-line=\"true\">\n<p>Grosses tasses en c\u00e9ramique pr\u00e9sentant un relief de diamant unique et un motif floral. Le design vibrant ajoute du charme et de la chaleur \u00e0 toute table. Nous proposons des services OEM\/ODM pour les commandes en gros. Contactez-nous d\u00e8s aujourd'hui !<\/p>\n<\/div>\n<\/div>\n<h2>Tasses en c\u00e9ramique Param\u00e8tres :<\/h2>\n<table style=\"border-collapse: collapse; width: 370.82pt;\" border=\"0\" width=\"618\" cellspacing=\"0\" cellpadding=\"0\">\n<tbody>\n<tr style=\"height: 15.60pt;\">\n<td class=\"et3\" style=\"height: 15.60pt; width: 108.00pt;\" width=\"180\" height=\"26\">Fabricant<\/td>\n<td class=\"et3\" style=\"width: 263.25pt;\" width=\"438\">Lianyuan<\/td>\n<\/tr>\n<tr style=\"height: 15.60pt;\">\n<td class=\"et3\" style=\"height: 15.60pt;\" height=\"26\">Type de produit<\/td>\n<td class=\"et3\">Tasses \u00e0 th\u00e9, tasses \u00e0 caf\u00e9, tasses \u00e0 d\u00e9jeuner<\/td>\n<\/tr>\n<tr style=\"height: 15.60pt;\">\n<td class=\"et3\" style=\"height: 15.60pt;\" height=\"26\">Mod\u00e8le<\/td>\n<td class=\"et3\">\u00a0Texture en relief en forme de diamant et motif floral<\/td>\n<\/tr>\n<tr style=\"height: 15.60pt;\">\n<td class=\"et3\" style=\"height: 15.60pt;\" height=\"26\">Couleur<\/td>\n<td class=\"et3\">Rose, jaune, vert, bleu<\/td>\n<\/tr>\n<tr style=\"height: 15.60pt;\">\n<td class=\"et3\" style=\"height: 15.60pt;\" height=\"26\">Mat\u00e9riau<\/td>\n<td class=\"et3\">Porcelaine durable<\/td>\n<\/tr>\n<tr style=\"height: 15.60pt;\">\n<td class=\"et3\" style=\"height: 15.60pt;\" height=\"26\">Artisanat<\/td>\n<td class=\"et3\">D\u00e9calque gaufr\u00e9 et glac\u00e9<\/td>\n<\/tr>\n<tr style=\"height: 15.60pt;\">\n<td class=\"et3\" style=\"height: 15.60pt;\" height=\"26\">Application<\/td>\n<td class=\"et3\">Passe au micro-ondes, au lave-vaisselle et au four<\/td>\n<\/tr>\n<tr style=\"height: 15.60pt;\">\n<td class=\"et3\" style=\"height: 15.60pt;\" height=\"26\">Sur mesure<\/td>\n<td class=\"et3\">Couleur\/Taille\/Logo\/Emballage<\/td>\n<\/tr>\n<\/tbody>\n<\/table>","protected":false},"featured_media":1957,"comment_status":"open","ping_status":"closed","template":"","meta":{"_acf_changed":false},"product_brand":[],"product_cat":[18],"product_tag":[30,29,27],"class_list":{"0":"post-2070","1":"product","2":"type-product","3":"status-publish","4":"has-post-thumbnail","6":"product_cat-wholesale-custom-tea-set","7":"product_tag-custom-porcelain-dinnerware","8":"product_tag-hand-painted-embossed-dinnerware-wholesale","9":"product_tag-wholesale-decal-ceramics","11":"first","12":"instock","13":"shipping-taxable","14":"product-type-simple"},"acf":[],"_links":{"self":[{"href":"https:\/\/www.lianyuanceramic.com\/fr\/wp-json\/wp\/v2\/product\/2070","targetHints":{"allow":["GET"]}}],"collection":[{"href":"https:\/\/www.lianyuanceramic.com\/fr\/wp-json\/wp\/v2\/product"}],"about":[{"href":"https:\/\/www.lianyuanceramic.com\/fr\/wp-json\/wp\/v2\/types\/product"}],"replies":[{"embeddable":true,"href":"https:\/\/www.lianyuanceramic.com\/fr\/wp-json\/wp\/v2\/comments?post=2070"}],"wp:featuredmedia":[{"embeddable":true,"href":"https:\/\/www.lianyuanceramic.com\/fr\/wp-json\/wp\/v2\/media\/1957"}],"wp:attachment":[{"href":"https:\/\/www.lianyuanceramic.com\/fr\/wp-json\/wp\/v2\/media?parent=2070"}],"wp:term":[{"taxonomy":"product_brand","embeddable":true,"href":"https:\/\/www.lianyuanceramic.com\/fr\/wp-json\/wp\/v2\/product_brand?post=2070"},{"taxonomy":"product_cat","embeddable":true,"href":"https:\/\/www.lianyuanceramic.com\/fr\/wp-json\/wp\/v2\/product_cat?post=2070"},{"taxonomy":"product_tag","embeddable":true,"href":"https:\/\/www.lianyuanceramic.com\/fr\/wp-json\/wp\/v2\/product_tag?post=2070"}],"curies":[{"name":"wp","href":"https:\/\/api.w.org\/{rel}","templated":true}]}}