{"id":1956,"date":"2025-09-10T16:41:13","date_gmt":"2025-09-10T16:41:13","guid":{"rendered":"https:\/\/www.lianyuanceramic.com\/?post_type=product&#038;p=1956"},"modified":"2025-09-23T07:20:07","modified_gmt":"2025-09-23T07:20:07","slug":"wholesale-embossed-porcelain-dinnerware","status":"publish","type":"product","link":"https:\/\/www.lianyuanceramic.com\/fr\/produit\/wholesale-embossed-porcelain-dinnerware\/","title":{"rendered":"Wholesale Embossed Porcelain Dinnerware, Colorful Relief Tableware Set for Hotel in Bulk (vaisselle en porcelaine gaufr\u00e9e en gros)"},"content":{"rendered":"<figure class=\"wp-block-image size-full\"><img decoding=\"async\" width=\"1092\" height=\"727\" src=\"https:\/\/www.lianyuanceramic.com\/wp-content\/uploads\/2025\/09\/Wholesale-ceramic-relief-bowls-colorful-dinnerware-sets-in-bulk.webp\" alt=\"Wholesale Embossed Porcelain Dinnerware (vaisselle en porcelaine gaufr\u00e9e)\" class=\"wp-image-2068\" srcset=\"https:\/\/www.lianyuanceramic.com\/wp-content\/uploads\/2025\/09\/Wholesale-ceramic-relief-bowls-colorful-dinnerware-sets-in-bulk.webp 1092w, https:\/\/www.lianyuanceramic.com\/wp-content\/uploads\/2025\/09\/Wholesale-ceramic-relief-bowls-colorful-dinnerware-sets-in-bulk-300x200.webp 300w, https:\/\/www.lianyuanceramic.com\/wp-content\/uploads\/2025\/09\/Wholesale-ceramic-relief-bowls-colorful-dinnerware-sets-in-bulk-768x511.webp 768w, https:\/\/www.lianyuanceramic.com\/wp-content\/uploads\/2025\/09\/Wholesale-ceramic-relief-bowls-colorful-dinnerware-sets-in-bulk-18x12.webp 18w, https:\/\/www.lianyuanceramic.com\/wp-content\/uploads\/2025\/09\/Wholesale-ceramic-relief-bowls-colorful-dinnerware-sets-in-bulk-600x399.webp 600w\" sizes=\"(max-width: 1092px) 100vw, 1092px\" \/><\/figure>\n\n\n\n<div class=\"wp-block-columns is-layout-flex wp-container-core-columns-is-layout-9d6595d7 wp-block-columns-is-layout-flex\">\n<div class=\"wp-block-column is-layout-flow wp-block-column-is-layout-flow\">\n<h2 class=\"wp-block-heading\">Vaisselle en porcelaine gaufr\u00e9e Caract\u00e9ristiques :<\/h2>\n\n\n\n<p><strong>Motif exquis<\/strong>: Le design floral et g\u00e9om\u00e9trique de l'int\u00e9rieur allie l'esth\u00e9tique \u00e0 un effet de pr\u00e9sentation de la marque sur la table, am\u00e9liorant ainsi le style du restaurant.<\/p>\n\n\n\n<p><strong>Un fort attrait visuel<\/strong>: La vaisselle color\u00e9e attire facilement les regards dans les restaurants, les caf\u00e9s ou les tables familiales et rehausse la beaut\u00e9 de l'ensemble.<\/p>\n\n\n\n<p><strong>Porcelaine de haute qualit\u00e9 :<\/strong> Fabriqu\u00e9 en porcelaine de haute qualit\u00e9, il est \u00e9cologique, non toxique et durable.<\/p>\n\n\n\n<p><strong>Technologie In-Glaze :<\/strong> Gr\u00e2ce \u00e0 la technologie de l'\u00e9maillage, la surface est brillante, lisse au toucher et la couleur est douce et durable.<\/p>\n\n\n\n<p><strong>Belle apparence :<\/strong> Le motif gaufr\u00e9 ajoute une touche tridimensionnelle et artistique, ce qui rend la vaisselle plus haut de gamme et orient\u00e9e vers le design.<\/p>\n\n\n\n<p><strong>Service de table complet : <\/strong>Vaisselle, services \u00e0 th\u00e9, services \u00e0 caf\u00e9, assiettes \u00e0 dessert, assiettes \u00e0 fruits, bols \u00e0 soupe, plateaux, etc. Une vari\u00e9t\u00e9 de sp\u00e9cifications, adapt\u00e9es \u00e0 diff\u00e9rentes sc\u00e8nes de repas.<\/p>\n<\/div>\n\n\n\n<div class=\"wp-block-column is-layout-flow wp-block-column-is-layout-flow\">\n<h2 class=\"wp-block-heading\">Vaisselle en porcelaine gaufr\u00e9e sur mesure :<\/h2>\n\n\n\n<p>Lianyuan propose diverses options de vaisselle personnalis\u00e9e en fonction des besoins de la marque ou des tendances de la mode, ce qui en fait un produit id\u00e9al pour un usage personnel ou commercial.<\/p>\n\n\n\n<p><strong>Conception :&nbsp;<\/strong>Formes et motifs vari\u00e9s.<\/p>\n\n\n\n<p><strong>Composition de l'ensemble :<\/strong>&nbsp;Sets de tasses en c\u00e9ramique personnalis\u00e9s avec des combinaisons de tasses, de bols et de cuill\u00e8res.<\/p>\n\n\n\n<p><strong>Taille :&nbsp;<\/strong>Choisissez parmi diff\u00e9rentes tailles pour convenir \u00e0 diff\u00e9rentes portions de repas.<\/p>\n\n\n\n<p><strong>Mat\u00e9riau :<\/strong>&nbsp;C\u00e9ramique, porcelaine, porcelaine osseuse ou se renseigner sur les autres possibilit\u00e9s.<\/p>\n\n\n\n<p><strong>Artisanat :&nbsp;<\/strong>D\u00e9calcomanies de gla\u00e7age, changement de four, peinture \u00e0 la main, motifs en relief ou autres.<\/p>\n\n\n\n<p><strong>Emballage :&nbsp;<\/strong>Emballage en vrac, bo\u00eete de couleur, bo\u00eete cadeau, bo\u00eete de pr\u00e9sentation, bo\u00eete postale, etc.<\/p>\n<\/div>\n<\/div>","protected":false},"excerpt":{"rendered":"<div class=\"D5aOJc vJwDU\">\n<div data-zone-id=\"0\" data-line-index=\"0\" data-line=\"true\">\n<p>La vaisselle en gros en porcelaine gaufr\u00e9e, fabriqu\u00e9e en porcelaine de haute qualit\u00e9, est dot\u00e9e d'un motif en relief.<span class=\"index_module_AiSummary__content__p__bold__497e669f\">\u00a0design \u00e9l\u00e9gant<\/span>Les tapis de table sont disponibles avec des motifs color\u00e9s et des tailles vari\u00e9es. Durable, facile \u00e0 nettoyer et parfait pour la maison, l'h\u00f4tel, le restaurant, les mariages et les f\u00eates. N'h\u00e9sitez pas \u00e0 nous contacter pour des propositions personnalis\u00e9es et des catalogues de produits !<\/p>\n<\/div>\n<\/div>\n<h2>Vaisselle en porcelaine gaufr\u00e9e Param\u00e8tres :<\/h2>\n<table style=\"border-collapse: collapse; width: 370.82pt;\" border=\"0\" width=\"618\" cellspacing=\"0\" cellpadding=\"0\">\n<tbody>\n<tr style=\"height: 15.60pt;\">\n<td class=\"et3\" style=\"height: 15.60pt; width: 108.00pt;\" width=\"180\" height=\"26\">Fabricant<\/td>\n<td class=\"et3\" style=\"width: 263.25pt;\" width=\"438\">Lianyuan<\/td>\n<\/tr>\n<tr style=\"height: 15.60pt;\">\n<td class=\"et3\" style=\"height: 15.60pt;\" height=\"26\">Type de produit<\/td>\n<td class=\"et3\">Services \u00e0 th\u00e9, Services de table, Bols, Assiettes<\/td>\n<\/tr>\n<tr style=\"height: 15.60pt;\">\n<td class=\"et3\" style=\"height: 15.60pt;\" height=\"26\">Mod\u00e8le<\/td>\n<td class=\"et3\">Motif exquis de losanges ray\u00e9s, motif floral interne<\/td>\n<\/tr>\n<tr style=\"height: 15.60pt;\">\n<td class=\"et3\" style=\"height: 15.60pt;\" height=\"26\">Couleur<\/td>\n<td class=\"et3\">Rose, vert, orange, jaune<\/td>\n<\/tr>\n<tr style=\"height: 15.60pt;\">\n<td class=\"et3\" style=\"height: 15.60pt;\" height=\"26\">Mat\u00e9riau<\/td>\n<td class=\"et3\">Porcelaine durable<\/td>\n<\/tr>\n<tr style=\"height: 15.60pt;\">\n<td class=\"et3\" style=\"height: 15.60pt;\" height=\"26\">Artisanat<\/td>\n<td class=\"et3\">D\u00e9calque en gla\u00e7ure, gaufr\u00e9<\/td>\n<\/tr>\n<tr style=\"height: 15.60pt;\">\n<td class=\"et3\" style=\"height: 15.60pt;\" height=\"26\">Application<\/td>\n<td class=\"et3\">Passe au micro-ondes, au lave-vaisselle et au four<\/td>\n<\/tr>\n<tr style=\"height: 15.60pt;\">\n<td class=\"et3\" style=\"height: 15.60pt;\" height=\"26\">Sur mesure<\/td>\n<td class=\"et3\">Couleur\/Taille\/Logo\/Emballage<\/td>\n<\/tr>\n<\/tbody>\n<\/table>","protected":false},"featured_media":1954,"comment_status":"open","ping_status":"closed","template":"","meta":{"_acf_changed":false},"product_brand":[],"product_cat":[17,18,19],"product_tag":[30,29,27],"class_list":{"0":"post-1956","1":"product","2":"type-product","3":"status-publish","4":"has-post-thumbnail","6":"product_cat-dinnerware-wholesale","7":"product_cat-wholesale-custom-tea-set","8":"product_cat-serveware-wholesale","9":"product_tag-custom-porcelain-dinnerware","10":"product_tag-hand-painted-embossed-dinnerware-wholesale","11":"product_tag-wholesale-decal-ceramics","13":"first","14":"instock","15":"shipping-taxable","16":"product-type-simple"},"acf":[],"_links":{"self":[{"href":"https:\/\/www.lianyuanceramic.com\/fr\/wp-json\/wp\/v2\/product\/1956","targetHints":{"allow":["GET"]}}],"collection":[{"href":"https:\/\/www.lianyuanceramic.com\/fr\/wp-json\/wp\/v2\/product"}],"about":[{"href":"https:\/\/www.lianyuanceramic.com\/fr\/wp-json\/wp\/v2\/types\/product"}],"replies":[{"embeddable":true,"href":"https:\/\/www.lianyuanceramic.com\/fr\/wp-json\/wp\/v2\/comments?post=1956"}],"wp:featuredmedia":[{"embeddable":true,"href":"https:\/\/www.lianyuanceramic.com\/fr\/wp-json\/wp\/v2\/media\/1954"}],"wp:attachment":[{"href":"https:\/\/www.lianyuanceramic.com\/fr\/wp-json\/wp\/v2\/media?parent=1956"}],"wp:term":[{"taxonomy":"product_brand","embeddable":true,"href":"https:\/\/www.lianyuanceramic.com\/fr\/wp-json\/wp\/v2\/product_brand?post=1956"},{"taxonomy":"product_cat","embeddable":true,"href":"https:\/\/www.lianyuanceramic.com\/fr\/wp-json\/wp\/v2\/product_cat?post=1956"},{"taxonomy":"product_tag","embeddable":true,"href":"https:\/\/www.lianyuanceramic.com\/fr\/wp-json\/wp\/v2\/product_tag?post=1956"}],"curies":[{"name":"wp","href":"https:\/\/api.w.org\/{rel}","templated":true}]}}