{"id":1862,"date":"2025-08-15T02:47:33","date_gmt":"2025-08-15T02:47:33","guid":{"rendered":"https:\/\/www.lianyuanceramic.com\/?post_type=product&#038;p=1862"},"modified":"2025-08-15T02:51:08","modified_gmt":"2025-08-15T02:51:08","slug":"wholesale-everyday-tableware","status":"publish","type":"product","link":"https:\/\/www.lianyuanceramic.com\/fr\/produit\/wholesale-everyday-tableware\/","title":{"rendered":"Wholesale Everyday Tableware, Cartoon Cute Dinnerware Non Toxic in Bulk (vaisselle de tous les jours, dessins anim\u00e9s, non toxiques) en vrac"},"content":{"rendered":"<div class=\"wp-block-image\">\n<figure class=\"aligncenter size-full is-resized\"><img decoding=\"async\" width=\"4096\" height=\"2868\" src=\"https:\/\/www.lianyuanceramic.com\/wp-content\/uploads\/2025\/07\/Custom-logo-dinnerware.jpg\" alt=\"Vaisselle avec logo personnalis\u00e9\" class=\"wp-image-1865\" style=\"width:703px;height:auto\" srcset=\"https:\/\/www.lianyuanceramic.com\/wp-content\/uploads\/2025\/07\/Custom-logo-dinnerware.jpg 4096w, https:\/\/www.lianyuanceramic.com\/wp-content\/uploads\/2025\/07\/Custom-logo-dinnerware-300x210.jpg 300w, https:\/\/www.lianyuanceramic.com\/wp-content\/uploads\/2025\/07\/Custom-logo-dinnerware-768x538.jpg 768w, https:\/\/www.lianyuanceramic.com\/wp-content\/uploads\/2025\/07\/Custom-logo-dinnerware-18x12.jpg 18w, https:\/\/www.lianyuanceramic.com\/wp-content\/uploads\/2025\/07\/Custom-logo-dinnerware-1200x840.jpg 1200w, https:\/\/www.lianyuanceramic.com\/wp-content\/uploads\/2025\/07\/Custom-logo-dinnerware-600x420.jpg 600w\" sizes=\"(max-width: 4096px) 100vw, 4096px\" \/><\/figure>\n<\/div>\n\n\n<div class=\"wp-block-columns is-layout-flex wp-container-core-columns-is-layout-9d6595d7 wp-block-columns-is-layout-flex\">\n<div class=\"wp-block-column is-layout-flow wp-block-column-is-layout-flow\">\n<h2 class=\"wp-block-heading\">Caract\u00e9ristiques de la vaisselle de tous les jours :<\/h2>\n\n\n\n<p><strong>Illustration de bande dessin\u00e9e exquise :<\/strong> avec des illustrations de personnages dessin\u00e9es \u00e0 la main - style doux et romantique, combin\u00e9 \u00e0 un fond de couleur mignon, peut am\u00e9liorer l'atmosph\u00e8re du repas<\/p>\n\n\n\n<p><strong>Combinaisons color\u00e9es :<\/strong> Le service de table peut \u00eatre combin\u00e9 librement dans une vari\u00e9t\u00e9 de couleurs, y compris le rose, le violet, le vert et le beige, pour s'adapter \u00e0 n'importe quelle table \u00e0 manger.<\/p>\n\n\n\n<p><strong>C\u00e9ramique de haute qualit\u00e9<\/strong>: Cuite \u00e0 haute temp\u00e9rature, la porcelaine est d\u00e9licate, lisse, durable et r\u00e9sistante \u00e0 la d\u00e9coloration.<\/p>\n\n\n\n<p><strong>Service de vaisselle complet :<\/strong> Comprend des assiettes, une th\u00e9i\u00e8re, des tasses \u00e0 caf\u00e9, un pot \u00e0 lait, un sucrier et plus encore, parfaits pour le petit-d\u00e9jeuner, le th\u00e9 de l'apr\u00e8s-midi et les repas de tous les jours.<\/p>\n\n\n\n<p><strong>Polyvalent :<\/strong> Convient \u00e0 la maison, aux caf\u00e9s, aux boutiques de desserts et aux cadeaux, alliant beaut\u00e9 et praticit\u00e9.<\/p>\n\n\n\n<p><strong>Service OEM\/ODM<\/strong>: Nous pouvons concevoir des logos de marque, des motifs exclusifs ou des illustrations sur le th\u00e8me des f\u00eates, selon les besoins du client, afin de rendre la vaisselle plus reconnaissable.<\/p>\n<\/div>\n\n\n\n<div class=\"wp-block-column is-layout-flow wp-block-column-is-layout-flow\">\n<h2 class=\"wp-block-heading\">Vaisselle de tous les jours personnalis\u00e9e :<\/h2>\n\n\n\n<p>Lianyuan propose une vari\u00e9t\u00e9 d'options de vaisselle personnalis\u00e9e, adapt\u00e9e aux besoins des marques ou aux tendances de la mode, ce qui en fait un produit id\u00e9al pour un usage personnel ou commercial.<\/p>\n\n\n\n<p><strong>Conception :&nbsp;<\/strong>Couleur unie<\/p>\n\n\n\n<p><strong>Composition de l'ensemble :<\/strong>&nbsp;Sets de tasses en c\u00e9ramique personnalis\u00e9s avec des combinaisons de tasses, de bols et de cuill\u00e8res.<\/p>\n\n\n\n<p><strong>Taille :&nbsp;<\/strong>Choisissez parmi diff\u00e9rentes tailles pour convenir \u00e0 diff\u00e9rentes portions de repas.<\/p>\n\n\n\n<p><strong>Mat\u00e9riau :<\/strong>&nbsp;C\u00e9ramique, porcelaine, porcelaine osseuse ou se renseigner sur les autres possibilit\u00e9s.<\/p>\n\n\n\n<p><strong>Artisanat :&nbsp;<\/strong>D\u00e9calcomanies de gla\u00e7age, changement de four, peinture \u00e0 la main, motifs en relief ou autres.<\/p>\n\n\n\n<p><strong>Emballage :&nbsp;<\/strong>Emballage en vrac, bo\u00eete de couleur, bo\u00eete cadeau, bo\u00eete de pr\u00e9sentation, bo\u00eete postale, etc.<\/p>\n<\/div>\n<\/div>","protected":false},"excerpt":{"rendered":"<div class=\"D5aOJc vJwDU\">\n<div data-zone-id=\"0\" data-line-index=\"0\" data-line=\"true\">\n<p>Bienvenue dans la personnalisation et la vente en gros de notre vaisselle de tous les jours, avec des illustrations esth\u00e9tiques de personnages de dessins anim\u00e9s, de multiples couleurs et combinaisons, de haute qualit\u00e9 et durables, parfaites pour la maison, le caf\u00e9 et les cadeaux. Lianyuan offre une vari\u00e9t\u00e9 de tailles et un ensemble complet de vaisselle, supportant OEM et ODM. Contactez-nous pour obtenir un devis !<\/p>\n<\/div>\n<\/div>\n<h2>Vaisselle de tous les jours en gros Param\u00e8tres :<\/h2>\n<table style=\"border-collapse: collapse; width: 370.82pt;\" border=\"0\" width=\"618\" cellspacing=\"0\" cellpadding=\"0\">\n<tbody>\n<tr style=\"height: 15.60pt;\">\n<td class=\"et3\" style=\"height: 15.60pt; width: 108.00pt;\" width=\"180\" height=\"26\">Fabricant<\/td>\n<td class=\"et3\" style=\"width: 263.25pt;\" width=\"438\">Lianyuan<\/td>\n<\/tr>\n<tr style=\"height: 15.60pt;\">\n<td class=\"et3\" style=\"height: 15.60pt;\" height=\"26\">Type de produit<\/td>\n<td class=\"et3\">Assiettes et bols, services \u00e0 th\u00e9, supports \u00e0 g\u00e2teaux, assiettes \u00e0 dessert, sucriers, plateaux,<\/td>\n<\/tr>\n<tr style=\"height: 15.60pt;\">\n<td class=\"et3\" style=\"height: 15.60pt;\" height=\"26\">Mod\u00e8le<\/td>\n<td class=\"et3\">Style \u00e0 la mode<\/td>\n<\/tr>\n<tr style=\"height: 15.60pt;\">\n<td class=\"et3\" style=\"height: 15.60pt;\" height=\"26\">Couleur<\/td>\n<td class=\"et3\">Multi<\/td>\n<\/tr>\n<tr style=\"height: 15.60pt;\">\n<td class=\"et3\" style=\"height: 15.60pt;\" height=\"26\">Mat\u00e9riau<\/td>\n<td class=\"et3\">Porcelaine durable<\/td>\n<\/tr>\n<tr style=\"height: 15.60pt;\">\n<td class=\"et3\" style=\"height: 15.60pt;\" height=\"26\">Artisanat<\/td>\n<td class=\"et3\">D\u00e9calque In-Glaze<\/td>\n<\/tr>\n<tr style=\"height: 15.60pt;\">\n<td class=\"et3\" style=\"height: 15.60pt;\" height=\"26\">Application<\/td>\n<td class=\"et3\">Passe au micro-ondes, au lave-vaisselle et au four<\/td>\n<\/tr>\n<tr style=\"height: 15.60pt;\">\n<td class=\"et3\" style=\"height: 15.60pt;\" height=\"26\">Sur mesure<\/td>\n<td class=\"et3\">Couleur\/Taille\/Logo\/Emballage<\/td>\n<\/tr>\n<\/tbody>\n<\/table>","protected":false},"featured_media":1863,"comment_status":"open","ping_status":"closed","template":"","meta":{"_acf_changed":false},"product_brand":[],"product_cat":[17,18],"product_tag":[30,27],"class_list":{"0":"post-1862","1":"product","2":"type-product","3":"status-publish","4":"has-post-thumbnail","6":"product_cat-dinnerware-wholesale","7":"product_cat-wholesale-custom-tea-set","8":"product_tag-custom-porcelain-dinnerware","9":"product_tag-wholesale-decal-ceramics","11":"first","12":"instock","13":"shipping-taxable","14":"product-type-simple"},"acf":[],"_links":{"self":[{"href":"https:\/\/www.lianyuanceramic.com\/fr\/wp-json\/wp\/v2\/product\/1862","targetHints":{"allow":["GET"]}}],"collection":[{"href":"https:\/\/www.lianyuanceramic.com\/fr\/wp-json\/wp\/v2\/product"}],"about":[{"href":"https:\/\/www.lianyuanceramic.com\/fr\/wp-json\/wp\/v2\/types\/product"}],"replies":[{"embeddable":true,"href":"https:\/\/www.lianyuanceramic.com\/fr\/wp-json\/wp\/v2\/comments?post=1862"}],"wp:featuredmedia":[{"embeddable":true,"href":"https:\/\/www.lianyuanceramic.com\/fr\/wp-json\/wp\/v2\/media\/1863"}],"wp:attachment":[{"href":"https:\/\/www.lianyuanceramic.com\/fr\/wp-json\/wp\/v2\/media?parent=1862"}],"wp:term":[{"taxonomy":"product_brand","embeddable":true,"href":"https:\/\/www.lianyuanceramic.com\/fr\/wp-json\/wp\/v2\/product_brand?post=1862"},{"taxonomy":"product_cat","embeddable":true,"href":"https:\/\/www.lianyuanceramic.com\/fr\/wp-json\/wp\/v2\/product_cat?post=1862"},{"taxonomy":"product_tag","embeddable":true,"href":"https:\/\/www.lianyuanceramic.com\/fr\/wp-json\/wp\/v2\/product_tag?post=1862"}],"curies":[{"name":"wp","href":"https:\/\/api.w.org\/{rel}","templated":true}]}}