{"id":1773,"date":"2025-08-15T03:57:32","date_gmt":"2025-08-15T03:57:32","guid":{"rendered":"https:\/\/www.lianyuanceramic.com\/?post_type=product&#038;p=1773"},"modified":"2025-08-15T03:57:58","modified_gmt":"2025-08-15T03:57:58","slug":"wholesale-porcelain-dinnerware-sets","status":"publish","type":"product","link":"https:\/\/www.lianyuanceramic.com\/fr\/produit\/wholesale-porcelain-dinnerware-sets\/","title":{"rendered":"Grossiste Vaisselle en Porcelaine pour Mariage, Kit de Coupe Floral Automne Personnalis\u00e9"},"content":{"rendered":"<figure class=\"wp-block-image size-full\"><img decoding=\"async\" width=\"4096\" height=\"2437\" src=\"https:\/\/www.lianyuanceramic.com\/wp-content\/uploads\/2025\/07\/wholesale-dinnerware-for-weddings.jpg\" alt=\"vaisselle en gros pour les mariages\" class=\"wp-image-1859\" srcset=\"https:\/\/www.lianyuanceramic.com\/wp-content\/uploads\/2025\/07\/wholesale-dinnerware-for-weddings.jpg 4096w, https:\/\/www.lianyuanceramic.com\/wp-content\/uploads\/2025\/07\/wholesale-dinnerware-for-weddings-300x178.jpg 300w, https:\/\/www.lianyuanceramic.com\/wp-content\/uploads\/2025\/07\/wholesale-dinnerware-for-weddings-768x457.jpg 768w, https:\/\/www.lianyuanceramic.com\/wp-content\/uploads\/2025\/07\/wholesale-dinnerware-for-weddings-18x12.jpg 18w, https:\/\/www.lianyuanceramic.com\/wp-content\/uploads\/2025\/07\/wholesale-dinnerware-for-weddings-1200x714.jpg 1200w, https:\/\/www.lianyuanceramic.com\/wp-content\/uploads\/2025\/07\/wholesale-dinnerware-for-weddings-600x357.jpg 600w\" sizes=\"(max-width: 4096px) 100vw, 4096px\" \/><\/figure>\n\n\n\n<div class=\"wp-block-columns is-layout-flex wp-container-core-columns-is-layout-9d6595d7 wp-block-columns-is-layout-flex\">\n<div class=\"wp-block-column is-layout-flow wp-block-column-is-layout-flow\">\n<h2 class=\"wp-block-heading\">Ensemble de vaisselle en porcelaine en gros Caract\u00e9ristiques :<\/h2>\n\n\n\n<p><strong>Fleurs luxueuses : <\/strong>L'\u00e9l\u00e9gant motif floral rouge et or, associ\u00e9 \u00e0 la finesse de l'artisanat d'art, ajoute une touche artistique \u00e0 la table.<\/p>\n\n\n\n<p><strong>Formes diversifi\u00e9es :<\/strong> Diff\u00e9rentes formes peuvent r\u00e9pondre \u00e0 des besoins d'utilisation sp\u00e9cifiques. <br>Les formes circulaires (telles que les bols et les tasses) ont une bonne stabilit\u00e9, sont faciles \u00e0 nettoyer et permettent de maximiser l'utilisation de l'espace.<br>Les formes carr\u00e9es (telles que les assiettes et les planches \u00e0 d\u00e9couper) sont faciles \u00e0 empiler et \u00e0 stocker et conviennent \u00e0 la production \u00e0 grande \u00e9chelle.<\/p>\n\n\n\n<p><strong>Sain et s\u00fbr<\/strong>gla\u00e7ure sans plomb et sans cadmium, sans danger pour le contact alimentaire, convient \u00e0 un usage quotidien et \u00e0 un usage lors de banquets.<\/p>\n\n\n\n<p><strong>Porcelaine de haute qualit\u00e9 :<\/strong> en porcelaine durable, r\u00e9sistante \u00e0 la chaleur et \u00e0 l'usure, certifi\u00e9e FDA, LFGB, adapt\u00e9e au march\u00e9 mondial.<\/p>\n\n\n\n<p><strong>Technologie de d\u00e9calcomanie In-Glaze :<\/strong> Gr\u00e2ce \u00e0 la technologie des d\u00e9calcomanies en \u00e9mail, la surface est brillante, lisse au toucher, et la couleur est douce et durable.<\/p>\n\n\n\n<p><strong>Service de table complet : <\/strong>couvrant la vaisselle pour la d\u00e9coration de la maison, y compris la vaisselle, les services \u00e0 th\u00e9, les services \u00e0 caf\u00e9, les assiettes \u00e0 dessert, les sucriers, les pots \u00e0 lait, les assiettes \u00e0 fruits, les bols \u00e0 soupe, les plateaux, les vases, etc. Une vari\u00e9t\u00e9 de sp\u00e9cifications, adapt\u00e9es \u00e0 diff\u00e9rentes sc\u00e8nes de repas.<\/p>\n<\/div>\n\n\n\n<div class=\"wp-block-column is-layout-flow wp-block-column-is-layout-flow\">\n<h2 class=\"wp-block-heading\">Services de vaisselle en porcelaine personnalis\u00e9s :<\/h2>\n\n\n\n<p>Lianyuan propose diverses options de vaisselle personnalis\u00e9e en fonction des besoins de la marque ou des tendances de la mode, ce qui en fait un produit id\u00e9al pour un usage personnel ou commercial.<\/p>\n\n\n\n<p><strong>Conception :&nbsp;<\/strong>Couleur unie<\/p>\n\n\n\n<p><strong>Composition de l'ensemble :<\/strong>&nbsp;Sets de tasses en c\u00e9ramique personnalis\u00e9s avec des combinaisons de tasses, de bols et de cuill\u00e8res.<\/p>\n\n\n\n<p><strong>Taille :&nbsp;<\/strong>Choisissez parmi diff\u00e9rentes tailles pour convenir \u00e0 diff\u00e9rentes portions de repas.<\/p>\n\n\n\n<p><strong>Mat\u00e9riau :<\/strong>&nbsp;C\u00e9ramique, porcelaine, porcelaine osseuse ou se renseigner sur les autres possibilit\u00e9s.<\/p>\n\n\n\n<p><strong>Artisanat :&nbsp;<\/strong>D\u00e9calcomanies de gla\u00e7age, changement de four, peinture \u00e0 la main, motifs en relief ou autres.<\/p>\n\n\n\n<p><strong>Emballage :&nbsp;<\/strong>Emballage en vrac, bo\u00eete de couleur, bo\u00eete cadeau, bo\u00eete de pr\u00e9sentation, bo\u00eete postale, etc.<\/p>\n<\/div>\n<\/div>","protected":false},"excerpt":{"rendered":"<div class=\"D5aOJc vJwDU\">\n<div data-zone-id=\"0\" data-line-index=\"0\" data-line=\"true\">\n<p>Service de vaisselle en porcelaine, design floral vintage, sans plomb ni cadmium, ce qui en fait un choix durable et haut de gamme pour les banquets de mariage, les h\u00f4tels et les tables \u00e0 manger \u00e0 la maison. Fabriqu\u00e9s directement \u00e0 Lianyuan, nous offrons des services OEM. N'h\u00e9sitez pas \u00e0 nous contacter !<\/p>\n<\/div>\n<\/div>\n<h2>Service de vaisselle en porcelaine Param\u00e8tres :<\/h2>\n<table style=\"border-collapse: collapse; width: 370.82pt;\" border=\"0\" width=\"618\" cellspacing=\"0\" cellpadding=\"0\">\n<tbody>\n<tr style=\"height: 15.60pt;\">\n<td class=\"et3\" style=\"height: 15.60pt; width: 108.00pt;\" width=\"180\" height=\"26\">Fabricant<\/td>\n<td class=\"et3\" style=\"width: 263.25pt;\" width=\"438\">Lianyuan<\/td>\n<\/tr>\n<tr style=\"height: 15.60pt;\">\n<td class=\"et3\" style=\"height: 15.60pt;\" height=\"26\">Type de produit<\/td>\n<td class=\"et3\">Services \u00e0 th\u00e9, sucriers, pots \u00e0 lait, assiettes de service, bols \u00e0 soupe, vases, porte-serviettes<\/td>\n<\/tr>\n<tr style=\"height: 15.60pt;\">\n<td class=\"et3\" style=\"height: 15.60pt;\" height=\"26\">Mod\u00e8le<\/td>\n<td class=\"et3\">Motif floral orange exquis<\/td>\n<\/tr>\n<tr style=\"height: 15.60pt;\">\n<td class=\"et3\" style=\"height: 15.60pt;\" height=\"26\">Couleur<\/td>\n<td class=\"et3\">Orange<\/td>\n<\/tr>\n<tr style=\"height: 15.60pt;\">\n<td class=\"et3\" style=\"height: 15.60pt;\" height=\"26\">Mat\u00e9riau<\/td>\n<td class=\"et3\">Porcelaine durable<\/td>\n<\/tr>\n<tr style=\"height: 15.60pt;\">\n<td class=\"et3\" style=\"height: 15.60pt;\" height=\"26\">Artisanat<\/td>\n<td class=\"et3\">D\u00e9calque In-Glaze<\/td>\n<\/tr>\n<tr style=\"height: 15.60pt;\">\n<td class=\"et3\" style=\"height: 15.60pt;\" height=\"26\">Application<\/td>\n<td class=\"et3\">Passe au micro-ondes, au lave-vaisselle et au four<\/td>\n<\/tr>\n<tr style=\"height: 15.60pt;\">\n<td class=\"et3\" style=\"height: 15.60pt;\" height=\"26\">Sur mesure<\/td>\n<td class=\"et3\">Couleur\/Taille\/Logo\/Emballage<\/td>\n<\/tr>\n<\/tbody>\n<\/table>","protected":false},"featured_media":1858,"comment_status":"open","ping_status":"closed","template":"","meta":{"_acf_changed":false},"product_brand":[],"product_cat":[17,18,19,21],"product_tag":[30,27],"class_list":{"0":"post-1773","1":"product","2":"type-product","3":"status-publish","4":"has-post-thumbnail","6":"product_cat-dinnerware-wholesale","7":"product_cat-wholesale-custom-tea-set","8":"product_cat-serveware-wholesale","9":"product_cat-ceramic-home-decor-manufacturer","10":"product_tag-custom-porcelain-dinnerware","11":"product_tag-wholesale-decal-ceramics","13":"first","14":"instock","15":"shipping-taxable","16":"product-type-simple"},"acf":[],"_links":{"self":[{"href":"https:\/\/www.lianyuanceramic.com\/fr\/wp-json\/wp\/v2\/product\/1773","targetHints":{"allow":["GET"]}}],"collection":[{"href":"https:\/\/www.lianyuanceramic.com\/fr\/wp-json\/wp\/v2\/product"}],"about":[{"href":"https:\/\/www.lianyuanceramic.com\/fr\/wp-json\/wp\/v2\/types\/product"}],"replies":[{"embeddable":true,"href":"https:\/\/www.lianyuanceramic.com\/fr\/wp-json\/wp\/v2\/comments?post=1773"}],"wp:featuredmedia":[{"embeddable":true,"href":"https:\/\/www.lianyuanceramic.com\/fr\/wp-json\/wp\/v2\/media\/1858"}],"wp:attachment":[{"href":"https:\/\/www.lianyuanceramic.com\/fr\/wp-json\/wp\/v2\/media?parent=1773"}],"wp:term":[{"taxonomy":"product_brand","embeddable":true,"href":"https:\/\/www.lianyuanceramic.com\/fr\/wp-json\/wp\/v2\/product_brand?post=1773"},{"taxonomy":"product_cat","embeddable":true,"href":"https:\/\/www.lianyuanceramic.com\/fr\/wp-json\/wp\/v2\/product_cat?post=1773"},{"taxonomy":"product_tag","embeddable":true,"href":"https:\/\/www.lianyuanceramic.com\/fr\/wp-json\/wp\/v2\/product_tag?post=1773"}],"curies":[{"name":"wp","href":"https:\/\/api.w.org\/{rel}","templated":true}]}}