{"id":1743,"date":"2025-07-19T09:11:13","date_gmt":"2025-07-19T09:11:13","guid":{"rendered":"https:\/\/www.lianyuanceramic.com\/?post_type=product&#038;p=1743"},"modified":"2025-10-22T01:32:12","modified_gmt":"2025-10-22T01:32:12","slug":"custom-white-dinnerware-set","status":"publish","type":"product","link":"https:\/\/www.lianyuanceramic.com\/fr\/produit\/custom-white-dinnerware-set\/","title":{"rendered":"Service de vaisselle blanc personnalis\u00e9 pour les mariages, bocal de stockage en c\u00e9ramique INS Style en vrac"},"content":{"rendered":"<div class=\"wp-block-columns is-layout-flex wp-container-core-columns-is-layout-9d6595d7 wp-block-columns-is-layout-flex\">\n<div class=\"wp-block-column is-layout-flow wp-block-column-is-layout-flow\">\n<figure class=\"wp-block-image size-full\"><img decoding=\"async\" width=\"700\" height=\"700\" src=\"https:\/\/www.lianyuanceramic.com\/wp-content\/uploads\/2025\/07\/wholesale-best-white-tableware1.jpg\" alt=\"vaisselle blanche en gros1\" class=\"wp-image-1785\" style=\"aspect-ratio:1;object-fit:cover\" srcset=\"https:\/\/www.lianyuanceramic.com\/wp-content\/uploads\/2025\/07\/wholesale-best-white-tableware1.jpg 700w, https:\/\/www.lianyuanceramic.com\/wp-content\/uploads\/2025\/07\/wholesale-best-white-tableware1-300x300.jpg 300w, https:\/\/www.lianyuanceramic.com\/wp-content\/uploads\/2025\/07\/wholesale-best-white-tableware1-150x150.jpg 150w, https:\/\/www.lianyuanceramic.com\/wp-content\/uploads\/2025\/07\/wholesale-best-white-tableware1-12x12.jpg 12w, https:\/\/www.lianyuanceramic.com\/wp-content\/uploads\/2025\/07\/wholesale-best-white-tableware1-600x600.jpg 600w, https:\/\/www.lianyuanceramic.com\/wp-content\/uploads\/2025\/07\/wholesale-best-white-tableware1-100x100.jpg 100w\" sizes=\"(max-width: 700px) 100vw, 700px\" \/><\/figure>\n<\/div>\n\n\n\n<div class=\"wp-block-column is-layout-flow wp-block-column-is-layout-flow\">\n<figure class=\"wp-block-image size-full\"><img decoding=\"async\" width=\"700\" height=\"700\" src=\"https:\/\/www.lianyuanceramic.com\/wp-content\/uploads\/2025\/07\/Wholesale-Best-White-Tableware.jpg\" alt=\"Wholesale Best White Tableware\" class=\"wp-image-1784\" srcset=\"https:\/\/www.lianyuanceramic.com\/wp-content\/uploads\/2025\/07\/Wholesale-Best-White-Tableware.jpg 700w, https:\/\/www.lianyuanceramic.com\/wp-content\/uploads\/2025\/07\/Wholesale-Best-White-Tableware-300x300.jpg 300w, https:\/\/www.lianyuanceramic.com\/wp-content\/uploads\/2025\/07\/Wholesale-Best-White-Tableware-150x150.jpg 150w, https:\/\/www.lianyuanceramic.com\/wp-content\/uploads\/2025\/07\/Wholesale-Best-White-Tableware-12x12.jpg 12w, https:\/\/www.lianyuanceramic.com\/wp-content\/uploads\/2025\/07\/Wholesale-Best-White-Tableware-600x600.jpg 600w, https:\/\/www.lianyuanceramic.com\/wp-content\/uploads\/2025\/07\/Wholesale-Best-White-Tableware-100x100.jpg 100w\" sizes=\"(max-width: 700px) 100vw, 700px\" \/><\/figure>\n<\/div>\n<\/div>\n\n\n\n<div class=\"wp-block-columns is-layout-flex wp-container-core-columns-is-layout-9d6595d7 wp-block-columns-is-layout-flex\">\n<div class=\"wp-block-column is-layout-flow wp-block-column-is-layout-flow\">\n<h2 class=\"wp-block-heading\">Service de vaisselle blanc Caract\u00e9ristiques :<\/h2>\n\n\n\n<p><strong>Une apparence exquise<\/strong>Les c\u00e9ramiques sont : plus l\u00e9g\u00e8res que les c\u00e9ramiques ordinaires, plus blanches et plus brillantes, transparentes, avec une surface lisse et une texture haut de gamme.<\/p>\n\n\n\n<p><strong>Facile \u00e0 nettoyer<\/strong>La conception \u00e0 faible absorption d'eau emp\u00eache efficacement les taches de rester, ce qui facilite le nettoyage.<\/p>\n\n\n\n<p><strong>Large compatibilit\u00e9<\/strong>Il peut \u00eatre utilis\u00e9 en toute s\u00e9curit\u00e9 dans les fours \u00e0 micro-ondes, les lave-vaisselle, les fours et les cong\u00e9lateurs, afin de r\u00e9pondre aux divers besoins d'utilisation des cuisines modernes.<\/p>\n\n\n\n<p><strong>Cuisson \u00e0 haute temp\u00e9rature<\/strong>: La cuisson \u00e0 1320\u00b0C est utilis\u00e9e pour le moulage, suivie d'un \u00e9maillage secondaire et d'une cuisson \u00e0 1150\u00b0C, et enfin combin\u00e9e \u00e0 un processus de cuisson des d\u00e9calcomanies \u00e0 700-900\u00b0C pour cr\u00e9er de la vaisselle en c\u00e9ramique haut de gamme \u00e0 la structure dense et \u00e0 la texture d\u00e9licate.<\/p>\n\n\n\n<p><strong>Non toxique et sain :<\/strong> il ne contient pas de m\u00e9taux lourds nocifs tels que le plomb, le mercure et le cadmium, est s\u00fbr \u00e0 utiliser et r\u00e9pond aux normes internationales en mati\u00e8re de contact alimentaire.<\/p>\n\n\n\n<p><strong>Solide et durable : <\/strong>La cuisson \u00e0 haute temp\u00e9rature garantit une duret\u00e9 \u00e9lev\u00e9e, une forte r\u00e9sistance aux chocs, un faible taux de rupture, une faible absorption d'eau et une dur\u00e9e de vie plus longue.<\/p>\n\n\n\n<p><strong>Adaptation multi-sc\u00e9narios<\/strong>Le syst\u00e8me d'alarme est con\u00e7u pour r\u00e9pondre aux besoins d'une grande vari\u00e9t\u00e9 de sc\u00e9narios d'application tels que les h\u00f4tels, les maisons, les restaurants, les banquets et le commerce de d\u00e9tail, afin de r\u00e9pondre aux besoins des diff\u00e9rents clients.<\/p>\n<\/div>\n\n\n\n<div class=\"wp-block-column is-layout-flow wp-block-column-is-layout-flow\">\n<h2 class=\"wp-block-heading\">Service de vaisselle blanc personnalis\u00e9 :<\/h2>\n\n\n\n<p>Lianyuan con\u00e7oit ses produits en fonction des exigences du client, notamment en ce qui concerne la forme, le mat\u00e9riau, la couleur, la taille, l'impression et l'emballage ; OEM et ODM accept\u00e9s ; toutes les combinaisons de vaisselle souhait\u00e9es.<\/p>\n\n\n\n<p><strong>Taille :&nbsp;<\/strong>Choisissez parmi diff\u00e9rentes tailles pour convenir \u00e0 diff\u00e9rentes portions de repas.<\/p>\n\n\n\n<p><strong>Mat\u00e9riau :<\/strong>&nbsp;C\u00e9ramique, porcelaine, porcelaine osseuse ou se renseigner sur les autres possibilit\u00e9s.<\/p>\n\n\n\n<p><strong>Artisanat :&nbsp;<\/strong>D\u00e9calcomanies de gla\u00e7age, changement de four, peinture \u00e0 la main, motifs en relief ou autres.<\/p>\n\n\n\n<p><strong>Emballage :&nbsp;<\/strong>Emballage en vrac, bo\u00eete de couleur, bo\u00eete cadeau, bo\u00eete de pr\u00e9sentation, bo\u00eete postale, etc.<\/p>\n<\/div>\n<\/div>","protected":false},"excerpt":{"rendered":"<div class=\"D5aOJc vJwDU\">\n<div data-zone-id=\"0\" data-line-index=\"0\" data-line=\"true\">\n<p>Bienvenue dans le monde de la vaisselle blanche en vrac, comprenant des assiettes en c\u00e9ramique de luxe, des bols \u00e0 soupe, des pots de rangement pour la cuisine, etc. Nous fournissons des ensembles complets de vaisselle de diff\u00e9rentes tailles et nous prenons en charge les demandes OEM et ODM. Contactez-nous d\u00e8s maintenant pour obtenir un devis !<\/p>\n<\/div>\n<\/div>\n<h2>Vaisselle blanche Param\u00e8tres :<\/h2>\n<table style=\"border-collapse: collapse; width: 370.82pt;\" border=\"0\" width=\"618\" cellspacing=\"0\" cellpadding=\"0\">\n<tbody>\n<tr style=\"height: 15.60pt;\">\n<td class=\"et3\" style=\"height: 15.60pt; width: 108.00pt;\" width=\"180\" height=\"26\">Fabricant<\/td>\n<td class=\"et3\" style=\"width: 263.25pt;\" width=\"438\">Lianyuan<\/td>\n<\/tr>\n<tr style=\"height: 15.60pt;\">\n<td class=\"et3\" style=\"height: 15.60pt;\" height=\"26\">Type de produit<\/td>\n<td class=\"et3\">Assiettes plates, plats \u00e0 riz, bols \u00e0 nouilles, bols \u00e0 soupe, plateaux de service, bocaux \u00e0 \u00e9pices, bocaux de stockage<\/td>\n<\/tr>\n<tr style=\"height: 15.60pt;\">\n<td class=\"et3\" style=\"height: 15.60pt;\" height=\"26\">Mod\u00e8le<\/td>\n<td class=\"et3\">Bords irr\u00e9guliers, Floral<\/td>\n<\/tr>\n<tr style=\"height: 15.60pt;\">\n<td class=\"et3\" style=\"height: 15.60pt;\" height=\"26\">Couleur<\/td>\n<td class=\"et3\">Blanc<\/td>\n<\/tr>\n<tr style=\"height: 15.60pt;\">\n<td class=\"et3\" style=\"height: 15.60pt;\" height=\"26\">Mat\u00e9riau<\/td>\n<td class=\"et3\">Dolomie dure<\/td>\n<\/tr>\n<tr style=\"height: 15.60pt;\">\n<td class=\"et3\" style=\"height: 15.60pt;\" height=\"26\">Artisanat<\/td>\n<td class=\"et3\">Gla\u00e7age blanc, gaufrage<\/td>\n<\/tr>\n<tr style=\"height: 15.60pt;\">\n<td class=\"et3\" style=\"height: 15.60pt;\" height=\"26\">Application<\/td>\n<td class=\"et3\">Cuisine, Rangement<\/td>\n<\/tr>\n<tr style=\"height: 15.60pt;\">\n<td class=\"et3\" style=\"height: 15.60pt;\" height=\"26\">Sur mesure<\/td>\n<td class=\"et3\">Taille\/Logo\/Emballage<\/td>\n<\/tr>\n<\/tbody>\n<\/table>","protected":false},"featured_media":1778,"comment_status":"open","ping_status":"closed","template":"","meta":{"_acf_changed":false},"product_brand":[],"product_cat":[17,19,21],"product_tag":[30,29],"class_list":{"0":"post-1743","1":"product","2":"type-product","3":"status-publish","4":"has-post-thumbnail","6":"product_cat-dinnerware-wholesale","7":"product_cat-serveware-wholesale","8":"product_cat-ceramic-home-decor-manufacturer","9":"product_tag-custom-porcelain-dinnerware","10":"product_tag-hand-painted-embossed-dinnerware-wholesale","12":"first","13":"instock","14":"shipping-taxable","15":"product-type-simple"},"acf":[],"_links":{"self":[{"href":"https:\/\/www.lianyuanceramic.com\/fr\/wp-json\/wp\/v2\/product\/1743","targetHints":{"allow":["GET"]}}],"collection":[{"href":"https:\/\/www.lianyuanceramic.com\/fr\/wp-json\/wp\/v2\/product"}],"about":[{"href":"https:\/\/www.lianyuanceramic.com\/fr\/wp-json\/wp\/v2\/types\/product"}],"replies":[{"embeddable":true,"href":"https:\/\/www.lianyuanceramic.com\/fr\/wp-json\/wp\/v2\/comments?post=1743"}],"wp:featuredmedia":[{"embeddable":true,"href":"https:\/\/www.lianyuanceramic.com\/fr\/wp-json\/wp\/v2\/media\/1778"}],"wp:attachment":[{"href":"https:\/\/www.lianyuanceramic.com\/fr\/wp-json\/wp\/v2\/media?parent=1743"}],"wp:term":[{"taxonomy":"product_brand","embeddable":true,"href":"https:\/\/www.lianyuanceramic.com\/fr\/wp-json\/wp\/v2\/product_brand?post=1743"},{"taxonomy":"product_cat","embeddable":true,"href":"https:\/\/www.lianyuanceramic.com\/fr\/wp-json\/wp\/v2\/product_cat?post=1743"},{"taxonomy":"product_tag","embeddable":true,"href":"https:\/\/www.lianyuanceramic.com\/fr\/wp-json\/wp\/v2\/product_tag?post=1743"}],"curies":[{"name":"wp","href":"https:\/\/api.w.org\/{rel}","templated":true}]}}