{"id":1741,"date":"2025-08-01T11:13:53","date_gmt":"2025-08-01T11:13:53","guid":{"rendered":"https:\/\/www.lianyuanceramic.com\/?post_type=product&#038;p=1741"},"modified":"2025-08-01T11:17:05","modified_gmt":"2025-08-01T11:17:05","slug":"wholesale-dinnerware-set-decals","status":"publish","type":"product","link":"https:\/\/www.lianyuanceramic.com\/fr\/produit\/wholesale-dinnerware-set-decals\/","title":{"rendered":"D\u00e9calcomanies de vaisselle en gros, Service \u00e0 th\u00e9 floral vintage personnalis\u00e9"},"content":{"rendered":"<figure class=\"wp-block-image size-full\"><img decoding=\"async\" width=\"1082\" height=\"702\" src=\"https:\/\/www.lianyuanceramic.com\/wp-content\/uploads\/2025\/08\/Wholesale-Dinnerware-Set-Decals.png\" alt=\"D\u00e9calcomanies de vaisselle en gros\" class=\"wp-image-1883\" srcset=\"https:\/\/www.lianyuanceramic.com\/wp-content\/uploads\/2025\/08\/Wholesale-Dinnerware-Set-Decals.png 1082w, https:\/\/www.lianyuanceramic.com\/wp-content\/uploads\/2025\/08\/Wholesale-Dinnerware-Set-Decals-300x195.png 300w, https:\/\/www.lianyuanceramic.com\/wp-content\/uploads\/2025\/08\/Wholesale-Dinnerware-Set-Decals-768x498.png 768w, https:\/\/www.lianyuanceramic.com\/wp-content\/uploads\/2025\/08\/Wholesale-Dinnerware-Set-Decals-18x12.png 18w, https:\/\/www.lianyuanceramic.com\/wp-content\/uploads\/2025\/08\/Wholesale-Dinnerware-Set-Decals-600x389.png 600w\" sizes=\"(max-width: 1082px) 100vw, 1082px\" \/><\/figure>\n\n\n\n<div class=\"wp-block-columns is-layout-flex wp-container-core-columns-is-layout-9d6595d7 wp-block-columns-is-layout-flex\">\n<div class=\"wp-block-column is-layout-flow wp-block-column-is-layout-flow\">\n<h2 class=\"wp-block-heading\">D\u00e9calcomanies d'ensembles de vaisselle Caract\u00e9ristiques :<\/h2>\n\n\n\n<p><strong>Motif floral vintage :<\/strong> L'ensemble pr\u00e9sente des motifs floraux r\u00e9tro exquis, le design est inspir\u00e9 par la culture europ\u00e9enne et orientale traditionnelle, plein de saveur classique et d'\u00e9l\u00e9gance, et chaque pi\u00e8ce de la vaisselle est une manifestation de l'art.<\/p>\n\n\n\n<p><strong>Correspondance unique des couleurs : <\/strong>Un mariage harmonieux des couleurs peut donner aux gens une impression de confort et d'ordre au premier coup d'\u0153il dans l'espace.<\/p>\n\n\n\n<p><strong>Porcelaine de haute qualit\u00e9 :<\/strong> en porcelaine durable, r\u00e9sistante \u00e0 la chaleur et \u00e0 l'usure, certifi\u00e9e FDA, LFGB, adapt\u00e9e au march\u00e9 mondial.<\/p>\n\n\n\n<p><strong>Technologie de d\u00e9calcomanie In-Glaze :<\/strong> Gr\u00e2ce \u00e0 la technologie des d\u00e9calcomanies en \u00e9mail, la surface est brillante, lisse au toucher, et la couleur est douce et durable.<\/p>\n\n\n\n<p><strong>Service de table complet : <\/strong>couvrant la vaisselle pour la d\u00e9coration de la maison, y compris la vaisselle, les services \u00e0 th\u00e9, les services \u00e0 caf\u00e9, les assiettes \u00e0 dessert, les sucriers, les pots \u00e0 lait, les assiettes \u00e0 fruits, les bols \u00e0 soupe, les plateaux, les vases, etc. Une vari\u00e9t\u00e9 de sp\u00e9cifications, adapt\u00e9es \u00e0 diff\u00e9rentes sc\u00e8nes de repas.<\/p>\n<\/div>\n\n\n\n<div class=\"wp-block-column is-layout-flow wp-block-column-is-layout-flow\">\n<h2 class=\"wp-block-heading\">D\u00e9calcomanies personnalis\u00e9es pour services de table :<\/h2>\n\n\n\n<p>Lianyuan propose diverses options de vaisselle personnalis\u00e9e en fonction des besoins de la marque ou des tendances de la mode, ce qui en fait un produit id\u00e9al pour un usage personnel ou commercial.<\/p>\n\n\n\n<p><strong>Conception :&nbsp;<\/strong>Couleur unie<\/p>\n\n\n\n<p><strong>Composition de l'ensemble :<\/strong>&nbsp;Sets de tasses en c\u00e9ramique personnalis\u00e9s avec des combinaisons de tasses, de bols et de cuill\u00e8res.<\/p>\n\n\n\n<p><strong>Taille :&nbsp;<\/strong>Choisissez parmi diff\u00e9rentes tailles pour convenir \u00e0 diff\u00e9rentes portions de repas.<\/p>\n\n\n\n<p><strong>Mat\u00e9riau :<\/strong>&nbsp;C\u00e9ramique, porcelaine, porcelaine osseuse ou se renseigner sur les autres possibilit\u00e9s.<\/p>\n\n\n\n<p><strong>Artisanat :&nbsp;<\/strong>D\u00e9calcomanies de gla\u00e7age, changement de four, peinture \u00e0 la main, motifs en relief ou autres.<\/p>\n\n\n\n<p><strong>Emballage :&nbsp;<\/strong>Emballage en vrac, bo\u00eete de couleur, bo\u00eete cadeau, bo\u00eete de pr\u00e9sentation, bo\u00eete postale, etc.<\/p>\n<\/div>\n<\/div>","protected":false},"excerpt":{"rendered":"<div class=\"D5aOJc vJwDU\">\n<div data-zone-id=\"0\" data-line-index=\"0\" data-line=\"true\">\n<p>D\u00e9calcomanies de vaisselle en gros, avec un design de d\u00e9calcomanie rose vintage, sont \u00e9l\u00e9gantes et uniques. Fabrication de haute technologie, surface lisse, s\u00fbre et non toxique. Nous fournissons une gamme compl\u00e8te de vaisselle, de services \u00e0 th\u00e9 et de vases, permettant la personnalisation de la marque. Contactez-nous d\u00e8s maintenant pour un devis !<\/p>\n<\/div>\n<\/div>\n<h2>Set de vaisselle D\u00e9calques Param\u00e8tres :<\/h2>\n<table style=\"border-collapse: collapse; width: 370.82pt;\" border=\"0\" width=\"618\" cellspacing=\"0\" cellpadding=\"0\">\n<tbody>\n<tr style=\"height: 15.60pt;\">\n<td class=\"et3\" style=\"height: 15.60pt; width: 108.00pt;\" width=\"180\" height=\"26\">Fabricant<\/td>\n<td class=\"et3\" style=\"width: 263.25pt;\" width=\"438\">Lianyuan<\/td>\n<\/tr>\n<tr style=\"height: 15.60pt;\">\n<td class=\"et3\" style=\"height: 15.60pt;\" height=\"26\">Type de produit<\/td>\n<td class=\"et3\">\n<p>Services \u00e0 th\u00e9, Services \u00e0 caf\u00e9, Tasses, Assiettes, Bols, Pot \u00e0 lait, Sucrier, Vases<\/p>\n<\/td>\n<\/tr>\n<tr style=\"height: 15.60pt;\">\n<td class=\"et3\" style=\"height: 15.60pt;\" height=\"26\">Mod\u00e8le<\/td>\n<td class=\"et3\">Style campagnard<\/td>\n<\/tr>\n<tr style=\"height: 15.60pt;\">\n<td class=\"et3\" style=\"height: 15.60pt;\" height=\"26\">Couleur<\/td>\n<td class=\"et3\">Rose<\/td>\n<\/tr>\n<tr style=\"height: 15.60pt;\">\n<td class=\"et3\" style=\"height: 15.60pt;\" height=\"26\">Mat\u00e9riau<\/td>\n<td class=\"et3\">Porcelaine C\u00e9ramique<\/td>\n<\/tr>\n<tr style=\"height: 15.60pt;\">\n<td class=\"et3\" style=\"height: 15.60pt;\" height=\"26\">Artisanat<\/td>\n<td class=\"et3\">D\u00e9calque In-Glaze<\/td>\n<\/tr>\n<tr style=\"height: 15.60pt;\">\n<td class=\"et3\" style=\"height: 15.60pt;\" height=\"26\">Application<\/td>\n<td class=\"et3\">Passe au micro-ondes, au lave-vaisselle et au four<\/td>\n<\/tr>\n<tr style=\"height: 15.60pt;\">\n<td class=\"et3\" style=\"height: 15.60pt;\" height=\"26\">Sur mesure<\/td>\n<td class=\"et3\">Couleur\/Taille\/Logo\/Emballage<\/td>\n<\/tr>\n<\/tbody>\n<\/table>","protected":false},"featured_media":1861,"comment_status":"open","ping_status":"closed","template":"","meta":{"_acf_changed":false},"product_brand":[],"product_cat":[17,18,21],"product_tag":[30,27],"class_list":{"0":"post-1741","1":"product","2":"type-product","3":"status-publish","4":"has-post-thumbnail","6":"product_cat-dinnerware-wholesale","7":"product_cat-wholesale-custom-tea-set","8":"product_cat-ceramic-home-decor-manufacturer","9":"product_tag-custom-porcelain-dinnerware","10":"product_tag-wholesale-decal-ceramics","12":"first","13":"instock","14":"shipping-taxable","15":"product-type-simple"},"acf":[],"_links":{"self":[{"href":"https:\/\/www.lianyuanceramic.com\/fr\/wp-json\/wp\/v2\/product\/1741","targetHints":{"allow":["GET"]}}],"collection":[{"href":"https:\/\/www.lianyuanceramic.com\/fr\/wp-json\/wp\/v2\/product"}],"about":[{"href":"https:\/\/www.lianyuanceramic.com\/fr\/wp-json\/wp\/v2\/types\/product"}],"replies":[{"embeddable":true,"href":"https:\/\/www.lianyuanceramic.com\/fr\/wp-json\/wp\/v2\/comments?post=1741"}],"wp:featuredmedia":[{"embeddable":true,"href":"https:\/\/www.lianyuanceramic.com\/fr\/wp-json\/wp\/v2\/media\/1861"}],"wp:attachment":[{"href":"https:\/\/www.lianyuanceramic.com\/fr\/wp-json\/wp\/v2\/media?parent=1741"}],"wp:term":[{"taxonomy":"product_brand","embeddable":true,"href":"https:\/\/www.lianyuanceramic.com\/fr\/wp-json\/wp\/v2\/product_brand?post=1741"},{"taxonomy":"product_cat","embeddable":true,"href":"https:\/\/www.lianyuanceramic.com\/fr\/wp-json\/wp\/v2\/product_cat?post=1741"},{"taxonomy":"product_tag","embeddable":true,"href":"https:\/\/www.lianyuanceramic.com\/fr\/wp-json\/wp\/v2\/product_tag?post=1741"}],"curies":[{"name":"wp","href":"https:\/\/api.w.org\/{rel}","templated":true}]}}