{"id":1473,"date":"2025-03-26T07:36:18","date_gmt":"2025-03-26T07:36:18","guid":{"rendered":"https:\/\/www.lianyuanceramic.com\/?post_type=product&#038;p=1473"},"modified":"2025-12-10T02:27:56","modified_gmt":"2025-12-10T02:27:56","slug":"wholesale-antique-dinnerware","status":"publish","type":"product","link":"https:\/\/www.lianyuanceramic.com\/fr\/produit\/wholesale-antique-dinnerware\/","title":{"rendered":"Wholesale Antique Dinnerware, Vintage Tableware Set Custom in Bulk (vaisselle ancienne en gros)"},"content":{"rendered":"<div class=\"wp-block-image\">\n<figure class=\"aligncenter size-full\"><img decoding=\"async\" width=\"4590\" height=\"2679\" src=\"https:\/\/www.lianyuanceramic.com\/wp-content\/uploads\/2025\/03\/Wholesale-Antique-Dinnerware-Vintage-Tea-Set-Vase-Custom-in-Bulk-3.webp\" alt=\"Wholesale Antique Dinnerware, Vintage Tea Set Vase Custom in Bulk\" class=\"wp-image-1478\" style=\"aspect-ratio:1.7133569174873315;object-fit:cover\" srcset=\"https:\/\/www.lianyuanceramic.com\/wp-content\/uploads\/2025\/03\/Wholesale-Antique-Dinnerware-Vintage-Tea-Set-Vase-Custom-in-Bulk-3.webp 4590w, https:\/\/www.lianyuanceramic.com\/wp-content\/uploads\/2025\/03\/Wholesale-Antique-Dinnerware-Vintage-Tea-Set-Vase-Custom-in-Bulk-3-300x175.webp 300w, https:\/\/www.lianyuanceramic.com\/wp-content\/uploads\/2025\/03\/Wholesale-Antique-Dinnerware-Vintage-Tea-Set-Vase-Custom-in-Bulk-3-768x448.webp 768w, https:\/\/www.lianyuanceramic.com\/wp-content\/uploads\/2025\/03\/Wholesale-Antique-Dinnerware-Vintage-Tea-Set-Vase-Custom-in-Bulk-3-18x12.webp 18w, https:\/\/www.lianyuanceramic.com\/wp-content\/uploads\/2025\/03\/Wholesale-Antique-Dinnerware-Vintage-Tea-Set-Vase-Custom-in-Bulk-3-1200x700.webp 1200w, https:\/\/www.lianyuanceramic.com\/wp-content\/uploads\/2025\/03\/Wholesale-Antique-Dinnerware-Vintage-Tea-Set-Vase-Custom-in-Bulk-3-600x350.webp 600w\" sizes=\"(max-width: 4590px) 100vw, 4590px\" \/><\/figure>\n<\/div>\n\n\n<div class=\"wp-block-columns is-layout-flex wp-container-core-columns-is-layout-9d6595d7 wp-block-columns-is-layout-flex\">\n<div class=\"wp-block-column is-layout-flow wp-block-column-is-layout-flow\">\n<h2 class=\"wp-block-heading\">Vaisselle ancienne Caract\u00e9ristiques :<\/h2>\n\n\n\n<p><strong>Design r\u00e9tro de style europ\u00e9en : <\/strong>Style rococo fran\u00e7ais et victorien, motifs de style peinture \u00e0 l'huile, repr\u00e9sentant des personnages aristocratiques, des paysages pastoraux, des sc\u00e8nes de cour baroques, mettant en valeur une esth\u00e9tique r\u00e9tro exquise.<\/p>\n\n\n\n<p><strong>Forme de cour r\u00e9tro :<\/strong> La dentelle, l'ondulation, la sculpture en creux et d'autres d\u00e9corations rendent la forme g\u00e9n\u00e9rale plus \u00e9l\u00e9gante et plus noble.<\/p>\n\n\n\n<p><strong>Un assortiment unique de couleurs vertes et dor\u00e9es : <\/strong>fond vert avec relief dor\u00e9, rituel de repas \u00e9l\u00e9gant, royal et noble.<\/p>\n\n\n\n<p><strong>Porcelaine de haute qualit\u00e9 :<\/strong> en porcelaine durable, r\u00e9sistante \u00e0 la chaleur et \u00e0 l'usure, certifi\u00e9e FDA, LFGB, adapt\u00e9e au march\u00e9 mondial.<\/p>\n\n\n\n<p><strong>Technologie de d\u00e9calcomanie In-Glaze :<\/strong> Gr\u00e2ce \u00e0 la technologie des d\u00e9calcomanies en \u00e9mail, la surface est brillante, lisse au toucher, et la couleur est douce et durable.<\/p>\n\n\n\n<p><strong>Service de table complet : <\/strong>couvrant la vaisselle pour la d\u00e9coration de la maison, y compris la vaisselle, les services \u00e0 th\u00e9, les services \u00e0 caf\u00e9, les assiettes \u00e0 dessert, les sucriers, les pots \u00e0 lait, les assiettes \u00e0 fruits, les bols \u00e0 soupe, les plateaux, les vases, etc. Une vari\u00e9t\u00e9 de sp\u00e9cifications, adapt\u00e9es \u00e0 diff\u00e9rentes sc\u00e8nes de repas.<\/p>\n<\/div>\n\n\n\n<div class=\"wp-block-column is-layout-flow wp-block-column-is-layout-flow\">\n<figure class=\"wp-block-image size-full\"><img decoding=\"async\" width=\"1160\" height=\"1080\" src=\"https:\/\/www.lianyuanceramic.com\/wp-content\/uploads\/2025\/03\/Wholesale-Antique-Dinnerware-Vintage-Tea-Set-Vase-Custom-in-Bulk-2.webp\" alt=\"Wholesale Antique Dinnerware, Vintage Tea Set Vase Custom in Bulk\" class=\"wp-image-1477\" style=\"aspect-ratio:1;object-fit:cover\" srcset=\"https:\/\/www.lianyuanceramic.com\/wp-content\/uploads\/2025\/03\/Wholesale-Antique-Dinnerware-Vintage-Tea-Set-Vase-Custom-in-Bulk-2.webp 1160w, https:\/\/www.lianyuanceramic.com\/wp-content\/uploads\/2025\/03\/Wholesale-Antique-Dinnerware-Vintage-Tea-Set-Vase-Custom-in-Bulk-2-300x279.webp 300w, https:\/\/www.lianyuanceramic.com\/wp-content\/uploads\/2025\/03\/Wholesale-Antique-Dinnerware-Vintage-Tea-Set-Vase-Custom-in-Bulk-2-768x715.webp 768w, https:\/\/www.lianyuanceramic.com\/wp-content\/uploads\/2025\/03\/Wholesale-Antique-Dinnerware-Vintage-Tea-Set-Vase-Custom-in-Bulk-2-13x12.webp 13w, https:\/\/www.lianyuanceramic.com\/wp-content\/uploads\/2025\/03\/Wholesale-Antique-Dinnerware-Vintage-Tea-Set-Vase-Custom-in-Bulk-2-600x559.webp 600w\" sizes=\"(max-width: 1160px) 100vw, 1160px\" \/><\/figure>\n<\/div>\n<\/div>\n\n\n\n<div class=\"wp-block-columns is-layout-flex wp-container-core-columns-is-layout-9d6595d7 wp-block-columns-is-layout-flex\">\n<div class=\"wp-block-column is-layout-flow wp-block-column-is-layout-flow\">\n<figure class=\"wp-block-image size-full\"><img decoding=\"async\" width=\"658\" height=\"658\" src=\"https:\/\/www.lianyuanceramic.com\/wp-content\/uploads\/2025\/03\/Wholesale-Antique-Dinnerware-Vintage-Tea-Set-Vase-Custom-in-Bulk-5.webp\" alt=\"Wholesale Antique Dinnerware, Vintage Tea Set Vase Custom in Bulk\" class=\"wp-image-1480\" srcset=\"https:\/\/www.lianyuanceramic.com\/wp-content\/uploads\/2025\/03\/Wholesale-Antique-Dinnerware-Vintage-Tea-Set-Vase-Custom-in-Bulk-5.webp 658w, https:\/\/www.lianyuanceramic.com\/wp-content\/uploads\/2025\/03\/Wholesale-Antique-Dinnerware-Vintage-Tea-Set-Vase-Custom-in-Bulk-5-300x300.webp 300w, https:\/\/www.lianyuanceramic.com\/wp-content\/uploads\/2025\/03\/Wholesale-Antique-Dinnerware-Vintage-Tea-Set-Vase-Custom-in-Bulk-5-150x150.webp 150w, https:\/\/www.lianyuanceramic.com\/wp-content\/uploads\/2025\/03\/Wholesale-Antique-Dinnerware-Vintage-Tea-Set-Vase-Custom-in-Bulk-5-12x12.webp 12w, https:\/\/www.lianyuanceramic.com\/wp-content\/uploads\/2025\/03\/Wholesale-Antique-Dinnerware-Vintage-Tea-Set-Vase-Custom-in-Bulk-5-600x600.webp 600w, https:\/\/www.lianyuanceramic.com\/wp-content\/uploads\/2025\/03\/Wholesale-Antique-Dinnerware-Vintage-Tea-Set-Vase-Custom-in-Bulk-5-100x100.webp 100w\" sizes=\"(max-width: 658px) 100vw, 658px\" \/><\/figure>\n<\/div>\n\n\n\n<div class=\"wp-block-column is-layout-flow wp-block-column-is-layout-flow\">\n<h2 class=\"wp-block-heading\">Vaisselle ancienne personnalis\u00e9e :<\/h2>\n\n\n\n<p>Lianyuan propose diverses options de vaisselle personnalis\u00e9e en fonction des besoins de la marque ou des tendances de la mode, ce qui en fait un produit id\u00e9al pour un usage personnel ou commercial.<\/p>\n\n\n\n<p><strong>Conception :&nbsp;<\/strong>Couleur unie<\/p>\n\n\n\n<p><strong>Composition de l'ensemble :<\/strong>&nbsp;Sets de tasses en c\u00e9ramique personnalis\u00e9s avec des combinaisons de tasses, de bols et de cuill\u00e8res.<\/p>\n\n\n\n<p><strong>Taille :&nbsp;<\/strong>Choisissez parmi diff\u00e9rentes tailles pour convenir \u00e0 diff\u00e9rentes portions de repas.<\/p>\n\n\n\n<p><strong>Mat\u00e9riau :<\/strong>&nbsp;C\u00e9ramique, porcelaine, porcelaine osseuse ou se renseigner sur les autres possibilit\u00e9s.<\/p>\n\n\n\n<p><strong>Artisanat :&nbsp;<\/strong>D\u00e9calcomanies de gla\u00e7age, changement de four, peinture \u00e0 la main, motifs en relief ou autres.<\/p>\n\n\n\n<p><strong>Emballage :&nbsp;<\/strong>Emballage en vrac, bo\u00eete de couleur, bo\u00eete cadeau, bo\u00eete de pr\u00e9sentation, bo\u00eete postale, etc.<\/p>\n<\/div>\n<\/div>","protected":false},"excerpt":{"rendered":"<div class=\"D5aOJc vJwDU\">\n<div data-zone-id=\"0\" data-line-index=\"0\" data-line=\"true\">\n<p>Vente en gros de vaisselle, de services et de services \u00e0 th\u00e9 anciens, de style rococo et victorien fran\u00e7ais, avec des reliefs verts et dor\u00e9s, \u00e9l\u00e9gants pour les lieux de restauration haut de gamme. Nous proposons une grande vari\u00e9t\u00e9 de tailles et d'ensembles de vaisselle complets, et nous acceptons les demandes OEM&amp;ODM. Contactez-nous pour un devis !<\/p>\n<\/div>\n<\/div>\n<h2>Vaisselle ancienne Param\u00e8tres :<\/h2>\n<table style=\"border-collapse: collapse; width: 370.82pt;\" border=\"0\" width=\"618\" cellspacing=\"0\" cellpadding=\"0\">\n<tbody>\n<tr style=\"height: 15.60pt;\">\n<td class=\"et3\" style=\"height: 15.60pt; width: 108.00pt;\" width=\"180\" height=\"26\">Fabricant<\/td>\n<td class=\"et3\" style=\"width: 263.25pt;\" width=\"438\">Lianyuan<\/td>\n<\/tr>\n<tr style=\"height: 15.60pt;\">\n<td class=\"et3\" style=\"height: 15.60pt;\" height=\"26\">Type de produit<\/td>\n<td class=\"et3\">Services \u00e0 th\u00e9, services \u00e0 caf\u00e9, assiettes \u00e0 dessert, sucriers, pots \u00e0 lait, assiettes \u00e0 fruits, bols \u00e0 soupe, plateaux, vases<\/td>\n<\/tr>\n<tr style=\"height: 15.60pt;\">\n<td class=\"et3\" style=\"height: 15.60pt;\" height=\"26\">Mod\u00e8le<\/td>\n<td class=\"et3\">Style rococo fran\u00e7ais et victorien<\/td>\n<\/tr>\n<tr style=\"height: 15.60pt;\">\n<td class=\"et3\" style=\"height: 15.60pt;\" height=\"26\">Couleur<\/td>\n<td class=\"et3\">Vert, Multi<\/td>\n<\/tr>\n<tr style=\"height: 15.60pt;\">\n<td class=\"et3\" style=\"height: 15.60pt;\" height=\"26\">Mat\u00e9riau<\/td>\n<td class=\"et3\">Porcelaine durable<\/td>\n<\/tr>\n<tr style=\"height: 15.60pt;\">\n<td class=\"et3\" style=\"height: 15.60pt;\" height=\"26\">Artisanat<\/td>\n<td class=\"et3\">D\u00e9calque In-Glaze<\/td>\n<\/tr>\n<tr style=\"height: 15.60pt;\">\n<td class=\"et3\" style=\"height: 15.60pt;\" height=\"26\">Application<\/td>\n<td class=\"et3\">Passe au micro-ondes, au lave-vaisselle et au four<\/td>\n<\/tr>\n<tr style=\"height: 15.60pt;\">\n<td class=\"et3\" style=\"height: 15.60pt;\" height=\"26\">Sur mesure<\/td>\n<td class=\"et3\">Couleur\/Taille\/Logo\/Emballage<\/td>\n<\/tr>\n<\/tbody>\n<\/table>","protected":false},"featured_media":1477,"comment_status":"open","ping_status":"closed","template":"","meta":{"_acf_changed":false},"product_brand":[],"product_cat":[17,18,19,21],"product_tag":[30,27],"class_list":{"0":"post-1473","1":"product","2":"type-product","3":"status-publish","4":"has-post-thumbnail","6":"product_cat-dinnerware-wholesale","7":"product_cat-wholesale-custom-tea-set","8":"product_cat-serveware-wholesale","9":"product_cat-ceramic-home-decor-manufacturer","10":"product_tag-custom-porcelain-dinnerware","11":"product_tag-wholesale-decal-ceramics","13":"first","14":"instock","15":"shipping-taxable","16":"product-type-simple"},"acf":[],"_links":{"self":[{"href":"https:\/\/www.lianyuanceramic.com\/fr\/wp-json\/wp\/v2\/product\/1473","targetHints":{"allow":["GET"]}}],"collection":[{"href":"https:\/\/www.lianyuanceramic.com\/fr\/wp-json\/wp\/v2\/product"}],"about":[{"href":"https:\/\/www.lianyuanceramic.com\/fr\/wp-json\/wp\/v2\/types\/product"}],"replies":[{"embeddable":true,"href":"https:\/\/www.lianyuanceramic.com\/fr\/wp-json\/wp\/v2\/comments?post=1473"}],"wp:featuredmedia":[{"embeddable":true,"href":"https:\/\/www.lianyuanceramic.com\/fr\/wp-json\/wp\/v2\/media\/1477"}],"wp:attachment":[{"href":"https:\/\/www.lianyuanceramic.com\/fr\/wp-json\/wp\/v2\/media?parent=1473"}],"wp:term":[{"taxonomy":"product_brand","embeddable":true,"href":"https:\/\/www.lianyuanceramic.com\/fr\/wp-json\/wp\/v2\/product_brand?post=1473"},{"taxonomy":"product_cat","embeddable":true,"href":"https:\/\/www.lianyuanceramic.com\/fr\/wp-json\/wp\/v2\/product_cat?post=1473"},{"taxonomy":"product_tag","embeddable":true,"href":"https:\/\/www.lianyuanceramic.com\/fr\/wp-json\/wp\/v2\/product_tag?post=1473"}],"curies":[{"name":"wp","href":"https:\/\/api.w.org\/{rel}","templated":true}]}}