{"id":1470,"date":"2025-03-26T07:04:45","date_gmt":"2025-03-26T07:04:45","guid":{"rendered":"https:\/\/www.lianyuanceramic.com\/?post_type=product&#038;p=1470"},"modified":"2025-03-27T03:10:06","modified_gmt":"2025-03-27T03:10:06","slug":"wholesale-white-dinnerware","status":"publish","type":"product","link":"https:\/\/www.lianyuanceramic.com\/fr\/produit\/wholesale-white-dinnerware\/","title":{"rendered":"Vaisselle blanche en gros, assiettes en c\u00e9ramique gaufr\u00e9e pour restaurant en vrac"},"content":{"rendered":"<div class=\"wp-block-columns is-layout-flex wp-container-core-columns-is-layout-9d6595d7 wp-block-columns-is-layout-flex\">\n<div class=\"wp-block-column is-layout-flow wp-block-column-is-layout-flow\">\n<h2 class=\"wp-block-heading\">Vaisselle blanche Caract\u00e9ristiques :<\/h2>\n\n\n\n<p><strong>Mat\u00e9riau haut de gamme : <\/strong>Fabriqu\u00e9 en dolomie, \u00e9cologique et inoffensif, lisse et durable, il restera comme neuf apr\u00e8s une utilisation de longue dur\u00e9e.<\/p>\n\n\n\n<p><strong>Motif floral en relief : <\/strong>Le bord de l'assiette pr\u00e9sente un motif en relief et une touche unique, qui convient aux repas \u00e9l\u00e9gants et haut de gamme, ajoutant un sens artistique \u00e0 la table \u00e0 manger.<\/p>\n\n\n\n<p><strong>Diff\u00e9rentes sp\u00e9cifications et formes : <\/strong>Les assiettes de m\u00eame conception et de tailles diff\u00e9rentes, carr\u00e9es et rectangulaires, peuvent \u00eatre associ\u00e9es \u00e0 diff\u00e9rents plats ou contenir des fruits, etc. et sont tr\u00e8s pratiques.<\/p>\n\n\n\n<p><strong>Personnalisation par lots :<\/strong> Nous fournissons des services personnalis\u00e9s en fonction des besoins des clients. Le motif du relief, la taille de l'assiette, etc. peuvent \u00eatre ajust\u00e9s en fonction du style de la marque du client et du th\u00e8me du restaurant pour r\u00e9pondre \u00e0 diff\u00e9rents besoins commerciaux.<\/p>\n<\/div>\n\n\n\n<div class=\"wp-block-column is-layout-flow wp-block-column-is-layout-flow\"><div class=\"wp-block-image\">\n<figure class=\"aligncenter size-full\"><img decoding=\"async\" width=\"2890\" height=\"1774\" src=\"https:\/\/www.lianyuanceramic.com\/wp-content\/uploads\/2025\/03\/wholesale-white-embossed-dinnerware-tableware-for-restaurant-bulk-2.webp\" alt=\"vaisselle blanche gaufr\u00e9e en gros, vaisselle pour restaurant en vrac (2)\" class=\"wp-image-1471\" style=\"object-fit:cover\" srcset=\"https:\/\/www.lianyuanceramic.com\/wp-content\/uploads\/2025\/03\/wholesale-white-embossed-dinnerware-tableware-for-restaurant-bulk-2.webp 2890w, https:\/\/www.lianyuanceramic.com\/wp-content\/uploads\/2025\/03\/wholesale-white-embossed-dinnerware-tableware-for-restaurant-bulk-2-300x184.webp 300w, https:\/\/www.lianyuanceramic.com\/wp-content\/uploads\/2025\/03\/wholesale-white-embossed-dinnerware-tableware-for-restaurant-bulk-2-768x471.webp 768w, https:\/\/www.lianyuanceramic.com\/wp-content\/uploads\/2025\/03\/wholesale-white-embossed-dinnerware-tableware-for-restaurant-bulk-2-18x12.webp 18w, https:\/\/www.lianyuanceramic.com\/wp-content\/uploads\/2025\/03\/wholesale-white-embossed-dinnerware-tableware-for-restaurant-bulk-2-1200x737.webp 1200w, https:\/\/www.lianyuanceramic.com\/wp-content\/uploads\/2025\/03\/wholesale-white-embossed-dinnerware-tableware-for-restaurant-bulk-2-600x368.webp 600w\" sizes=\"(max-width: 2890px) 100vw, 2890px\" \/><\/figure>\n<\/div><\/div>\n<\/div>\n\n\n\n<div class=\"wp-block-columns is-layout-flex wp-container-core-columns-is-layout-9d6595d7 wp-block-columns-is-layout-flex\">\n<div class=\"wp-block-column is-layout-flow wp-block-column-is-layout-flow\"><div class=\"wp-block-image\">\n<figure class=\"aligncenter size-full\"><img decoding=\"async\" width=\"2890\" height=\"1774\" src=\"https:\/\/www.lianyuanceramic.com\/wp-content\/uploads\/2025\/03\/wholesale-white-embossed-dinnerware-tableware-for-restaurant-bulk-2.webp\" alt=\"vaisselle blanche gaufr\u00e9e en gros, vaisselle pour restaurant en vrac (2)\" class=\"wp-image-1471\" style=\"object-fit:cover\" srcset=\"https:\/\/www.lianyuanceramic.com\/wp-content\/uploads\/2025\/03\/wholesale-white-embossed-dinnerware-tableware-for-restaurant-bulk-2.webp 2890w, https:\/\/www.lianyuanceramic.com\/wp-content\/uploads\/2025\/03\/wholesale-white-embossed-dinnerware-tableware-for-restaurant-bulk-2-300x184.webp 300w, https:\/\/www.lianyuanceramic.com\/wp-content\/uploads\/2025\/03\/wholesale-white-embossed-dinnerware-tableware-for-restaurant-bulk-2-768x471.webp 768w, https:\/\/www.lianyuanceramic.com\/wp-content\/uploads\/2025\/03\/wholesale-white-embossed-dinnerware-tableware-for-restaurant-bulk-2-18x12.webp 18w, https:\/\/www.lianyuanceramic.com\/wp-content\/uploads\/2025\/03\/wholesale-white-embossed-dinnerware-tableware-for-restaurant-bulk-2-1200x737.webp 1200w, https:\/\/www.lianyuanceramic.com\/wp-content\/uploads\/2025\/03\/wholesale-white-embossed-dinnerware-tableware-for-restaurant-bulk-2-600x368.webp 600w\" sizes=\"(max-width: 2890px) 100vw, 2890px\" \/><\/figure>\n<\/div><\/div>\n\n\n\n<div class=\"wp-block-column is-layout-flow wp-block-column-is-layout-flow\">\n<h2 class=\"wp-block-heading\">Vaisselle blanche gaufr\u00e9e personnalis\u00e9e<\/h2>\n\n\n\n<p>Lianyuan propose diverses options de vaisselle personnalis\u00e9e en fonction des besoins de la marque ou des tendances de la mode, ce qui en fait un produit id\u00e9al pour un usage personnel ou commercial.<\/p>\n\n\n\n<p><strong>Conception :&nbsp;<\/strong>Choisissez des motifs floraux ou cr\u00e9ez votre propre motif.<\/p>\n\n\n\n<p><strong>Composition de l'ensemble :<\/strong>&nbsp;Sets de tasses en c\u00e9ramique personnalis\u00e9s avec des combinaisons de tasses, de bols et de cuill\u00e8res.<\/p>\n\n\n\n<p><strong>Taille :&nbsp;<\/strong>Choisissez parmi diff\u00e9rentes tailles pour convenir \u00e0 diff\u00e9rentes portions de repas.<\/p>\n\n\n\n<p><strong>Mat\u00e9riau :<\/strong>&nbsp;C\u00e9ramique, porcelaine, porcelaine osseuse ou se renseigner sur les autres possibilit\u00e9s.<\/p>\n\n\n\n<p><strong>Artisanat :&nbsp;<\/strong>D\u00e9calcomanies de gla\u00e7age, changement de four, peinture \u00e0 la main, motifs en relief ou autres.<\/p>\n\n\n\n<p><strong>Emballage :&nbsp;<\/strong>Emballage en vrac, bo\u00eete de couleur, bo\u00eete cadeau, bo\u00eete de pr\u00e9sentation, bo\u00eete postale, etc.<\/p>\n<\/div>\n<\/div>","protected":false},"excerpt":{"rendered":"<div class=\"D5aOJc vJwDU\" style=\"text-align: left;\">\n<p>Vaisselle blanche en gros, assiette carr\u00e9e en c\u00e9ramique avec motif de fleurs en relief, en dolomie, parfaite pour les restaurants et caf\u00e9s haut de gamme, etc. Support OEM\/ODM, livraison rapide dans le monde entier. N'h\u00e9sitez pas \u00e0 nous contacter pour obtenir un devis !<\/p>\n<\/div>\n<h2 class=\"D5aOJc vJwDU\" style=\"text-align: left;\">\u00a0<\/h2>\n<h2 class=\"D5aOJc vJwDU\" style=\"text-align: left;\">Vaisselle blanche Param\u00e8tres :<\/h2>\n<table style=\"border-collapse: collapse; width: 370.82pt;\" border=\"0\" width=\"618\" cellspacing=\"0\" cellpadding=\"0\">\n<tbody>\n<tr style=\"height: 15.60pt;\">\n<td class=\"et3\" style=\"height: 15.60pt; width: 108.00pt;\" width=\"180\" height=\"26\">Fabricant<\/td>\n<td width=\"438\">Lianyuan<\/td>\n<\/tr>\n<tr>\n<td height=\"26\">Type de produit<\/td>\n<td>Assiettes \u00e0 d\u00eener, Plateaux de service<\/td>\n<\/tr>\n<tr>\n<td height=\"26\">Mod\u00e8le<\/td>\n<td>Motif gaufr\u00e9<\/td>\n<\/tr>\n<tr>\n<td height=\"26\">Couleur<\/td>\n<td>Blanc<\/td>\n<\/tr>\n<tr>\n<td height=\"26\">Mat\u00e9riau<\/td>\n<td>\n<p>Dolomie<\/p>\n<\/td>\n<\/tr>\n<tr>\n<td height=\"26\">Artisanat<\/td>\n<td>Glacis blanc<\/td>\n<\/tr>\n<tr>\n<td height=\"26\">Application<\/td>\n<td>Passe au micro-ondes, au lave-vaisselle et au four<\/td>\n<\/tr>\n<tr>\n<td height=\"26\">Sur mesure<\/td>\n<td>Couleur\/Taille\/Logo\/Emballage<\/td>\n<\/tr>\n<\/tbody>\n<\/table>","protected":false},"featured_media":1472,"comment_status":"open","ping_status":"closed","template":"","meta":{"_acf_changed":false},"product_brand":[],"product_cat":[19],"product_tag":[32],"class_list":{"0":"post-1470","1":"product","2":"type-product","3":"status-publish","4":"has-post-thumbnail","6":"product_cat-serveware-wholesale","7":"product_tag-dolomite-dinnerware-wholesale","9":"first","10":"instock","11":"shipping-taxable","12":"product-type-simple"},"acf":[],"_links":{"self":[{"href":"https:\/\/www.lianyuanceramic.com\/fr\/wp-json\/wp\/v2\/product\/1470","targetHints":{"allow":["GET"]}}],"collection":[{"href":"https:\/\/www.lianyuanceramic.com\/fr\/wp-json\/wp\/v2\/product"}],"about":[{"href":"https:\/\/www.lianyuanceramic.com\/fr\/wp-json\/wp\/v2\/types\/product"}],"replies":[{"embeddable":true,"href":"https:\/\/www.lianyuanceramic.com\/fr\/wp-json\/wp\/v2\/comments?post=1470"}],"wp:featuredmedia":[{"embeddable":true,"href":"https:\/\/www.lianyuanceramic.com\/fr\/wp-json\/wp\/v2\/media\/1472"}],"wp:attachment":[{"href":"https:\/\/www.lianyuanceramic.com\/fr\/wp-json\/wp\/v2\/media?parent=1470"}],"wp:term":[{"taxonomy":"product_brand","embeddable":true,"href":"https:\/\/www.lianyuanceramic.com\/fr\/wp-json\/wp\/v2\/product_brand?post=1470"},{"taxonomy":"product_cat","embeddable":true,"href":"https:\/\/www.lianyuanceramic.com\/fr\/wp-json\/wp\/v2\/product_cat?post=1470"},{"taxonomy":"product_tag","embeddable":true,"href":"https:\/\/www.lianyuanceramic.com\/fr\/wp-json\/wp\/v2\/product_tag?post=1470"}],"curies":[{"name":"wp","href":"https:\/\/api.w.org\/{rel}","templated":true}]}}