{"id":1448,"date":"2025-03-22T10:25:44","date_gmt":"2025-03-22T10:25:44","guid":{"rendered":"https:\/\/www.lianyuanceramic.com\/?post_type=product&#038;p=1448"},"modified":"2025-03-26T02:09:33","modified_gmt":"2025-03-26T02:09:33","slug":"custom-dinnerware-plates","status":"publish","type":"product","link":"https:\/\/www.lianyuanceramic.com\/fr\/produit\/custom-dinnerware-plates\/","title":{"rendered":"Assiettes de table personnalis\u00e9es, Couverts de service blancs en gros"},"content":{"rendered":"<div class=\"wp-block-columns is-layout-flex wp-container-core-columns-is-layout-9d6595d7 wp-block-columns-is-layout-flex\">\n<div class=\"wp-block-column is-layout-flow wp-block-column-is-layout-flow\">\n<h2 class=\"wp-block-heading\">Assiettes de table Caract\u00e9ristiques :<\/h2>\n\n\n\n<p><strong>Bordure ondul\u00e9e : <\/strong>Le bord ondul\u00e9 de l'assiette ressemble \u00e0 de la dentelle, ce qui lui conf\u00e8re un style simple et \u00e9l\u00e9gant.<\/p>\n\n\n\n<p><strong>Mat\u00e9riau r\u00e9sistant \u00e0 l'usure : <\/strong>Fabriqu\u00e9 en c\u00e9ramique dolomitique, il est solide et durable et convient \u00e0 une utilisation quotidienne \u00e0 haute fr\u00e9quence.<\/p>\n\n\n\n<p><strong>Surface blanche et lisse : <\/strong>Fabriqu\u00e9 en gla\u00e7ure blanche de haute qualit\u00e9, la surface est blanche, sans couture et lisse au toucher.<\/p>\n\n\n\n<p><strong>Forte r\u00e9sistance \u00e0 la chaleur : <\/strong>Convient aux fours \u00e0 micro-ondes, aux lave-vaisselle, aux fours, etc., et ne risque pas de se fissurer ou de se d\u00e9former.<\/p>\n\n\n\n<p><strong>Adaptation polyvalente : <\/strong>Convient pour les assiettes \u00e0 plat, les assiettes \u00e0 dessert, les assiettes de service, etc., pour r\u00e9pondre \u00e0 divers besoins en mati\u00e8re de restauration.<\/p>\n<\/div>\n\n\n\n<div class=\"wp-block-column is-layout-flow wp-block-column-is-layout-flow\"><div class=\"wp-block-image\">\n<figure class=\"aligncenter size-full\"><img decoding=\"async\" width=\"1000\" height=\"659\" src=\"https:\/\/www.lianyuanceramic.com\/wp-content\/uploads\/2025\/03\/Custom-Dinnerware-Plate-White-Tableware-Sets-Wholesale-2.webp\" alt=\"Assiettes de table personnalis\u00e9es, vaisselle blanche en gros (2)\" class=\"wp-image-1450\" style=\"object-fit:cover\" srcset=\"https:\/\/www.lianyuanceramic.com\/wp-content\/uploads\/2025\/03\/Custom-Dinnerware-Plate-White-Tableware-Sets-Wholesale-2.webp 1000w, https:\/\/www.lianyuanceramic.com\/wp-content\/uploads\/2025\/03\/Custom-Dinnerware-Plate-White-Tableware-Sets-Wholesale-2-300x198.webp 300w, https:\/\/www.lianyuanceramic.com\/wp-content\/uploads\/2025\/03\/Custom-Dinnerware-Plate-White-Tableware-Sets-Wholesale-2-768x506.webp 768w, https:\/\/www.lianyuanceramic.com\/wp-content\/uploads\/2025\/03\/Custom-Dinnerware-Plate-White-Tableware-Sets-Wholesale-2-18x12.webp 18w, https:\/\/www.lianyuanceramic.com\/wp-content\/uploads\/2025\/03\/Custom-Dinnerware-Plate-White-Tableware-Sets-Wholesale-2-600x395.webp 600w\" sizes=\"(max-width: 1000px) 100vw, 1000px\" \/><\/figure>\n<\/div><\/div>\n<\/div>\n\n\n\n<div class=\"wp-block-columns is-layout-flex wp-container-core-columns-is-layout-9d6595d7 wp-block-columns-is-layout-flex\">\n<div class=\"wp-block-column is-layout-flow wp-block-column-is-layout-flow\"><div class=\"wp-block-image\">\n<figure class=\"aligncenter size-full\"><img decoding=\"async\" width=\"1000\" height=\"659\" src=\"https:\/\/www.lianyuanceramic.com\/wp-content\/uploads\/2025\/03\/Custom-Dinnerware-Plate-White-Tableware-Sets-Wholesale-2.webp\" alt=\"Assiettes de table personnalis\u00e9es, vaisselle blanche en gros (2)\" class=\"wp-image-1450\" style=\"object-fit:cover\" srcset=\"https:\/\/www.lianyuanceramic.com\/wp-content\/uploads\/2025\/03\/Custom-Dinnerware-Plate-White-Tableware-Sets-Wholesale-2.webp 1000w, https:\/\/www.lianyuanceramic.com\/wp-content\/uploads\/2025\/03\/Custom-Dinnerware-Plate-White-Tableware-Sets-Wholesale-2-300x198.webp 300w, https:\/\/www.lianyuanceramic.com\/wp-content\/uploads\/2025\/03\/Custom-Dinnerware-Plate-White-Tableware-Sets-Wholesale-2-768x506.webp 768w, https:\/\/www.lianyuanceramic.com\/wp-content\/uploads\/2025\/03\/Custom-Dinnerware-Plate-White-Tableware-Sets-Wholesale-2-18x12.webp 18w, https:\/\/www.lianyuanceramic.com\/wp-content\/uploads\/2025\/03\/Custom-Dinnerware-Plate-White-Tableware-Sets-Wholesale-2-600x395.webp 600w\" sizes=\"(max-width: 1000px) 100vw, 1000px\" \/><\/figure>\n<\/div><\/div>\n\n\n\n<div class=\"wp-block-column is-layout-flow wp-block-column-is-layout-flow\">\n<h2 class=\"wp-block-heading\">Assiettes personnalis\u00e9es<\/h2>\n\n\n\n<p>Lianyuan propose diverses options de vaisselle personnalis\u00e9e en fonction des besoins de la marque ou des tendances de la mode, ce qui en fait un produit id\u00e9al pour un usage personnel ou commercial.<\/p>\n\n\n\n<p><strong>Conception :&nbsp;<\/strong>Choisissez des motifs floraux ou cr\u00e9ez votre propre motif.<\/p>\n\n\n\n<p><strong>Composition de l'ensemble :<\/strong>&nbsp;Sets de tasses en c\u00e9ramique personnalis\u00e9s avec des combinaisons de tasses, de bols et de cuill\u00e8res.<\/p>\n\n\n\n<p><strong>Taille :&nbsp;<\/strong>Choisissez parmi diff\u00e9rentes tailles pour convenir \u00e0 diff\u00e9rentes portions de repas.<\/p>\n\n\n\n<p><strong>Mat\u00e9riau :<\/strong>&nbsp;C\u00e9ramique, porcelaine, porcelaine osseuse ou se renseigner sur les autres possibilit\u00e9s.<\/p>\n\n\n\n<p><strong>Artisanat :&nbsp;<\/strong>D\u00e9calcomanies de gla\u00e7age, changement de four, peinture \u00e0 la main, motifs en relief ou autres.<\/p>\n\n\n\n<p><strong>Emballage :&nbsp;<\/strong>Emballage en vrac, bo\u00eete de couleur, bo\u00eete cadeau, bo\u00eete de pr\u00e9sentation, bo\u00eete postale, etc.<\/p>\n<\/div>\n<\/div>","protected":false},"excerpt":{"rendered":"<div class=\"D5aOJc vJwDU\" style=\"text-align: left;\">Bienvenue dans la vente en gros et sur commande d'assiettes en dolomite, au design rectangulaire ondul\u00e9, \u00e9l\u00e9gantes pour le restaurant et la maison. Vente directe par l'usine, garantie de haute qualit\u00e9 ! Contactez-nous d\u00e8s maintenant pour obtenir une enqu\u00eate gratuite !<\/div>\n<h2 class=\"D5aOJc vJwDU\" style=\"text-align: left;\">Assiettes de table Param\u00e8tre :<\/h2>\n<table style=\"border-collapse: collapse; width: 370.82pt;\" border=\"0\" width=\"618\" cellspacing=\"0\" cellpadding=\"0\">\n<tbody>\n<tr style=\"height: 15.60pt;\">\n<td class=\"et3\" style=\"height: 15.60pt; width: 108.00pt;\" width=\"180\" height=\"26\">Fabricant<\/td>\n<td width=\"438\">Lianyuan<\/td>\n<\/tr>\n<tr>\n<td height=\"26\">Type de produit<\/td>\n<td>Assiettes de service, Assiettes \u00e0 d\u00eener<\/td>\n<\/tr>\n<tr>\n<td height=\"26\">Mod\u00e8le<\/td>\n<td>Bords ondul\u00e9s, rectangulaires, carr\u00e9s<\/td>\n<\/tr>\n<tr>\n<td height=\"26\">Couleur<\/td>\n<td>Blanc<\/td>\n<\/tr>\n<tr>\n<td height=\"26\">Mat\u00e9riau<\/td>\n<td>\n<p>Dolomie<\/p>\n<\/td>\n<\/tr>\n<tr>\n<td height=\"26\">Artisanat<\/td>\n<td>Glacis blanc<\/td>\n<\/tr>\n<tr>\n<td height=\"26\">Application<\/td>\n<td>Passe au micro-ondes, au lave-vaisselle et au four<\/td>\n<\/tr>\n<tr>\n<td height=\"26\">Sur mesure<\/td>\n<td>Couleur\/Taille\/Logo\/Emballage<\/td>\n<\/tr>\n<\/tbody>\n<\/table>","protected":false},"featured_media":1449,"comment_status":"open","ping_status":"closed","template":"","meta":{"_acf_changed":false},"product_brand":[],"product_cat":[19],"product_tag":[32],"class_list":{"0":"post-1448","1":"product","2":"type-product","3":"status-publish","4":"has-post-thumbnail","6":"product_cat-serveware-wholesale","7":"product_tag-dolomite-dinnerware-wholesale","9":"first","10":"instock","11":"shipping-taxable","12":"product-type-simple"},"acf":[],"_links":{"self":[{"href":"https:\/\/www.lianyuanceramic.com\/fr\/wp-json\/wp\/v2\/product\/1448","targetHints":{"allow":["GET"]}}],"collection":[{"href":"https:\/\/www.lianyuanceramic.com\/fr\/wp-json\/wp\/v2\/product"}],"about":[{"href":"https:\/\/www.lianyuanceramic.com\/fr\/wp-json\/wp\/v2\/types\/product"}],"replies":[{"embeddable":true,"href":"https:\/\/www.lianyuanceramic.com\/fr\/wp-json\/wp\/v2\/comments?post=1448"}],"wp:featuredmedia":[{"embeddable":true,"href":"https:\/\/www.lianyuanceramic.com\/fr\/wp-json\/wp\/v2\/media\/1449"}],"wp:attachment":[{"href":"https:\/\/www.lianyuanceramic.com\/fr\/wp-json\/wp\/v2\/media?parent=1448"}],"wp:term":[{"taxonomy":"product_brand","embeddable":true,"href":"https:\/\/www.lianyuanceramic.com\/fr\/wp-json\/wp\/v2\/product_brand?post=1448"},{"taxonomy":"product_cat","embeddable":true,"href":"https:\/\/www.lianyuanceramic.com\/fr\/wp-json\/wp\/v2\/product_cat?post=1448"},{"taxonomy":"product_tag","embeddable":true,"href":"https:\/\/www.lianyuanceramic.com\/fr\/wp-json\/wp\/v2\/product_tag?post=1448"}],"curies":[{"name":"wp","href":"https:\/\/api.w.org\/{rel}","templated":true}]}}